{"id":1179,"date":"2024-11-06T20:28:08","date_gmt":"2024-11-06T18:28:08","guid":{"rendered":"https:\/\/tulz.lv\/kontaktinformacija\/"},"modified":"2025-10-13T23:20:26","modified_gmt":"2025-10-13T20:20:26","slug":"contact-information","status":"publish","type":"page","link":"https:\/\/tulz.lv\/en\/contact-information\/","title":{"rendered":"Contact information"},"content":{"rendered":"\n<!-- header-page -->\n<div class=\"header-page contact_style\" id=\"header-page-block_000d005805d9c03e76f5fd64c2e1754c\">\n\t<div class=\"row align-center\">\n\t\t<div class=\"small-12 medium-6 text-center column\">\n\t\t\t<h1>Contact Us<\/h1>\n<p><span style=\"font-weight: 400;\">Use our contact information to get in touch with us, or fill out the form below and we\u2019ll get back to you.<\/span><\/p>\n\t\t<\/div>\n\t<\/div>\n<\/div>\n<!-- header-page end  -->\n\n\n<div class=\"contact\" id=\"contact-block_8d499cc15139f5c258c43d670065ed70\">\n    <div class=\"row\">\n                    <div class=\"small-12 large-6 column\">\n                <div class=\"row\">\n                                            <div class=\"small-12 medium-6 column\">\n                            <svg width=\"24\" height=\"24\" viewBox=\"0 0 24 24\" fill=\"none\" xmlns=\"http:\/\/www.w3.org\/2000\/svg\">\n                                                        <path d=\"M3.9 20.175C3.33333 20.175 2.84167 19.975 2.425 19.575C2.025 19.1583 1.825 18.6667 1.825 18.1V5.9C1.825 5.33333 2.025 4.85 2.425 4.45C2.84167 4.03333 3.33333 3.825 3.9 3.825H20.1C20.6667 3.825 21.15 4.03333 21.55 4.45C21.9667 4.85 22.175 5.33333 22.175 5.9V18.1C22.175 18.6667 21.9667 19.1583 21.55 19.575C21.15 19.975 20.6667 20.175 20.1 20.175H3.9ZM12 12.85C12.1 12.85 12.1917 12.8417 12.275 12.825C12.375 12.7917 12.4667 12.75 12.55 12.7L19.725 8.1C19.8417 8.03333 19.9333 7.94167 20 7.825C20.0667 7.69167 20.1 7.55 20.1 7.4C20.1 7.08333 19.9583 6.84167 19.675 6.675C19.4083 6.50833 19.125 6.51667 18.825 6.7L12 11.05L5.175 6.7C4.89167 6.51667 4.60833 6.50833 4.325 6.675C4.04167 6.84167 3.9 7.08333 3.9 7.4C3.9 7.56667 3.93333 7.70833 4 7.825C4.06667 7.94167 4.15833 8.03333 4.275 8.1L11.45 12.7C11.5333 12.75 11.6167 12.7917 11.7 12.825C11.8 12.8417 11.9 12.85 12 12.85Z\" fill=\"#079455\"\/>\n                                                <\/svg>                                <h2>Email<\/h2>\n                                <p>Write to us via email.<\/p>\n\n                                                                                                                                                    <a\n                                                href=\"http:\/\/Info@tulz.lv\"\n                                                target=\"_self\" >\n                                            Info@tulz.lv                                          <\/a>\n                                                                    \n                        <\/div>\n                                            <div class=\"small-12 medium-6 column\">\n                            <svg width=\"24\" height=\"24\" viewBox=\"0 0 24 24\" fill=\"none\" xmlns=\"http:\/\/www.w3.org\/2000\/svg\">\n                                                        <path d=\"M12 18.45C11.7833 18.45 11.575 18.4167 11.375 18.35C11.175 18.2833 10.9833 18.1833 10.8 18.05C8.8 16.4667 7.31667 14.925 6.35 13.425C5.38333 11.9083 4.9 10.425 4.9 8.975C4.9 6.875 5.55833 5.15833 6.875 3.825C8.20833 2.49167 9.91667 1.825 12 1.825C14.0833 1.825 15.7833 2.49167 17.1 3.825C18.4333 5.15833 19.1 6.875 19.1 8.975C19.1 10.425 18.6167 11.9083 17.65 13.425C16.6833 14.925 15.2 16.4667 13.2 18.05C13.0167 18.1833 12.825 18.2833 12.625 18.35C12.425 18.4167 12.2167 18.45 12 18.45ZM12 11C12.5833 11 13.075 10.8 13.475 10.4C13.8917 9.98333 14.1 9.48333 14.1 8.9C14.1 8.31667 13.8917 7.825 13.475 7.425C13.075 7.00833 12.5833 6.8 12 6.8C11.4167 6.8 10.9167 7.00833 10.5 7.425C10.1 7.825 9.9 8.31667 9.9 8.9C9.9 9.48333 10.1 9.98333 10.5 10.4C10.9167 10.8 11.4167 11 12 11ZM5.85 22.175C5.55 22.175 5.3 22.075 5.1 21.875C4.91667 21.675 4.825 21.4333 4.825 21.15C4.825 20.85 4.925 20.6 5.125 20.4C5.325 20.2 5.56667 20.1 5.85 20.1H18.15C18.45 20.1 18.6917 20.2 18.875 20.4C19.075 20.6 19.175 20.85 19.175 21.15C19.175 21.4333 19.075 21.675 18.875 21.875C18.6917 22.075 18.45 22.175 18.15 22.175H5.85Z\" fill=\"#079455\"\/>\n                                                <\/svg>                                <h2>Office<\/h2>\n                                <p>Our legal address.<\/p>\n\n                                                                                                                                                    <a\n                                                href=\"#\"\n                                                target=\"_self\" >\n                                            R\u012bga, Murj\u0101\u0146u iela 1A, LV-1024                                        <\/a>\n                                                                    \n                        <\/div>\n                                            <div class=\"small-12 medium-6 column\">\n                            <svg width=\"24\" height=\"24\" viewBox=\"0 0 24 24\" fill=\"none\" xmlns=\"http:\/\/www.w3.org\/2000\/svg\">\n                                                        <path d=\"M20.2 11.725C19.95 11.725 19.725 11.6333 19.525 11.45C19.3417 11.2667 19.2333 11.0417 19.2 10.775C18.9667 9.19167 18.2833 7.83333 17.15 6.7C16.0333 5.56667 14.675 4.89167 13.075 4.675C12.8083 4.625 12.5833 4.50833 12.4 4.325C12.2333 4.14166 12.15 3.91667 12.15 3.65C12.15 3.36667 12.2417 3.13333 12.425 2.95C12.625 2.76667 12.85 2.69167 13.1 2.725C15.2167 2.975 17.0167 3.85 18.5 5.35C20 6.83333 20.875 8.63333 21.125 10.75C21.1583 11.0167 21.0833 11.25 20.9 11.45C20.7167 11.6333 20.4833 11.725 20.2 11.725ZM15.9 11.725C15.7 11.725 15.5083 11.65 15.325 11.5C15.1583 11.35 15.0333 11.1583 14.95 10.925C14.8167 10.4417 14.5667 10.025 14.2 9.675C13.8333 9.30833 13.4083 9.05 12.925 8.9C12.6917 8.81667 12.5 8.69167 12.35 8.525C12.2167 8.35833 12.15 8.16667 12.15 7.95C12.15 7.63333 12.2583 7.375 12.475 7.175C12.6917 6.975 12.9417 6.90833 13.225 6.975C14.125 7.20833 14.9 7.65 15.55 8.3C16.2167 8.95 16.6583 9.725 16.875 10.625C16.9417 10.9083 16.875 11.1667 16.675 11.4C16.475 11.6167 16.2167 11.725 15.9 11.725ZM19.925 21.175C17.875 21.175 15.825 20.7167 13.775 19.8C11.725 18.8667 9.85 17.55 8.15 15.85C6.45 14.15 5.13333 12.275 4.2 10.225C3.28333 8.175 2.825 6.125 2.825 4.075C2.825 3.70833 2.94167 3.40833 3.175 3.175C3.40833 2.94167 3.70833 2.825 4.075 2.825H7.925C8.24167 2.825 8.50833 2.925 8.725 3.125C8.95833 3.30833 9.10833 3.55 9.175 3.85L9.825 7.125C9.875 7.425 9.86667 7.69167 9.8 7.925C9.75 8.14167 9.63333 8.33333 9.45 8.5L6.975 10.95C7.325 11.5667 7.71667 12.1583 8.15 12.725C8.6 13.275 9.1 13.8167 9.65 14.35C10.1833 14.8833 10.7333 15.375 11.3 15.825C11.8667 16.275 12.4583 16.675 13.075 17.025L15.475 14.6C15.675 14.4167 15.9083 14.2833 16.175 14.2C16.4417 14.1167 16.7167 14.1 17 14.15L20.15 14.8C20.4667 14.9 20.7167 15.0583 20.9 15.275C21.0833 15.4917 21.175 15.7583 21.175 16.075V19.925C21.175 20.2917 21.0583 20.5917 20.825 20.825C20.5917 21.0583 20.2917 21.175 19.925 21.175Z\" fill=\"#079455\"\/>\n                                                <\/svg>                                <h2>Phone<\/h2>\n                                <p>Mon\u2013Sun from 8:00 to 22:00.<\/p>\n\n                                                                                                                                                    <a\n                                                href=\"#\"\n                                                target=\"_self\" >\n                                             +371 20 938 482                                        <\/a>\n                                                                    \n                        <\/div>\n                                    <\/div>\n            <\/div>\n                            <div class=\"small-12 large-6 column\">\n                \n<div class=\"wpcf7 no-js\" id=\"wpcf7-f1209-o1\" lang=\"en-US\" dir=\"ltr\" data-wpcf7-id=\"1209\">\n<div class=\"screen-reader-response\"><p role=\"status\" aria-live=\"polite\" aria-atomic=\"true\"><\/p> <ul><\/ul><\/div>\n<form action=\"\/en\/wp-json\/wp\/v2\/pages\/1179#wpcf7-f1209-o1\" method=\"post\" class=\"wpcf7-form init\" aria-label=\"Contact form\" novalidate=\"novalidate\" data-status=\"init\">\n<fieldset class=\"hidden-fields-container\"><input type=\"hidden\" name=\"_wpcf7\" value=\"1209\" \/><input type=\"hidden\" name=\"_wpcf7_version\" value=\"6.1.4\" \/><input type=\"hidden\" name=\"_wpcf7_locale\" value=\"en_US\" \/><input type=\"hidden\" name=\"_wpcf7_unit_tag\" value=\"wpcf7-f1209-o1\" \/><input type=\"hidden\" name=\"_wpcf7_container_post\" value=\"0\" \/><input type=\"hidden\" name=\"_wpcf7_posted_data_hash\" value=\"\" \/><input type=\"hidden\" name=\"_wpcf7_recaptcha_response\" value=\"\" \/>\n<\/fieldset>\n<div class=\"row\">\n\t<div class=\"small-12 medium-6 column\">\n\t\t<p><label>Name<span>*<\/span> <span class=\"wpcf7-form-control-wrap\" data-name=\"your-first-name\"><input size=\"40\" maxlength=\"400\" class=\"wpcf7-form-control wpcf7-text wpcf7-validates-as-required\" aria-required=\"true\" aria-invalid=\"false\" value=\"\" type=\"text\" name=\"your-first-name\" \/><\/span><\/label>\n\t\t<\/p>\n\t<\/div>\n\t<div class=\"small-12 medium-6 column\">\n\t\t<p><label>Surname<span>*<\/span> <span class=\"wpcf7-form-control-wrap\" data-name=\"your-last-name\"><input size=\"40\" maxlength=\"400\" class=\"wpcf7-form-control wpcf7-text wpcf7-validates-as-required\" aria-required=\"true\" aria-invalid=\"false\" value=\"\" type=\"text\" name=\"your-last-name\" \/><\/span> <\/label>\n\t\t<\/p>\n\t<\/div>\n\t<div class=\"small-12 column\">\n\t\t<p><label>E-mail<span>*<\/span> <span class=\"wpcf7-form-control-wrap\" data-name=\"your-email\"><input size=\"40\" maxlength=\"400\" class=\"wpcf7-form-control wpcf7-email wpcf7-validates-as-required wpcf7-text wpcf7-validates-as-email\" aria-required=\"true\" aria-invalid=\"false\" value=\"\" type=\"email\" name=\"your-email\" \/><\/span><\/label><label>Phone <span class=\"wpcf7-form-control-wrap\" data-name=\"your-phone\"><input size=\"40\" maxlength=\"400\" class=\"wpcf7-form-control wpcf7-tel wpcf7-text wpcf7-validates-as-tel\" aria-invalid=\"false\" value=\"\" type=\"tel\" name=\"your-phone\" \/><\/span><\/label><label>Messege<span>*<\/span> <span class=\"wpcf7-form-control-wrap\" data-name=\"your-message\"><textarea cols=\"40\" rows=\"10\" maxlength=\"2000\" class=\"wpcf7-form-control wpcf7-textarea wpcf7-validates-as-required\" aria-required=\"true\" aria-invalid=\"false\" placeholder=\"Your message\" name=\"your-message\"><\/textarea><\/span> <\/label>\n\t\t<\/p>\n\t\t<div class=\"holder-checkbox\">\n\t\t\t<p><span class=\"wpcf7-form-control-wrap\" data-name=\"agreement\"><span class=\"wpcf7-form-control wpcf7-acceptance\"><span class=\"wpcf7-list-item\"><label><input type=\"checkbox\" name=\"agreement\" value=\"1\" aria-invalid=\"false\" \/><span class=\"wpcf7-list-item-label\">I have read and agree <a href=\"https:\/\/tulz.lv\/en\/privacy-policy\/\">privacy policy<\/a>.<span>*<\/span><\/span><\/label><\/span><\/span><\/span>\n\t\t\t<\/p>\n\t\t<\/div>\n\t\t<p class=\"wpcf7-footnote\">This site is protected by Google reCAPTCHA.<br \/>\n<a href=\"https:\/\/policies.google.com\/privacy?hl=en\" target=\"_blank\" rel=\"noopener\">Privacy Policy<\/a> | <a href=\"https:\/\/policies.google.com\/terms?hl=en\" target=\"_blank\" rel=\"noopener\">Terms of Service<\/a>\n\t\t<\/p>\n\t\t<p><input class=\"wpcf7-form-control wpcf7-submit has-spinner\" type=\"submit\" value=\"Submit\" \/>\n\t\t<\/p>\n\t<\/div>\n<\/div><div class=\"wpcf7-response-output\" aria-hidden=\"true\"><\/div>\n<\/form>\n<\/div>\n            <\/div>\n            <\/div>\n<\/div>\n","protected":false},"excerpt":{"rendered":"","protected":false},"author":5,"featured_media":0,"parent":0,"menu_order":0,"comment_status":"closed","ping_status":"closed","template":"","meta":{"_acf_changed":false,"footnotes":""},"class_list":["post-1179","page","type-page","status-publish","hentry"],"acf":[],"yoast_head":"<!-- This site is optimized with the Yoast SEO plugin v27.1.1 - https:\/\/yoast.com\/product\/yoast-seo-wordpress\/ -->\n<title>Contact information - Tulz.lv - Elektroiek\u0101rtu noma<\/title>\n<meta name=\"description\" content=\"Get in touch with Tulz. Find our contact info, support details, and location. We\u2019re here to help with all tool rental questions in Latvia\" \/>\n<meta name=\"robots\" content=\"index, follow, max-snippet:-1, max-image-preview:large, max-video-preview:-1\" \/>\n<link rel=\"canonical\" href=\"https:\/\/tulz.lv\/en\/contact-information\/\" \/>\n<meta property=\"og:locale\" content=\"en_US\" \/>\n<meta property=\"og:type\" content=\"article\" \/>\n<meta property=\"og:title\" content=\"Contact information - Tulz.lv - Elektroiek\u0101rtu noma\" \/>\n<meta property=\"og:description\" content=\"Get in touch with Tulz. Find our contact info, support details, and location. We\u2019re here to help with all tool rental questions in Latvia\" \/>\n<meta property=\"og:url\" content=\"https:\/\/tulz.lv\/en\/contact-information\/\" \/>\n<meta property=\"og:site_name\" content=\"Tulz.lv - Elektroiek\u0101rtu noma\" \/>\n<meta property=\"article:publisher\" content=\"https:\/\/www.facebook.com\/tulz.lv\" \/>\n<meta property=\"article:modified_time\" content=\"2025-10-13T20:20:26+00:00\" \/>\n<meta name=\"twitter:card\" content=\"summary_large_image\" \/>\n<script type=\"application\/ld+json\" class=\"yoast-schema-graph\">{\"@context\":\"https:\/\/schema.org\",\"@graph\":[{\"@type\":\"WebPage\",\"@id\":\"https:\/\/tulz.lv\/en\/contact-information\/\",\"url\":\"https:\/\/tulz.lv\/en\/contact-information\/\",\"name\":\"Contact information - Tulz.lv - Elektroiek\u0101rtu noma\",\"isPartOf\":{\"@id\":\"https:\/\/tulz.lv\/en\/#website\"},\"datePublished\":\"2024-11-06T18:28:08+00:00\",\"dateModified\":\"2025-10-13T20:20:26+00:00\",\"description\":\"Get in touch with Tulz. Find our contact info, support details, and location. We\u2019re here to help with all tool rental questions in Latvia\",\"breadcrumb\":{\"@id\":\"https:\/\/tulz.lv\/en\/contact-information\/#breadcrumb\"},\"inLanguage\":\"en-US\",\"potentialAction\":[{\"@type\":\"ReadAction\",\"target\":[\"https:\/\/tulz.lv\/en\/contact-information\/\"]}]},{\"@type\":\"BreadcrumbList\",\"@id\":\"https:\/\/tulz.lv\/en\/contact-information\/#breadcrumb\",\"itemListElement\":[{\"@type\":\"ListItem\",\"position\":1,\"name\":\"S\u0101kums\",\"item\":\"https:\/\/tulz.lv\/en\/\"},{\"@type\":\"ListItem\",\"position\":2,\"name\":\"Contact information\"}]},{\"@type\":\"WebSite\",\"@id\":\"https:\/\/tulz.lv\/en\/#website\",\"url\":\"https:\/\/tulz.lv\/en\/\",\"name\":\"Tulz.lv\",\"description\":\"Elektroiek\u0101rtu noma\",\"publisher\":{\"@id\":\"https:\/\/tulz.lv\/en\/#organization\"},\"potentialAction\":[{\"@type\":\"SearchAction\",\"target\":{\"@type\":\"EntryPoint\",\"urlTemplate\":\"https:\/\/tulz.lv\/en\/?s={search_term_string}\"},\"query-input\":{\"@type\":\"PropertyValueSpecification\",\"valueRequired\":true,\"valueName\":\"search_term_string\"}}],\"inLanguage\":\"en-US\"},{\"@type\":\"Organization\",\"@id\":\"https:\/\/tulz.lv\/en\/#organization\",\"name\":\"Tulz.lv - Elektroiek\u0101rtu noma\",\"alternateName\":\"Tulz.lv - Instrumentu noma\",\"url\":\"https:\/\/tulz.lv\/en\/\",\"logo\":{\"@type\":\"ImageObject\",\"inLanguage\":\"en-US\",\"@id\":\"https:\/\/tulz.lv\/en\/#\/schema\/logo\/image\/\",\"url\":\"https:\/\/tulz.lv\/wp-content\/uploads\/2025\/05\/tulz-logo.svg\",\"contentUrl\":\"https:\/\/tulz.lv\/wp-content\/uploads\/2025\/05\/tulz-logo.svg\",\"width\":78,\"height\":36,\"caption\":\"Tulz.lv - Elektroiek\u0101rtu noma\"},\"image\":{\"@id\":\"https:\/\/tulz.lv\/en\/#\/schema\/logo\/image\/\"},\"sameAs\":[\"https:\/\/www.facebook.com\/tulz.lv\",\"https:\/\/www.instagram.com\/tulz.lv\",\"https:\/\/www.tiktok.com\/@tulz.lv\"]}]}<\/script>\n<!-- \/ Yoast SEO plugin. -->","yoast_head_json":{"title":"Contact information - Tulz.lv - Elektroiek\u0101rtu noma","description":"Get in touch with Tulz. Find our contact info, support details, and location. We\u2019re here to help with all tool rental questions in Latvia","robots":{"index":"index","follow":"follow","max-snippet":"max-snippet:-1","max-image-preview":"max-image-preview:large","max-video-preview":"max-video-preview:-1"},"canonical":"https:\/\/tulz.lv\/en\/contact-information\/","og_locale":"en_US","og_type":"article","og_title":"Contact information - Tulz.lv - Elektroiek\u0101rtu noma","og_description":"Get in touch with Tulz. Find our contact info, support details, and location. We\u2019re here to help with all tool rental questions in Latvia","og_url":"https:\/\/tulz.lv\/en\/contact-information\/","og_site_name":"Tulz.lv - Elektroiek\u0101rtu noma","article_publisher":"https:\/\/www.facebook.com\/tulz.lv","article_modified_time":"2025-10-13T20:20:26+00:00","twitter_card":"summary_large_image","schema":{"@context":"https:\/\/schema.org","@graph":[{"@type":"WebPage","@id":"https:\/\/tulz.lv\/en\/contact-information\/","url":"https:\/\/tulz.lv\/en\/contact-information\/","name":"Contact information - Tulz.lv - Elektroiek\u0101rtu noma","isPartOf":{"@id":"https:\/\/tulz.lv\/en\/#website"},"datePublished":"2024-11-06T18:28:08+00:00","dateModified":"2025-10-13T20:20:26+00:00","description":"Get in touch with Tulz. Find our contact info, support details, and location. We\u2019re here to help with all tool rental questions in Latvia","breadcrumb":{"@id":"https:\/\/tulz.lv\/en\/contact-information\/#breadcrumb"},"inLanguage":"en-US","potentialAction":[{"@type":"ReadAction","target":["https:\/\/tulz.lv\/en\/contact-information\/"]}]},{"@type":"BreadcrumbList","@id":"https:\/\/tulz.lv\/en\/contact-information\/#breadcrumb","itemListElement":[{"@type":"ListItem","position":1,"name":"S\u0101kums","item":"https:\/\/tulz.lv\/en\/"},{"@type":"ListItem","position":2,"name":"Contact information"}]},{"@type":"WebSite","@id":"https:\/\/tulz.lv\/en\/#website","url":"https:\/\/tulz.lv\/en\/","name":"Tulz.lv","description":"Elektroiek\u0101rtu noma","publisher":{"@id":"https:\/\/tulz.lv\/en\/#organization"},"potentialAction":[{"@type":"SearchAction","target":{"@type":"EntryPoint","urlTemplate":"https:\/\/tulz.lv\/en\/?s={search_term_string}"},"query-input":{"@type":"PropertyValueSpecification","valueRequired":true,"valueName":"search_term_string"}}],"inLanguage":"en-US"},{"@type":"Organization","@id":"https:\/\/tulz.lv\/en\/#organization","name":"Tulz.lv - Elektroiek\u0101rtu noma","alternateName":"Tulz.lv - Instrumentu noma","url":"https:\/\/tulz.lv\/en\/","logo":{"@type":"ImageObject","inLanguage":"en-US","@id":"https:\/\/tulz.lv\/en\/#\/schema\/logo\/image\/","url":"https:\/\/tulz.lv\/wp-content\/uploads\/2025\/05\/tulz-logo.svg","contentUrl":"https:\/\/tulz.lv\/wp-content\/uploads\/2025\/05\/tulz-logo.svg","width":78,"height":36,"caption":"Tulz.lv - Elektroiek\u0101rtu noma"},"image":{"@id":"https:\/\/tulz.lv\/en\/#\/schema\/logo\/image\/"},"sameAs":["https:\/\/www.facebook.com\/tulz.lv","https:\/\/www.instagram.com\/tulz.lv","https:\/\/www.tiktok.com\/@tulz.lv"]}]}},"jetpack_sharing_enabled":true,"jetpack-related-posts":[{"id":1198,"url":"https:\/\/tulz.lv\/en\/privacy-policy\/","url_meta":{"origin":1179,"position":0},"title":"Privacy policy","author":"wpmaster","date":"19.09.2024","format":false,"excerpt":"Privacy policy tulz.lv Effective Date: August 7, 2025 Last Updated: August 7, 2025 The purpose of this Privacy Policy is to provide natural persons \u2013 clients of SIA \u201cDATICA\u201d (hereinafter also referred to as \u201cdata subjects,\u201d \u201cclients,\u201d or \u201cusers\u201d), who rent devices via the website www.tulz.lv, with information about the\u2026","rel":"","context":"Similar post","block_context":{"text":"Similar post","link":""},"img":{"alt_text":"","src":"","width":0,"height":0},"classes":[]},{"id":3400,"url":"https:\/\/tulz.lv\/en\/user-account-deletion-instructions\/","url_meta":{"origin":1179,"position":1},"title":"User account deletion instructions","author":"Daniels Gamarra","date":"13.09.2025","format":false,"excerpt":"Go to https:\/\/tulz.lv\/en\/my-account\/ Click\/tap on Account Information (https:\/\/tulz.lv\/en\/my-account\/edit-account\/) Scroll down and click Delete Account Confirm by selecting Yes You will be redirected to tulz.lv and your account will be deleted instantly","rel":"","context":"Similar post","block_context":{"text":"Similar post","link":""},"img":{"alt_text":"","src":"","width":0,"height":0},"classes":[]},{"id":1187,"url":"https:\/\/tulz.lv\/en\/lease-agreement\/","url_meta":{"origin":1179,"position":2},"title":"Lease agreement","author":"armands","date":"10.06.2025","format":false,"excerpt":"DISTANCE AGREEMENT for the rental of equipment and tools 1. General Provisions 1.1. This distance agreement (hereinafter \u2013 the Agreement) is concluded between the Lessor SIA \u201cDATICA\u201d, registration No.40103473078 (hereinafter \u2013 Lessor), legal address: Murj\u0101\u0146u iela 1A, R\u012bga, LV-1024, and a natural person (hereinafter \u2013 Lessee), who rents devices and\u2026","rel":"","context":"Similar post","block_context":{"text":"Similar post","link":""},"img":{"alt_text":"","src":"","width":0,"height":0},"classes":[]},{"id":3087,"url":"https:\/\/tulz.lv\/en\/cookie-policy\/","url_meta":{"origin":1179,"position":3},"title":"Cookie policy","author":"wpmaster","date":"01.09.2025","format":false,"excerpt":"Cookie policy Effective Date: August 7, 2025 1. What are cookies 1.1. Cookies are small text files stored on a user\u2019s device when visiting a website.1.2. They help ensure the website\u2019s core functionality, analyze usage, and display relevant ads.1.3. In this policy \u201cwe\u201d refers to SIA DATICA (reg. no. 40103473078),\u2026","rel":"","context":"Similar post","block_context":{"text":"Similar post","link":""},"img":{"alt_text":"","src":"","width":0,"height":0},"classes":[]}],"_links":{"self":[{"href":"https:\/\/tulz.lv\/en\/wp-json\/wp\/v2\/pages\/1179","targetHints":{"allow":["GET"]}}],"collection":[{"href":"https:\/\/tulz.lv\/en\/wp-json\/wp\/v2\/pages"}],"about":[{"href":"https:\/\/tulz.lv\/en\/wp-json\/wp\/v2\/types\/page"}],"author":[{"embeddable":true,"href":"https:\/\/tulz.lv\/en\/wp-json\/wp\/v2\/users\/5"}],"replies":[{"embeddable":true,"href":"https:\/\/tulz.lv\/en\/wp-json\/wp\/v2\/comments?post=1179"}],"version-history":[{"count":5,"href":"https:\/\/tulz.lv\/en\/wp-json\/wp\/v2\/pages\/1179\/revisions"}],"predecessor-version":[{"id":3425,"href":"https:\/\/tulz.lv\/en\/wp-json\/wp\/v2\/pages\/1179\/revisions\/3425"}],"wp:attachment":[{"href":"https:\/\/tulz.lv\/en\/wp-json\/wp\/v2\/media?parent=1179"}],"curies":[{"name":"wp","href":"https:\/\/api.w.org\/{rel}","templated":true}]}}