{"id":1182,"date":"2024-12-03T08:43:44","date_gmt":"2024-12-03T06:43:44","guid":{"rendered":"https:\/\/tulz.lv\/par-mums\/"},"modified":"2025-10-13T23:18:48","modified_gmt":"2025-10-13T20:18:48","slug":"about-us","status":"publish","type":"page","link":"https:\/\/tulz.lv\/en\/about-us\/","title":{"rendered":"About us"},"content":{"rendered":"<div class=\"lepazisti\" id=\"text-image-content-block_26bb0863a8e6fb615c3d1959acbd66d7\">\n<!--\tsame here with row\/column doing it's own thing only -->\n\t<div class=\"row align-spaced\">\n<!--\t\tinstead of offset, we can use align-spaced class on row-->\n<!--\t\tOf course, offsets may have its place in some scenarios, but I haven't really used them in years :) -->\n\t\t<div class=\"small-12 medium-6 align-self-middle column\">\n\t\t\t<div class=\"lepazisti__description\">\n\t\t\t\t<h2>Get to know TulzExpress<\/h2>\n<p>At Tulz, our philosophy is simple: easy access over ownership.<\/p>\n<p><span style=\"font-weight: 400;\">Why buy when you can rent exactly what you need, exactly when you need it? From tools for your next project to entertainment gear for your next gathering, Tulz makes it easy to rent what you need\u2014without the hassle.<\/span><\/p>\n<p><span style=\"font-weight: 400;\">We built Tulz around one idea: modern convenience. That means no long lines, no hefty deposits, and no unnecessary stress. Just browse, book, and go. Simple as that.<\/span><\/p>\n<p><span style=\"font-weight: 400;\">But we&#8217;re more than just rentals. At Tulz, we\u2019re all about growth\u2014trying new things, learning new skills, and making life a little more fun. Whether you\u2019re tackling a home improvement project or hosting an unforgettable night with friends, we\u2019re here to help you make it happen.<\/span><\/p>\n\t\t\t\t\t\t\t\t<a href=\"https:\/\/tulz.lv\/en\/\"  \t\t\t\t   class=\"tex-button tex-button--xlarge tex-button--light\">\n\t\t\t\t\tLearn more\t\t\t\t<\/a>\n\t\t\t\t\t\t\t<\/div>\n\t\t<\/div>\n\n\t\t<div class=\"small-12 medium-6 text-center column\">\n\t\t\t<figure class=\"lepazisti__image\">\n\t\t\t\t<img decoding=\"async\" src=\"https:\/\/tulz.lv\/wp-content\/uploads\/2025\/07\/tulz.jpg\" alt=\"\">\n\t\t\t<\/figure>\n\t\t<\/div>\n\t<\/div>\n<\/div> <!-- end .lepazisti -->\n\n\n<h1 class=\"wp-block-heading\"><strong>Simple. Convenient. No unnecessary paperwork.<\/strong><\/h1>\n\n\n\n<div class=\"tex-terminal-map\" id=\"tex-terminal-map-block_65bd15c0441b048148abeaaa6621b1eb\">\n            <div class=\"tex-terminal-map__column tex-terminal-map__column--content\">\n                            <h2 class=\"tex-terminal-map__title\">Check out the locations of our rental locker on the map!<\/h2>\n                                        <div class=\"tex-terminal-map__note\">\n                    <p><span style=\"font-weight: 400;\">To make rentals easy and accessible, we\u2019ve placed our locker in a convenient location and it&#8217;s available every day 08:00-22:00, so you can rent what you need whenever it suits you best.<\/span><\/p>\n<p><b>Current locker location:<\/b><\/p>\n<ul>\n<li style=\"font-weight: 400;\" aria-level=\"1\"><span style=\"font-weight: 400;\">Nomet\u0146u iela 64, R\u012bga (\u0100genskalns Market parking lot)<\/span><\/li>\n<\/ul>\n                <\/div>\n                                        <div class=\"tex-terminal-map__button-wrapper\">\n                    <a href=\"https:\/\/tulz.lv\/nomas-skapju-karte\/\" class=\"tex-button tex-button--large tex-button--light tex-terminal-map__button\">Find a locker<\/a>\n                <\/div>\n                    <\/div>\n        <div class=\"tex-terminal-map__column tex-terminal-map__column--map \" id=\"terminal-map-small\"><\/div>\n<\/div>\n\n\n\n<p class=\"wp-block-paragraph\"><\/p>\n","protected":false},"excerpt":{"rendered":"<p>Simple. Convenient. No unnecessary paperwork.<\/p>\n","protected":false},"author":4,"featured_media":0,"parent":0,"menu_order":0,"comment_status":"closed","ping_status":"closed","template":"","meta":{"_acf_changed":false,"footnotes":""},"class_list":["post-1182","page","type-page","status-publish","hentry"],"acf":[],"yoast_head":"<!-- This site is optimized with the Yoast SEO plugin v27.1.1 - https:\/\/yoast.com\/product\/yoast-seo-wordpress\/ -->\n<title>About us - Tulz.lv - Elektroiek\u0101rtu noma<\/title>\n<meta name=\"description\" content=\"Learn more about Tulz \u2013 Latvia\u2019s modern tool rental platform that makes access easier than ownership. Discover our story, values, and mission.\" \/>\n<meta name=\"robots\" content=\"index, follow, max-snippet:-1, max-image-preview:large, max-video-preview:-1\" \/>\n<link rel=\"canonical\" href=\"https:\/\/tulz.lv\/en\/about-us\/\" \/>\n<meta property=\"og:locale\" content=\"en_US\" \/>\n<meta property=\"og:type\" content=\"article\" \/>\n<meta property=\"og:title\" content=\"About us - Tulz.lv - Elektroiek\u0101rtu noma\" \/>\n<meta property=\"og:description\" content=\"Learn more about Tulz \u2013 Latvia\u2019s modern tool rental platform that makes access easier than ownership. Discover our story, values, and mission.\" \/>\n<meta property=\"og:url\" content=\"https:\/\/tulz.lv\/en\/about-us\/\" \/>\n<meta property=\"og:site_name\" content=\"Tulz.lv - Elektroiek\u0101rtu noma\" \/>\n<meta property=\"article:publisher\" content=\"https:\/\/www.facebook.com\/tulz.lv\" \/>\n<meta property=\"article:modified_time\" content=\"2025-10-13T20:18:48+00:00\" \/>\n<meta name=\"twitter:card\" content=\"summary_large_image\" \/>\n<meta name=\"twitter:label1\" content=\"Est. reading time\" \/>\n\t<meta name=\"twitter:data1\" content=\"1 minute\" \/>\n<script type=\"application\/ld+json\" class=\"yoast-schema-graph\">{\"@context\":\"https:\/\/schema.org\",\"@graph\":[{\"@type\":\"WebPage\",\"@id\":\"https:\/\/tulz.lv\/en\/about-us\/\",\"url\":\"https:\/\/tulz.lv\/en\/about-us\/\",\"name\":\"About us - Tulz.lv - Elektroiek\u0101rtu noma\",\"isPartOf\":{\"@id\":\"https:\/\/tulz.lv\/en\/#website\"},\"datePublished\":\"2024-12-03T06:43:44+00:00\",\"dateModified\":\"2025-10-13T20:18:48+00:00\",\"description\":\"Learn more about Tulz \u2013 Latvia\u2019s modern tool rental platform that makes access easier than ownership. Discover our story, values, and mission.\",\"breadcrumb\":{\"@id\":\"https:\/\/tulz.lv\/en\/about-us\/#breadcrumb\"},\"inLanguage\":\"en-US\",\"potentialAction\":[{\"@type\":\"ReadAction\",\"target\":[\"https:\/\/tulz.lv\/en\/about-us\/\"]}]},{\"@type\":\"BreadcrumbList\",\"@id\":\"https:\/\/tulz.lv\/en\/about-us\/#breadcrumb\",\"itemListElement\":[{\"@type\":\"ListItem\",\"position\":1,\"name\":\"S\u0101kums\",\"item\":\"https:\/\/tulz.lv\/en\/\"},{\"@type\":\"ListItem\",\"position\":2,\"name\":\"About us\"}]},{\"@type\":\"WebSite\",\"@id\":\"https:\/\/tulz.lv\/en\/#website\",\"url\":\"https:\/\/tulz.lv\/en\/\",\"name\":\"Tulz.lv\",\"description\":\"Elektroiek\u0101rtu noma\",\"publisher\":{\"@id\":\"https:\/\/tulz.lv\/en\/#organization\"},\"potentialAction\":[{\"@type\":\"SearchAction\",\"target\":{\"@type\":\"EntryPoint\",\"urlTemplate\":\"https:\/\/tulz.lv\/en\/?s={search_term_string}\"},\"query-input\":{\"@type\":\"PropertyValueSpecification\",\"valueRequired\":true,\"valueName\":\"search_term_string\"}}],\"inLanguage\":\"en-US\"},{\"@type\":\"Organization\",\"@id\":\"https:\/\/tulz.lv\/en\/#organization\",\"name\":\"Tulz.lv - Elektroiek\u0101rtu noma\",\"alternateName\":\"Tulz.lv - Instrumentu noma\",\"url\":\"https:\/\/tulz.lv\/en\/\",\"logo\":{\"@type\":\"ImageObject\",\"inLanguage\":\"en-US\",\"@id\":\"https:\/\/tulz.lv\/en\/#\/schema\/logo\/image\/\",\"url\":\"https:\/\/tulz.lv\/wp-content\/uploads\/2025\/05\/tulz-logo.svg\",\"contentUrl\":\"https:\/\/tulz.lv\/wp-content\/uploads\/2025\/05\/tulz-logo.svg\",\"width\":78,\"height\":36,\"caption\":\"Tulz.lv - Elektroiek\u0101rtu noma\"},\"image\":{\"@id\":\"https:\/\/tulz.lv\/en\/#\/schema\/logo\/image\/\"},\"sameAs\":[\"https:\/\/www.facebook.com\/tulz.lv\",\"https:\/\/www.instagram.com\/tulz.lv\",\"https:\/\/www.tiktok.com\/@tulz.lv\"]}]}<\/script>\n<!-- \/ Yoast SEO plugin. -->","yoast_head_json":{"title":"About us - Tulz.lv - Elektroiek\u0101rtu noma","description":"Learn more about Tulz \u2013 Latvia\u2019s modern tool rental platform that makes access easier than ownership. Discover our story, values, and mission.","robots":{"index":"index","follow":"follow","max-snippet":"max-snippet:-1","max-image-preview":"max-image-preview:large","max-video-preview":"max-video-preview:-1"},"canonical":"https:\/\/tulz.lv\/en\/about-us\/","og_locale":"en_US","og_type":"article","og_title":"About us - Tulz.lv - Elektroiek\u0101rtu noma","og_description":"Learn more about Tulz \u2013 Latvia\u2019s modern tool rental platform that makes access easier than ownership. Discover our story, values, and mission.","og_url":"https:\/\/tulz.lv\/en\/about-us\/","og_site_name":"Tulz.lv - Elektroiek\u0101rtu noma","article_publisher":"https:\/\/www.facebook.com\/tulz.lv","article_modified_time":"2025-10-13T20:18:48+00:00","twitter_card":"summary_large_image","twitter_misc":{"Est. reading time":"1 minute"},"schema":{"@context":"https:\/\/schema.org","@graph":[{"@type":"WebPage","@id":"https:\/\/tulz.lv\/en\/about-us\/","url":"https:\/\/tulz.lv\/en\/about-us\/","name":"About us - Tulz.lv - Elektroiek\u0101rtu noma","isPartOf":{"@id":"https:\/\/tulz.lv\/en\/#website"},"datePublished":"2024-12-03T06:43:44+00:00","dateModified":"2025-10-13T20:18:48+00:00","description":"Learn more about Tulz \u2013 Latvia\u2019s modern tool rental platform that makes access easier than ownership. Discover our story, values, and mission.","breadcrumb":{"@id":"https:\/\/tulz.lv\/en\/about-us\/#breadcrumb"},"inLanguage":"en-US","potentialAction":[{"@type":"ReadAction","target":["https:\/\/tulz.lv\/en\/about-us\/"]}]},{"@type":"BreadcrumbList","@id":"https:\/\/tulz.lv\/en\/about-us\/#breadcrumb","itemListElement":[{"@type":"ListItem","position":1,"name":"S\u0101kums","item":"https:\/\/tulz.lv\/en\/"},{"@type":"ListItem","position":2,"name":"About us"}]},{"@type":"WebSite","@id":"https:\/\/tulz.lv\/en\/#website","url":"https:\/\/tulz.lv\/en\/","name":"Tulz.lv","description":"Elektroiek\u0101rtu noma","publisher":{"@id":"https:\/\/tulz.lv\/en\/#organization"},"potentialAction":[{"@type":"SearchAction","target":{"@type":"EntryPoint","urlTemplate":"https:\/\/tulz.lv\/en\/?s={search_term_string}"},"query-input":{"@type":"PropertyValueSpecification","valueRequired":true,"valueName":"search_term_string"}}],"inLanguage":"en-US"},{"@type":"Organization","@id":"https:\/\/tulz.lv\/en\/#organization","name":"Tulz.lv - Elektroiek\u0101rtu noma","alternateName":"Tulz.lv - Instrumentu noma","url":"https:\/\/tulz.lv\/en\/","logo":{"@type":"ImageObject","inLanguage":"en-US","@id":"https:\/\/tulz.lv\/en\/#\/schema\/logo\/image\/","url":"https:\/\/tulz.lv\/wp-content\/uploads\/2025\/05\/tulz-logo.svg","contentUrl":"https:\/\/tulz.lv\/wp-content\/uploads\/2025\/05\/tulz-logo.svg","width":78,"height":36,"caption":"Tulz.lv - Elektroiek\u0101rtu noma"},"image":{"@id":"https:\/\/tulz.lv\/en\/#\/schema\/logo\/image\/"},"sameAs":["https:\/\/www.facebook.com\/tulz.lv","https:\/\/www.instagram.com\/tulz.lv","https:\/\/www.tiktok.com\/@tulz.lv"]}]}},"jetpack_sharing_enabled":true,"jetpack-related-posts":[{"id":3087,"url":"https:\/\/tulz.lv\/en\/cookie-policy\/","url_meta":{"origin":1182,"position":0},"title":"Cookie policy","author":"wpmaster","date":"01.09.2025","format":false,"excerpt":"Cookie policy Effective Date: August 7, 2025 1. What are cookies 1.1. Cookies are small text files stored on a user\u2019s device when visiting a website.1.2. They help ensure the website\u2019s core functionality, analyze usage, and display relevant ads.1.3. In this policy \u201cwe\u201d refers to SIA DATICA (reg. no. 40103473078),\u2026","rel":"","context":"Similar post","block_context":{"text":"Similar post","link":""},"img":{"alt_text":"","src":"","width":0,"height":0},"classes":[]},{"id":1187,"url":"https:\/\/tulz.lv\/en\/lease-agreement\/","url_meta":{"origin":1182,"position":1},"title":"Lease agreement","author":"armands","date":"10.06.2025","format":false,"excerpt":"DISTANCE AGREEMENT for the rental of equipment and tools 1. General Provisions 1.1. This distance agreement (hereinafter \u2013 the Agreement) is concluded between the Lessor SIA \u201cDATICA\u201d, registration No.40103473078 (hereinafter \u2013 Lessor), legal address: Murj\u0101\u0146u iela 1A, R\u012bga, LV-1024, and a natural person (hereinafter \u2013 Lessee), who rents devices and\u2026","rel":"","context":"Similar post","block_context":{"text":"Similar post","link":""},"img":{"alt_text":"","src":"","width":0,"height":0},"classes":[]},{"id":1198,"url":"https:\/\/tulz.lv\/en\/privacy-policy\/","url_meta":{"origin":1182,"position":2},"title":"Privacy policy","author":"wpmaster","date":"19.09.2024","format":false,"excerpt":"Privacy policy tulz.lv Effective Date: August 7, 2025 Last Updated: August 7, 2025 The purpose of this Privacy Policy is to provide natural persons \u2013 clients of SIA \u201cDATICA\u201d (hereinafter also referred to as \u201cdata subjects,\u201d \u201cclients,\u201d or \u201cusers\u201d), who rent devices via the website www.tulz.lv, with information about the\u2026","rel":"","context":"Similar post","block_context":{"text":"Similar post","link":""},"img":{"alt_text":"","src":"","width":0,"height":0},"classes":[]}],"_links":{"self":[{"href":"https:\/\/tulz.lv\/en\/wp-json\/wp\/v2\/pages\/1182","targetHints":{"allow":["GET"]}}],"collection":[{"href":"https:\/\/tulz.lv\/en\/wp-json\/wp\/v2\/pages"}],"about":[{"href":"https:\/\/tulz.lv\/en\/wp-json\/wp\/v2\/types\/page"}],"author":[{"embeddable":true,"href":"https:\/\/tulz.lv\/en\/wp-json\/wp\/v2\/users\/4"}],"replies":[{"embeddable":true,"href":"https:\/\/tulz.lv\/en\/wp-json\/wp\/v2\/comments?post=1182"}],"version-history":[{"count":19,"href":"https:\/\/tulz.lv\/en\/wp-json\/wp\/v2\/pages\/1182\/revisions"}],"predecessor-version":[{"id":3413,"href":"https:\/\/tulz.lv\/en\/wp-json\/wp\/v2\/pages\/1182\/revisions\/3413"}],"wp:attachment":[{"href":"https:\/\/tulz.lv\/en\/wp-json\/wp\/v2\/media?parent=1182"}],"curies":[{"name":"wp","href":"https:\/\/api.w.org\/{rel}","templated":true}]}}