{"id":1190,"date":"2024-11-05T06:37:17","date_gmt":"2024-11-05T04:37:17","guid":{"rendered":"https:\/\/tulz.lv\/nomas-skapju-atrasanas-vieta\/"},"modified":"2025-10-14T00:22:28","modified_gmt":"2025-10-13T21:22:28","slug":"tulz-locker-locations","status":"publish","type":"page","link":"https:\/\/tulz.lv\/en\/tulz-locker-locations\/","title":{"rendered":"Tulz locker locations"},"content":{"rendered":"\n<h1 class=\"wp-block-heading\">Tulz locker locations<\/h1>\n\n\n\n<div class=\"tex-terminal-map\" id=\"tex-terminal-map-block_b58eaae71393acc061759b02df469f9e\">\n        <div class=\"tex-terminal-map__column tex-terminal-map__column--map tex-terminal-map__column--full\" id=\"terminal-map-small\"><\/div>\n<\/div>\n\n\n\n<p class=\"wp-block-paragraph\"><\/p>\n","protected":false},"excerpt":{"rendered":"<p>Tulz locker locations<\/p>\n","protected":false},"author":3,"featured_media":0,"parent":0,"menu_order":0,"comment_status":"closed","ping_status":"closed","template":"","meta":{"_acf_changed":false,"footnotes":""},"class_list":["post-1190","page","type-page","status-publish","hentry"],"acf":[],"yoast_head":"<!-- This site is optimized with the Yoast SEO plugin v27.1.1 - https:\/\/yoast.com\/product\/yoast-seo-wordpress\/ -->\n<title>Tulz locker locations - Tulz.lv - Elektroiek\u0101rtu noma<\/title>\n<meta name=\"description\" content=\"View the Tulz rental locker map and find the nearest location. Enjoy easy access to tools and devices across Riga.\" \/>\n<meta name=\"robots\" content=\"index, follow, max-snippet:-1, max-image-preview:large, max-video-preview:-1\" \/>\n<link rel=\"canonical\" href=\"https:\/\/tulz.lv\/en\/tulz-locker-locations\/\" \/>\n<meta property=\"og:locale\" content=\"en_US\" \/>\n<meta property=\"og:type\" content=\"article\" \/>\n<meta property=\"og:title\" content=\"Tulz locker locations - Tulz.lv - Elektroiek\u0101rtu noma\" \/>\n<meta property=\"og:description\" content=\"View the Tulz rental locker map and find the nearest location. Enjoy easy access to tools and devices across Riga.\" \/>\n<meta property=\"og:url\" content=\"https:\/\/tulz.lv\/en\/tulz-locker-locations\/\" \/>\n<meta property=\"og:site_name\" content=\"Tulz.lv - Elektroiek\u0101rtu noma\" \/>\n<meta property=\"article:publisher\" content=\"https:\/\/www.facebook.com\/tulz.lv\" \/>\n<meta property=\"article:modified_time\" content=\"2025-10-13T21:22:28+00:00\" \/>\n<meta name=\"twitter:card\" content=\"summary_large_image\" \/>\n<meta name=\"twitter:label1\" content=\"Est. reading time\" \/>\n\t<meta name=\"twitter:data1\" content=\"1 minute\" \/>\n<script type=\"application\/ld+json\" class=\"yoast-schema-graph\">{\"@context\":\"https:\/\/schema.org\",\"@graph\":[{\"@type\":\"WebPage\",\"@id\":\"https:\/\/tulz.lv\/en\/tulz-locker-locations\/\",\"url\":\"https:\/\/tulz.lv\/en\/tulz-locker-locations\/\",\"name\":\"Tulz locker locations - Tulz.lv - Elektroiek\u0101rtu noma\",\"isPartOf\":{\"@id\":\"https:\/\/tulz.lv\/en\/#website\"},\"datePublished\":\"2024-11-05T04:37:17+00:00\",\"dateModified\":\"2025-10-13T21:22:28+00:00\",\"description\":\"View the Tulz rental locker map and find the nearest location. Enjoy easy access to tools and devices across Riga.\",\"breadcrumb\":{\"@id\":\"https:\/\/tulz.lv\/en\/tulz-locker-locations\/#breadcrumb\"},\"inLanguage\":\"en-US\",\"potentialAction\":[{\"@type\":\"ReadAction\",\"target\":[\"https:\/\/tulz.lv\/en\/tulz-locker-locations\/\"]}]},{\"@type\":\"BreadcrumbList\",\"@id\":\"https:\/\/tulz.lv\/en\/tulz-locker-locations\/#breadcrumb\",\"itemListElement\":[{\"@type\":\"ListItem\",\"position\":1,\"name\":\"S\u0101kums\",\"item\":\"https:\/\/tulz.lv\/en\/\"},{\"@type\":\"ListItem\",\"position\":2,\"name\":\"Tulz locker locations\"}]},{\"@type\":\"WebSite\",\"@id\":\"https:\/\/tulz.lv\/en\/#website\",\"url\":\"https:\/\/tulz.lv\/en\/\",\"name\":\"Tulz.lv\",\"description\":\"Elektroiek\u0101rtu noma\",\"publisher\":{\"@id\":\"https:\/\/tulz.lv\/en\/#organization\"},\"potentialAction\":[{\"@type\":\"SearchAction\",\"target\":{\"@type\":\"EntryPoint\",\"urlTemplate\":\"https:\/\/tulz.lv\/en\/?s={search_term_string}\"},\"query-input\":{\"@type\":\"PropertyValueSpecification\",\"valueRequired\":true,\"valueName\":\"search_term_string\"}}],\"inLanguage\":\"en-US\"},{\"@type\":\"Organization\",\"@id\":\"https:\/\/tulz.lv\/en\/#organization\",\"name\":\"Tulz.lv - Elektroiek\u0101rtu noma\",\"alternateName\":\"Tulz.lv - Instrumentu noma\",\"url\":\"https:\/\/tulz.lv\/en\/\",\"logo\":{\"@type\":\"ImageObject\",\"inLanguage\":\"en-US\",\"@id\":\"https:\/\/tulz.lv\/en\/#\/schema\/logo\/image\/\",\"url\":\"https:\/\/tulz.lv\/wp-content\/uploads\/2025\/05\/tulz-logo.svg\",\"contentUrl\":\"https:\/\/tulz.lv\/wp-content\/uploads\/2025\/05\/tulz-logo.svg\",\"width\":78,\"height\":36,\"caption\":\"Tulz.lv - Elektroiek\u0101rtu noma\"},\"image\":{\"@id\":\"https:\/\/tulz.lv\/en\/#\/schema\/logo\/image\/\"},\"sameAs\":[\"https:\/\/www.facebook.com\/tulz.lv\",\"https:\/\/www.instagram.com\/tulz.lv\",\"https:\/\/www.tiktok.com\/@tulz.lv\"]}]}<\/script>\n<!-- \/ Yoast SEO plugin. -->","yoast_head_json":{"title":"Tulz locker locations - Tulz.lv - Elektroiek\u0101rtu noma","description":"View the Tulz rental locker map and find the nearest location. Enjoy easy access to tools and devices across Riga.","robots":{"index":"index","follow":"follow","max-snippet":"max-snippet:-1","max-image-preview":"max-image-preview:large","max-video-preview":"max-video-preview:-1"},"canonical":"https:\/\/tulz.lv\/en\/tulz-locker-locations\/","og_locale":"en_US","og_type":"article","og_title":"Tulz locker locations - Tulz.lv - Elektroiek\u0101rtu noma","og_description":"View the Tulz rental locker map and find the nearest location. Enjoy easy access to tools and devices across Riga.","og_url":"https:\/\/tulz.lv\/en\/tulz-locker-locations\/","og_site_name":"Tulz.lv - Elektroiek\u0101rtu noma","article_publisher":"https:\/\/www.facebook.com\/tulz.lv","article_modified_time":"2025-10-13T21:22:28+00:00","twitter_card":"summary_large_image","twitter_misc":{"Est. reading time":"1 minute"},"schema":{"@context":"https:\/\/schema.org","@graph":[{"@type":"WebPage","@id":"https:\/\/tulz.lv\/en\/tulz-locker-locations\/","url":"https:\/\/tulz.lv\/en\/tulz-locker-locations\/","name":"Tulz locker locations - Tulz.lv - Elektroiek\u0101rtu noma","isPartOf":{"@id":"https:\/\/tulz.lv\/en\/#website"},"datePublished":"2024-11-05T04:37:17+00:00","dateModified":"2025-10-13T21:22:28+00:00","description":"View the Tulz rental locker map and find the nearest location. Enjoy easy access to tools and devices across Riga.","breadcrumb":{"@id":"https:\/\/tulz.lv\/en\/tulz-locker-locations\/#breadcrumb"},"inLanguage":"en-US","potentialAction":[{"@type":"ReadAction","target":["https:\/\/tulz.lv\/en\/tulz-locker-locations\/"]}]},{"@type":"BreadcrumbList","@id":"https:\/\/tulz.lv\/en\/tulz-locker-locations\/#breadcrumb","itemListElement":[{"@type":"ListItem","position":1,"name":"S\u0101kums","item":"https:\/\/tulz.lv\/en\/"},{"@type":"ListItem","position":2,"name":"Tulz locker locations"}]},{"@type":"WebSite","@id":"https:\/\/tulz.lv\/en\/#website","url":"https:\/\/tulz.lv\/en\/","name":"Tulz.lv","description":"Elektroiek\u0101rtu noma","publisher":{"@id":"https:\/\/tulz.lv\/en\/#organization"},"potentialAction":[{"@type":"SearchAction","target":{"@type":"EntryPoint","urlTemplate":"https:\/\/tulz.lv\/en\/?s={search_term_string}"},"query-input":{"@type":"PropertyValueSpecification","valueRequired":true,"valueName":"search_term_string"}}],"inLanguage":"en-US"},{"@type":"Organization","@id":"https:\/\/tulz.lv\/en\/#organization","name":"Tulz.lv - Elektroiek\u0101rtu noma","alternateName":"Tulz.lv - Instrumentu noma","url":"https:\/\/tulz.lv\/en\/","logo":{"@type":"ImageObject","inLanguage":"en-US","@id":"https:\/\/tulz.lv\/en\/#\/schema\/logo\/image\/","url":"https:\/\/tulz.lv\/wp-content\/uploads\/2025\/05\/tulz-logo.svg","contentUrl":"https:\/\/tulz.lv\/wp-content\/uploads\/2025\/05\/tulz-logo.svg","width":78,"height":36,"caption":"Tulz.lv - Elektroiek\u0101rtu noma"},"image":{"@id":"https:\/\/tulz.lv\/en\/#\/schema\/logo\/image\/"},"sameAs":["https:\/\/www.facebook.com\/tulz.lv","https:\/\/www.instagram.com\/tulz.lv","https:\/\/www.tiktok.com\/@tulz.lv"]}]}},"jetpack_sharing_enabled":true,"jetpack-related-posts":[{"id":1187,"url":"https:\/\/tulz.lv\/en\/lease-agreement\/","url_meta":{"origin":1190,"position":0},"title":"Lease agreement","author":"armands","date":"10.06.2025","format":false,"excerpt":"DISTANCE AGREEMENT for the rental of equipment and tools 1. General Provisions 1.1. This distance agreement (hereinafter \u2013 the Agreement) is concluded between the Lessor SIA \u201cDATICA\u201d, registration No.40103473078 (hereinafter \u2013 Lessor), legal address: Murj\u0101\u0146u iela 1A, R\u012bga, LV-1024, and a natural person (hereinafter \u2013 Lessee), who rents devices and\u2026","rel":"","context":"Similar post","block_context":{"text":"Similar post","link":""},"img":{"alt_text":"","src":"","width":0,"height":0},"classes":[]},{"id":511,"url":"https:\/\/tulz.lv\/en\/checkout\/","url_meta":{"origin":1190,"position":1},"title":"Checkout","author":"igors","date":"30.09.2024","format":false,"excerpt":"","rel":"","context":"Similar post","block_context":{"text":"Similar post","link":""},"img":{"alt_text":"","src":"","width":0,"height":0},"classes":[]},{"id":203,"url":"https:\/\/tulz.lv\/kontaktinformacija\/","url_meta":{"origin":1190,"position":2},"title":"Kontaktinform\u0101cija","author":"max dev","date":"06.11.2024","format":false,"excerpt":"","rel":"","context":"Similar post","block_context":{"text":"Similar post","link":""},"img":{"alt_text":"","src":"","width":0,"height":0},"classes":[]},{"id":590,"url":"https:\/\/tulz.lv\/qr-code\/","url_meta":{"origin":1190,"position":3},"title":"QRCode","author":"igors","date":"14.01.2025","format":false,"excerpt":"","rel":"","context":"Similar post","block_context":{"text":"Similar post","link":""},"img":{"alt_text":"","src":"","width":0,"height":0},"classes":[]},{"id":10,"url":"https:\/\/tulz.lv\/pasutijuma-noformesana\/","url_meta":{"origin":1190,"position":4},"title":"Pas\u016bt\u012bjuma noform\u0113\u0161ana","author":"wpmaster","date":"30.09.2024","format":false,"excerpt":"","rel":"","context":"Similar post","block_context":{"text":"Similar post","link":""},"img":{"alt_text":"","src":"","width":0,"height":0},"classes":[]},{"id":11,"url":"https:\/\/tulz.lv\/mans-konts\/","url_meta":{"origin":1190,"position":5},"title":"Mans konts","author":"wpmaster","date":"30.09.2024","format":false,"excerpt":"","rel":"","context":"Similar post","block_context":{"text":"Similar post","link":""},"img":{"alt_text":"","src":"","width":0,"height":0},"classes":[]}],"_links":{"self":[{"href":"https:\/\/tulz.lv\/en\/wp-json\/wp\/v2\/pages\/1190","targetHints":{"allow":["GET"]}}],"collection":[{"href":"https:\/\/tulz.lv\/en\/wp-json\/wp\/v2\/pages"}],"about":[{"href":"https:\/\/tulz.lv\/en\/wp-json\/wp\/v2\/types\/page"}],"author":[{"embeddable":true,"href":"https:\/\/tulz.lv\/en\/wp-json\/wp\/v2\/users\/3"}],"replies":[{"embeddable":true,"href":"https:\/\/tulz.lv\/en\/wp-json\/wp\/v2\/comments?post=1190"}],"version-history":[{"count":5,"href":"https:\/\/tulz.lv\/en\/wp-json\/wp\/v2\/pages\/1190\/revisions"}],"predecessor-version":[{"id":4009,"href":"https:\/\/tulz.lv\/en\/wp-json\/wp\/v2\/pages\/1190\/revisions\/4009"}],"wp:attachment":[{"href":"https:\/\/tulz.lv\/en\/wp-json\/wp\/v2\/media?parent=1190"}],"curies":[{"name":"wp","href":"https:\/\/api.w.org\/{rel}","templated":true}]}}