{"id":512,"date":"2024-09-30T08:44:43","date_gmt":"2024-09-30T05:44:43","guid":{"rendered":"https:\/\/tulz.lv\/my-account\/"},"modified":"2025-10-15T11:21:17","modified_gmt":"2025-10-15T08:21:17","slug":"my-account","status":"publish","type":"page","link":"https:\/\/tulz.lv\/en\/my-account\/","title":{"rendered":"My Account"},"content":{"rendered":"<div class=\"woocommerce\"><\/div>\n","protected":false},"excerpt":{"rendered":"","protected":false},"author":3,"featured_media":0,"parent":0,"menu_order":0,"comment_status":"closed","ping_status":"closed","template":"","meta":{"_acf_changed":false,"footnotes":""},"class_list":["post-512","page","type-page","status-publish","hentry"],"acf":[],"yoast_head":"<!-- This site is optimized with the Yoast SEO plugin v27.1.1 - https:\/\/yoast.com\/product\/yoast-seo-wordpress\/ -->\n<title>My Account - Tulz.lv - Elektroiek\u0101rtu noma<\/title>\n<meta name=\"description\" content=\"Access your Tulz account to manage rentals, view history, and update details. Simple and secure way to track your tool rentals online.\" \/>\n<meta name=\"robots\" content=\"noindex, nofollow\" \/>\n<meta property=\"og:locale\" content=\"en_US\" \/>\n<meta property=\"og:type\" content=\"article\" \/>\n<meta property=\"og:title\" content=\"My Account - Tulz.lv - Elektroiek\u0101rtu noma\" \/>\n<meta property=\"og:description\" content=\"Access your Tulz account to manage rentals, view history, and update details. Simple and secure way to track your tool rentals online.\" \/>\n<meta property=\"og:url\" content=\"https:\/\/tulz.lv\/en\/my-account\/\" \/>\n<meta property=\"og:site_name\" content=\"Tulz.lv - Elektroiek\u0101rtu noma\" \/>\n<meta property=\"article:publisher\" content=\"https:\/\/www.facebook.com\/tulz.lv\" \/>\n<meta property=\"article:modified_time\" content=\"2025-10-15T08:21:17+00:00\" \/>\n<meta name=\"twitter:card\" content=\"summary_large_image\" \/>\n<meta name=\"twitter:label1\" content=\"Est. reading time\" \/>\n\t<meta name=\"twitter:data1\" content=\"1 minute\" \/>\n<script type=\"application\/ld+json\" class=\"yoast-schema-graph\">{\"@context\":\"https:\/\/schema.org\",\"@graph\":[{\"@type\":\"WebPage\",\"@id\":\"https:\/\/tulz.lv\/en\/my-account\/\",\"url\":\"https:\/\/tulz.lv\/en\/my-account\/\",\"name\":\"My Account - Tulz.lv - Elektroiek\u0101rtu noma\",\"isPartOf\":{\"@id\":\"https:\/\/tulz.lv\/en\/#website\"},\"datePublished\":\"2024-09-30T05:44:43+00:00\",\"dateModified\":\"2025-10-15T08:21:17+00:00\",\"description\":\"Access your Tulz account to manage rentals, view history, and update details. Simple and secure way to track your tool rentals online.\",\"breadcrumb\":{\"@id\":\"https:\/\/tulz.lv\/en\/my-account\/#breadcrumb\"},\"inLanguage\":\"en-US\",\"potentialAction\":[{\"@type\":\"ReadAction\",\"target\":[\"https:\/\/tulz.lv\/en\/my-account\/\"]}]},{\"@type\":\"BreadcrumbList\",\"@id\":\"https:\/\/tulz.lv\/en\/my-account\/#breadcrumb\",\"itemListElement\":[{\"@type\":\"ListItem\",\"position\":1,\"name\":\"S\u0101kums\",\"item\":\"https:\/\/tulz.lv\/en\/\"},{\"@type\":\"ListItem\",\"position\":2,\"name\":\"My Account\"}]},{\"@type\":\"WebSite\",\"@id\":\"https:\/\/tulz.lv\/en\/#website\",\"url\":\"https:\/\/tulz.lv\/en\/\",\"name\":\"Tulz.lv\",\"description\":\"Elektroiek\u0101rtu noma\",\"publisher\":{\"@id\":\"https:\/\/tulz.lv\/en\/#organization\"},\"potentialAction\":[{\"@type\":\"SearchAction\",\"target\":{\"@type\":\"EntryPoint\",\"urlTemplate\":\"https:\/\/tulz.lv\/en\/?s={search_term_string}\"},\"query-input\":{\"@type\":\"PropertyValueSpecification\",\"valueRequired\":true,\"valueName\":\"search_term_string\"}}],\"inLanguage\":\"en-US\"},{\"@type\":\"Organization\",\"@id\":\"https:\/\/tulz.lv\/en\/#organization\",\"name\":\"Tulz.lv - Elektroiek\u0101rtu noma\",\"alternateName\":\"Tulz.lv - Instrumentu noma\",\"url\":\"https:\/\/tulz.lv\/en\/\",\"logo\":{\"@type\":\"ImageObject\",\"inLanguage\":\"en-US\",\"@id\":\"https:\/\/tulz.lv\/en\/#\/schema\/logo\/image\/\",\"url\":\"https:\/\/tulz.lv\/wp-content\/uploads\/2025\/05\/tulz-logo.svg\",\"contentUrl\":\"https:\/\/tulz.lv\/wp-content\/uploads\/2025\/05\/tulz-logo.svg\",\"width\":78,\"height\":36,\"caption\":\"Tulz.lv - Elektroiek\u0101rtu noma\"},\"image\":{\"@id\":\"https:\/\/tulz.lv\/en\/#\/schema\/logo\/image\/\"},\"sameAs\":[\"https:\/\/www.facebook.com\/tulz.lv\",\"https:\/\/www.instagram.com\/tulz.lv\",\"https:\/\/www.tiktok.com\/@tulz.lv\"]}]}<\/script>\n<!-- \/ Yoast SEO plugin. -->","yoast_head_json":{"title":"My Account - Tulz.lv - Elektroiek\u0101rtu noma","description":"Access your Tulz account to manage rentals, view history, and update details. Simple and secure way to track your tool rentals online.","robots":{"index":"noindex","follow":"nofollow"},"og_locale":"en_US","og_type":"article","og_title":"My Account - Tulz.lv - Elektroiek\u0101rtu noma","og_description":"Access your Tulz account to manage rentals, view history, and update details. Simple and secure way to track your tool rentals online.","og_url":"https:\/\/tulz.lv\/en\/my-account\/","og_site_name":"Tulz.lv - Elektroiek\u0101rtu noma","article_publisher":"https:\/\/www.facebook.com\/tulz.lv","article_modified_time":"2025-10-15T08:21:17+00:00","twitter_card":"summary_large_image","twitter_misc":{"Est. reading time":"1 minute"},"schema":{"@context":"https:\/\/schema.org","@graph":[{"@type":"WebPage","@id":"https:\/\/tulz.lv\/en\/my-account\/","url":"https:\/\/tulz.lv\/en\/my-account\/","name":"My Account - Tulz.lv - Elektroiek\u0101rtu noma","isPartOf":{"@id":"https:\/\/tulz.lv\/en\/#website"},"datePublished":"2024-09-30T05:44:43+00:00","dateModified":"2025-10-15T08:21:17+00:00","description":"Access your Tulz account to manage rentals, view history, and update details. Simple and secure way to track your tool rentals online.","breadcrumb":{"@id":"https:\/\/tulz.lv\/en\/my-account\/#breadcrumb"},"inLanguage":"en-US","potentialAction":[{"@type":"ReadAction","target":["https:\/\/tulz.lv\/en\/my-account\/"]}]},{"@type":"BreadcrumbList","@id":"https:\/\/tulz.lv\/en\/my-account\/#breadcrumb","itemListElement":[{"@type":"ListItem","position":1,"name":"S\u0101kums","item":"https:\/\/tulz.lv\/en\/"},{"@type":"ListItem","position":2,"name":"My Account"}]},{"@type":"WebSite","@id":"https:\/\/tulz.lv\/en\/#website","url":"https:\/\/tulz.lv\/en\/","name":"Tulz.lv","description":"Elektroiek\u0101rtu noma","publisher":{"@id":"https:\/\/tulz.lv\/en\/#organization"},"potentialAction":[{"@type":"SearchAction","target":{"@type":"EntryPoint","urlTemplate":"https:\/\/tulz.lv\/en\/?s={search_term_string}"},"query-input":{"@type":"PropertyValueSpecification","valueRequired":true,"valueName":"search_term_string"}}],"inLanguage":"en-US"},{"@type":"Organization","@id":"https:\/\/tulz.lv\/en\/#organization","name":"Tulz.lv - Elektroiek\u0101rtu noma","alternateName":"Tulz.lv - Instrumentu noma","url":"https:\/\/tulz.lv\/en\/","logo":{"@type":"ImageObject","inLanguage":"en-US","@id":"https:\/\/tulz.lv\/en\/#\/schema\/logo\/image\/","url":"https:\/\/tulz.lv\/wp-content\/uploads\/2025\/05\/tulz-logo.svg","contentUrl":"https:\/\/tulz.lv\/wp-content\/uploads\/2025\/05\/tulz-logo.svg","width":78,"height":36,"caption":"Tulz.lv - Elektroiek\u0101rtu noma"},"image":{"@id":"https:\/\/tulz.lv\/en\/#\/schema\/logo\/image\/"},"sameAs":["https:\/\/www.facebook.com\/tulz.lv","https:\/\/www.instagram.com\/tulz.lv","https:\/\/www.tiktok.com\/@tulz.lv"]}]}},"jetpack_sharing_enabled":true,"jetpack-related-posts":[{"id":3400,"url":"https:\/\/tulz.lv\/en\/user-account-deletion-instructions\/","url_meta":{"origin":512,"position":0},"title":"User account deletion instructions","author":"Daniels Gamarra","date":"13.09.2025","format":false,"excerpt":"Go to https:\/\/tulz.lv\/en\/my-account\/ Click\/tap on Account Information (https:\/\/tulz.lv\/en\/my-account\/edit-account\/) Scroll down and click Delete Account Confirm by selecting Yes You will be redirected to tulz.lv and your account will be deleted instantly","rel":"","context":"Similar post","block_context":{"text":"Similar post","link":""},"img":{"alt_text":"","src":"","width":0,"height":0},"classes":[]},{"id":3398,"url":"https:\/\/tulz.lv\/lietotaja-konta-dzesanas-instrukcija\/","url_meta":{"origin":512,"position":1},"title":"Lietot\u0101ja konta dz\u0113\u0161anas instrukcija","author":"Daniels Gamarra","date":"13.09.2025","format":false,"excerpt":"Dodieties uz https:\/\/tulz.lv\/mans-konts\/ Nospiediet uz Konta inform\u0101cija (https:\/\/tulz.lv\/mans-konts\/edit-account\/) Ritiniet uz leju un nospiediet Dz\u0113st kontu Apstipriniet, izv\u0113loties J\u0101 J\u016bs tiksiet p\u0101radres\u0113ts uz tulz.lv un konts tiks dz\u0113sts nekav\u0113joties","rel":"","context":"Similar post","block_context":{"text":"Similar post","link":""},"img":{"alt_text":"","src":"","width":0,"height":0},"classes":[]},{"id":1187,"url":"https:\/\/tulz.lv\/en\/lease-agreement\/","url_meta":{"origin":512,"position":2},"title":"Lease agreement","author":"armands","date":"10.06.2025","format":false,"excerpt":"DISTANCE AGREEMENT for the rental of equipment and tools 1. General Provisions 1.1. This distance agreement (hereinafter \u2013 the Agreement) is concluded between the Lessor SIA \u201cDATICA\u201d, registration No.40103473078 (hereinafter \u2013 Lessor), legal address: Murj\u0101\u0146u iela 1A, R\u012bga, LV-1024, and a natural person (hereinafter \u2013 Lessee), who rents devices and\u2026","rel":"","context":"Similar post","block_context":{"text":"Similar post","link":""},"img":{"alt_text":"","src":"","width":0,"height":0},"classes":[]},{"id":1198,"url":"https:\/\/tulz.lv\/en\/privacy-policy\/","url_meta":{"origin":512,"position":3},"title":"Privacy policy","author":"wpmaster","date":"19.09.2024","format":false,"excerpt":"Privacy policy tulz.lv Effective Date: August 7, 2025 Last Updated: August 7, 2025 The purpose of this Privacy Policy is to provide natural persons \u2013 clients of SIA \u201cDATICA\u201d (hereinafter also referred to as \u201cdata subjects,\u201d \u201cclients,\u201d or \u201cusers\u201d), who rent devices via the website www.tulz.lv, with information about the\u2026","rel":"","context":"Similar post","block_context":{"text":"Similar post","link":""},"img":{"alt_text":"","src":"","width":0,"height":0},"classes":[]}],"_links":{"self":[{"href":"https:\/\/tulz.lv\/en\/wp-json\/wp\/v2\/pages\/512","targetHints":{"allow":["GET"]}}],"collection":[{"href":"https:\/\/tulz.lv\/en\/wp-json\/wp\/v2\/pages"}],"about":[{"href":"https:\/\/tulz.lv\/en\/wp-json\/wp\/v2\/types\/page"}],"author":[{"embeddable":true,"href":"https:\/\/tulz.lv\/en\/wp-json\/wp\/v2\/users\/3"}],"replies":[{"embeddable":true,"href":"https:\/\/tulz.lv\/en\/wp-json\/wp\/v2\/comments?post=512"}],"version-history":[{"count":1,"href":"https:\/\/tulz.lv\/en\/wp-json\/wp\/v2\/pages\/512\/revisions"}],"predecessor-version":[{"id":3576,"href":"https:\/\/tulz.lv\/en\/wp-json\/wp\/v2\/pages\/512\/revisions\/3576"}],"wp:attachment":[{"href":"https:\/\/tulz.lv\/en\/wp-json\/wp\/v2\/media?parent=512"}],"curies":[{"name":"wp","href":"https:\/\/api.w.org\/{rel}","templated":true}]}}