{"id":2947,"date":"2025-08-11T16:00:11","date_gmt":"2025-08-11T13:00:11","guid":{"rendered":"https:\/\/tulz.lv\/kombinetais-perforators-makita-hr2670\/"},"modified":"2025-10-13T22:34:15","modified_gmt":"2025-10-13T19:34:15","slug":"combination-hammer-makita-hr2670","status":"publish","type":"product","link":"https:\/\/tulz.lv\/en\/produkts\/combination-hammer-makita-hr2670\/","title":{"rendered":"Combination Hammer Makita HR2670"},"content":{"rendered":"<p><span style=\"font-weight: 400;\">The Makita HR2670 hammer features an 800 W motor and 3.0 J of impact energy, making it ideal for heavy-duty use with SDS-PLUS bits. <\/span><\/p>\n<p><span style=\"font-weight: 400;\">Offers three operating modes \u2013 drilling, hammer drilling, and chiselling \u2013 for versatile performance on various construction tasks. <\/span><\/p>\n<p><span style=\"font-weight: 400;\">With a maximum drilling diameter of 26 mm in concrete, it ensures efficiency even on tough materials.<\/span><\/p>\n<p>Rental set includes:<\/p>\n<ul>\n<li>HR2670 device like in the photo with device handle<\/li>\n<li>Makita carrying case<\/li>\n<\/ul>\n<p class=\"p1\"><b>Full value of the item:<\/b> \u20ac173.62<\/p>\n","protected":false},"excerpt":{"rendered":"<p><span style=\"font-weight: 400;\">800W \u2022 SDS\u2013PLUS \u2022 26 mm \u2022 3,0 J<\/span><\/p>\n<p><b>Powerful and Durable Combination Hammer<\/b><\/p>\n","protected":false},"featured_media":2754,"template":"","meta":{"_acf_changed":false},"product_brand":[],"product_cat":[91,88],"product_tag":[],"product_badge":[],"class_list":{"0":"post-2947","1":"product","2":"type-product","3":"status-publish","4":"has-post-thumbnail","6":"product_cat-electric-tools","7":"product_cat-tools","9":"first","10":"instock","11":"taxable","12":"shipping-taxable","13":"purchasable","14":"product-type-simple"},"acf":[],"yoast_head":"<!-- This site is optimized with the Yoast SEO plugin v27.1.1 - https:\/\/yoast.com\/product\/yoast-seo-wordpress\/ -->\n<title>Combination Hammer Makita HR2670 - Tulz.lv - Elektroiek\u0101rtu noma<\/title>\n<meta name=\"description\" content=\"Reliable Makita HR2670 rotary hammer with a powerful motor and impact mode. Suitable for drilling and chiseling in concrete, brick, and stone.\" \/>\n<meta name=\"robots\" content=\"index, follow, max-snippet:-1, max-image-preview:large, max-video-preview:-1\" \/>\n<link rel=\"canonical\" href=\"https:\/\/tulz.lv\/en\/produkts\/combination-hammer-makita-hr2670\/\" \/>\n<meta property=\"og:locale\" content=\"en_US\" \/>\n<meta property=\"og:type\" content=\"article\" \/>\n<meta property=\"og:title\" content=\"Combination Hammer Makita HR2670 - Tulz.lv - Elektroiek\u0101rtu noma\" \/>\n<meta property=\"og:description\" content=\"Reliable Makita HR2670 rotary hammer with a powerful motor and impact mode. Suitable for drilling and chiseling in concrete, brick, and stone.\" \/>\n<meta property=\"og:url\" content=\"https:\/\/tulz.lv\/en\/produkts\/combination-hammer-makita-hr2670\/\" \/>\n<meta property=\"og:site_name\" content=\"Tulz.lv - Elektroiek\u0101rtu noma\" \/>\n<meta property=\"article:publisher\" content=\"https:\/\/www.facebook.com\/tulz.lv\" \/>\n<meta property=\"article:modified_time\" content=\"2025-10-13T19:34:15+00:00\" \/>\n<meta property=\"og:image\" content=\"https:\/\/tulz.lv\/wp-content\/uploads\/2025\/08\/makita-HR2670.jpg\" \/>\n\t<meta property=\"og:image:width\" content=\"1000\" \/>\n\t<meta property=\"og:image:height\" content=\"838\" \/>\n\t<meta property=\"og:image:type\" content=\"image\/jpeg\" \/>\n<meta name=\"twitter:card\" content=\"summary_large_image\" \/>\n<meta name=\"twitter:label1\" content=\"Est. reading time\" \/>\n\t<meta name=\"twitter:data1\" content=\"1 minute\" \/>\n<script type=\"application\/ld+json\" class=\"yoast-schema-graph\">{\"@context\":\"https:\/\/schema.org\",\"@graph\":[{\"@type\":\"WebPage\",\"@id\":\"https:\/\/tulz.lv\/en\/produkts\/combination-hammer-makita-hr2670\/\",\"url\":\"https:\/\/tulz.lv\/en\/produkts\/combination-hammer-makita-hr2670\/\",\"name\":\"Combination Hammer Makita HR2670 - Tulz.lv - Elektroiek\u0101rtu noma\",\"isPartOf\":{\"@id\":\"https:\/\/tulz.lv\/en\/#website\"},\"primaryImageOfPage\":{\"@id\":\"https:\/\/tulz.lv\/en\/produkts\/combination-hammer-makita-hr2670\/#primaryimage\"},\"image\":{\"@id\":\"https:\/\/tulz.lv\/en\/produkts\/combination-hammer-makita-hr2670\/#primaryimage\"},\"thumbnailUrl\":\"https:\/\/tulz.lv\/wp-content\/uploads\/2025\/08\/makita-HR2670.jpg\",\"datePublished\":\"2025-08-11T13:00:11+00:00\",\"dateModified\":\"2025-10-13T19:34:15+00:00\",\"description\":\"Reliable Makita HR2670 rotary hammer with a powerful motor and impact mode. Suitable for drilling and chiseling in concrete, brick, and stone.\",\"breadcrumb\":{\"@id\":\"https:\/\/tulz.lv\/en\/produkts\/combination-hammer-makita-hr2670\/#breadcrumb\"},\"inLanguage\":\"en-US\",\"potentialAction\":[{\"@type\":\"ReadAction\",\"target\":[\"https:\/\/tulz.lv\/en\/produkts\/combination-hammer-makita-hr2670\/\"]}]},{\"@type\":\"ImageObject\",\"inLanguage\":\"en-US\",\"@id\":\"https:\/\/tulz.lv\/en\/produkts\/combination-hammer-makita-hr2670\/#primaryimage\",\"url\":\"https:\/\/tulz.lv\/wp-content\/uploads\/2025\/08\/makita-HR2670.jpg\",\"contentUrl\":\"https:\/\/tulz.lv\/wp-content\/uploads\/2025\/08\/makita-HR2670.jpg\",\"width\":1000,\"height\":838},{\"@type\":\"BreadcrumbList\",\"@id\":\"https:\/\/tulz.lv\/en\/produkts\/combination-hammer-makita-hr2670\/#breadcrumb\",\"itemListElement\":[{\"@type\":\"ListItem\",\"position\":1,\"name\":\"S\u0101kums\",\"item\":\"https:\/\/tulz.lv\/en\/\"},{\"@type\":\"ListItem\",\"position\":2,\"name\":\"Shop\",\"item\":\"https:\/\/tulz.lv\/en\/shop\/\"},{\"@type\":\"ListItem\",\"position\":3,\"name\":\"Combination Hammer Makita HR2670\"}]},{\"@type\":\"WebSite\",\"@id\":\"https:\/\/tulz.lv\/en\/#website\",\"url\":\"https:\/\/tulz.lv\/en\/\",\"name\":\"Tulz.lv\",\"description\":\"Elektroiek\u0101rtu noma\",\"publisher\":{\"@id\":\"https:\/\/tulz.lv\/en\/#organization\"},\"potentialAction\":[{\"@type\":\"SearchAction\",\"target\":{\"@type\":\"EntryPoint\",\"urlTemplate\":\"https:\/\/tulz.lv\/en\/?s={search_term_string}\"},\"query-input\":{\"@type\":\"PropertyValueSpecification\",\"valueRequired\":true,\"valueName\":\"search_term_string\"}}],\"inLanguage\":\"en-US\"},{\"@type\":\"Organization\",\"@id\":\"https:\/\/tulz.lv\/en\/#organization\",\"name\":\"Tulz.lv - Elektroiek\u0101rtu noma\",\"alternateName\":\"Tulz.lv - Instrumentu noma\",\"url\":\"https:\/\/tulz.lv\/en\/\",\"logo\":{\"@type\":\"ImageObject\",\"inLanguage\":\"en-US\",\"@id\":\"https:\/\/tulz.lv\/en\/#\/schema\/logo\/image\/\",\"url\":\"https:\/\/tulz.lv\/wp-content\/uploads\/2025\/05\/tulz-logo.svg\",\"contentUrl\":\"https:\/\/tulz.lv\/wp-content\/uploads\/2025\/05\/tulz-logo.svg\",\"width\":78,\"height\":36,\"caption\":\"Tulz.lv - Elektroiek\u0101rtu noma\"},\"image\":{\"@id\":\"https:\/\/tulz.lv\/en\/#\/schema\/logo\/image\/\"},\"sameAs\":[\"https:\/\/www.facebook.com\/tulz.lv\",\"https:\/\/www.instagram.com\/tulz.lv\",\"https:\/\/www.tiktok.com\/@tulz.lv\"]}]}<\/script>\n<!-- \/ Yoast SEO plugin. -->","yoast_head_json":{"title":"Combination Hammer Makita HR2670 - Tulz.lv - Elektroiek\u0101rtu noma","description":"Reliable Makita HR2670 rotary hammer with a powerful motor and impact mode. Suitable for drilling and chiseling in concrete, brick, and stone.","robots":{"index":"index","follow":"follow","max-snippet":"max-snippet:-1","max-image-preview":"max-image-preview:large","max-video-preview":"max-video-preview:-1"},"canonical":"https:\/\/tulz.lv\/en\/produkts\/combination-hammer-makita-hr2670\/","og_locale":"en_US","og_type":"article","og_title":"Combination Hammer Makita HR2670 - Tulz.lv - Elektroiek\u0101rtu noma","og_description":"Reliable Makita HR2670 rotary hammer with a powerful motor and impact mode. Suitable for drilling and chiseling in concrete, brick, and stone.","og_url":"https:\/\/tulz.lv\/en\/produkts\/combination-hammer-makita-hr2670\/","og_site_name":"Tulz.lv - Elektroiek\u0101rtu noma","article_publisher":"https:\/\/www.facebook.com\/tulz.lv","article_modified_time":"2025-10-13T19:34:15+00:00","og_image":[{"width":1000,"height":838,"url":"https:\/\/tulz.lv\/wp-content\/uploads\/2025\/08\/makita-HR2670.jpg","type":"image\/jpeg"}],"twitter_card":"summary_large_image","twitter_misc":{"Est. reading time":"1 minute"},"schema":{"@context":"https:\/\/schema.org","@graph":[{"@type":"WebPage","@id":"https:\/\/tulz.lv\/en\/produkts\/combination-hammer-makita-hr2670\/","url":"https:\/\/tulz.lv\/en\/produkts\/combination-hammer-makita-hr2670\/","name":"Combination Hammer Makita HR2670 - Tulz.lv - Elektroiek\u0101rtu noma","isPartOf":{"@id":"https:\/\/tulz.lv\/en\/#website"},"primaryImageOfPage":{"@id":"https:\/\/tulz.lv\/en\/produkts\/combination-hammer-makita-hr2670\/#primaryimage"},"image":{"@id":"https:\/\/tulz.lv\/en\/produkts\/combination-hammer-makita-hr2670\/#primaryimage"},"thumbnailUrl":"https:\/\/tulz.lv\/wp-content\/uploads\/2025\/08\/makita-HR2670.jpg","datePublished":"2025-08-11T13:00:11+00:00","dateModified":"2025-10-13T19:34:15+00:00","description":"Reliable Makita HR2670 rotary hammer with a powerful motor and impact mode. Suitable for drilling and chiseling in concrete, brick, and stone.","breadcrumb":{"@id":"https:\/\/tulz.lv\/en\/produkts\/combination-hammer-makita-hr2670\/#breadcrumb"},"inLanguage":"en-US","potentialAction":[{"@type":"ReadAction","target":["https:\/\/tulz.lv\/en\/produkts\/combination-hammer-makita-hr2670\/"]}]},{"@type":"ImageObject","inLanguage":"en-US","@id":"https:\/\/tulz.lv\/en\/produkts\/combination-hammer-makita-hr2670\/#primaryimage","url":"https:\/\/tulz.lv\/wp-content\/uploads\/2025\/08\/makita-HR2670.jpg","contentUrl":"https:\/\/tulz.lv\/wp-content\/uploads\/2025\/08\/makita-HR2670.jpg","width":1000,"height":838},{"@type":"BreadcrumbList","@id":"https:\/\/tulz.lv\/en\/produkts\/combination-hammer-makita-hr2670\/#breadcrumb","itemListElement":[{"@type":"ListItem","position":1,"name":"S\u0101kums","item":"https:\/\/tulz.lv\/en\/"},{"@type":"ListItem","position":2,"name":"Shop","item":"https:\/\/tulz.lv\/en\/shop\/"},{"@type":"ListItem","position":3,"name":"Combination Hammer Makita HR2670"}]},{"@type":"WebSite","@id":"https:\/\/tulz.lv\/en\/#website","url":"https:\/\/tulz.lv\/en\/","name":"Tulz.lv","description":"Elektroiek\u0101rtu noma","publisher":{"@id":"https:\/\/tulz.lv\/en\/#organization"},"potentialAction":[{"@type":"SearchAction","target":{"@type":"EntryPoint","urlTemplate":"https:\/\/tulz.lv\/en\/?s={search_term_string}"},"query-input":{"@type":"PropertyValueSpecification","valueRequired":true,"valueName":"search_term_string"}}],"inLanguage":"en-US"},{"@type":"Organization","@id":"https:\/\/tulz.lv\/en\/#organization","name":"Tulz.lv - Elektroiek\u0101rtu noma","alternateName":"Tulz.lv - Instrumentu noma","url":"https:\/\/tulz.lv\/en\/","logo":{"@type":"ImageObject","inLanguage":"en-US","@id":"https:\/\/tulz.lv\/en\/#\/schema\/logo\/image\/","url":"https:\/\/tulz.lv\/wp-content\/uploads\/2025\/05\/tulz-logo.svg","contentUrl":"https:\/\/tulz.lv\/wp-content\/uploads\/2025\/05\/tulz-logo.svg","width":78,"height":36,"caption":"Tulz.lv - Elektroiek\u0101rtu noma"},"image":{"@id":"https:\/\/tulz.lv\/en\/#\/schema\/logo\/image\/"},"sameAs":["https:\/\/www.facebook.com\/tulz.lv","https:\/\/www.instagram.com\/tulz.lv","https:\/\/www.tiktok.com\/@tulz.lv"]}]}},"jetpack_sharing_enabled":true,"jetpack-related-posts":[{"id":2962,"url":"https:\/\/tulz.lv\/en\/produkts\/2-speed-hammer-drill-makita-hp2051f\/","url_meta":{"origin":2947,"position":0},"title":"Hammer Drill Makita HP2051F","author":"Estere Eversone","date":"16.06.2025","format":false,"excerpt":"720W \u2022 20mm \u2022 0-2900min-1 Compact 2-Speed Hammer Drill for Masonry","rel":"","context":"Similar post","block_context":{"text":"Similar post","link":""},"img":{"alt_text":"","src":"https:\/\/i0.wp.com\/tulz.lv\/wp-content\/uploads\/2025\/06\/makita-hp2051f-triecienurbjmasina.jpg?resize=350%2C200&ssl=1","width":350,"height":200,"srcset":"https:\/\/i0.wp.com\/tulz.lv\/wp-content\/uploads\/2025\/06\/makita-hp2051f-triecienurbjmasina.jpg?resize=350%2C200&ssl=1 1x, https:\/\/i0.wp.com\/tulz.lv\/wp-content\/uploads\/2025\/06\/makita-hp2051f-triecienurbjmasina.jpg?resize=525%2C300&ssl=1 1.5x, https:\/\/i0.wp.com\/tulz.lv\/wp-content\/uploads\/2025\/06\/makita-hp2051f-triecienurbjmasina.jpg?resize=700%2C400&ssl=1 2x"},"classes":[]},{"id":2750,"url":"https:\/\/tulz.lv\/produkts\/kombinetais-perforators-makita-hr2670\/","url_meta":{"origin":2947,"position":1},"title":"Kombin\u0113tais perforators Makita HR2670","author":"Estere Eversone","date":"11.08.2025","format":false,"excerpt":"800W \u2022 SDS\u2013PLUS \u2022 26 mm \u2022 3,0 J Jaud\u012bgs un iztur\u012bgs kombin\u0113tais perforators\u00a0","rel":"","context":"Similar post","block_context":{"text":"Similar post","link":""},"img":{"alt_text":"","src":"https:\/\/i0.wp.com\/tulz.lv\/wp-content\/uploads\/2025\/08\/makita-HR2670.jpg?resize=350%2C200&ssl=1","width":350,"height":200,"srcset":"https:\/\/i0.wp.com\/tulz.lv\/wp-content\/uploads\/2025\/08\/makita-HR2670.jpg?resize=350%2C200&ssl=1 1x, https:\/\/i0.wp.com\/tulz.lv\/wp-content\/uploads\/2025\/08\/makita-HR2670.jpg?resize=525%2C300&ssl=1 1.5x, https:\/\/i0.wp.com\/tulz.lv\/wp-content\/uploads\/2025\/08\/makita-HR2670.jpg?resize=700%2C400&ssl=1 2x"},"classes":[]},{"id":2951,"url":"https:\/\/tulz.lv\/en\/produkts\/lxt-cordless-combination-hammer-makita-dtw1002\/","url_meta":{"origin":2947,"position":2},"title":"LXT\u00ae Cordless Impact Wrench Makita DTW1002","author":"Estere Eversone","date":"06.07.2025","format":false,"excerpt":"18V \u2022 1\/2\" \u2022 1200Nm \u2022 0-1800min-1 Cordless Impact Wrench with Brushless Motor","rel":"","context":"Similar post","block_context":{"text":"Similar post","link":""},"img":{"alt_text":"","src":"https:\/\/i0.wp.com\/tulz.lv\/wp-content\/uploads\/2025\/07\/akumulatora-trieciena-uzgrieznu-atslega-makita-dtw1002.jpg?resize=350%2C200&ssl=1","width":350,"height":200,"srcset":"https:\/\/i0.wp.com\/tulz.lv\/wp-content\/uploads\/2025\/07\/akumulatora-trieciena-uzgrieznu-atslega-makita-dtw1002.jpg?resize=350%2C200&ssl=1 1x, https:\/\/i0.wp.com\/tulz.lv\/wp-content\/uploads\/2025\/07\/akumulatora-trieciena-uzgrieznu-atslega-makita-dtw1002.jpg?resize=525%2C300&ssl=1 1.5x, https:\/\/i0.wp.com\/tulz.lv\/wp-content\/uploads\/2025\/07\/akumulatora-trieciena-uzgrieznu-atslega-makita-dtw1002.jpg?resize=700%2C400&ssl=1 2x"},"classes":[]},{"id":2953,"url":"https:\/\/tulz.lv\/en\/produkts\/lxt-cordless-drill-driver-makita-ddf487\/","url_meta":{"origin":2947,"position":3},"title":"Cordless Drill Driver Makita","author":"Estere Eversone","date":"17.06.2025","format":false,"excerpt":"18V \u2022 40 Nm \u2022 0 \u2013 1 700 min\u207b\u00b9\u00a0 Powerful and Compact Cordless Drill Driver","rel":"","context":"Similar post","block_context":{"text":"Similar post","link":""},"img":{"alt_text":"","src":"https:\/\/i0.wp.com\/tulz.lv\/wp-content\/uploads\/2025\/06\/akumulatora-urbjmasina-makita-ddf487.jpg?resize=350%2C200&ssl=1","width":350,"height":200,"srcset":"https:\/\/i0.wp.com\/tulz.lv\/wp-content\/uploads\/2025\/06\/akumulatora-urbjmasina-makita-ddf487.jpg?resize=350%2C200&ssl=1 1x, https:\/\/i0.wp.com\/tulz.lv\/wp-content\/uploads\/2025\/06\/akumulatora-urbjmasina-makita-ddf487.jpg?resize=525%2C300&ssl=1 1.5x"},"classes":[]},{"id":2955,"url":"https:\/\/tulz.lv\/en\/produkts\/metal-shears-makita-js1602\/","url_meta":{"origin":2947,"position":4},"title":"Metal Shears Makita JS1602","author":"Estere Eversone","date":"16.06.2025","format":false,"excerpt":"380W \u2022 4000min-1 Metal Shears for Precise Straight and Curved Cuts","rel":"","context":"Similar post","block_context":{"text":"Similar post","link":""},"img":{"alt_text":"","src":"https:\/\/i0.wp.com\/tulz.lv\/wp-content\/uploads\/2025\/06\/metala-skeres-makita-js1602-7.png?resize=350%2C200&ssl=1","width":350,"height":200,"srcset":"https:\/\/i0.wp.com\/tulz.lv\/wp-content\/uploads\/2025\/06\/metala-skeres-makita-js1602-7.png?resize=350%2C200&ssl=1 1x, https:\/\/i0.wp.com\/tulz.lv\/wp-content\/uploads\/2025\/06\/metala-skeres-makita-js1602-7.png?resize=525%2C300&ssl=1 1.5x, https:\/\/i0.wp.com\/tulz.lv\/wp-content\/uploads\/2025\/06\/metala-skeres-makita-js1602-7.png?resize=700%2C400&ssl=1 2x"},"classes":[]},{"id":2939,"url":"https:\/\/tulz.lv\/en\/produkts\/jigsaw-makita-4350fct\/","url_meta":{"origin":2947,"position":5},"title":"Jigsaw Makita  4350FCT","author":"Estere Eversone","date":"11.08.2025","format":false,"excerpt":"720W \u2022 800-2800min-1 Powerful and Precise Jigsaw Designed for Cutting Wood and Metal\u00a0","rel":"","context":"Similar post","block_context":{"text":"Similar post","link":""},"img":{"alt_text":"","src":"https:\/\/i0.wp.com\/tulz.lv\/wp-content\/uploads\/2025\/08\/makita-4350FCT.jpg?resize=350%2C200&ssl=1","width":350,"height":200,"srcset":"https:\/\/i0.wp.com\/tulz.lv\/wp-content\/uploads\/2025\/08\/makita-4350FCT.jpg?resize=350%2C200&ssl=1 1x, https:\/\/i0.wp.com\/tulz.lv\/wp-content\/uploads\/2025\/08\/makita-4350FCT.jpg?resize=525%2C300&ssl=1 1.5x, https:\/\/i0.wp.com\/tulz.lv\/wp-content\/uploads\/2025\/08\/makita-4350FCT.jpg?resize=700%2C400&ssl=1 2x"},"classes":[]}],"_links":{"self":[{"href":"https:\/\/tulz.lv\/en\/wp-json\/wp\/v2\/product\/2947","targetHints":{"allow":["GET"]}}],"collection":[{"href":"https:\/\/tulz.lv\/en\/wp-json\/wp\/v2\/product"}],"about":[{"href":"https:\/\/tulz.lv\/en\/wp-json\/wp\/v2\/types\/product"}],"wp:featuredmedia":[{"embeddable":true,"href":"https:\/\/tulz.lv\/en\/wp-json\/wp\/v2\/media\/2754"}],"wp:attachment":[{"href":"https:\/\/tulz.lv\/en\/wp-json\/wp\/v2\/media?parent=2947"}],"wp:term":[{"taxonomy":"product_brand","embeddable":true,"href":"https:\/\/tulz.lv\/en\/wp-json\/wp\/v2\/product_brand?post=2947"},{"taxonomy":"product_cat","embeddable":true,"href":"https:\/\/tulz.lv\/en\/wp-json\/wp\/v2\/product_cat?post=2947"},{"taxonomy":"product_tag","embeddable":true,"href":"https:\/\/tulz.lv\/en\/wp-json\/wp\/v2\/product_tag?post=2947"},{"taxonomy":"product_badge","embeddable":true,"href":"https:\/\/tulz.lv\/en\/wp-json\/wp\/v2\/product_badge?post=2947"}],"curies":[{"name":"wp","href":"https:\/\/api.w.org\/{rel}","templated":true}]}}