{"id":2953,"date":"2025-06-17T11:27:07","date_gmt":"2025-06-17T08:27:07","guid":{"rendered":"https:\/\/tulz.lv\/lxt-akumulatora-urbjmasina-makita-ddf487\/"},"modified":"2025-10-13T22:44:10","modified_gmt":"2025-10-13T19:44:10","slug":"lxt-cordless-drill-driver-makita-ddf487","status":"publish","type":"product","link":"https:\/\/tulz.lv\/en\/produkts\/lxt-cordless-drill-driver-makita-ddf487\/","title":{"rendered":"Cordless Drill Driver Makita"},"content":{"rendered":"<p><span style=\"font-weight: 400;\">The Makita DDF487 Cordless Drill Driver features an efficient brushless motor, making it ideal for professional drilling and screwdriving tasks. <\/span><\/p>\n<p><span style=\"font-weight: 400;\">With a maximum torque of 40\/23 Nm, it delivers strong performance in a compact design. <\/span><\/p>\n<p><span style=\"font-weight: 400;\">The built-in LED work light ensures visibility in dark or tight spaces, making it perfect for installers, builders, and maintenance professionals.<\/span><\/p>\n<p>Rental set includes:<\/p>\n<ul>\n<li>DDF487 device<\/li>\n<li>2x LXT\u00ae 3.0Ah BL1830B batteries<\/li>\n<li>DC18RD charger<\/li>\n<li>Makita E-11829 bit set<\/li>\n<\/ul>\n<p class=\"p1\"><b>Full value of the item:<\/b> \u20ac127.68<\/p>\n","protected":false},"excerpt":{"rendered":"<p><span style=\"font-weight: 400;\">18V \u2022 40 Nm \u2022 0 \u2013 1 700 min\u207b\u00b9\u00a0<\/span><\/p>\n<p><b>Powerful and Compact Cordless Drill Driver<\/b><\/p>\n","protected":false},"featured_media":1173,"template":"","meta":{"_acf_changed":false},"product_brand":[],"product_cat":[90],"product_tag":[],"product_badge":[],"class_list":{"0":"post-2953","1":"product","2":"type-product","3":"status-publish","4":"has-post-thumbnail","6":"product_cat-accumulator-tools","8":"first","9":"instock","10":"taxable","11":"shipping-taxable","12":"purchasable","13":"product-type-simple"},"acf":[],"yoast_head":"<!-- This site is optimized with the Yoast SEO plugin v27.1.1 - https:\/\/yoast.com\/product\/yoast-seo-wordpress\/ -->\n<title>Cordless Drill Driver Makita - Tulz.lv - Elektroiek\u0101rtu noma<\/title>\n<meta name=\"description\" content=\"Powerful and lightweight Makita DDF487 cordless drill with brushless motor. Ensures precise and efficient drilling in various materials.\" \/>\n<meta name=\"robots\" content=\"index, follow, max-snippet:-1, max-image-preview:large, max-video-preview:-1\" \/>\n<link rel=\"canonical\" href=\"https:\/\/tulz.lv\/en\/produkts\/lxt-cordless-drill-driver-makita-ddf487\/\" \/>\n<meta property=\"og:locale\" content=\"en_US\" \/>\n<meta property=\"og:type\" content=\"article\" \/>\n<meta property=\"og:title\" content=\"Cordless Drill Driver Makita - Tulz.lv - Elektroiek\u0101rtu noma\" \/>\n<meta property=\"og:description\" content=\"Powerful and lightweight Makita DDF487 cordless drill with brushless motor. Ensures precise and efficient drilling in various materials.\" \/>\n<meta property=\"og:url\" content=\"https:\/\/tulz.lv\/en\/produkts\/lxt-cordless-drill-driver-makita-ddf487\/\" \/>\n<meta property=\"og:site_name\" content=\"Tulz.lv - Elektroiek\u0101rtu noma\" \/>\n<meta property=\"article:publisher\" content=\"https:\/\/www.facebook.com\/tulz.lv\" \/>\n<meta property=\"article:modified_time\" content=\"2025-10-13T19:44:10+00:00\" \/>\n<meta property=\"og:image\" content=\"https:\/\/tulz.lv\/wp-content\/uploads\/2025\/06\/akumulatora-urbjmasina-makita-ddf487.jpg\" \/>\n\t<meta property=\"og:image:width\" content=\"579\" \/>\n\t<meta property=\"og:image:height\" content=\"1000\" \/>\n\t<meta property=\"og:image:type\" content=\"image\/jpeg\" \/>\n<meta name=\"twitter:card\" content=\"summary_large_image\" \/>\n<meta name=\"twitter:label1\" content=\"Est. reading time\" \/>\n\t<meta name=\"twitter:data1\" content=\"1 minute\" \/>\n<script type=\"application\/ld+json\" class=\"yoast-schema-graph\">{\"@context\":\"https:\/\/schema.org\",\"@graph\":[{\"@type\":\"WebPage\",\"@id\":\"https:\/\/tulz.lv\/en\/produkts\/lxt-cordless-drill-driver-makita-ddf487\/\",\"url\":\"https:\/\/tulz.lv\/en\/produkts\/lxt-cordless-drill-driver-makita-ddf487\/\",\"name\":\"Cordless Drill Driver Makita - Tulz.lv - Elektroiek\u0101rtu noma\",\"isPartOf\":{\"@id\":\"https:\/\/tulz.lv\/en\/#website\"},\"primaryImageOfPage\":{\"@id\":\"https:\/\/tulz.lv\/en\/produkts\/lxt-cordless-drill-driver-makita-ddf487\/#primaryimage\"},\"image\":{\"@id\":\"https:\/\/tulz.lv\/en\/produkts\/lxt-cordless-drill-driver-makita-ddf487\/#primaryimage\"},\"thumbnailUrl\":\"https:\/\/tulz.lv\/wp-content\/uploads\/2025\/06\/akumulatora-urbjmasina-makita-ddf487.jpg\",\"datePublished\":\"2025-06-17T08:27:07+00:00\",\"dateModified\":\"2025-10-13T19:44:10+00:00\",\"description\":\"Powerful and lightweight Makita DDF487 cordless drill with brushless motor. Ensures precise and efficient drilling in various materials.\",\"breadcrumb\":{\"@id\":\"https:\/\/tulz.lv\/en\/produkts\/lxt-cordless-drill-driver-makita-ddf487\/#breadcrumb\"},\"inLanguage\":\"en-US\",\"potentialAction\":[{\"@type\":\"ReadAction\",\"target\":[\"https:\/\/tulz.lv\/en\/produkts\/lxt-cordless-drill-driver-makita-ddf487\/\"]}]},{\"@type\":\"ImageObject\",\"inLanguage\":\"en-US\",\"@id\":\"https:\/\/tulz.lv\/en\/produkts\/lxt-cordless-drill-driver-makita-ddf487\/#primaryimage\",\"url\":\"https:\/\/tulz.lv\/wp-content\/uploads\/2025\/06\/akumulatora-urbjmasina-makita-ddf487.jpg\",\"contentUrl\":\"https:\/\/tulz.lv\/wp-content\/uploads\/2025\/06\/akumulatora-urbjmasina-makita-ddf487.jpg\",\"width\":579,\"height\":1000},{\"@type\":\"BreadcrumbList\",\"@id\":\"https:\/\/tulz.lv\/en\/produkts\/lxt-cordless-drill-driver-makita-ddf487\/#breadcrumb\",\"itemListElement\":[{\"@type\":\"ListItem\",\"position\":1,\"name\":\"S\u0101kums\",\"item\":\"https:\/\/tulz.lv\/en\/\"},{\"@type\":\"ListItem\",\"position\":2,\"name\":\"Shop\",\"item\":\"https:\/\/tulz.lv\/en\/shop\/\"},{\"@type\":\"ListItem\",\"position\":3,\"name\":\"Cordless Drill Driver Makita\"}]},{\"@type\":\"WebSite\",\"@id\":\"https:\/\/tulz.lv\/en\/#website\",\"url\":\"https:\/\/tulz.lv\/en\/\",\"name\":\"Tulz.lv\",\"description\":\"Elektroiek\u0101rtu noma\",\"publisher\":{\"@id\":\"https:\/\/tulz.lv\/en\/#organization\"},\"potentialAction\":[{\"@type\":\"SearchAction\",\"target\":{\"@type\":\"EntryPoint\",\"urlTemplate\":\"https:\/\/tulz.lv\/en\/?s={search_term_string}\"},\"query-input\":{\"@type\":\"PropertyValueSpecification\",\"valueRequired\":true,\"valueName\":\"search_term_string\"}}],\"inLanguage\":\"en-US\"},{\"@type\":\"Organization\",\"@id\":\"https:\/\/tulz.lv\/en\/#organization\",\"name\":\"Tulz.lv - Elektroiek\u0101rtu noma\",\"alternateName\":\"Tulz.lv - Instrumentu noma\",\"url\":\"https:\/\/tulz.lv\/en\/\",\"logo\":{\"@type\":\"ImageObject\",\"inLanguage\":\"en-US\",\"@id\":\"https:\/\/tulz.lv\/en\/#\/schema\/logo\/image\/\",\"url\":\"https:\/\/tulz.lv\/wp-content\/uploads\/2025\/05\/tulz-logo.svg\",\"contentUrl\":\"https:\/\/tulz.lv\/wp-content\/uploads\/2025\/05\/tulz-logo.svg\",\"width\":78,\"height\":36,\"caption\":\"Tulz.lv - Elektroiek\u0101rtu noma\"},\"image\":{\"@id\":\"https:\/\/tulz.lv\/en\/#\/schema\/logo\/image\/\"},\"sameAs\":[\"https:\/\/www.facebook.com\/tulz.lv\",\"https:\/\/www.instagram.com\/tulz.lv\",\"https:\/\/www.tiktok.com\/@tulz.lv\"]}]}<\/script>\n<!-- \/ Yoast SEO plugin. -->","yoast_head_json":{"title":"Cordless Drill Driver Makita - Tulz.lv - Elektroiek\u0101rtu noma","description":"Powerful and lightweight Makita DDF487 cordless drill with brushless motor. Ensures precise and efficient drilling in various materials.","robots":{"index":"index","follow":"follow","max-snippet":"max-snippet:-1","max-image-preview":"max-image-preview:large","max-video-preview":"max-video-preview:-1"},"canonical":"https:\/\/tulz.lv\/en\/produkts\/lxt-cordless-drill-driver-makita-ddf487\/","og_locale":"en_US","og_type":"article","og_title":"Cordless Drill Driver Makita - Tulz.lv - Elektroiek\u0101rtu noma","og_description":"Powerful and lightweight Makita DDF487 cordless drill with brushless motor. Ensures precise and efficient drilling in various materials.","og_url":"https:\/\/tulz.lv\/en\/produkts\/lxt-cordless-drill-driver-makita-ddf487\/","og_site_name":"Tulz.lv - Elektroiek\u0101rtu noma","article_publisher":"https:\/\/www.facebook.com\/tulz.lv","article_modified_time":"2025-10-13T19:44:10+00:00","og_image":[{"width":579,"height":1000,"url":"https:\/\/tulz.lv\/wp-content\/uploads\/2025\/06\/akumulatora-urbjmasina-makita-ddf487.jpg","type":"image\/jpeg"}],"twitter_card":"summary_large_image","twitter_misc":{"Est. reading time":"1 minute"},"schema":{"@context":"https:\/\/schema.org","@graph":[{"@type":"WebPage","@id":"https:\/\/tulz.lv\/en\/produkts\/lxt-cordless-drill-driver-makita-ddf487\/","url":"https:\/\/tulz.lv\/en\/produkts\/lxt-cordless-drill-driver-makita-ddf487\/","name":"Cordless Drill Driver Makita - Tulz.lv - Elektroiek\u0101rtu noma","isPartOf":{"@id":"https:\/\/tulz.lv\/en\/#website"},"primaryImageOfPage":{"@id":"https:\/\/tulz.lv\/en\/produkts\/lxt-cordless-drill-driver-makita-ddf487\/#primaryimage"},"image":{"@id":"https:\/\/tulz.lv\/en\/produkts\/lxt-cordless-drill-driver-makita-ddf487\/#primaryimage"},"thumbnailUrl":"https:\/\/tulz.lv\/wp-content\/uploads\/2025\/06\/akumulatora-urbjmasina-makita-ddf487.jpg","datePublished":"2025-06-17T08:27:07+00:00","dateModified":"2025-10-13T19:44:10+00:00","description":"Powerful and lightweight Makita DDF487 cordless drill with brushless motor. Ensures precise and efficient drilling in various materials.","breadcrumb":{"@id":"https:\/\/tulz.lv\/en\/produkts\/lxt-cordless-drill-driver-makita-ddf487\/#breadcrumb"},"inLanguage":"en-US","potentialAction":[{"@type":"ReadAction","target":["https:\/\/tulz.lv\/en\/produkts\/lxt-cordless-drill-driver-makita-ddf487\/"]}]},{"@type":"ImageObject","inLanguage":"en-US","@id":"https:\/\/tulz.lv\/en\/produkts\/lxt-cordless-drill-driver-makita-ddf487\/#primaryimage","url":"https:\/\/tulz.lv\/wp-content\/uploads\/2025\/06\/akumulatora-urbjmasina-makita-ddf487.jpg","contentUrl":"https:\/\/tulz.lv\/wp-content\/uploads\/2025\/06\/akumulatora-urbjmasina-makita-ddf487.jpg","width":579,"height":1000},{"@type":"BreadcrumbList","@id":"https:\/\/tulz.lv\/en\/produkts\/lxt-cordless-drill-driver-makita-ddf487\/#breadcrumb","itemListElement":[{"@type":"ListItem","position":1,"name":"S\u0101kums","item":"https:\/\/tulz.lv\/en\/"},{"@type":"ListItem","position":2,"name":"Shop","item":"https:\/\/tulz.lv\/en\/shop\/"},{"@type":"ListItem","position":3,"name":"Cordless Drill Driver Makita"}]},{"@type":"WebSite","@id":"https:\/\/tulz.lv\/en\/#website","url":"https:\/\/tulz.lv\/en\/","name":"Tulz.lv","description":"Elektroiek\u0101rtu noma","publisher":{"@id":"https:\/\/tulz.lv\/en\/#organization"},"potentialAction":[{"@type":"SearchAction","target":{"@type":"EntryPoint","urlTemplate":"https:\/\/tulz.lv\/en\/?s={search_term_string}"},"query-input":{"@type":"PropertyValueSpecification","valueRequired":true,"valueName":"search_term_string"}}],"inLanguage":"en-US"},{"@type":"Organization","@id":"https:\/\/tulz.lv\/en\/#organization","name":"Tulz.lv - Elektroiek\u0101rtu noma","alternateName":"Tulz.lv - Instrumentu noma","url":"https:\/\/tulz.lv\/en\/","logo":{"@type":"ImageObject","inLanguage":"en-US","@id":"https:\/\/tulz.lv\/en\/#\/schema\/logo\/image\/","url":"https:\/\/tulz.lv\/wp-content\/uploads\/2025\/05\/tulz-logo.svg","contentUrl":"https:\/\/tulz.lv\/wp-content\/uploads\/2025\/05\/tulz-logo.svg","width":78,"height":36,"caption":"Tulz.lv - Elektroiek\u0101rtu noma"},"image":{"@id":"https:\/\/tulz.lv\/en\/#\/schema\/logo\/image\/"},"sameAs":["https:\/\/www.facebook.com\/tulz.lv","https:\/\/www.instagram.com\/tulz.lv","https:\/\/www.tiktok.com\/@tulz.lv"]}]}},"jetpack_sharing_enabled":true,"jetpack-related-posts":[{"id":2951,"url":"https:\/\/tulz.lv\/en\/produkts\/lxt-cordless-combination-hammer-makita-dtw1002\/","url_meta":{"origin":2953,"position":0},"title":"LXT\u00ae Cordless Impact Wrench Makita DTW1002","author":"Estere Eversone","date":"06.07.2025","format":false,"excerpt":"18V \u2022 1\/2\" \u2022 1200Nm \u2022 0-1800min-1 Cordless Impact Wrench with Brushless Motor","rel":"","context":"Similar post","block_context":{"text":"Similar post","link":""},"img":{"alt_text":"","src":"https:\/\/i0.wp.com\/tulz.lv\/wp-content\/uploads\/2025\/07\/akumulatora-trieciena-uzgrieznu-atslega-makita-dtw1002.jpg?resize=350%2C200&ssl=1","width":350,"height":200,"srcset":"https:\/\/i0.wp.com\/tulz.lv\/wp-content\/uploads\/2025\/07\/akumulatora-trieciena-uzgrieznu-atslega-makita-dtw1002.jpg?resize=350%2C200&ssl=1 1x, https:\/\/i0.wp.com\/tulz.lv\/wp-content\/uploads\/2025\/07\/akumulatora-trieciena-uzgrieznu-atslega-makita-dtw1002.jpg?resize=525%2C300&ssl=1 1.5x, https:\/\/i0.wp.com\/tulz.lv\/wp-content\/uploads\/2025\/07\/akumulatora-trieciena-uzgrieznu-atslega-makita-dtw1002.jpg?resize=700%2C400&ssl=1 2x"},"classes":[]},{"id":2962,"url":"https:\/\/tulz.lv\/en\/produkts\/2-speed-hammer-drill-makita-hp2051f\/","url_meta":{"origin":2953,"position":1},"title":"Hammer Drill Makita HP2051F","author":"Estere Eversone","date":"16.06.2025","format":false,"excerpt":"720W \u2022 20mm \u2022 0-2900min-1 Compact 2-Speed Hammer Drill for Masonry","rel":"","context":"Similar post","block_context":{"text":"Similar post","link":""},"img":{"alt_text":"","src":"https:\/\/i0.wp.com\/tulz.lv\/wp-content\/uploads\/2025\/06\/makita-hp2051f-triecienurbjmasina.jpg?resize=350%2C200&ssl=1","width":350,"height":200,"srcset":"https:\/\/i0.wp.com\/tulz.lv\/wp-content\/uploads\/2025\/06\/makita-hp2051f-triecienurbjmasina.jpg?resize=350%2C200&ssl=1 1x, https:\/\/i0.wp.com\/tulz.lv\/wp-content\/uploads\/2025\/06\/makita-hp2051f-triecienurbjmasina.jpg?resize=525%2C300&ssl=1 1.5x, https:\/\/i0.wp.com\/tulz.lv\/wp-content\/uploads\/2025\/06\/makita-hp2051f-triecienurbjmasina.jpg?resize=700%2C400&ssl=1 2x"},"classes":[]},{"id":3783,"url":"https:\/\/tulz.lv\/en\/produkts\/cordless-blower-makita-dub185-2\/","url_meta":{"origin":2953,"position":2},"title":"Cordless blower Makita DUB362","author":"Estere Eversone","date":"30.09.2025","format":false,"excerpt":"36 V (2\u00d718V) \u2022 54 m\/s \u2022 13,4 m\u00b3\/min Efficient brushless blower for demanding use","rel":"","context":"Similar post","block_context":{"text":"Similar post","link":""},"img":{"alt_text":"Gaisa p\u016bt\u0113js Makita DUB362","src":"https:\/\/i0.wp.com\/tulz.lv\/wp-content\/uploads\/2025\/09\/DUB362_C2C0.jpg?resize=350%2C200&ssl=1","width":350,"height":200,"srcset":"https:\/\/i0.wp.com\/tulz.lv\/wp-content\/uploads\/2025\/09\/DUB362_C2C0.jpg?resize=350%2C200&ssl=1 1x, https:\/\/i0.wp.com\/tulz.lv\/wp-content\/uploads\/2025\/09\/DUB362_C2C0.jpg?resize=525%2C300&ssl=1 1.5x, https:\/\/i0.wp.com\/tulz.lv\/wp-content\/uploads\/2025\/09\/DUB362_C2C0.jpg?resize=700%2C400&ssl=1 2x"},"classes":[]},{"id":2957,"url":"https:\/\/tulz.lv\/en\/produkts\/multi-line-laser-360-cxt-makita-sk700d\/","url_meta":{"origin":2953,"position":3},"title":"Multi-Line Laser 360\u00b0 Makita SK700D","author":"Estere Eversone","date":"07.07.2025","format":false,"excerpt":"12Vmax \u2022 red \u2022 25 m Cordless Multi-Line Laser\u2028","rel":"","context":"Similar post","block_context":{"text":"Similar post","link":""},"img":{"alt_text":"","src":"https:\/\/i0.wp.com\/tulz.lv\/wp-content\/uploads\/2025\/07\/multiliniju-lazers-360-makita-sk700d.jpg?resize=350%2C200&ssl=1","width":350,"height":200,"srcset":"https:\/\/i0.wp.com\/tulz.lv\/wp-content\/uploads\/2025\/07\/multiliniju-lazers-360-makita-sk700d.jpg?resize=350%2C200&ssl=1 1x, https:\/\/i0.wp.com\/tulz.lv\/wp-content\/uploads\/2025\/07\/multiliniju-lazers-360-makita-sk700d.jpg?resize=525%2C300&ssl=1 1.5x, https:\/\/i0.wp.com\/tulz.lv\/wp-content\/uploads\/2025\/07\/multiliniju-lazers-360-makita-sk700d.jpg?resize=700%2C400&ssl=1 2x"},"classes":[]},{"id":1153,"url":"https:\/\/tulz.lv\/produkts\/lxt-akumulatora-urbjmasina-makita-ddf487\/","url_meta":{"origin":2953,"position":4},"title":"Akumulatora urbjma\u0161\u012bna Makita","author":"Estere Eversone","date":"17.06.2025","format":false,"excerpt":"18V \u2022 40 Nm \u2022 0 \u2013 1 700 min\u207b\u00b9\u00a0 Jaud\u012bgs un kompakts bezvadu urbjma\u0161\u012bna-skr\u016bvgriezis","rel":"","context":"Similar post","block_context":{"text":"Similar post","link":""},"img":{"alt_text":"","src":"https:\/\/i0.wp.com\/tulz.lv\/wp-content\/uploads\/2025\/06\/akumulatora-urbjmasina-makita-ddf487.jpg?resize=350%2C200&ssl=1","width":350,"height":200,"srcset":"https:\/\/i0.wp.com\/tulz.lv\/wp-content\/uploads\/2025\/06\/akumulatora-urbjmasina-makita-ddf487.jpg?resize=350%2C200&ssl=1 1x, https:\/\/i0.wp.com\/tulz.lv\/wp-content\/uploads\/2025\/06\/akumulatora-urbjmasina-makita-ddf487.jpg?resize=525%2C300&ssl=1 1.5x"},"classes":[]},{"id":2955,"url":"https:\/\/tulz.lv\/en\/produkts\/metal-shears-makita-js1602\/","url_meta":{"origin":2953,"position":5},"title":"Metal Shears Makita JS1602","author":"Estere Eversone","date":"16.06.2025","format":false,"excerpt":"380W \u2022 4000min-1 Metal Shears for Precise Straight and Curved Cuts","rel":"","context":"Similar post","block_context":{"text":"Similar post","link":""},"img":{"alt_text":"","src":"https:\/\/i0.wp.com\/tulz.lv\/wp-content\/uploads\/2025\/06\/metala-skeres-makita-js1602-7.png?resize=350%2C200&ssl=1","width":350,"height":200,"srcset":"https:\/\/i0.wp.com\/tulz.lv\/wp-content\/uploads\/2025\/06\/metala-skeres-makita-js1602-7.png?resize=350%2C200&ssl=1 1x, https:\/\/i0.wp.com\/tulz.lv\/wp-content\/uploads\/2025\/06\/metala-skeres-makita-js1602-7.png?resize=525%2C300&ssl=1 1.5x, https:\/\/i0.wp.com\/tulz.lv\/wp-content\/uploads\/2025\/06\/metala-skeres-makita-js1602-7.png?resize=700%2C400&ssl=1 2x"},"classes":[]}],"_links":{"self":[{"href":"https:\/\/tulz.lv\/en\/wp-json\/wp\/v2\/product\/2953","targetHints":{"allow":["GET"]}}],"collection":[{"href":"https:\/\/tulz.lv\/en\/wp-json\/wp\/v2\/product"}],"about":[{"href":"https:\/\/tulz.lv\/en\/wp-json\/wp\/v2\/types\/product"}],"wp:featuredmedia":[{"embeddable":true,"href":"https:\/\/tulz.lv\/en\/wp-json\/wp\/v2\/media\/1173"}],"wp:attachment":[{"href":"https:\/\/tulz.lv\/en\/wp-json\/wp\/v2\/media?parent=2953"}],"wp:term":[{"taxonomy":"product_brand","embeddable":true,"href":"https:\/\/tulz.lv\/en\/wp-json\/wp\/v2\/product_brand?post=2953"},{"taxonomy":"product_cat","embeddable":true,"href":"https:\/\/tulz.lv\/en\/wp-json\/wp\/v2\/product_cat?post=2953"},{"taxonomy":"product_tag","embeddable":true,"href":"https:\/\/tulz.lv\/en\/wp-json\/wp\/v2\/product_tag?post=2953"},{"taxonomy":"product_badge","embeddable":true,"href":"https:\/\/tulz.lv\/en\/wp-json\/wp\/v2\/product_badge?post=2953"}],"curies":[{"name":"wp","href":"https:\/\/api.w.org\/{rel}","templated":true}]}}