{"id":2955,"date":"2025-06-16T16:27:37","date_gmt":"2025-06-16T13:27:37","guid":{"rendered":"https:\/\/tulz.lv\/metala-skeres-makita-js1602\/"},"modified":"2025-10-13T22:45:39","modified_gmt":"2025-10-13T19:45:39","slug":"metal-shears-makita-js1602","status":"publish","type":"product","link":"https:\/\/tulz.lv\/en\/produkts\/metal-shears-makita-js1602\/","title":{"rendered":"Metal Shears Makita JS1602"},"content":{"rendered":"<p><span style=\"font-weight: 400;\">The powerful and compact Makita JS1602 metal shears are perfect for cutting aluminum (up to 2.5 mm) and steel (up to 1.6 mm). <\/span><\/p>\n<p><span style=\"font-weight: 400;\">Equipped with a 380 W motor and a cutting speed of 4,000 RPM, they produce a clean cutting strip\u2014ideal for professional sheet metal work.<\/span><\/p>\n<p>Rental set includes:<\/p>\n<ul>\n<li>JS1602 device<\/li>\n<li>Makita carrying case<\/li>\n<li>Makita blade designed for sheet metal cutting<\/li>\n<\/ul>\n<p class=\"p1\"><b>Full value of the item:<\/b> \u20ac320.77<\/p>\n","protected":false},"excerpt":{"rendered":"<p><span style=\"font-weight: 400;\">380W \u2022 4000min-1<\/span><\/p>\n<p><b>Metal Shears for Precise Straight and Curved Cuts<\/b><\/p>\n","protected":false},"featured_media":1345,"template":"","meta":{"_acf_changed":false},"product_brand":[],"product_cat":[91],"product_tag":[],"product_badge":[],"class_list":{"0":"post-2955","1":"product","2":"type-product","3":"status-publish","4":"has-post-thumbnail","6":"product_cat-electric-tools","8":"first","9":"instock","10":"taxable","11":"shipping-taxable","12":"purchasable","13":"product-type-simple"},"acf":[],"yoast_head":"<!-- This site is optimized with the Yoast SEO plugin v27.1.1 - https:\/\/yoast.com\/product\/yoast-seo-wordpress\/ -->\n<title>Metal Shears Makita JS1602 - Tulz.lv - Elektroiek\u0101rtu noma<\/title>\n<meta name=\"description\" content=\"Professional Makita JS1602 metal shears with 380W motor and precise cutting. Ideal for sheet metal and steel processing tasks.\" \/>\n<meta name=\"robots\" content=\"index, follow, max-snippet:-1, max-image-preview:large, max-video-preview:-1\" \/>\n<link rel=\"canonical\" href=\"https:\/\/tulz.lv\/en\/produkts\/metal-shears-makita-js1602\/\" \/>\n<meta property=\"og:locale\" content=\"en_US\" \/>\n<meta property=\"og:type\" content=\"article\" \/>\n<meta property=\"og:title\" content=\"Metal Shears Makita JS1602 - Tulz.lv - Elektroiek\u0101rtu noma\" \/>\n<meta property=\"og:description\" content=\"Professional Makita JS1602 metal shears with 380W motor and precise cutting. Ideal for sheet metal and steel processing tasks.\" \/>\n<meta property=\"og:url\" content=\"https:\/\/tulz.lv\/en\/produkts\/metal-shears-makita-js1602\/\" \/>\n<meta property=\"og:site_name\" content=\"Tulz.lv - Elektroiek\u0101rtu noma\" \/>\n<meta property=\"article:publisher\" content=\"https:\/\/www.facebook.com\/tulz.lv\" \/>\n<meta property=\"article:modified_time\" content=\"2025-10-13T19:45:39+00:00\" \/>\n<meta property=\"og:image\" content=\"https:\/\/tulz.lv\/wp-content\/uploads\/2025\/06\/metala-skeres-makita-js1602-7.png\" \/>\n\t<meta property=\"og:image:width\" content=\"1000\" \/>\n\t<meta property=\"og:image:height\" content=\"1000\" \/>\n\t<meta property=\"og:image:type\" content=\"image\/png\" \/>\n<meta name=\"twitter:card\" content=\"summary_large_image\" \/>\n<meta name=\"twitter:label1\" content=\"Est. reading time\" \/>\n\t<meta name=\"twitter:data1\" content=\"1 minute\" \/>\n<script type=\"application\/ld+json\" class=\"yoast-schema-graph\">{\"@context\":\"https:\/\/schema.org\",\"@graph\":[{\"@type\":\"WebPage\",\"@id\":\"https:\/\/tulz.lv\/en\/produkts\/metal-shears-makita-js1602\/\",\"url\":\"https:\/\/tulz.lv\/en\/produkts\/metal-shears-makita-js1602\/\",\"name\":\"Metal Shears Makita JS1602 - Tulz.lv - Elektroiek\u0101rtu noma\",\"isPartOf\":{\"@id\":\"https:\/\/tulz.lv\/en\/#website\"},\"primaryImageOfPage\":{\"@id\":\"https:\/\/tulz.lv\/en\/produkts\/metal-shears-makita-js1602\/#primaryimage\"},\"image\":{\"@id\":\"https:\/\/tulz.lv\/en\/produkts\/metal-shears-makita-js1602\/#primaryimage\"},\"thumbnailUrl\":\"https:\/\/tulz.lv\/wp-content\/uploads\/2025\/06\/metala-skeres-makita-js1602-7.png\",\"datePublished\":\"2025-06-16T13:27:37+00:00\",\"dateModified\":\"2025-10-13T19:45:39+00:00\",\"description\":\"Professional Makita JS1602 metal shears with 380W motor and precise cutting. Ideal for sheet metal and steel processing tasks.\",\"breadcrumb\":{\"@id\":\"https:\/\/tulz.lv\/en\/produkts\/metal-shears-makita-js1602\/#breadcrumb\"},\"inLanguage\":\"en-US\",\"potentialAction\":[{\"@type\":\"ReadAction\",\"target\":[\"https:\/\/tulz.lv\/en\/produkts\/metal-shears-makita-js1602\/\"]}]},{\"@type\":\"ImageObject\",\"inLanguage\":\"en-US\",\"@id\":\"https:\/\/tulz.lv\/en\/produkts\/metal-shears-makita-js1602\/#primaryimage\",\"url\":\"https:\/\/tulz.lv\/wp-content\/uploads\/2025\/06\/metala-skeres-makita-js1602-7.png\",\"contentUrl\":\"https:\/\/tulz.lv\/wp-content\/uploads\/2025\/06\/metala-skeres-makita-js1602-7.png\",\"width\":1000,\"height\":1000},{\"@type\":\"BreadcrumbList\",\"@id\":\"https:\/\/tulz.lv\/en\/produkts\/metal-shears-makita-js1602\/#breadcrumb\",\"itemListElement\":[{\"@type\":\"ListItem\",\"position\":1,\"name\":\"S\u0101kums\",\"item\":\"https:\/\/tulz.lv\/en\/\"},{\"@type\":\"ListItem\",\"position\":2,\"name\":\"Shop\",\"item\":\"https:\/\/tulz.lv\/en\/shop\/\"},{\"@type\":\"ListItem\",\"position\":3,\"name\":\"Metal Shears Makita JS1602\"}]},{\"@type\":\"WebSite\",\"@id\":\"https:\/\/tulz.lv\/en\/#website\",\"url\":\"https:\/\/tulz.lv\/en\/\",\"name\":\"Tulz.lv\",\"description\":\"Elektroiek\u0101rtu noma\",\"publisher\":{\"@id\":\"https:\/\/tulz.lv\/en\/#organization\"},\"potentialAction\":[{\"@type\":\"SearchAction\",\"target\":{\"@type\":\"EntryPoint\",\"urlTemplate\":\"https:\/\/tulz.lv\/en\/?s={search_term_string}\"},\"query-input\":{\"@type\":\"PropertyValueSpecification\",\"valueRequired\":true,\"valueName\":\"search_term_string\"}}],\"inLanguage\":\"en-US\"},{\"@type\":\"Organization\",\"@id\":\"https:\/\/tulz.lv\/en\/#organization\",\"name\":\"Tulz.lv - Elektroiek\u0101rtu noma\",\"alternateName\":\"Tulz.lv - Instrumentu noma\",\"url\":\"https:\/\/tulz.lv\/en\/\",\"logo\":{\"@type\":\"ImageObject\",\"inLanguage\":\"en-US\",\"@id\":\"https:\/\/tulz.lv\/en\/#\/schema\/logo\/image\/\",\"url\":\"https:\/\/tulz.lv\/wp-content\/uploads\/2025\/05\/tulz-logo.svg\",\"contentUrl\":\"https:\/\/tulz.lv\/wp-content\/uploads\/2025\/05\/tulz-logo.svg\",\"width\":78,\"height\":36,\"caption\":\"Tulz.lv - Elektroiek\u0101rtu noma\"},\"image\":{\"@id\":\"https:\/\/tulz.lv\/en\/#\/schema\/logo\/image\/\"},\"sameAs\":[\"https:\/\/www.facebook.com\/tulz.lv\",\"https:\/\/www.instagram.com\/tulz.lv\",\"https:\/\/www.tiktok.com\/@tulz.lv\"]}]}<\/script>\n<!-- \/ Yoast SEO plugin. -->","yoast_head_json":{"title":"Metal Shears Makita JS1602 - Tulz.lv - Elektroiek\u0101rtu noma","description":"Professional Makita JS1602 metal shears with 380W motor and precise cutting. Ideal for sheet metal and steel processing tasks.","robots":{"index":"index","follow":"follow","max-snippet":"max-snippet:-1","max-image-preview":"max-image-preview:large","max-video-preview":"max-video-preview:-1"},"canonical":"https:\/\/tulz.lv\/en\/produkts\/metal-shears-makita-js1602\/","og_locale":"en_US","og_type":"article","og_title":"Metal Shears Makita JS1602 - Tulz.lv - Elektroiek\u0101rtu noma","og_description":"Professional Makita JS1602 metal shears with 380W motor and precise cutting. Ideal for sheet metal and steel processing tasks.","og_url":"https:\/\/tulz.lv\/en\/produkts\/metal-shears-makita-js1602\/","og_site_name":"Tulz.lv - Elektroiek\u0101rtu noma","article_publisher":"https:\/\/www.facebook.com\/tulz.lv","article_modified_time":"2025-10-13T19:45:39+00:00","og_image":[{"width":1000,"height":1000,"url":"https:\/\/tulz.lv\/wp-content\/uploads\/2025\/06\/metala-skeres-makita-js1602-7.png","type":"image\/png"}],"twitter_card":"summary_large_image","twitter_misc":{"Est. reading time":"1 minute"},"schema":{"@context":"https:\/\/schema.org","@graph":[{"@type":"WebPage","@id":"https:\/\/tulz.lv\/en\/produkts\/metal-shears-makita-js1602\/","url":"https:\/\/tulz.lv\/en\/produkts\/metal-shears-makita-js1602\/","name":"Metal Shears Makita JS1602 - Tulz.lv - Elektroiek\u0101rtu noma","isPartOf":{"@id":"https:\/\/tulz.lv\/en\/#website"},"primaryImageOfPage":{"@id":"https:\/\/tulz.lv\/en\/produkts\/metal-shears-makita-js1602\/#primaryimage"},"image":{"@id":"https:\/\/tulz.lv\/en\/produkts\/metal-shears-makita-js1602\/#primaryimage"},"thumbnailUrl":"https:\/\/tulz.lv\/wp-content\/uploads\/2025\/06\/metala-skeres-makita-js1602-7.png","datePublished":"2025-06-16T13:27:37+00:00","dateModified":"2025-10-13T19:45:39+00:00","description":"Professional Makita JS1602 metal shears with 380W motor and precise cutting. Ideal for sheet metal and steel processing tasks.","breadcrumb":{"@id":"https:\/\/tulz.lv\/en\/produkts\/metal-shears-makita-js1602\/#breadcrumb"},"inLanguage":"en-US","potentialAction":[{"@type":"ReadAction","target":["https:\/\/tulz.lv\/en\/produkts\/metal-shears-makita-js1602\/"]}]},{"@type":"ImageObject","inLanguage":"en-US","@id":"https:\/\/tulz.lv\/en\/produkts\/metal-shears-makita-js1602\/#primaryimage","url":"https:\/\/tulz.lv\/wp-content\/uploads\/2025\/06\/metala-skeres-makita-js1602-7.png","contentUrl":"https:\/\/tulz.lv\/wp-content\/uploads\/2025\/06\/metala-skeres-makita-js1602-7.png","width":1000,"height":1000},{"@type":"BreadcrumbList","@id":"https:\/\/tulz.lv\/en\/produkts\/metal-shears-makita-js1602\/#breadcrumb","itemListElement":[{"@type":"ListItem","position":1,"name":"S\u0101kums","item":"https:\/\/tulz.lv\/en\/"},{"@type":"ListItem","position":2,"name":"Shop","item":"https:\/\/tulz.lv\/en\/shop\/"},{"@type":"ListItem","position":3,"name":"Metal Shears Makita JS1602"}]},{"@type":"WebSite","@id":"https:\/\/tulz.lv\/en\/#website","url":"https:\/\/tulz.lv\/en\/","name":"Tulz.lv","description":"Elektroiek\u0101rtu noma","publisher":{"@id":"https:\/\/tulz.lv\/en\/#organization"},"potentialAction":[{"@type":"SearchAction","target":{"@type":"EntryPoint","urlTemplate":"https:\/\/tulz.lv\/en\/?s={search_term_string}"},"query-input":{"@type":"PropertyValueSpecification","valueRequired":true,"valueName":"search_term_string"}}],"inLanguage":"en-US"},{"@type":"Organization","@id":"https:\/\/tulz.lv\/en\/#organization","name":"Tulz.lv - Elektroiek\u0101rtu noma","alternateName":"Tulz.lv - Instrumentu noma","url":"https:\/\/tulz.lv\/en\/","logo":{"@type":"ImageObject","inLanguage":"en-US","@id":"https:\/\/tulz.lv\/en\/#\/schema\/logo\/image\/","url":"https:\/\/tulz.lv\/wp-content\/uploads\/2025\/05\/tulz-logo.svg","contentUrl":"https:\/\/tulz.lv\/wp-content\/uploads\/2025\/05\/tulz-logo.svg","width":78,"height":36,"caption":"Tulz.lv - Elektroiek\u0101rtu noma"},"image":{"@id":"https:\/\/tulz.lv\/en\/#\/schema\/logo\/image\/"},"sameAs":["https:\/\/www.facebook.com\/tulz.lv","https:\/\/www.instagram.com\/tulz.lv","https:\/\/www.tiktok.com\/@tulz.lv"]}]}},"jetpack_sharing_enabled":true,"jetpack-related-posts":[{"id":2964,"url":"https:\/\/tulz.lv\/en\/produkts\/recipro-saw-makita-jr3051t\/","url_meta":{"origin":2955,"position":0},"title":"Recipro Saw Makita JR3051T","author":"Estere Eversone","date":"11.08.2025","format":false,"excerpt":"1200 W \u2022 30 mm \u2022 3000 min\u207b\u00b9 Powerful and Reliable Reciprocating Saw for Cutting Metal and Wood","rel":"","context":"Similar post","block_context":{"text":"Similar post","link":""},"img":{"alt_text":"","src":"https:\/\/i0.wp.com\/tulz.lv\/wp-content\/uploads\/2025\/08\/zobenzagis-makita-jr3051t.jpg?resize=350%2C200&ssl=1","width":350,"height":200,"srcset":"https:\/\/i0.wp.com\/tulz.lv\/wp-content\/uploads\/2025\/08\/zobenzagis-makita-jr3051t.jpg?resize=350%2C200&ssl=1 1x, https:\/\/i0.wp.com\/tulz.lv\/wp-content\/uploads\/2025\/08\/zobenzagis-makita-jr3051t.jpg?resize=525%2C300&ssl=1 1.5x, https:\/\/i0.wp.com\/tulz.lv\/wp-content\/uploads\/2025\/08\/zobenzagis-makita-jr3051t.jpg?resize=700%2C400&ssl=1 2x"},"classes":[]},{"id":2939,"url":"https:\/\/tulz.lv\/en\/produkts\/jigsaw-makita-4350fct\/","url_meta":{"origin":2955,"position":1},"title":"Jigsaw Makita  4350FCT","author":"Estere Eversone","date":"11.08.2025","format":false,"excerpt":"720W \u2022 800-2800min-1 Powerful and Precise Jigsaw Designed for Cutting Wood and Metal\u00a0","rel":"","context":"Similar post","block_context":{"text":"Similar post","link":""},"img":{"alt_text":"","src":"https:\/\/i0.wp.com\/tulz.lv\/wp-content\/uploads\/2025\/08\/makita-4350FCT.jpg?resize=350%2C200&ssl=1","width":350,"height":200,"srcset":"https:\/\/i0.wp.com\/tulz.lv\/wp-content\/uploads\/2025\/08\/makita-4350FCT.jpg?resize=350%2C200&ssl=1 1x, https:\/\/i0.wp.com\/tulz.lv\/wp-content\/uploads\/2025\/08\/makita-4350FCT.jpg?resize=525%2C300&ssl=1 1.5x, https:\/\/i0.wp.com\/tulz.lv\/wp-content\/uploads\/2025\/08\/makita-4350FCT.jpg?resize=700%2C400&ssl=1 2x"},"classes":[]},{"id":2949,"url":"https:\/\/tulz.lv\/en\/produkts\/angle-grinder-makita-ga5030r\/","url_meta":{"origin":2955,"position":2},"title":"Angle Grinder Makita GA5030R","author":"Estere Eversone","date":"11.08.2025","format":false,"excerpt":"720W \u2022 125mm \u2022 11000min-1 Compact and Durable Angle Grinder","rel":"","context":"Similar post","block_context":{"text":"Similar post","link":""},"img":{"alt_text":"","src":"https:\/\/i0.wp.com\/tulz.lv\/wp-content\/uploads\/2025\/08\/lenka-slipmasina-makita-ga5030r-.jpg?resize=350%2C200&ssl=1","width":350,"height":200,"srcset":"https:\/\/i0.wp.com\/tulz.lv\/wp-content\/uploads\/2025\/08\/lenka-slipmasina-makita-ga5030r-.jpg?resize=350%2C200&ssl=1 1x, https:\/\/i0.wp.com\/tulz.lv\/wp-content\/uploads\/2025\/08\/lenka-slipmasina-makita-ga5030r-.jpg?resize=525%2C300&ssl=1 1.5x, https:\/\/i0.wp.com\/tulz.lv\/wp-content\/uploads\/2025\/08\/lenka-slipmasina-makita-ga5030r-.jpg?resize=700%2C400&ssl=1 2x"},"classes":[]},{"id":2959,"url":"https:\/\/tulz.lv\/en\/produkts\/circular-saw-makita-5008mg\/","url_meta":{"origin":2955,"position":3},"title":"Circular Saw Makita 5008MG","author":"Estere Eversone","date":"16.06.2025","format":false,"excerpt":"1800W \u2022 5200min-1 \u2022 210mm\u00a0 Powerful and Precise Circular Saw for Professional Use","rel":"","context":"Similar post","block_context":{"text":"Similar post","link":""},"img":{"alt_text":"","src":"https:\/\/i0.wp.com\/tulz.lv\/wp-content\/uploads\/2025\/06\/makita-5008mg-ripzagis.jpg?resize=350%2C200&ssl=1","width":350,"height":200,"srcset":"https:\/\/i0.wp.com\/tulz.lv\/wp-content\/uploads\/2025\/06\/makita-5008mg-ripzagis.jpg?resize=350%2C200&ssl=1 1x, https:\/\/i0.wp.com\/tulz.lv\/wp-content\/uploads\/2025\/06\/makita-5008mg-ripzagis.jpg?resize=525%2C300&ssl=1 1.5x, https:\/\/i0.wp.com\/tulz.lv\/wp-content\/uploads\/2025\/06\/makita-5008mg-ripzagis.jpg?resize=700%2C400&ssl=1 2x"},"classes":[]},{"id":2962,"url":"https:\/\/tulz.lv\/en\/produkts\/2-speed-hammer-drill-makita-hp2051f\/","url_meta":{"origin":2955,"position":4},"title":"Hammer Drill Makita HP2051F","author":"Estere Eversone","date":"16.06.2025","format":false,"excerpt":"720W \u2022 20mm \u2022 0-2900min-1 Compact 2-Speed Hammer Drill for Masonry","rel":"","context":"Similar post","block_context":{"text":"Similar post","link":""},"img":{"alt_text":"","src":"https:\/\/i0.wp.com\/tulz.lv\/wp-content\/uploads\/2025\/06\/makita-hp2051f-triecienurbjmasina.jpg?resize=350%2C200&ssl=1","width":350,"height":200,"srcset":"https:\/\/i0.wp.com\/tulz.lv\/wp-content\/uploads\/2025\/06\/makita-hp2051f-triecienurbjmasina.jpg?resize=350%2C200&ssl=1 1x, https:\/\/i0.wp.com\/tulz.lv\/wp-content\/uploads\/2025\/06\/makita-hp2051f-triecienurbjmasina.jpg?resize=525%2C300&ssl=1 1.5x, https:\/\/i0.wp.com\/tulz.lv\/wp-content\/uploads\/2025\/06\/makita-hp2051f-triecienurbjmasina.jpg?resize=700%2C400&ssl=1 2x"},"classes":[]},{"id":1137,"url":"https:\/\/tulz.lv\/produkts\/metala-skeres-makita-js1602\/","url_meta":{"origin":2955,"position":5},"title":"Met\u0101la \u0161\u0137\u0113res Makita JS1602","author":"Estere Eversone","date":"16.06.2025","format":false,"excerpt":"380W \u2022 4000min-1 Met\u0101la \u0161\u0137\u0113res prec\u012bziem taisniem un liektiem griezumiem","rel":"","context":"Similar post","block_context":{"text":"Similar post","link":""},"img":{"alt_text":"","src":"https:\/\/i0.wp.com\/tulz.lv\/wp-content\/uploads\/2025\/06\/metala-skeres-makita-js1602-7.png?resize=350%2C200&ssl=1","width":350,"height":200,"srcset":"https:\/\/i0.wp.com\/tulz.lv\/wp-content\/uploads\/2025\/06\/metala-skeres-makita-js1602-7.png?resize=350%2C200&ssl=1 1x, https:\/\/i0.wp.com\/tulz.lv\/wp-content\/uploads\/2025\/06\/metala-skeres-makita-js1602-7.png?resize=525%2C300&ssl=1 1.5x, https:\/\/i0.wp.com\/tulz.lv\/wp-content\/uploads\/2025\/06\/metala-skeres-makita-js1602-7.png?resize=700%2C400&ssl=1 2x"},"classes":[]}],"_links":{"self":[{"href":"https:\/\/tulz.lv\/en\/wp-json\/wp\/v2\/product\/2955","targetHints":{"allow":["GET"]}}],"collection":[{"href":"https:\/\/tulz.lv\/en\/wp-json\/wp\/v2\/product"}],"about":[{"href":"https:\/\/tulz.lv\/en\/wp-json\/wp\/v2\/types\/product"}],"wp:featuredmedia":[{"embeddable":true,"href":"https:\/\/tulz.lv\/en\/wp-json\/wp\/v2\/media\/1345"}],"wp:attachment":[{"href":"https:\/\/tulz.lv\/en\/wp-json\/wp\/v2\/media?parent=2955"}],"wp:term":[{"taxonomy":"product_brand","embeddable":true,"href":"https:\/\/tulz.lv\/en\/wp-json\/wp\/v2\/product_brand?post=2955"},{"taxonomy":"product_cat","embeddable":true,"href":"https:\/\/tulz.lv\/en\/wp-json\/wp\/v2\/product_cat?post=2955"},{"taxonomy":"product_tag","embeddable":true,"href":"https:\/\/tulz.lv\/en\/wp-json\/wp\/v2\/product_tag?post=2955"},{"taxonomy":"product_badge","embeddable":true,"href":"https:\/\/tulz.lv\/en\/wp-json\/wp\/v2\/product_badge?post=2955"}],"curies":[{"name":"wp","href":"https:\/\/api.w.org\/{rel}","templated":true}]}}