{"id":2960,"date":"2025-07-06T19:27:41","date_gmt":"2025-07-06T16:27:41","guid":{"rendered":"https:\/\/tulz.lv\/rokas-instrumentu-komplekts-makita-e-10883\/"},"modified":"2025-10-13T22:50:57","modified_gmt":"2025-10-13T19:50:57","slug":"hand-tool-set-makita-e-10883","status":"publish","type":"product","link":"https:\/\/tulz.lv\/en\/produkts\/hand-tool-set-makita-e-10883\/","title":{"rendered":"Hand Tool Set Makita E-10883"},"content":{"rendered":"<p><span style=\"font-weight: 400;\">The Makita E-10883 is a versatile 221-piece hand tool and accessory set, ideal for professionals on the jobsite or DIY repairs in the garage or at home. <\/span><\/p>\n<p><span style=\"font-weight: 400;\">The set includes ratchet wrenches, sockets, combination spanners, screwdriver bits, hex keys, adapters, and more. Everything is neatly packed in a durable and portable Makita tool bag for easy transport and organization.<\/span><\/p>\n<p><b>The set includes:<\/b><\/p>\n<ul>\n<li style=\"font-weight: 400;\" aria-level=\"1\"><span style=\"font-weight: 400;\">1\/4&#8243; Ratchet Wrench<\/span><\/li>\n<li style=\"font-weight: 400;\" aria-level=\"1\"><span style=\"font-weight: 400;\">1\/2&#8243; Ratchet Wrench<\/span><\/li>\n<li style=\"font-weight: 400;\" aria-level=\"1\"><span style=\"font-weight: 400;\">1\/4&#8243; T-Handle<\/span><\/li>\n<li style=\"font-weight: 400;\" aria-level=\"1\"><span style=\"font-weight: 400;\">1\/2&#8243;\u20133\/8&#8243; T-Handle Socket Adapter<\/span><\/li>\n<li style=\"font-weight: 400;\" aria-level=\"1\"><span style=\"font-weight: 400;\">1\/4&#8243;\u20131\/4&#8243; Universal Joint<\/span><\/li>\n<li style=\"font-weight: 400;\" aria-level=\"1\"><span style=\"font-weight: 400;\">1\/2&#8243;\u20131\/2&#8243; Universal Joint<\/span><\/li>\n<li style=\"font-weight: 400;\" aria-level=\"1\"><span style=\"font-weight: 400;\">1\/4&#8243; Screwdriver Handle<\/span><\/li>\n<li style=\"font-weight: 400;\" aria-level=\"1\"><span style=\"font-weight: 400;\">1\/4&#8243; Hex Screwdriver Handle<\/span><\/li>\n<li style=\"font-weight: 400;\" aria-level=\"1\"><span style=\"font-weight: 400;\">1\/4&#8243; \u2192 1\/4&#8243; Hex Bit Adapter<\/span><\/li>\n<li style=\"font-weight: 400;\" aria-level=\"1\"><span style=\"font-weight: 400;\">1\/2&#8243; \u2192 5\/16&#8243; Hex Bit Adapter<\/span><\/li>\n<li style=\"font-weight: 400;\" aria-level=\"1\"><span style=\"font-weight: 400;\">1\/4&#8243; Hex Bit Holder (80 mm)<\/span><\/li>\n<li style=\"font-weight: 400;\" aria-level=\"1\"><span style=\"font-weight: 400;\">1\/4&#8243; Magnetic Bit Holder<\/span><\/li>\n<li style=\"font-weight: 400;\" aria-level=\"1\"><span style=\"font-weight: 400;\">PH2 Bit for Drywall<\/span><\/li>\n<li style=\"font-weight: 400;\" aria-level=\"1\"><span style=\"font-weight: 400;\">2 \u00d7 1\/4&#8243; Extensions<\/span><\/li>\n<li style=\"font-weight: 400;\" aria-level=\"1\"><span style=\"font-weight: 400;\">2 \u00d7 1\/2&#8243; Extensions<\/span><\/li>\n<li style=\"font-weight: 400;\" aria-level=\"1\"><span style=\"font-weight: 400;\">2 \u00d7 Spark Plug Sockets<\/span><\/li>\n<li style=\"font-weight: 400;\" aria-level=\"1\"><span style=\"font-weight: 400;\">13 \u00d7 1\/4&#8243; Sockets<\/span><\/li>\n<li style=\"font-weight: 400;\" aria-level=\"1\"><span style=\"font-weight: 400;\">11 \u00d7 1\/2&#8243; Sockets<\/span><\/li>\n<li style=\"font-weight: 400;\" aria-level=\"1\"><span style=\"font-weight: 400;\">7 \u00d7 1\/2&#8243; E-Type (TX) Sockets<\/span><\/li>\n<li style=\"font-weight: 400;\" aria-level=\"1\"><span style=\"font-weight: 400;\">12 \u00d7 1\/4&#8243; Hex Sockets<\/span><\/li>\n<li style=\"font-weight: 400;\" aria-level=\"1\"><span style=\"font-weight: 400;\">11 \u00d7 Combination Wrenches<\/span><\/li>\n<li style=\"font-weight: 400;\" aria-level=\"1\"><span style=\"font-weight: 400;\">8 \u00d7 Hex Keys<\/span><\/li>\n<li style=\"font-weight: 400;\" aria-level=\"1\"><span style=\"font-weight: 400;\">20 \u00d7 1\/4&#8243; Screwdriver Bits<\/span><\/li>\n<li style=\"font-weight: 400;\" aria-level=\"1\"><span style=\"font-weight: 400;\">90 \u00d7 25 mm C-Form Bits<\/span><\/li>\n<li style=\"font-weight: 400;\" aria-level=\"1\"><span style=\"font-weight: 400;\">30 \u00d7 30 mm 5\/16&#8243; Hex Bits<\/span><\/li>\n<li style=\"font-weight: 400;\" aria-level=\"1\"><span style=\"font-weight: 400;\">Heavy-duty Makita Carrying Tool Bag<\/span><\/li>\n<\/ul>\n<p class=\"p1\"><b>Full value of the item:<\/b> \u20ac105.93<\/p>\n","protected":false},"excerpt":{"rendered":"<p><b>221-Piece Hand Tool Set for Versatile Use<\/b><\/p>\n","protected":false},"featured_media":1868,"template":"","meta":{"_acf_changed":false},"product_brand":[],"product_cat":[92,88],"product_tag":[],"product_badge":[],"class_list":{"0":"post-2960","1":"product","2":"type-product","3":"status-publish","4":"has-post-thumbnail","6":"product_cat-hand-tools","7":"product_cat-tools","9":"first","10":"instock","11":"taxable","12":"shipping-taxable","13":"purchasable","14":"product-type-simple"},"acf":[],"yoast_head":"<!-- This site is optimized with the Yoast SEO plugin v27.1.1 - https:\/\/yoast.com\/product\/yoast-seo-wordpress\/ -->\n<title>Hand Tool Set Makita E-10883 - Tulz.lv - Elektroiek\u0101rtu noma<\/title>\n<meta name=\"description\" content=\"Versatile Makita E-10883 hand tool set with 221 pieces. Ideal for home repairs, assembly, and professional workshop use. Perfect for your DIY right now.....\" \/>\n<meta name=\"robots\" content=\"index, follow, max-snippet:-1, max-image-preview:large, max-video-preview:-1\" \/>\n<link rel=\"canonical\" href=\"https:\/\/tulz.lv\/en\/produkts\/hand-tool-set-makita-e-10883\/\" \/>\n<meta property=\"og:locale\" content=\"en_US\" \/>\n<meta property=\"og:type\" content=\"article\" \/>\n<meta property=\"og:title\" content=\"Hand Tool Set Makita E-10883 - Tulz.lv - Elektroiek\u0101rtu noma\" \/>\n<meta property=\"og:description\" content=\"Versatile Makita E-10883 hand tool set with 221 pieces. Ideal for home repairs, assembly, and professional workshop use. Perfect for your DIY right now.....\" \/>\n<meta property=\"og:url\" content=\"https:\/\/tulz.lv\/en\/produkts\/hand-tool-set-makita-e-10883\/\" \/>\n<meta property=\"og:site_name\" content=\"Tulz.lv - Elektroiek\u0101rtu noma\" \/>\n<meta property=\"article:publisher\" content=\"https:\/\/www.facebook.com\/tulz.lv\" \/>\n<meta property=\"article:modified_time\" content=\"2025-10-13T19:50:57+00:00\" \/>\n<meta property=\"og:image\" content=\"https:\/\/tulz.lv\/wp-content\/uploads\/2025\/07\/rokas-instrumentu-komplekts-makita-e-10883.jpg\" \/>\n\t<meta property=\"og:image:width\" content=\"864\" \/>\n\t<meta property=\"og:image:height\" content=\"1000\" \/>\n\t<meta property=\"og:image:type\" content=\"image\/jpeg\" \/>\n<meta name=\"twitter:card\" content=\"summary_large_image\" \/>\n<meta name=\"twitter:label1\" content=\"Est. reading time\" \/>\n\t<meta name=\"twitter:data1\" content=\"2 minutes\" \/>\n<script type=\"application\/ld+json\" class=\"yoast-schema-graph\">{\"@context\":\"https:\/\/schema.org\",\"@graph\":[{\"@type\":\"WebPage\",\"@id\":\"https:\/\/tulz.lv\/en\/produkts\/hand-tool-set-makita-e-10883\/\",\"url\":\"https:\/\/tulz.lv\/en\/produkts\/hand-tool-set-makita-e-10883\/\",\"name\":\"Hand Tool Set Makita E-10883 - Tulz.lv - Elektroiek\u0101rtu noma\",\"isPartOf\":{\"@id\":\"https:\/\/tulz.lv\/en\/#website\"},\"primaryImageOfPage\":{\"@id\":\"https:\/\/tulz.lv\/en\/produkts\/hand-tool-set-makita-e-10883\/#primaryimage\"},\"image\":{\"@id\":\"https:\/\/tulz.lv\/en\/produkts\/hand-tool-set-makita-e-10883\/#primaryimage\"},\"thumbnailUrl\":\"https:\/\/tulz.lv\/wp-content\/uploads\/2025\/07\/rokas-instrumentu-komplekts-makita-e-10883.jpg\",\"datePublished\":\"2025-07-06T16:27:41+00:00\",\"dateModified\":\"2025-10-13T19:50:57+00:00\",\"description\":\"Versatile Makita E-10883 hand tool set with 221 pieces. Ideal for home repairs, assembly, and professional workshop use. Perfect for your DIY right now.....\",\"breadcrumb\":{\"@id\":\"https:\/\/tulz.lv\/en\/produkts\/hand-tool-set-makita-e-10883\/#breadcrumb\"},\"inLanguage\":\"en-US\",\"potentialAction\":[{\"@type\":\"ReadAction\",\"target\":[\"https:\/\/tulz.lv\/en\/produkts\/hand-tool-set-makita-e-10883\/\"]}]},{\"@type\":\"ImageObject\",\"inLanguage\":\"en-US\",\"@id\":\"https:\/\/tulz.lv\/en\/produkts\/hand-tool-set-makita-e-10883\/#primaryimage\",\"url\":\"https:\/\/tulz.lv\/wp-content\/uploads\/2025\/07\/rokas-instrumentu-komplekts-makita-e-10883.jpg\",\"contentUrl\":\"https:\/\/tulz.lv\/wp-content\/uploads\/2025\/07\/rokas-instrumentu-komplekts-makita-e-10883.jpg\",\"width\":864,\"height\":1000},{\"@type\":\"BreadcrumbList\",\"@id\":\"https:\/\/tulz.lv\/en\/produkts\/hand-tool-set-makita-e-10883\/#breadcrumb\",\"itemListElement\":[{\"@type\":\"ListItem\",\"position\":1,\"name\":\"S\u0101kums\",\"item\":\"https:\/\/tulz.lv\/en\/\"},{\"@type\":\"ListItem\",\"position\":2,\"name\":\"Shop\",\"item\":\"https:\/\/tulz.lv\/en\/shop\/\"},{\"@type\":\"ListItem\",\"position\":3,\"name\":\"Hand Tool Set Makita E-10883\"}]},{\"@type\":\"WebSite\",\"@id\":\"https:\/\/tulz.lv\/en\/#website\",\"url\":\"https:\/\/tulz.lv\/en\/\",\"name\":\"Tulz.lv\",\"description\":\"Elektroiek\u0101rtu noma\",\"publisher\":{\"@id\":\"https:\/\/tulz.lv\/en\/#organization\"},\"potentialAction\":[{\"@type\":\"SearchAction\",\"target\":{\"@type\":\"EntryPoint\",\"urlTemplate\":\"https:\/\/tulz.lv\/en\/?s={search_term_string}\"},\"query-input\":{\"@type\":\"PropertyValueSpecification\",\"valueRequired\":true,\"valueName\":\"search_term_string\"}}],\"inLanguage\":\"en-US\"},{\"@type\":\"Organization\",\"@id\":\"https:\/\/tulz.lv\/en\/#organization\",\"name\":\"Tulz.lv - Elektroiek\u0101rtu noma\",\"alternateName\":\"Tulz.lv - Instrumentu noma\",\"url\":\"https:\/\/tulz.lv\/en\/\",\"logo\":{\"@type\":\"ImageObject\",\"inLanguage\":\"en-US\",\"@id\":\"https:\/\/tulz.lv\/en\/#\/schema\/logo\/image\/\",\"url\":\"https:\/\/tulz.lv\/wp-content\/uploads\/2025\/05\/tulz-logo.svg\",\"contentUrl\":\"https:\/\/tulz.lv\/wp-content\/uploads\/2025\/05\/tulz-logo.svg\",\"width\":78,\"height\":36,\"caption\":\"Tulz.lv - Elektroiek\u0101rtu noma\"},\"image\":{\"@id\":\"https:\/\/tulz.lv\/en\/#\/schema\/logo\/image\/\"},\"sameAs\":[\"https:\/\/www.facebook.com\/tulz.lv\",\"https:\/\/www.instagram.com\/tulz.lv\",\"https:\/\/www.tiktok.com\/@tulz.lv\"]}]}<\/script>\n<!-- \/ Yoast SEO plugin. -->","yoast_head_json":{"title":"Hand Tool Set Makita E-10883 - Tulz.lv - Elektroiek\u0101rtu noma","description":"Versatile Makita E-10883 hand tool set with 221 pieces. Ideal for home repairs, assembly, and professional workshop use. Perfect for your DIY right now.....","robots":{"index":"index","follow":"follow","max-snippet":"max-snippet:-1","max-image-preview":"max-image-preview:large","max-video-preview":"max-video-preview:-1"},"canonical":"https:\/\/tulz.lv\/en\/produkts\/hand-tool-set-makita-e-10883\/","og_locale":"en_US","og_type":"article","og_title":"Hand Tool Set Makita E-10883 - Tulz.lv - Elektroiek\u0101rtu noma","og_description":"Versatile Makita E-10883 hand tool set with 221 pieces. Ideal for home repairs, assembly, and professional workshop use. Perfect for your DIY right now.....","og_url":"https:\/\/tulz.lv\/en\/produkts\/hand-tool-set-makita-e-10883\/","og_site_name":"Tulz.lv - Elektroiek\u0101rtu noma","article_publisher":"https:\/\/www.facebook.com\/tulz.lv","article_modified_time":"2025-10-13T19:50:57+00:00","og_image":[{"width":864,"height":1000,"url":"https:\/\/tulz.lv\/wp-content\/uploads\/2025\/07\/rokas-instrumentu-komplekts-makita-e-10883.jpg","type":"image\/jpeg"}],"twitter_card":"summary_large_image","twitter_misc":{"Est. reading time":"2 minutes"},"schema":{"@context":"https:\/\/schema.org","@graph":[{"@type":"WebPage","@id":"https:\/\/tulz.lv\/en\/produkts\/hand-tool-set-makita-e-10883\/","url":"https:\/\/tulz.lv\/en\/produkts\/hand-tool-set-makita-e-10883\/","name":"Hand Tool Set Makita E-10883 - Tulz.lv - Elektroiek\u0101rtu noma","isPartOf":{"@id":"https:\/\/tulz.lv\/en\/#website"},"primaryImageOfPage":{"@id":"https:\/\/tulz.lv\/en\/produkts\/hand-tool-set-makita-e-10883\/#primaryimage"},"image":{"@id":"https:\/\/tulz.lv\/en\/produkts\/hand-tool-set-makita-e-10883\/#primaryimage"},"thumbnailUrl":"https:\/\/tulz.lv\/wp-content\/uploads\/2025\/07\/rokas-instrumentu-komplekts-makita-e-10883.jpg","datePublished":"2025-07-06T16:27:41+00:00","dateModified":"2025-10-13T19:50:57+00:00","description":"Versatile Makita E-10883 hand tool set with 221 pieces. Ideal for home repairs, assembly, and professional workshop use. Perfect for your DIY right now.....","breadcrumb":{"@id":"https:\/\/tulz.lv\/en\/produkts\/hand-tool-set-makita-e-10883\/#breadcrumb"},"inLanguage":"en-US","potentialAction":[{"@type":"ReadAction","target":["https:\/\/tulz.lv\/en\/produkts\/hand-tool-set-makita-e-10883\/"]}]},{"@type":"ImageObject","inLanguage":"en-US","@id":"https:\/\/tulz.lv\/en\/produkts\/hand-tool-set-makita-e-10883\/#primaryimage","url":"https:\/\/tulz.lv\/wp-content\/uploads\/2025\/07\/rokas-instrumentu-komplekts-makita-e-10883.jpg","contentUrl":"https:\/\/tulz.lv\/wp-content\/uploads\/2025\/07\/rokas-instrumentu-komplekts-makita-e-10883.jpg","width":864,"height":1000},{"@type":"BreadcrumbList","@id":"https:\/\/tulz.lv\/en\/produkts\/hand-tool-set-makita-e-10883\/#breadcrumb","itemListElement":[{"@type":"ListItem","position":1,"name":"S\u0101kums","item":"https:\/\/tulz.lv\/en\/"},{"@type":"ListItem","position":2,"name":"Shop","item":"https:\/\/tulz.lv\/en\/shop\/"},{"@type":"ListItem","position":3,"name":"Hand Tool Set Makita E-10883"}]},{"@type":"WebSite","@id":"https:\/\/tulz.lv\/en\/#website","url":"https:\/\/tulz.lv\/en\/","name":"Tulz.lv","description":"Elektroiek\u0101rtu noma","publisher":{"@id":"https:\/\/tulz.lv\/en\/#organization"},"potentialAction":[{"@type":"SearchAction","target":{"@type":"EntryPoint","urlTemplate":"https:\/\/tulz.lv\/en\/?s={search_term_string}"},"query-input":{"@type":"PropertyValueSpecification","valueRequired":true,"valueName":"search_term_string"}}],"inLanguage":"en-US"},{"@type":"Organization","@id":"https:\/\/tulz.lv\/en\/#organization","name":"Tulz.lv - Elektroiek\u0101rtu noma","alternateName":"Tulz.lv - Instrumentu noma","url":"https:\/\/tulz.lv\/en\/","logo":{"@type":"ImageObject","inLanguage":"en-US","@id":"https:\/\/tulz.lv\/en\/#\/schema\/logo\/image\/","url":"https:\/\/tulz.lv\/wp-content\/uploads\/2025\/05\/tulz-logo.svg","contentUrl":"https:\/\/tulz.lv\/wp-content\/uploads\/2025\/05\/tulz-logo.svg","width":78,"height":36,"caption":"Tulz.lv - Elektroiek\u0101rtu noma"},"image":{"@id":"https:\/\/tulz.lv\/en\/#\/schema\/logo\/image\/"},"sameAs":["https:\/\/www.facebook.com\/tulz.lv","https:\/\/www.instagram.com\/tulz.lv","https:\/\/www.tiktok.com\/@tulz.lv"]}]}},"jetpack_sharing_enabled":true,"jetpack-related-posts":[{"id":1866,"url":"https:\/\/tulz.lv\/produkts\/rokas-instrumentu-komplekts-makita-e-10883\/","url_meta":{"origin":2960,"position":0},"title":"Rokas instrumentu komplekts Makita E-10883","author":"Estere Eversone","date":"06.07.2025","format":false,"excerpt":"221 rokas instrumentu komplekts \u2013 \u0113rtai un daudzpus\u012bgai lieto\u0161anai","rel":"","context":"Similar post","block_context":{"text":"Similar post","link":""},"img":{"alt_text":"","src":"https:\/\/i0.wp.com\/tulz.lv\/wp-content\/uploads\/2025\/07\/rokas-instrumentu-komplekts-makita-e-10883.jpg?resize=350%2C200&ssl=1","width":350,"height":200,"srcset":"https:\/\/i0.wp.com\/tulz.lv\/wp-content\/uploads\/2025\/07\/rokas-instrumentu-komplekts-makita-e-10883.jpg?resize=350%2C200&ssl=1 1x, https:\/\/i0.wp.com\/tulz.lv\/wp-content\/uploads\/2025\/07\/rokas-instrumentu-komplekts-makita-e-10883.jpg?resize=525%2C300&ssl=1 1.5x, https:\/\/i0.wp.com\/tulz.lv\/wp-content\/uploads\/2025\/07\/rokas-instrumentu-komplekts-makita-e-10883.jpg?resize=700%2C400&ssl=1 2x"},"classes":[]},{"id":2951,"url":"https:\/\/tulz.lv\/en\/produkts\/lxt-cordless-combination-hammer-makita-dtw1002\/","url_meta":{"origin":2960,"position":1},"title":"LXT\u00ae Cordless Impact Wrench Makita DTW1002","author":"Estere Eversone","date":"06.07.2025","format":false,"excerpt":"18V \u2022 1\/2\" \u2022 1200Nm \u2022 0-1800min-1 Cordless Impact Wrench with Brushless Motor","rel":"","context":"Similar post","block_context":{"text":"Similar post","link":""},"img":{"alt_text":"","src":"https:\/\/i0.wp.com\/tulz.lv\/wp-content\/uploads\/2025\/07\/akumulatora-trieciena-uzgrieznu-atslega-makita-dtw1002.jpg?resize=350%2C200&ssl=1","width":350,"height":200,"srcset":"https:\/\/i0.wp.com\/tulz.lv\/wp-content\/uploads\/2025\/07\/akumulatora-trieciena-uzgrieznu-atslega-makita-dtw1002.jpg?resize=350%2C200&ssl=1 1x, https:\/\/i0.wp.com\/tulz.lv\/wp-content\/uploads\/2025\/07\/akumulatora-trieciena-uzgrieznu-atslega-makita-dtw1002.jpg?resize=525%2C300&ssl=1 1.5x, https:\/\/i0.wp.com\/tulz.lv\/wp-content\/uploads\/2025\/07\/akumulatora-trieciena-uzgrieznu-atslega-makita-dtw1002.jpg?resize=700%2C400&ssl=1 2x"},"classes":[]},{"id":2959,"url":"https:\/\/tulz.lv\/en\/produkts\/circular-saw-makita-5008mg\/","url_meta":{"origin":2960,"position":2},"title":"Circular Saw Makita 5008MG","author":"Estere Eversone","date":"16.06.2025","format":false,"excerpt":"1800W \u2022 5200min-1 \u2022 210mm\u00a0 Powerful and Precise Circular Saw for Professional Use","rel":"","context":"Similar post","block_context":{"text":"Similar post","link":""},"img":{"alt_text":"","src":"https:\/\/i0.wp.com\/tulz.lv\/wp-content\/uploads\/2025\/06\/makita-5008mg-ripzagis.jpg?resize=350%2C200&ssl=1","width":350,"height":200,"srcset":"https:\/\/i0.wp.com\/tulz.lv\/wp-content\/uploads\/2025\/06\/makita-5008mg-ripzagis.jpg?resize=350%2C200&ssl=1 1x, https:\/\/i0.wp.com\/tulz.lv\/wp-content\/uploads\/2025\/06\/makita-5008mg-ripzagis.jpg?resize=525%2C300&ssl=1 1.5x, https:\/\/i0.wp.com\/tulz.lv\/wp-content\/uploads\/2025\/06\/makita-5008mg-ripzagis.jpg?resize=700%2C400&ssl=1 2x"},"classes":[]},{"id":2947,"url":"https:\/\/tulz.lv\/en\/produkts\/combination-hammer-makita-hr2670\/","url_meta":{"origin":2960,"position":3},"title":"Combination Hammer Makita HR2670","author":"Estere Eversone","date":"11.08.2025","format":false,"excerpt":"800W \u2022 SDS\u2013PLUS \u2022 26 mm \u2022 3,0 J Powerful and Durable Combination Hammer","rel":"","context":"Similar post","block_context":{"text":"Similar post","link":""},"img":{"alt_text":"","src":"https:\/\/i0.wp.com\/tulz.lv\/wp-content\/uploads\/2025\/08\/makita-HR2670.jpg?resize=350%2C200&ssl=1","width":350,"height":200,"srcset":"https:\/\/i0.wp.com\/tulz.lv\/wp-content\/uploads\/2025\/08\/makita-HR2670.jpg?resize=350%2C200&ssl=1 1x, https:\/\/i0.wp.com\/tulz.lv\/wp-content\/uploads\/2025\/08\/makita-HR2670.jpg?resize=525%2C300&ssl=1 1.5x, https:\/\/i0.wp.com\/tulz.lv\/wp-content\/uploads\/2025\/08\/makita-HR2670.jpg?resize=700%2C400&ssl=1 2x"},"classes":[]},{"id":2939,"url":"https:\/\/tulz.lv\/en\/produkts\/jigsaw-makita-4350fct\/","url_meta":{"origin":2960,"position":4},"title":"Jigsaw Makita  4350FCT","author":"Estere Eversone","date":"11.08.2025","format":false,"excerpt":"720W \u2022 800-2800min-1 Powerful and Precise Jigsaw Designed for Cutting Wood and Metal\u00a0","rel":"","context":"Similar post","block_context":{"text":"Similar post","link":""},"img":{"alt_text":"","src":"https:\/\/i0.wp.com\/tulz.lv\/wp-content\/uploads\/2025\/08\/makita-4350FCT.jpg?resize=350%2C200&ssl=1","width":350,"height":200,"srcset":"https:\/\/i0.wp.com\/tulz.lv\/wp-content\/uploads\/2025\/08\/makita-4350FCT.jpg?resize=350%2C200&ssl=1 1x, https:\/\/i0.wp.com\/tulz.lv\/wp-content\/uploads\/2025\/08\/makita-4350FCT.jpg?resize=525%2C300&ssl=1 1.5x, https:\/\/i0.wp.com\/tulz.lv\/wp-content\/uploads\/2025\/08\/makita-4350FCT.jpg?resize=700%2C400&ssl=1 2x"},"classes":[]},{"id":2945,"url":"https:\/\/tulz.lv\/en\/produkts\/heat-gun-makita-hg6531c\/","url_meta":{"origin":2960,"position":5},"title":"Heat Gun Makita HG6531C","author":"Estere Eversone","date":"16.06.2025","format":false,"excerpt":"2 000 W \u2022 200 \u2013 550 l\/min \u2022 50 \u2013 650\u00b0C\u00a0 Powerful and Versatile Heat Gun","rel":"","context":"Similar post","block_context":{"text":"Similar post","link":""},"img":{"alt_text":"","src":"https:\/\/i0.wp.com\/tulz.lv\/wp-content\/uploads\/2025\/06\/makita-hg6531c-karsta-gaisa-fens.jpg?resize=350%2C200&ssl=1","width":350,"height":200,"srcset":"https:\/\/i0.wp.com\/tulz.lv\/wp-content\/uploads\/2025\/06\/makita-hg6531c-karsta-gaisa-fens.jpg?resize=350%2C200&ssl=1 1x, https:\/\/i0.wp.com\/tulz.lv\/wp-content\/uploads\/2025\/06\/makita-hg6531c-karsta-gaisa-fens.jpg?resize=525%2C300&ssl=1 1.5x, https:\/\/i0.wp.com\/tulz.lv\/wp-content\/uploads\/2025\/06\/makita-hg6531c-karsta-gaisa-fens.jpg?resize=700%2C400&ssl=1 2x"},"classes":[]}],"_links":{"self":[{"href":"https:\/\/tulz.lv\/en\/wp-json\/wp\/v2\/product\/2960","targetHints":{"allow":["GET"]}}],"collection":[{"href":"https:\/\/tulz.lv\/en\/wp-json\/wp\/v2\/product"}],"about":[{"href":"https:\/\/tulz.lv\/en\/wp-json\/wp\/v2\/types\/product"}],"wp:featuredmedia":[{"embeddable":true,"href":"https:\/\/tulz.lv\/en\/wp-json\/wp\/v2\/media\/1868"}],"wp:attachment":[{"href":"https:\/\/tulz.lv\/en\/wp-json\/wp\/v2\/media?parent=2960"}],"wp:term":[{"taxonomy":"product_brand","embeddable":true,"href":"https:\/\/tulz.lv\/en\/wp-json\/wp\/v2\/product_brand?post=2960"},{"taxonomy":"product_cat","embeddable":true,"href":"https:\/\/tulz.lv\/en\/wp-json\/wp\/v2\/product_cat?post=2960"},{"taxonomy":"product_tag","embeddable":true,"href":"https:\/\/tulz.lv\/en\/wp-json\/wp\/v2\/product_tag?post=2960"},{"taxonomy":"product_badge","embeddable":true,"href":"https:\/\/tulz.lv\/en\/wp-json\/wp\/v2\/product_badge?post=2960"}],"curies":[{"name":"wp","href":"https:\/\/api.w.org\/{rel}","templated":true}]}}