{"id":2962,"date":"2025-06-16T15:34:31","date_gmt":"2025-06-16T12:34:31","guid":{"rendered":"https:\/\/tulz.lv\/triecienurbjmasina-makita-hp2051f\/"},"modified":"2025-10-13T22:52:46","modified_gmt":"2025-10-13T19:52:46","slug":"2-speed-hammer-drill-makita-hp2051f","status":"publish","type":"product","link":"https:\/\/tulz.lv\/en\/produkts\/2-speed-hammer-drill-makita-hp2051f\/","title":{"rendered":"Hammer Drill Makita HP2051F"},"content":{"rendered":"<p><span style=\"font-weight: 400;\">The 720W Makita hammer drill features two speeds and impact mode, perfect for drilling into masonry up to 20 mm.\u2028<\/span><\/p>\n<p><span style=\"font-weight: 400;\">Durable aluminum housing, safety clutch, 13 mm metal keyless chuck, and LED light. <\/span><\/p>\n<p>Rental set includes:<\/p>\n<ul>\n<li>HP2051F device with handle as shown in the picture<\/li>\n<li>Makita carrying case<\/li>\n<\/ul>\n<p class=\"p1\"><b>Full value of the item:<\/b> \u20ac174.87<\/p>\n","protected":false},"excerpt":{"rendered":"<p><span style=\"font-weight: 400;\">720W \u2022 20mm \u2022 0-2900min-1<\/span><\/p>\n<p><b>Compact 2-Speed Hammer Drill for Masonry<\/b><\/p>\n","protected":false},"featured_media":1072,"template":"","meta":{"_acf_changed":false},"product_brand":[],"product_cat":[91],"product_tag":[],"product_badge":[],"class_list":{"0":"post-2962","1":"product","2":"type-product","3":"status-publish","4":"has-post-thumbnail","6":"product_cat-electric-tools","8":"first","9":"instock","10":"taxable","11":"shipping-taxable","12":"purchasable","13":"product-type-simple"},"acf":[],"yoast_head":"<!-- This site is optimized with the Yoast SEO plugin v27.1.1 - https:\/\/yoast.com\/product\/yoast-seo-wordpress\/ -->\n<title>Hammer Drill Makita HP2051F - Tulz.lv - Elektroiek\u0101rtu noma<\/title>\n<meta name=\"description\" content=\"Durable Makita HP2051F hammer drill with 720W motor and variable speed. Perfect for drilling in concrete, metal, and wood with precision.\" \/>\n<meta name=\"robots\" content=\"index, follow, max-snippet:-1, max-image-preview:large, max-video-preview:-1\" \/>\n<link rel=\"canonical\" href=\"https:\/\/tulz.lv\/en\/produkts\/2-speed-hammer-drill-makita-hp2051f\/\" \/>\n<meta property=\"og:locale\" content=\"en_US\" \/>\n<meta property=\"og:type\" content=\"article\" \/>\n<meta property=\"og:title\" content=\"Hammer Drill Makita HP2051F - Tulz.lv - Elektroiek\u0101rtu noma\" \/>\n<meta property=\"og:description\" content=\"Durable Makita HP2051F hammer drill with 720W motor and variable speed. Perfect for drilling in concrete, metal, and wood with precision.\" \/>\n<meta property=\"og:url\" content=\"https:\/\/tulz.lv\/en\/produkts\/2-speed-hammer-drill-makita-hp2051f\/\" \/>\n<meta property=\"og:site_name\" content=\"Tulz.lv - Elektroiek\u0101rtu noma\" \/>\n<meta property=\"article:publisher\" content=\"https:\/\/www.facebook.com\/tulz.lv\" \/>\n<meta property=\"article:modified_time\" content=\"2025-10-13T19:52:46+00:00\" \/>\n<meta property=\"og:image\" content=\"https:\/\/tulz.lv\/wp-content\/uploads\/2025\/06\/makita-hp2051f-triecienurbjmasina.jpg\" \/>\n\t<meta property=\"og:image:width\" content=\"1000\" \/>\n\t<meta property=\"og:image:height\" content=\"725\" \/>\n\t<meta property=\"og:image:type\" content=\"image\/jpeg\" \/>\n<meta name=\"twitter:card\" content=\"summary_large_image\" \/>\n<meta name=\"twitter:label1\" content=\"Est. reading time\" \/>\n\t<meta name=\"twitter:data1\" content=\"1 minute\" \/>\n<script type=\"application\/ld+json\" class=\"yoast-schema-graph\">{\"@context\":\"https:\/\/schema.org\",\"@graph\":[{\"@type\":\"WebPage\",\"@id\":\"https:\/\/tulz.lv\/en\/produkts\/2-speed-hammer-drill-makita-hp2051f\/\",\"url\":\"https:\/\/tulz.lv\/en\/produkts\/2-speed-hammer-drill-makita-hp2051f\/\",\"name\":\"Hammer Drill Makita HP2051F - Tulz.lv - Elektroiek\u0101rtu noma\",\"isPartOf\":{\"@id\":\"https:\/\/tulz.lv\/en\/#website\"},\"primaryImageOfPage\":{\"@id\":\"https:\/\/tulz.lv\/en\/produkts\/2-speed-hammer-drill-makita-hp2051f\/#primaryimage\"},\"image\":{\"@id\":\"https:\/\/tulz.lv\/en\/produkts\/2-speed-hammer-drill-makita-hp2051f\/#primaryimage\"},\"thumbnailUrl\":\"https:\/\/tulz.lv\/wp-content\/uploads\/2025\/06\/makita-hp2051f-triecienurbjmasina.jpg\",\"datePublished\":\"2025-06-16T12:34:31+00:00\",\"dateModified\":\"2025-10-13T19:52:46+00:00\",\"description\":\"Durable Makita HP2051F hammer drill with 720W motor and variable speed. Perfect for drilling in concrete, metal, and wood with precision.\",\"breadcrumb\":{\"@id\":\"https:\/\/tulz.lv\/en\/produkts\/2-speed-hammer-drill-makita-hp2051f\/#breadcrumb\"},\"inLanguage\":\"en-US\",\"potentialAction\":[{\"@type\":\"ReadAction\",\"target\":[\"https:\/\/tulz.lv\/en\/produkts\/2-speed-hammer-drill-makita-hp2051f\/\"]}]},{\"@type\":\"ImageObject\",\"inLanguage\":\"en-US\",\"@id\":\"https:\/\/tulz.lv\/en\/produkts\/2-speed-hammer-drill-makita-hp2051f\/#primaryimage\",\"url\":\"https:\/\/tulz.lv\/wp-content\/uploads\/2025\/06\/makita-hp2051f-triecienurbjmasina.jpg\",\"contentUrl\":\"https:\/\/tulz.lv\/wp-content\/uploads\/2025\/06\/makita-hp2051f-triecienurbjmasina.jpg\",\"width\":1000,\"height\":725},{\"@type\":\"BreadcrumbList\",\"@id\":\"https:\/\/tulz.lv\/en\/produkts\/2-speed-hammer-drill-makita-hp2051f\/#breadcrumb\",\"itemListElement\":[{\"@type\":\"ListItem\",\"position\":1,\"name\":\"S\u0101kums\",\"item\":\"https:\/\/tulz.lv\/en\/\"},{\"@type\":\"ListItem\",\"position\":2,\"name\":\"Shop\",\"item\":\"https:\/\/tulz.lv\/en\/shop\/\"},{\"@type\":\"ListItem\",\"position\":3,\"name\":\"Hammer Drill Makita HP2051F\"}]},{\"@type\":\"WebSite\",\"@id\":\"https:\/\/tulz.lv\/en\/#website\",\"url\":\"https:\/\/tulz.lv\/en\/\",\"name\":\"Tulz.lv\",\"description\":\"Elektroiek\u0101rtu noma\",\"publisher\":{\"@id\":\"https:\/\/tulz.lv\/en\/#organization\"},\"potentialAction\":[{\"@type\":\"SearchAction\",\"target\":{\"@type\":\"EntryPoint\",\"urlTemplate\":\"https:\/\/tulz.lv\/en\/?s={search_term_string}\"},\"query-input\":{\"@type\":\"PropertyValueSpecification\",\"valueRequired\":true,\"valueName\":\"search_term_string\"}}],\"inLanguage\":\"en-US\"},{\"@type\":\"Organization\",\"@id\":\"https:\/\/tulz.lv\/en\/#organization\",\"name\":\"Tulz.lv - Elektroiek\u0101rtu noma\",\"alternateName\":\"Tulz.lv - Instrumentu noma\",\"url\":\"https:\/\/tulz.lv\/en\/\",\"logo\":{\"@type\":\"ImageObject\",\"inLanguage\":\"en-US\",\"@id\":\"https:\/\/tulz.lv\/en\/#\/schema\/logo\/image\/\",\"url\":\"https:\/\/tulz.lv\/wp-content\/uploads\/2025\/05\/tulz-logo.svg\",\"contentUrl\":\"https:\/\/tulz.lv\/wp-content\/uploads\/2025\/05\/tulz-logo.svg\",\"width\":78,\"height\":36,\"caption\":\"Tulz.lv - Elektroiek\u0101rtu noma\"},\"image\":{\"@id\":\"https:\/\/tulz.lv\/en\/#\/schema\/logo\/image\/\"},\"sameAs\":[\"https:\/\/www.facebook.com\/tulz.lv\",\"https:\/\/www.instagram.com\/tulz.lv\",\"https:\/\/www.tiktok.com\/@tulz.lv\"]}]}<\/script>\n<!-- \/ Yoast SEO plugin. -->","yoast_head_json":{"title":"Hammer Drill Makita HP2051F - Tulz.lv - Elektroiek\u0101rtu noma","description":"Durable Makita HP2051F hammer drill with 720W motor and variable speed. Perfect for drilling in concrete, metal, and wood with precision.","robots":{"index":"index","follow":"follow","max-snippet":"max-snippet:-1","max-image-preview":"max-image-preview:large","max-video-preview":"max-video-preview:-1"},"canonical":"https:\/\/tulz.lv\/en\/produkts\/2-speed-hammer-drill-makita-hp2051f\/","og_locale":"en_US","og_type":"article","og_title":"Hammer Drill Makita HP2051F - Tulz.lv - Elektroiek\u0101rtu noma","og_description":"Durable Makita HP2051F hammer drill with 720W motor and variable speed. Perfect for drilling in concrete, metal, and wood with precision.","og_url":"https:\/\/tulz.lv\/en\/produkts\/2-speed-hammer-drill-makita-hp2051f\/","og_site_name":"Tulz.lv - Elektroiek\u0101rtu noma","article_publisher":"https:\/\/www.facebook.com\/tulz.lv","article_modified_time":"2025-10-13T19:52:46+00:00","og_image":[{"width":1000,"height":725,"url":"https:\/\/tulz.lv\/wp-content\/uploads\/2025\/06\/makita-hp2051f-triecienurbjmasina.jpg","type":"image\/jpeg"}],"twitter_card":"summary_large_image","twitter_misc":{"Est. reading time":"1 minute"},"schema":{"@context":"https:\/\/schema.org","@graph":[{"@type":"WebPage","@id":"https:\/\/tulz.lv\/en\/produkts\/2-speed-hammer-drill-makita-hp2051f\/","url":"https:\/\/tulz.lv\/en\/produkts\/2-speed-hammer-drill-makita-hp2051f\/","name":"Hammer Drill Makita HP2051F - Tulz.lv - Elektroiek\u0101rtu noma","isPartOf":{"@id":"https:\/\/tulz.lv\/en\/#website"},"primaryImageOfPage":{"@id":"https:\/\/tulz.lv\/en\/produkts\/2-speed-hammer-drill-makita-hp2051f\/#primaryimage"},"image":{"@id":"https:\/\/tulz.lv\/en\/produkts\/2-speed-hammer-drill-makita-hp2051f\/#primaryimage"},"thumbnailUrl":"https:\/\/tulz.lv\/wp-content\/uploads\/2025\/06\/makita-hp2051f-triecienurbjmasina.jpg","datePublished":"2025-06-16T12:34:31+00:00","dateModified":"2025-10-13T19:52:46+00:00","description":"Durable Makita HP2051F hammer drill with 720W motor and variable speed. Perfect for drilling in concrete, metal, and wood with precision.","breadcrumb":{"@id":"https:\/\/tulz.lv\/en\/produkts\/2-speed-hammer-drill-makita-hp2051f\/#breadcrumb"},"inLanguage":"en-US","potentialAction":[{"@type":"ReadAction","target":["https:\/\/tulz.lv\/en\/produkts\/2-speed-hammer-drill-makita-hp2051f\/"]}]},{"@type":"ImageObject","inLanguage":"en-US","@id":"https:\/\/tulz.lv\/en\/produkts\/2-speed-hammer-drill-makita-hp2051f\/#primaryimage","url":"https:\/\/tulz.lv\/wp-content\/uploads\/2025\/06\/makita-hp2051f-triecienurbjmasina.jpg","contentUrl":"https:\/\/tulz.lv\/wp-content\/uploads\/2025\/06\/makita-hp2051f-triecienurbjmasina.jpg","width":1000,"height":725},{"@type":"BreadcrumbList","@id":"https:\/\/tulz.lv\/en\/produkts\/2-speed-hammer-drill-makita-hp2051f\/#breadcrumb","itemListElement":[{"@type":"ListItem","position":1,"name":"S\u0101kums","item":"https:\/\/tulz.lv\/en\/"},{"@type":"ListItem","position":2,"name":"Shop","item":"https:\/\/tulz.lv\/en\/shop\/"},{"@type":"ListItem","position":3,"name":"Hammer Drill Makita HP2051F"}]},{"@type":"WebSite","@id":"https:\/\/tulz.lv\/en\/#website","url":"https:\/\/tulz.lv\/en\/","name":"Tulz.lv","description":"Elektroiek\u0101rtu noma","publisher":{"@id":"https:\/\/tulz.lv\/en\/#organization"},"potentialAction":[{"@type":"SearchAction","target":{"@type":"EntryPoint","urlTemplate":"https:\/\/tulz.lv\/en\/?s={search_term_string}"},"query-input":{"@type":"PropertyValueSpecification","valueRequired":true,"valueName":"search_term_string"}}],"inLanguage":"en-US"},{"@type":"Organization","@id":"https:\/\/tulz.lv\/en\/#organization","name":"Tulz.lv - Elektroiek\u0101rtu noma","alternateName":"Tulz.lv - Instrumentu noma","url":"https:\/\/tulz.lv\/en\/","logo":{"@type":"ImageObject","inLanguage":"en-US","@id":"https:\/\/tulz.lv\/en\/#\/schema\/logo\/image\/","url":"https:\/\/tulz.lv\/wp-content\/uploads\/2025\/05\/tulz-logo.svg","contentUrl":"https:\/\/tulz.lv\/wp-content\/uploads\/2025\/05\/tulz-logo.svg","width":78,"height":36,"caption":"Tulz.lv - Elektroiek\u0101rtu noma"},"image":{"@id":"https:\/\/tulz.lv\/en\/#\/schema\/logo\/image\/"},"sameAs":["https:\/\/www.facebook.com\/tulz.lv","https:\/\/www.instagram.com\/tulz.lv","https:\/\/www.tiktok.com\/@tulz.lv"]}]}},"jetpack_sharing_enabled":true,"jetpack-related-posts":[{"id":1070,"url":"https:\/\/tulz.lv\/produkts\/triecienurbjmasina-makita-hp2051f\/","url_meta":{"origin":2962,"position":0},"title":"Triecienurbjma\u0161\u012bna Makita HP2051F","author":"Estere Eversone","date":"16.06.2025","format":false,"excerpt":"720W \u2022 20mm \u2022 0-2900min-1 Jaud\u012bga un kompakta triecienurbjma\u0161\u012bna","rel":"","context":"Similar post","block_context":{"text":"Similar post","link":""},"img":{"alt_text":"","src":"https:\/\/i0.wp.com\/tulz.lv\/wp-content\/uploads\/2025\/06\/makita-hp2051f-triecienurbjmasina.jpg?resize=350%2C200&ssl=1","width":350,"height":200,"srcset":"https:\/\/i0.wp.com\/tulz.lv\/wp-content\/uploads\/2025\/06\/makita-hp2051f-triecienurbjmasina.jpg?resize=350%2C200&ssl=1 1x, https:\/\/i0.wp.com\/tulz.lv\/wp-content\/uploads\/2025\/06\/makita-hp2051f-triecienurbjmasina.jpg?resize=525%2C300&ssl=1 1.5x, https:\/\/i0.wp.com\/tulz.lv\/wp-content\/uploads\/2025\/06\/makita-hp2051f-triecienurbjmasina.jpg?resize=700%2C400&ssl=1 2x"},"classes":[]},{"id":2740,"url":"https:\/\/tulz.lv\/produkts\/figurzagis-makita-4350fct\/","url_meta":{"origin":2962,"position":1},"title":"Fig\u016brz\u0101\u0123is Makita 4350FCT","author":"Estere Eversone","date":"11.08.2025","format":false,"excerpt":"720W \u2022 800-2800min-1 Jaud\u012bgs un prec\u012bzs fig\u016brz\u0101\u0123is koka un met\u0101la z\u0101\u0123\u0113\u0161anai","rel":"","context":"Similar post","block_context":{"text":"Similar post","link":""},"img":{"alt_text":"","src":"https:\/\/i0.wp.com\/tulz.lv\/wp-content\/uploads\/2025\/08\/makita-4350FCT.jpg?resize=350%2C200&ssl=1","width":350,"height":200,"srcset":"https:\/\/i0.wp.com\/tulz.lv\/wp-content\/uploads\/2025\/08\/makita-4350FCT.jpg?resize=350%2C200&ssl=1 1x, https:\/\/i0.wp.com\/tulz.lv\/wp-content\/uploads\/2025\/08\/makita-4350FCT.jpg?resize=525%2C300&ssl=1 1.5x, https:\/\/i0.wp.com\/tulz.lv\/wp-content\/uploads\/2025\/08\/makita-4350FCT.jpg?resize=700%2C400&ssl=1 2x"},"classes":[]},{"id":2939,"url":"https:\/\/tulz.lv\/en\/produkts\/jigsaw-makita-4350fct\/","url_meta":{"origin":2962,"position":2},"title":"Jigsaw Makita  4350FCT","author":"Estere Eversone","date":"11.08.2025","format":false,"excerpt":"720W \u2022 800-2800min-1 Powerful and Precise Jigsaw Designed for Cutting Wood and Metal\u00a0","rel":"","context":"Similar post","block_context":{"text":"Similar post","link":""},"img":{"alt_text":"","src":"https:\/\/i0.wp.com\/tulz.lv\/wp-content\/uploads\/2025\/08\/makita-4350FCT.jpg?resize=350%2C200&ssl=1","width":350,"height":200,"srcset":"https:\/\/i0.wp.com\/tulz.lv\/wp-content\/uploads\/2025\/08\/makita-4350FCT.jpg?resize=350%2C200&ssl=1 1x, https:\/\/i0.wp.com\/tulz.lv\/wp-content\/uploads\/2025\/08\/makita-4350FCT.jpg?resize=525%2C300&ssl=1 1.5x, https:\/\/i0.wp.com\/tulz.lv\/wp-content\/uploads\/2025\/08\/makita-4350FCT.jpg?resize=700%2C400&ssl=1 2x"},"classes":[]},{"id":2949,"url":"https:\/\/tulz.lv\/en\/produkts\/angle-grinder-makita-ga5030r\/","url_meta":{"origin":2962,"position":3},"title":"Angle Grinder Makita GA5030R","author":"Estere Eversone","date":"11.08.2025","format":false,"excerpt":"720W \u2022 125mm \u2022 11000min-1 Compact and Durable Angle Grinder","rel":"","context":"Similar post","block_context":{"text":"Similar post","link":""},"img":{"alt_text":"","src":"https:\/\/i0.wp.com\/tulz.lv\/wp-content\/uploads\/2025\/08\/lenka-slipmasina-makita-ga5030r-.jpg?resize=350%2C200&ssl=1","width":350,"height":200,"srcset":"https:\/\/i0.wp.com\/tulz.lv\/wp-content\/uploads\/2025\/08\/lenka-slipmasina-makita-ga5030r-.jpg?resize=350%2C200&ssl=1 1x, https:\/\/i0.wp.com\/tulz.lv\/wp-content\/uploads\/2025\/08\/lenka-slipmasina-makita-ga5030r-.jpg?resize=525%2C300&ssl=1 1.5x, https:\/\/i0.wp.com\/tulz.lv\/wp-content\/uploads\/2025\/08\/lenka-slipmasina-makita-ga5030r-.jpg?resize=700%2C400&ssl=1 2x"},"classes":[]},{"id":2947,"url":"https:\/\/tulz.lv\/en\/produkts\/combination-hammer-makita-hr2670\/","url_meta":{"origin":2962,"position":4},"title":"Combination Hammer Makita HR2670","author":"Estere Eversone","date":"11.08.2025","format":false,"excerpt":"800W \u2022 SDS\u2013PLUS \u2022 26 mm \u2022 3,0 J Powerful and Durable Combination Hammer","rel":"","context":"Similar post","block_context":{"text":"Similar post","link":""},"img":{"alt_text":"","src":"https:\/\/i0.wp.com\/tulz.lv\/wp-content\/uploads\/2025\/08\/makita-HR2670.jpg?resize=350%2C200&ssl=1","width":350,"height":200,"srcset":"https:\/\/i0.wp.com\/tulz.lv\/wp-content\/uploads\/2025\/08\/makita-HR2670.jpg?resize=350%2C200&ssl=1 1x, https:\/\/i0.wp.com\/tulz.lv\/wp-content\/uploads\/2025\/08\/makita-HR2670.jpg?resize=525%2C300&ssl=1 1.5x, https:\/\/i0.wp.com\/tulz.lv\/wp-content\/uploads\/2025\/08\/makita-HR2670.jpg?resize=700%2C400&ssl=1 2x"},"classes":[]},{"id":2953,"url":"https:\/\/tulz.lv\/en\/produkts\/lxt-cordless-drill-driver-makita-ddf487\/","url_meta":{"origin":2962,"position":5},"title":"Cordless Drill Driver Makita","author":"Estere Eversone","date":"17.06.2025","format":false,"excerpt":"18V \u2022 40 Nm \u2022 0 \u2013 1 700 min\u207b\u00b9\u00a0 Powerful and Compact Cordless Drill Driver","rel":"","context":"Similar post","block_context":{"text":"Similar post","link":""},"img":{"alt_text":"","src":"https:\/\/i0.wp.com\/tulz.lv\/wp-content\/uploads\/2025\/06\/akumulatora-urbjmasina-makita-ddf487.jpg?resize=350%2C200&ssl=1","width":350,"height":200,"srcset":"https:\/\/i0.wp.com\/tulz.lv\/wp-content\/uploads\/2025\/06\/akumulatora-urbjmasina-makita-ddf487.jpg?resize=350%2C200&ssl=1 1x, https:\/\/i0.wp.com\/tulz.lv\/wp-content\/uploads\/2025\/06\/akumulatora-urbjmasina-makita-ddf487.jpg?resize=525%2C300&ssl=1 1.5x"},"classes":[]}],"_links":{"self":[{"href":"https:\/\/tulz.lv\/en\/wp-json\/wp\/v2\/product\/2962","targetHints":{"allow":["GET"]}}],"collection":[{"href":"https:\/\/tulz.lv\/en\/wp-json\/wp\/v2\/product"}],"about":[{"href":"https:\/\/tulz.lv\/en\/wp-json\/wp\/v2\/types\/product"}],"wp:featuredmedia":[{"embeddable":true,"href":"https:\/\/tulz.lv\/en\/wp-json\/wp\/v2\/media\/1072"}],"wp:attachment":[{"href":"https:\/\/tulz.lv\/en\/wp-json\/wp\/v2\/media?parent=2962"}],"wp:term":[{"taxonomy":"product_brand","embeddable":true,"href":"https:\/\/tulz.lv\/en\/wp-json\/wp\/v2\/product_brand?post=2962"},{"taxonomy":"product_cat","embeddable":true,"href":"https:\/\/tulz.lv\/en\/wp-json\/wp\/v2\/product_cat?post=2962"},{"taxonomy":"product_tag","embeddable":true,"href":"https:\/\/tulz.lv\/en\/wp-json\/wp\/v2\/product_tag?post=2962"},{"taxonomy":"product_badge","embeddable":true,"href":"https:\/\/tulz.lv\/en\/wp-json\/wp\/v2\/product_badge?post=2962"}],"curies":[{"name":"wp","href":"https:\/\/api.w.org\/{rel}","templated":true}]}}