{"id":2965,"date":"2025-07-07T10:08:00","date_gmt":"2025-07-07T07:08:00","guid":{"rendered":"https:\/\/tulz.lv\/karcher-mazgajosais-puteklsucejs-puzzi-8-1-anniversary-edition\/"},"modified":"2026-01-27T11:43:20","modified_gmt":"2026-01-27T09:43:20","slug":"karcher-spray-extraction-cleaner-puzzi-8-1-anniversary-edition","status":"publish","type":"product","link":"https:\/\/tulz.lv\/en\/produkts\/karcher-spray-extraction-cleaner-puzzi-8-1-anniversary-edition\/","title":{"rendered":"K\u00e4rcher Spray Extraction Cleaner Puzzi 8\/1"},"content":{"rendered":"<p><span style=\"font-weight: 400;\">A professional spray-extraction cleaner designed for deep cleaning of upholstered furniture, fabric surfaces, and car interiors. <\/span><\/p>\n<p><span style=\"font-weight: 400;\">Efficiently sprays cleaning solution deep into textile fibers and instantly extracts loosened dirt, ensuring quick drying. <\/span><\/p>\n<p><span style=\"font-weight: 400;\">Transparent components allow easy monitoring of water levels. Supplied with CarpetPro Cleaner iCapsol tablets.\u00a0<\/span><\/p>\n<p><b>Applications:\u00a0<\/b><\/p>\n<ul>\n<li style=\"font-weight: 400;\" aria-level=\"1\"><span style=\"font-weight: 400;\">Intensive cleaning of upholstery and soft furnishings<\/span><\/li>\n<li style=\"font-weight: 400;\" aria-level=\"1\"><span style=\"font-weight: 400;\">Spot cleaning of stains on textile surfaces<\/span><\/li>\n<li style=\"font-weight: 400;\" aria-level=\"1\"><span style=\"font-weight: 400;\">Cleaning all types of fabric, including car interiors<\/span><\/li>\n<\/ul>\n<p data-start=\"831\" data-end=\"868\">Rental set includes:<\/p>\n<ul>\n<li data-start=\"871\" data-end=\"935\">K\u00e4rcher Puzzi 8\/1 Anniversary Edition spray extraction cleaner<\/li>\n<li data-start=\"938\" data-end=\"976\">Spray-extraction hose with hand tool<\/li>\n<li data-start=\"979\" data-end=\"1018\">Dirty water tank and clean water tank<\/li>\n<li data-start=\"1021\" data-end=\"1053\">Upholstery and car seat nozzle<\/li>\n<li data-start=\"1056\" data-end=\"1119\">K\u00e4rcher RM 760 tablets (carpet and fabric cleaning detergent)<\/li>\n<li data-start=\"1056\" data-end=\"1119\">in cold weather we give you RM 760 powdered cleaner, add 80g to water tank (8 liters)<\/li>\n<\/ul>\n<p data-start=\"1121\" data-end=\"1129\">Usage:<\/p>\n<ul>\n<li data-start=\"1132\" data-end=\"1207\">Use only K\u00e4rcher RM 760 tablets or equivalent spray extraction detergent.<\/li>\n<li data-start=\"1210\" data-end=\"1276\">Dissolve the tablet in the clean water tank as per instructions.<\/li>\n<li data-start=\"1279\" data-end=\"1385\">Do not use laundry powder, dish soap, or other harsh chemicals, as this may damage the pump and fabrics.<\/li>\n<\/ul>\n<p class=\"p1\"><b>Full value of the item:<\/b> \u20ac570.02<\/p>\n","protected":false},"excerpt":{"rendered":"<p><span style=\"font-weight: 400;\">Upholstery cleaning \u2022 Textile cleaning<\/span><\/p>\n<p><b>Powerful Wet Vacuum Cleaner for Upholstery and Fabric Care<\/b><\/p>\n","protected":false},"featured_media":1957,"template":"","meta":{"_acf_changed":false},"product_brand":[],"product_cat":[87,98],"product_tag":[],"product_badge":[],"class_list":{"0":"post-2965","1":"product","2":"type-product","3":"status-publish","4":"has-post-thumbnail","6":"product_cat-home-appliances-rental","7":"product_cat-vacuum-cleaners","9":"first","10":"instock","11":"taxable","12":"shipping-taxable","13":"purchasable","14":"product-type-simple"},"acf":[],"yoast_head":"<!-- This site is optimized with the Yoast SEO plugin v27.1.1 - https:\/\/yoast.com\/product\/yoast-seo-wordpress\/ -->\n<title>K\u00e4rcher Spray Extraction Cleaner Puzzi 8\/1 - Tulz.lv - Elektroiek\u0101rtu noma<\/title>\n<meta name=\"description\" content=\"Professional K\u00e4rcher Puzzi 8\/1 Anniversary Edition spray extraction cleaner. Ideal for deep cleaning carpets, upholstery, and textile surfaces.\" \/>\n<meta name=\"robots\" content=\"index, follow, max-snippet:-1, max-image-preview:large, max-video-preview:-1\" \/>\n<link rel=\"canonical\" href=\"https:\/\/tulz.lv\/en\/produkts\/karcher-spray-extraction-cleaner-puzzi-8-1-anniversary-edition\/\" \/>\n<meta property=\"og:locale\" content=\"en_US\" \/>\n<meta property=\"og:type\" content=\"article\" \/>\n<meta property=\"og:title\" content=\"K\u00e4rcher Spray Extraction Cleaner Puzzi 8\/1 - Tulz.lv - Elektroiek\u0101rtu noma\" \/>\n<meta property=\"og:description\" content=\"Professional K\u00e4rcher Puzzi 8\/1 Anniversary Edition spray extraction cleaner. Ideal for deep cleaning carpets, upholstery, and textile surfaces.\" \/>\n<meta property=\"og:url\" content=\"https:\/\/tulz.lv\/en\/produkts\/karcher-spray-extraction-cleaner-puzzi-8-1-anniversary-edition\/\" \/>\n<meta property=\"og:site_name\" content=\"Tulz.lv - Elektroiek\u0101rtu noma\" \/>\n<meta property=\"article:publisher\" content=\"https:\/\/www.facebook.com\/tulz.lv\" \/>\n<meta property=\"article:modified_time\" content=\"2026-01-27T09:43:20+00:00\" \/>\n<meta property=\"og:image\" content=\"https:\/\/tulz.lv\/wp-content\/uploads\/2025\/07\/karcher-mazgajosais-puteklsucejs-puzzi-8-1-anniversary-edition.jpg\" \/>\n\t<meta property=\"og:image:width\" content=\"1600\" \/>\n\t<meta property=\"og:image:height\" content=\"1600\" \/>\n\t<meta property=\"og:image:type\" content=\"image\/jpeg\" \/>\n<meta name=\"twitter:card\" content=\"summary_large_image\" \/>\n<meta name=\"twitter:label1\" content=\"Est. reading time\" \/>\n\t<meta name=\"twitter:data1\" content=\"2 minutes\" \/>\n<script type=\"application\/ld+json\" class=\"yoast-schema-graph\">{\"@context\":\"https:\/\/schema.org\",\"@graph\":[{\"@type\":\"WebPage\",\"@id\":\"https:\/\/tulz.lv\/en\/produkts\/karcher-spray-extraction-cleaner-puzzi-8-1-anniversary-edition\/\",\"url\":\"https:\/\/tulz.lv\/en\/produkts\/karcher-spray-extraction-cleaner-puzzi-8-1-anniversary-edition\/\",\"name\":\"K\u00e4rcher Spray Extraction Cleaner Puzzi 8\/1 - Tulz.lv - Elektroiek\u0101rtu noma\",\"isPartOf\":{\"@id\":\"https:\/\/tulz.lv\/en\/#website\"},\"primaryImageOfPage\":{\"@id\":\"https:\/\/tulz.lv\/en\/produkts\/karcher-spray-extraction-cleaner-puzzi-8-1-anniversary-edition\/#primaryimage\"},\"image\":{\"@id\":\"https:\/\/tulz.lv\/en\/produkts\/karcher-spray-extraction-cleaner-puzzi-8-1-anniversary-edition\/#primaryimage\"},\"thumbnailUrl\":\"https:\/\/tulz.lv\/wp-content\/uploads\/2025\/07\/karcher-mazgajosais-puteklsucejs-puzzi-8-1-anniversary-edition.jpg\",\"datePublished\":\"2025-07-07T07:08:00+00:00\",\"dateModified\":\"2026-01-27T09:43:20+00:00\",\"description\":\"Professional K\u00e4rcher Puzzi 8\/1 Anniversary Edition spray extraction cleaner. Ideal for deep cleaning carpets, upholstery, and textile surfaces.\",\"breadcrumb\":{\"@id\":\"https:\/\/tulz.lv\/en\/produkts\/karcher-spray-extraction-cleaner-puzzi-8-1-anniversary-edition\/#breadcrumb\"},\"inLanguage\":\"en-US\",\"potentialAction\":[{\"@type\":\"ReadAction\",\"target\":[\"https:\/\/tulz.lv\/en\/produkts\/karcher-spray-extraction-cleaner-puzzi-8-1-anniversary-edition\/\"]}]},{\"@type\":\"ImageObject\",\"inLanguage\":\"en-US\",\"@id\":\"https:\/\/tulz.lv\/en\/produkts\/karcher-spray-extraction-cleaner-puzzi-8-1-anniversary-edition\/#primaryimage\",\"url\":\"https:\/\/tulz.lv\/wp-content\/uploads\/2025\/07\/karcher-mazgajosais-puteklsucejs-puzzi-8-1-anniversary-edition.jpg\",\"contentUrl\":\"https:\/\/tulz.lv\/wp-content\/uploads\/2025\/07\/karcher-mazgajosais-puteklsucejs-puzzi-8-1-anniversary-edition.jpg\",\"width\":1600,\"height\":1600},{\"@type\":\"BreadcrumbList\",\"@id\":\"https:\/\/tulz.lv\/en\/produkts\/karcher-spray-extraction-cleaner-puzzi-8-1-anniversary-edition\/#breadcrumb\",\"itemListElement\":[{\"@type\":\"ListItem\",\"position\":1,\"name\":\"S\u0101kums\",\"item\":\"https:\/\/tulz.lv\/en\/\"},{\"@type\":\"ListItem\",\"position\":2,\"name\":\"Shop\",\"item\":\"https:\/\/tulz.lv\/en\/shop\/\"},{\"@type\":\"ListItem\",\"position\":3,\"name\":\"K\u00e4rcher Spray Extraction Cleaner Puzzi 8\/1\"}]},{\"@type\":\"WebSite\",\"@id\":\"https:\/\/tulz.lv\/en\/#website\",\"url\":\"https:\/\/tulz.lv\/en\/\",\"name\":\"Tulz.lv\",\"description\":\"Elektroiek\u0101rtu noma\",\"publisher\":{\"@id\":\"https:\/\/tulz.lv\/en\/#organization\"},\"potentialAction\":[{\"@type\":\"SearchAction\",\"target\":{\"@type\":\"EntryPoint\",\"urlTemplate\":\"https:\/\/tulz.lv\/en\/?s={search_term_string}\"},\"query-input\":{\"@type\":\"PropertyValueSpecification\",\"valueRequired\":true,\"valueName\":\"search_term_string\"}}],\"inLanguage\":\"en-US\"},{\"@type\":\"Organization\",\"@id\":\"https:\/\/tulz.lv\/en\/#organization\",\"name\":\"Tulz.lv - Elektroiek\u0101rtu noma\",\"alternateName\":\"Tulz.lv - Instrumentu noma\",\"url\":\"https:\/\/tulz.lv\/en\/\",\"logo\":{\"@type\":\"ImageObject\",\"inLanguage\":\"en-US\",\"@id\":\"https:\/\/tulz.lv\/en\/#\/schema\/logo\/image\/\",\"url\":\"https:\/\/tulz.lv\/wp-content\/uploads\/2025\/05\/tulz-logo.svg\",\"contentUrl\":\"https:\/\/tulz.lv\/wp-content\/uploads\/2025\/05\/tulz-logo.svg\",\"width\":78,\"height\":36,\"caption\":\"Tulz.lv - Elektroiek\u0101rtu noma\"},\"image\":{\"@id\":\"https:\/\/tulz.lv\/en\/#\/schema\/logo\/image\/\"},\"sameAs\":[\"https:\/\/www.facebook.com\/tulz.lv\",\"https:\/\/www.instagram.com\/tulz.lv\",\"https:\/\/www.tiktok.com\/@tulz.lv\"]}]}<\/script>\n<!-- \/ Yoast SEO plugin. -->","yoast_head_json":{"title":"K\u00e4rcher Spray Extraction Cleaner Puzzi 8\/1 - Tulz.lv - Elektroiek\u0101rtu noma","description":"Professional K\u00e4rcher Puzzi 8\/1 Anniversary Edition spray extraction cleaner. Ideal for deep cleaning carpets, upholstery, and textile surfaces.","robots":{"index":"index","follow":"follow","max-snippet":"max-snippet:-1","max-image-preview":"max-image-preview:large","max-video-preview":"max-video-preview:-1"},"canonical":"https:\/\/tulz.lv\/en\/produkts\/karcher-spray-extraction-cleaner-puzzi-8-1-anniversary-edition\/","og_locale":"en_US","og_type":"article","og_title":"K\u00e4rcher Spray Extraction Cleaner Puzzi 8\/1 - Tulz.lv - Elektroiek\u0101rtu noma","og_description":"Professional K\u00e4rcher Puzzi 8\/1 Anniversary Edition spray extraction cleaner. Ideal for deep cleaning carpets, upholstery, and textile surfaces.","og_url":"https:\/\/tulz.lv\/en\/produkts\/karcher-spray-extraction-cleaner-puzzi-8-1-anniversary-edition\/","og_site_name":"Tulz.lv - Elektroiek\u0101rtu noma","article_publisher":"https:\/\/www.facebook.com\/tulz.lv","article_modified_time":"2026-01-27T09:43:20+00:00","og_image":[{"width":1600,"height":1600,"url":"https:\/\/tulz.lv\/wp-content\/uploads\/2025\/07\/karcher-mazgajosais-puteklsucejs-puzzi-8-1-anniversary-edition.jpg","type":"image\/jpeg"}],"twitter_card":"summary_large_image","twitter_misc":{"Est. reading time":"2 minutes"},"schema":{"@context":"https:\/\/schema.org","@graph":[{"@type":"WebPage","@id":"https:\/\/tulz.lv\/en\/produkts\/karcher-spray-extraction-cleaner-puzzi-8-1-anniversary-edition\/","url":"https:\/\/tulz.lv\/en\/produkts\/karcher-spray-extraction-cleaner-puzzi-8-1-anniversary-edition\/","name":"K\u00e4rcher Spray Extraction Cleaner Puzzi 8\/1 - Tulz.lv - Elektroiek\u0101rtu noma","isPartOf":{"@id":"https:\/\/tulz.lv\/en\/#website"},"primaryImageOfPage":{"@id":"https:\/\/tulz.lv\/en\/produkts\/karcher-spray-extraction-cleaner-puzzi-8-1-anniversary-edition\/#primaryimage"},"image":{"@id":"https:\/\/tulz.lv\/en\/produkts\/karcher-spray-extraction-cleaner-puzzi-8-1-anniversary-edition\/#primaryimage"},"thumbnailUrl":"https:\/\/tulz.lv\/wp-content\/uploads\/2025\/07\/karcher-mazgajosais-puteklsucejs-puzzi-8-1-anniversary-edition.jpg","datePublished":"2025-07-07T07:08:00+00:00","dateModified":"2026-01-27T09:43:20+00:00","description":"Professional K\u00e4rcher Puzzi 8\/1 Anniversary Edition spray extraction cleaner. Ideal for deep cleaning carpets, upholstery, and textile surfaces.","breadcrumb":{"@id":"https:\/\/tulz.lv\/en\/produkts\/karcher-spray-extraction-cleaner-puzzi-8-1-anniversary-edition\/#breadcrumb"},"inLanguage":"en-US","potentialAction":[{"@type":"ReadAction","target":["https:\/\/tulz.lv\/en\/produkts\/karcher-spray-extraction-cleaner-puzzi-8-1-anniversary-edition\/"]}]},{"@type":"ImageObject","inLanguage":"en-US","@id":"https:\/\/tulz.lv\/en\/produkts\/karcher-spray-extraction-cleaner-puzzi-8-1-anniversary-edition\/#primaryimage","url":"https:\/\/tulz.lv\/wp-content\/uploads\/2025\/07\/karcher-mazgajosais-puteklsucejs-puzzi-8-1-anniversary-edition.jpg","contentUrl":"https:\/\/tulz.lv\/wp-content\/uploads\/2025\/07\/karcher-mazgajosais-puteklsucejs-puzzi-8-1-anniversary-edition.jpg","width":1600,"height":1600},{"@type":"BreadcrumbList","@id":"https:\/\/tulz.lv\/en\/produkts\/karcher-spray-extraction-cleaner-puzzi-8-1-anniversary-edition\/#breadcrumb","itemListElement":[{"@type":"ListItem","position":1,"name":"S\u0101kums","item":"https:\/\/tulz.lv\/en\/"},{"@type":"ListItem","position":2,"name":"Shop","item":"https:\/\/tulz.lv\/en\/shop\/"},{"@type":"ListItem","position":3,"name":"K\u00e4rcher Spray Extraction Cleaner Puzzi 8\/1"}]},{"@type":"WebSite","@id":"https:\/\/tulz.lv\/en\/#website","url":"https:\/\/tulz.lv\/en\/","name":"Tulz.lv","description":"Elektroiek\u0101rtu noma","publisher":{"@id":"https:\/\/tulz.lv\/en\/#organization"},"potentialAction":[{"@type":"SearchAction","target":{"@type":"EntryPoint","urlTemplate":"https:\/\/tulz.lv\/en\/?s={search_term_string}"},"query-input":{"@type":"PropertyValueSpecification","valueRequired":true,"valueName":"search_term_string"}}],"inLanguage":"en-US"},{"@type":"Organization","@id":"https:\/\/tulz.lv\/en\/#organization","name":"Tulz.lv - Elektroiek\u0101rtu noma","alternateName":"Tulz.lv - Instrumentu noma","url":"https:\/\/tulz.lv\/en\/","logo":{"@type":"ImageObject","inLanguage":"en-US","@id":"https:\/\/tulz.lv\/en\/#\/schema\/logo\/image\/","url":"https:\/\/tulz.lv\/wp-content\/uploads\/2025\/05\/tulz-logo.svg","contentUrl":"https:\/\/tulz.lv\/wp-content\/uploads\/2025\/05\/tulz-logo.svg","width":78,"height":36,"caption":"Tulz.lv - Elektroiek\u0101rtu noma"},"image":{"@id":"https:\/\/tulz.lv\/en\/#\/schema\/logo\/image\/"},"sameAs":["https:\/\/www.facebook.com\/tulz.lv","https:\/\/www.instagram.com\/tulz.lv","https:\/\/www.tiktok.com\/@tulz.lv"]}]}},"jetpack_sharing_enabled":true,"jetpack-related-posts":[{"id":3112,"url":"https:\/\/tulz.lv\/en\/produkts\/karcher-logu-mazgatajs\/","url_meta":{"origin":2965,"position":0},"title":"K\u00e4rcher Window Cleaner WV 5 Plus N","author":"Estere Eversone","date":"04.09.2025","format":false,"excerpt":"100 ml \u2022 35 min\u00a0 Window Cleaner with Battery and Interchangeable Nozzles","rel":"","context":"Similar post","block_context":{"text":"Similar post","link":""},"img":{"alt_text":"","src":"https:\/\/i0.wp.com\/tulz.lv\/wp-content\/uploads\/2025\/09\/karcher-logu-mazgatajs.jpeg?resize=350%2C200&ssl=1","width":350,"height":200,"srcset":"https:\/\/i0.wp.com\/tulz.lv\/wp-content\/uploads\/2025\/09\/karcher-logu-mazgatajs.jpeg?resize=350%2C200&ssl=1 1x, https:\/\/i0.wp.com\/tulz.lv\/wp-content\/uploads\/2025\/09\/karcher-logu-mazgatajs.jpeg?resize=525%2C300&ssl=1 1.5x, https:\/\/i0.wp.com\/tulz.lv\/wp-content\/uploads\/2025\/09\/karcher-logu-mazgatajs.jpeg?resize=700%2C400&ssl=1 2x, https:\/\/i0.wp.com\/tulz.lv\/wp-content\/uploads\/2025\/09\/karcher-logu-mazgatajs.jpeg?resize=1050%2C600&ssl=1 3x, https:\/\/i0.wp.com\/tulz.lv\/wp-content\/uploads\/2025\/09\/karcher-logu-mazgatajs.jpeg?resize=1400%2C800&ssl=1 4x"},"classes":[]},{"id":1955,"url":"https:\/\/tulz.lv\/produkts\/karcher-puzi-8-1-mazgajosais-puteklusucejs\/","url_meta":{"origin":2965,"position":1},"title":"K\u00e4rcher Puzzi 8\/1 Mazg\u0101jo\u0161ais putek\u013cs\u016bc\u0113js","author":"Estere Eversone","date":"07.07.2025","format":false,"excerpt":"M\u012bksto m\u0113be\u013cu t\u012br\u012b\u0161anai \u2022 Tekstila virsmu t\u012br\u012b\u0161anai Jaud\u012bgs mitr\u0101s t\u012br\u012b\u0161anas putek\u013cs\u016bc\u0113js m\u012bksto m\u0113be\u013cu un taps\u0113juma kop\u0161anai\u2028","rel":"","context":"Similar post","block_context":{"text":"Similar post","link":""},"img":{"alt_text":"","src":"https:\/\/i0.wp.com\/tulz.lv\/wp-content\/uploads\/2025\/07\/karcher-mazgajosais-puteklsucejs-puzzi-8-1-anniversary-edition.jpg?resize=350%2C200&ssl=1","width":350,"height":200,"srcset":"https:\/\/i0.wp.com\/tulz.lv\/wp-content\/uploads\/2025\/07\/karcher-mazgajosais-puteklsucejs-puzzi-8-1-anniversary-edition.jpg?resize=350%2C200&ssl=1 1x, https:\/\/i0.wp.com\/tulz.lv\/wp-content\/uploads\/2025\/07\/karcher-mazgajosais-puteklsucejs-puzzi-8-1-anniversary-edition.jpg?resize=525%2C300&ssl=1 1.5x, https:\/\/i0.wp.com\/tulz.lv\/wp-content\/uploads\/2025\/07\/karcher-mazgajosais-puteklsucejs-puzzi-8-1-anniversary-edition.jpg?resize=700%2C400&ssl=1 2x, https:\/\/i0.wp.com\/tulz.lv\/wp-content\/uploads\/2025\/07\/karcher-mazgajosais-puteklsucejs-puzzi-8-1-anniversary-edition.jpg?resize=1050%2C600&ssl=1 3x, https:\/\/i0.wp.com\/tulz.lv\/wp-content\/uploads\/2025\/07\/karcher-mazgajosais-puteklsucejs-puzzi-8-1-anniversary-edition.jpg?resize=1400%2C800&ssl=1 4x"},"classes":[]},{"id":2969,"url":"https:\/\/tulz.lv\/en\/produkts\/vacuum-cleaner-karcher-nt-27-1-me-adv\/","url_meta":{"origin":2965,"position":2},"title":"Vacuum Cleaner K\u00e4rcher NT 27\/1 Me Adv","author":"Estere Eversone","date":"07.07.2025","format":false,"excerpt":"Dry cleaning \u2022 Wet cleaning Versatile wet and dry vacuum cleaner","rel":"","context":"Similar post","block_context":{"text":"Similar post","link":""},"img":{"alt_text":"Celtiniec\u012bbas Putek\u013cs\u016bc\u0113js K\u00e4rcher NT 27\/1 ","src":"https:\/\/i0.wp.com\/tulz.lv\/wp-content\/uploads\/2025\/07\/puteklu-sucejs-karcher-nt-27-1-me-adv.jpg?resize=350%2C200&ssl=1","width":350,"height":200,"srcset":"https:\/\/i0.wp.com\/tulz.lv\/wp-content\/uploads\/2025\/07\/puteklu-sucejs-karcher-nt-27-1-me-adv.jpg?resize=350%2C200&ssl=1 1x, https:\/\/i0.wp.com\/tulz.lv\/wp-content\/uploads\/2025\/07\/puteklu-sucejs-karcher-nt-27-1-me-adv.jpg?resize=525%2C300&ssl=1 1.5x, https:\/\/i0.wp.com\/tulz.lv\/wp-content\/uploads\/2025\/07\/puteklu-sucejs-karcher-nt-27-1-me-adv.jpg?resize=700%2C400&ssl=1 2x, https:\/\/i0.wp.com\/tulz.lv\/wp-content\/uploads\/2025\/07\/puteklu-sucejs-karcher-nt-27-1-me-adv.jpg?resize=1050%2C600&ssl=1 3x, https:\/\/i0.wp.com\/tulz.lv\/wp-content\/uploads\/2025\/07\/puteklu-sucejs-karcher-nt-27-1-me-adv.jpg?resize=1400%2C800&ssl=1 4x"},"classes":[]},{"id":2973,"url":"https:\/\/tulz.lv\/en\/produkts\/karcher-high-pressure-washer-k-7-wcm\/","url_meta":{"origin":2965,"position":3},"title":"K\u00e4rcher High-Pressure Washer","author":"Estere Eversone","date":"14.08.2025","format":false,"excerpt":"60 m\u00b2\/h \u2022 2 \u2013 max 18 MPa Powerful high-pressure washer for home, garden, and vehicles","rel":"","context":"Similar post","block_context":{"text":"Similar post","link":""},"img":{"alt_text":"K\u00e4rcher augstspiediena mazg\u0101t\u0101js K 7 WCM","src":"https:\/\/i0.wp.com\/tulz.lv\/wp-content\/uploads\/2025\/08\/karche-K-7-WCM-.jpg?resize=350%2C200&ssl=1","width":350,"height":200,"srcset":"https:\/\/i0.wp.com\/tulz.lv\/wp-content\/uploads\/2025\/08\/karche-K-7-WCM-.jpg?resize=350%2C200&ssl=1 1x, https:\/\/i0.wp.com\/tulz.lv\/wp-content\/uploads\/2025\/08\/karche-K-7-WCM-.jpg?resize=525%2C300&ssl=1 1.5x, https:\/\/i0.wp.com\/tulz.lv\/wp-content\/uploads\/2025\/08\/karche-K-7-WCM-.jpg?resize=700%2C400&ssl=1 2x, https:\/\/i0.wp.com\/tulz.lv\/wp-content\/uploads\/2025\/08\/karche-K-7-WCM-.jpg?resize=1050%2C600&ssl=1 3x, https:\/\/i0.wp.com\/tulz.lv\/wp-content\/uploads\/2025\/08\/karche-K-7-WCM-.jpg?resize=1400%2C800&ssl=1 4x"},"classes":[]},{"id":2888,"url":"https:\/\/tulz.lv\/produkts\/karcher-augstspiediena-mazgatajs-k-7-wcm\/","url_meta":{"origin":2965,"position":4},"title":"K\u00e4rcher Augstspiediena mazg\u0101t\u0101js","author":"Estere Eversone","date":"14.08.2025","format":false,"excerpt":"60 m\u00b2\/h \u2022 2 \u2013 maks. 18 MPa Jaud\u012bgs augstspiediena mazg\u0101t\u0101js m\u0101jai, d\u0101rzam un auto","rel":"","context":"Similar post","block_context":{"text":"Similar post","link":""},"img":{"alt_text":"K\u00e4rcher augstspiediena mazg\u0101t\u0101js K 7 WCM","src":"https:\/\/i0.wp.com\/tulz.lv\/wp-content\/uploads\/2025\/08\/karche-K-7-WCM-.jpg?resize=350%2C200&ssl=1","width":350,"height":200,"srcset":"https:\/\/i0.wp.com\/tulz.lv\/wp-content\/uploads\/2025\/08\/karche-K-7-WCM-.jpg?resize=350%2C200&ssl=1 1x, https:\/\/i0.wp.com\/tulz.lv\/wp-content\/uploads\/2025\/08\/karche-K-7-WCM-.jpg?resize=525%2C300&ssl=1 1.5x, https:\/\/i0.wp.com\/tulz.lv\/wp-content\/uploads\/2025\/08\/karche-K-7-WCM-.jpg?resize=700%2C400&ssl=1 2x, https:\/\/i0.wp.com\/tulz.lv\/wp-content\/uploads\/2025\/08\/karche-K-7-WCM-.jpg?resize=1050%2C600&ssl=1 3x, https:\/\/i0.wp.com\/tulz.lv\/wp-content\/uploads\/2025\/08\/karche-K-7-WCM-.jpg?resize=1400%2C800&ssl=1 4x"},"classes":[]},{"id":1931,"url":"https:\/\/tulz.lv\/produkts\/celtniecibas-puteklu-sucejs-karcher-nt-27-1\/","url_meta":{"origin":2965,"position":5},"title":"Celtniec\u012bbas Putek\u013cs\u016bc\u0113js K\u00e4rcher NT 27\/1","author":"Estere Eversone","date":"07.07.2025","format":false,"excerpt":"Sausai t\u012br\u012b\u0161anai \u2022 Mitrai t\u012br\u012b\u0161anai Daudzpus\u012bgs mitr\u0101s\/saus\u0101s t\u012br\u012b\u0161anas putek\u013cs\u016bc\u0113js","rel":"","context":"Similar post","block_context":{"text":"Similar post","link":""},"img":{"alt_text":"Celtiniec\u012bbas Putek\u013cs\u016bc\u0113js K\u00e4rcher NT 27\/1","src":"https:\/\/i0.wp.com\/tulz.lv\/wp-content\/uploads\/2025\/07\/puteklu-sucejs-karcher-nt-27-1-me-adv.jpg?resize=350%2C200&ssl=1","width":350,"height":200,"srcset":"https:\/\/i0.wp.com\/tulz.lv\/wp-content\/uploads\/2025\/07\/puteklu-sucejs-karcher-nt-27-1-me-adv.jpg?resize=350%2C200&ssl=1 1x, https:\/\/i0.wp.com\/tulz.lv\/wp-content\/uploads\/2025\/07\/puteklu-sucejs-karcher-nt-27-1-me-adv.jpg?resize=525%2C300&ssl=1 1.5x, https:\/\/i0.wp.com\/tulz.lv\/wp-content\/uploads\/2025\/07\/puteklu-sucejs-karcher-nt-27-1-me-adv.jpg?resize=700%2C400&ssl=1 2x, https:\/\/i0.wp.com\/tulz.lv\/wp-content\/uploads\/2025\/07\/puteklu-sucejs-karcher-nt-27-1-me-adv.jpg?resize=1050%2C600&ssl=1 3x, https:\/\/i0.wp.com\/tulz.lv\/wp-content\/uploads\/2025\/07\/puteklu-sucejs-karcher-nt-27-1-me-adv.jpg?resize=1400%2C800&ssl=1 4x"},"classes":[]}],"_links":{"self":[{"href":"https:\/\/tulz.lv\/en\/wp-json\/wp\/v2\/product\/2965","targetHints":{"allow":["GET"]}}],"collection":[{"href":"https:\/\/tulz.lv\/en\/wp-json\/wp\/v2\/product"}],"about":[{"href":"https:\/\/tulz.lv\/en\/wp-json\/wp\/v2\/types\/product"}],"wp:featuredmedia":[{"embeddable":true,"href":"https:\/\/tulz.lv\/en\/wp-json\/wp\/v2\/media\/1957"}],"wp:attachment":[{"href":"https:\/\/tulz.lv\/en\/wp-json\/wp\/v2\/media?parent=2965"}],"wp:term":[{"taxonomy":"product_brand","embeddable":true,"href":"https:\/\/tulz.lv\/en\/wp-json\/wp\/v2\/product_brand?post=2965"},{"taxonomy":"product_cat","embeddable":true,"href":"https:\/\/tulz.lv\/en\/wp-json\/wp\/v2\/product_cat?post=2965"},{"taxonomy":"product_tag","embeddable":true,"href":"https:\/\/tulz.lv\/en\/wp-json\/wp\/v2\/product_tag?post=2965"},{"taxonomy":"product_badge","embeddable":true,"href":"https:\/\/tulz.lv\/en\/wp-json\/wp\/v2\/product_badge?post=2965"}],"curies":[{"name":"wp","href":"https:\/\/api.w.org\/{rel}","templated":true}]}}