{"id":2973,"date":"2025-08-14T14:10:51","date_gmt":"2025-08-14T11:10:51","guid":{"rendered":"https:\/\/tulz.lv\/karcher-augstspiediena-mazgatajs-k-7-wcm\/"},"modified":"2025-10-13T23:01:45","modified_gmt":"2025-10-13T20:01:45","slug":"karcher-high-pressure-washer-k-7-wcm","status":"publish","type":"product","link":"https:\/\/tulz.lv\/en\/produkts\/karcher-high-pressure-washer-k-7-wcm\/","title":{"rendered":"K\u00e4rcher High-Pressure Washer"},"content":{"rendered":"<p><span style=\"font-weight: 400;\">The powerful and durable K\u00e4rcher K 7 WCM high-pressure washer with a water-cooled motor delivers exceptional cleaning performance, even against stubborn dirt.\u00a0<\/span><\/p>\n<p><span style=\"font-weight: 400;\">Perfect for washing driveways, patios, garden tools, outdoor furniture, and vehicles.\u00a0<\/span><\/p>\n<p><span style=\"font-weight: 400;\">The Vario Power spray lance and dirt blaster allow precise adjustment for different surfaces, while the Quick Connect system ensures fast and effortless use.<\/span><\/p>\n<p><span style=\"font-weight: 400;\">\u00a0A reliable choice for regular and effective cleaning all year round.<\/span><\/p>\n<p><b>Included in the set:<\/b><\/p>\n<ul>\n<li style=\"font-weight: 400;\" aria-level=\"1\"><span style=\"font-weight: 400;\">High-pressure gun: G 180 Q<\/span><\/li>\n<li style=\"font-weight: 400;\" aria-level=\"1\"><span style=\"font-weight: 400;\">Nozzle &#8211; Dirt blaster<\/span><\/li>\n<li aria-level=\"1\">Nozzle- VP 180 vario power jet K 7<\/li>\n<li style=\"font-weight: 400;\" aria-level=\"1\"><span style=\"font-weight: 400;\">High-pressure hose: 10 m<\/span><\/li>\n<li style=\"font-weight: 400;\" aria-level=\"1\"><span style=\"font-weight: 400;\">3\/4&#8243; garden hose adapter<\/span><\/li>\n<\/ul>\n<p class=\"p1\"><b>Full value of the item:<\/b> \u20ac451.35<\/p>\n","protected":false},"excerpt":{"rendered":"<p><span style=\"font-weight: 400;\">60 m\u00b2\/h \u2022 2 \u2013 max 18 MPa<\/span><\/p>\n<p><b>Powerful high-pressure washer for home, garden, and vehicles<\/b><\/p>\n","protected":false},"featured_media":2890,"template":"","meta":{"_acf_changed":false},"product_brand":[],"product_cat":[86,87],"product_tag":[],"product_badge":[],"class_list":{"0":"post-2973","1":"product","2":"type-product","3":"status-publish","4":"has-post-thumbnail","6":"product_cat-garden-equipment","7":"product_cat-home-appliances-rental","9":"first","10":"instock","11":"taxable","12":"shipping-taxable","13":"purchasable","14":"product-type-simple"},"acf":[],"yoast_head":"<!-- This site is optimized with the Yoast SEO plugin v27.1.1 - https:\/\/yoast.com\/product\/yoast-seo-wordpress\/ -->\n<title>K\u00e4rcher High-Pressure Washer - Tulz.lv - Elektroiek\u0101rtu noma<\/title>\n<meta name=\"description\" content=\"Powerful K\u00e4rcher K 7 WCM pressure washer with water-cooled motor and high performance. Ideal for cleaning cars, patios, and outdoor surfaces.\" \/>\n<meta name=\"robots\" content=\"index, follow, max-snippet:-1, max-image-preview:large, max-video-preview:-1\" \/>\n<link rel=\"canonical\" href=\"https:\/\/tulz.lv\/en\/produkts\/karcher-high-pressure-washer-k-7-wcm\/\" \/>\n<meta property=\"og:locale\" content=\"en_US\" \/>\n<meta property=\"og:type\" content=\"article\" \/>\n<meta property=\"og:title\" content=\"K\u00e4rcher High-Pressure Washer - Tulz.lv - Elektroiek\u0101rtu noma\" \/>\n<meta property=\"og:description\" content=\"Powerful K\u00e4rcher K 7 WCM pressure washer with water-cooled motor and high performance. Ideal for cleaning cars, patios, and outdoor surfaces.\" \/>\n<meta property=\"og:url\" content=\"https:\/\/tulz.lv\/en\/produkts\/karcher-high-pressure-washer-k-7-wcm\/\" \/>\n<meta property=\"og:site_name\" content=\"Tulz.lv - Elektroiek\u0101rtu noma\" \/>\n<meta property=\"article:publisher\" content=\"https:\/\/www.facebook.com\/tulz.lv\" \/>\n<meta property=\"article:modified_time\" content=\"2025-10-13T20:01:45+00:00\" \/>\n<meta property=\"og:image\" content=\"https:\/\/tulz.lv\/wp-content\/uploads\/2025\/08\/karche-K-7-WCM-.jpg\" \/>\n\t<meta property=\"og:image:width\" content=\"1600\" \/>\n\t<meta property=\"og:image:height\" content=\"1600\" \/>\n\t<meta property=\"og:image:type\" content=\"image\/jpeg\" \/>\n<meta name=\"twitter:card\" content=\"summary_large_image\" \/>\n<meta name=\"twitter:label1\" content=\"Est. reading time\" \/>\n\t<meta name=\"twitter:data1\" content=\"1 minute\" \/>\n<script type=\"application\/ld+json\" class=\"yoast-schema-graph\">{\"@context\":\"https:\/\/schema.org\",\"@graph\":[{\"@type\":\"WebPage\",\"@id\":\"https:\/\/tulz.lv\/en\/produkts\/karcher-high-pressure-washer-k-7-wcm\/\",\"url\":\"https:\/\/tulz.lv\/en\/produkts\/karcher-high-pressure-washer-k-7-wcm\/\",\"name\":\"K\u00e4rcher High-Pressure Washer - Tulz.lv - Elektroiek\u0101rtu noma\",\"isPartOf\":{\"@id\":\"https:\/\/tulz.lv\/en\/#website\"},\"primaryImageOfPage\":{\"@id\":\"https:\/\/tulz.lv\/en\/produkts\/karcher-high-pressure-washer-k-7-wcm\/#primaryimage\"},\"image\":{\"@id\":\"https:\/\/tulz.lv\/en\/produkts\/karcher-high-pressure-washer-k-7-wcm\/#primaryimage\"},\"thumbnailUrl\":\"https:\/\/tulz.lv\/wp-content\/uploads\/2025\/08\/karche-K-7-WCM-.jpg\",\"datePublished\":\"2025-08-14T11:10:51+00:00\",\"dateModified\":\"2025-10-13T20:01:45+00:00\",\"description\":\"Powerful K\u00e4rcher K 7 WCM pressure washer with water-cooled motor and high performance. Ideal for cleaning cars, patios, and outdoor surfaces.\",\"breadcrumb\":{\"@id\":\"https:\/\/tulz.lv\/en\/produkts\/karcher-high-pressure-washer-k-7-wcm\/#breadcrumb\"},\"inLanguage\":\"en-US\",\"potentialAction\":[{\"@type\":\"ReadAction\",\"target\":[\"https:\/\/tulz.lv\/en\/produkts\/karcher-high-pressure-washer-k-7-wcm\/\"]}]},{\"@type\":\"ImageObject\",\"inLanguage\":\"en-US\",\"@id\":\"https:\/\/tulz.lv\/en\/produkts\/karcher-high-pressure-washer-k-7-wcm\/#primaryimage\",\"url\":\"https:\/\/tulz.lv\/wp-content\/uploads\/2025\/08\/karche-K-7-WCM-.jpg\",\"contentUrl\":\"https:\/\/tulz.lv\/wp-content\/uploads\/2025\/08\/karche-K-7-WCM-.jpg\",\"width\":1600,\"height\":1600,\"caption\":\"K\u00e4rcher augstspiediena mazg\u0101t\u0101js K 7 WCM\"},{\"@type\":\"BreadcrumbList\",\"@id\":\"https:\/\/tulz.lv\/en\/produkts\/karcher-high-pressure-washer-k-7-wcm\/#breadcrumb\",\"itemListElement\":[{\"@type\":\"ListItem\",\"position\":1,\"name\":\"S\u0101kums\",\"item\":\"https:\/\/tulz.lv\/en\/\"},{\"@type\":\"ListItem\",\"position\":2,\"name\":\"Shop\",\"item\":\"https:\/\/tulz.lv\/en\/shop\/\"},{\"@type\":\"ListItem\",\"position\":3,\"name\":\"K\u00e4rcher High-Pressure Washer\"}]},{\"@type\":\"WebSite\",\"@id\":\"https:\/\/tulz.lv\/en\/#website\",\"url\":\"https:\/\/tulz.lv\/en\/\",\"name\":\"Tulz.lv\",\"description\":\"Elektroiek\u0101rtu noma\",\"publisher\":{\"@id\":\"https:\/\/tulz.lv\/en\/#organization\"},\"potentialAction\":[{\"@type\":\"SearchAction\",\"target\":{\"@type\":\"EntryPoint\",\"urlTemplate\":\"https:\/\/tulz.lv\/en\/?s={search_term_string}\"},\"query-input\":{\"@type\":\"PropertyValueSpecification\",\"valueRequired\":true,\"valueName\":\"search_term_string\"}}],\"inLanguage\":\"en-US\"},{\"@type\":\"Organization\",\"@id\":\"https:\/\/tulz.lv\/en\/#organization\",\"name\":\"Tulz.lv - Elektroiek\u0101rtu noma\",\"alternateName\":\"Tulz.lv - Instrumentu noma\",\"url\":\"https:\/\/tulz.lv\/en\/\",\"logo\":{\"@type\":\"ImageObject\",\"inLanguage\":\"en-US\",\"@id\":\"https:\/\/tulz.lv\/en\/#\/schema\/logo\/image\/\",\"url\":\"https:\/\/tulz.lv\/wp-content\/uploads\/2025\/05\/tulz-logo.svg\",\"contentUrl\":\"https:\/\/tulz.lv\/wp-content\/uploads\/2025\/05\/tulz-logo.svg\",\"width\":78,\"height\":36,\"caption\":\"Tulz.lv - Elektroiek\u0101rtu noma\"},\"image\":{\"@id\":\"https:\/\/tulz.lv\/en\/#\/schema\/logo\/image\/\"},\"sameAs\":[\"https:\/\/www.facebook.com\/tulz.lv\",\"https:\/\/www.instagram.com\/tulz.lv\",\"https:\/\/www.tiktok.com\/@tulz.lv\"]}]}<\/script>\n<!-- \/ Yoast SEO plugin. -->","yoast_head_json":{"title":"K\u00e4rcher High-Pressure Washer - Tulz.lv - Elektroiek\u0101rtu noma","description":"Powerful K\u00e4rcher K 7 WCM pressure washer with water-cooled motor and high performance. Ideal for cleaning cars, patios, and outdoor surfaces.","robots":{"index":"index","follow":"follow","max-snippet":"max-snippet:-1","max-image-preview":"max-image-preview:large","max-video-preview":"max-video-preview:-1"},"canonical":"https:\/\/tulz.lv\/en\/produkts\/karcher-high-pressure-washer-k-7-wcm\/","og_locale":"en_US","og_type":"article","og_title":"K\u00e4rcher High-Pressure Washer - Tulz.lv - Elektroiek\u0101rtu noma","og_description":"Powerful K\u00e4rcher K 7 WCM pressure washer with water-cooled motor and high performance. Ideal for cleaning cars, patios, and outdoor surfaces.","og_url":"https:\/\/tulz.lv\/en\/produkts\/karcher-high-pressure-washer-k-7-wcm\/","og_site_name":"Tulz.lv - Elektroiek\u0101rtu noma","article_publisher":"https:\/\/www.facebook.com\/tulz.lv","article_modified_time":"2025-10-13T20:01:45+00:00","og_image":[{"width":1600,"height":1600,"url":"https:\/\/tulz.lv\/wp-content\/uploads\/2025\/08\/karche-K-7-WCM-.jpg","type":"image\/jpeg"}],"twitter_card":"summary_large_image","twitter_misc":{"Est. reading time":"1 minute"},"schema":{"@context":"https:\/\/schema.org","@graph":[{"@type":"WebPage","@id":"https:\/\/tulz.lv\/en\/produkts\/karcher-high-pressure-washer-k-7-wcm\/","url":"https:\/\/tulz.lv\/en\/produkts\/karcher-high-pressure-washer-k-7-wcm\/","name":"K\u00e4rcher High-Pressure Washer - Tulz.lv - Elektroiek\u0101rtu noma","isPartOf":{"@id":"https:\/\/tulz.lv\/en\/#website"},"primaryImageOfPage":{"@id":"https:\/\/tulz.lv\/en\/produkts\/karcher-high-pressure-washer-k-7-wcm\/#primaryimage"},"image":{"@id":"https:\/\/tulz.lv\/en\/produkts\/karcher-high-pressure-washer-k-7-wcm\/#primaryimage"},"thumbnailUrl":"https:\/\/tulz.lv\/wp-content\/uploads\/2025\/08\/karche-K-7-WCM-.jpg","datePublished":"2025-08-14T11:10:51+00:00","dateModified":"2025-10-13T20:01:45+00:00","description":"Powerful K\u00e4rcher K 7 WCM pressure washer with water-cooled motor and high performance. Ideal for cleaning cars, patios, and outdoor surfaces.","breadcrumb":{"@id":"https:\/\/tulz.lv\/en\/produkts\/karcher-high-pressure-washer-k-7-wcm\/#breadcrumb"},"inLanguage":"en-US","potentialAction":[{"@type":"ReadAction","target":["https:\/\/tulz.lv\/en\/produkts\/karcher-high-pressure-washer-k-7-wcm\/"]}]},{"@type":"ImageObject","inLanguage":"en-US","@id":"https:\/\/tulz.lv\/en\/produkts\/karcher-high-pressure-washer-k-7-wcm\/#primaryimage","url":"https:\/\/tulz.lv\/wp-content\/uploads\/2025\/08\/karche-K-7-WCM-.jpg","contentUrl":"https:\/\/tulz.lv\/wp-content\/uploads\/2025\/08\/karche-K-7-WCM-.jpg","width":1600,"height":1600,"caption":"K\u00e4rcher augstspiediena mazg\u0101t\u0101js K 7 WCM"},{"@type":"BreadcrumbList","@id":"https:\/\/tulz.lv\/en\/produkts\/karcher-high-pressure-washer-k-7-wcm\/#breadcrumb","itemListElement":[{"@type":"ListItem","position":1,"name":"S\u0101kums","item":"https:\/\/tulz.lv\/en\/"},{"@type":"ListItem","position":2,"name":"Shop","item":"https:\/\/tulz.lv\/en\/shop\/"},{"@type":"ListItem","position":3,"name":"K\u00e4rcher High-Pressure Washer"}]},{"@type":"WebSite","@id":"https:\/\/tulz.lv\/en\/#website","url":"https:\/\/tulz.lv\/en\/","name":"Tulz.lv","description":"Elektroiek\u0101rtu noma","publisher":{"@id":"https:\/\/tulz.lv\/en\/#organization"},"potentialAction":[{"@type":"SearchAction","target":{"@type":"EntryPoint","urlTemplate":"https:\/\/tulz.lv\/en\/?s={search_term_string}"},"query-input":{"@type":"PropertyValueSpecification","valueRequired":true,"valueName":"search_term_string"}}],"inLanguage":"en-US"},{"@type":"Organization","@id":"https:\/\/tulz.lv\/en\/#organization","name":"Tulz.lv - Elektroiek\u0101rtu noma","alternateName":"Tulz.lv - Instrumentu noma","url":"https:\/\/tulz.lv\/en\/","logo":{"@type":"ImageObject","inLanguage":"en-US","@id":"https:\/\/tulz.lv\/en\/#\/schema\/logo\/image\/","url":"https:\/\/tulz.lv\/wp-content\/uploads\/2025\/05\/tulz-logo.svg","contentUrl":"https:\/\/tulz.lv\/wp-content\/uploads\/2025\/05\/tulz-logo.svg","width":78,"height":36,"caption":"Tulz.lv - Elektroiek\u0101rtu noma"},"image":{"@id":"https:\/\/tulz.lv\/en\/#\/schema\/logo\/image\/"},"sameAs":["https:\/\/www.facebook.com\/tulz.lv","https:\/\/www.instagram.com\/tulz.lv","https:\/\/www.tiktok.com\/@tulz.lv"]}]}},"jetpack_sharing_enabled":true,"jetpack-related-posts":[{"id":2888,"url":"https:\/\/tulz.lv\/produkts\/karcher-augstspiediena-mazgatajs-k-7-wcm\/","url_meta":{"origin":2973,"position":0},"title":"K\u00e4rcher Augstspiediena mazg\u0101t\u0101js","author":"Estere Eversone","date":"14.08.2025","format":false,"excerpt":"60 m\u00b2\/h \u2022 2 \u2013 maks. 18 MPa Jaud\u012bgs augstspiediena mazg\u0101t\u0101js m\u0101jai, d\u0101rzam un auto","rel":"","context":"Similar post","block_context":{"text":"Similar post","link":""},"img":{"alt_text":"K\u00e4rcher augstspiediena mazg\u0101t\u0101js K 7 WCM","src":"https:\/\/i0.wp.com\/tulz.lv\/wp-content\/uploads\/2025\/08\/karche-K-7-WCM-.jpg?resize=350%2C200&ssl=1","width":350,"height":200,"srcset":"https:\/\/i0.wp.com\/tulz.lv\/wp-content\/uploads\/2025\/08\/karche-K-7-WCM-.jpg?resize=350%2C200&ssl=1 1x, https:\/\/i0.wp.com\/tulz.lv\/wp-content\/uploads\/2025\/08\/karche-K-7-WCM-.jpg?resize=525%2C300&ssl=1 1.5x, https:\/\/i0.wp.com\/tulz.lv\/wp-content\/uploads\/2025\/08\/karche-K-7-WCM-.jpg?resize=700%2C400&ssl=1 2x, https:\/\/i0.wp.com\/tulz.lv\/wp-content\/uploads\/2025\/08\/karche-K-7-WCM-.jpg?resize=1050%2C600&ssl=1 3x, https:\/\/i0.wp.com\/tulz.lv\/wp-content\/uploads\/2025\/08\/karche-K-7-WCM-.jpg?resize=1400%2C800&ssl=1 4x"},"classes":[]},{"id":2965,"url":"https:\/\/tulz.lv\/en\/produkts\/karcher-spray-extraction-cleaner-puzzi-8-1-anniversary-edition\/","url_meta":{"origin":2973,"position":1},"title":"K\u00e4rcher Spray Extraction Cleaner Puzzi 8\/1","author":"Estere Eversone","date":"07.07.2025","format":false,"excerpt":"Upholstery cleaning \u2022 Textile cleaning Powerful Wet Vacuum Cleaner for Upholstery and Fabric Care","rel":"","context":"Similar post","block_context":{"text":"Similar post","link":""},"img":{"alt_text":"","src":"https:\/\/i0.wp.com\/tulz.lv\/wp-content\/uploads\/2025\/07\/karcher-mazgajosais-puteklsucejs-puzzi-8-1-anniversary-edition.jpg?resize=350%2C200&ssl=1","width":350,"height":200,"srcset":"https:\/\/i0.wp.com\/tulz.lv\/wp-content\/uploads\/2025\/07\/karcher-mazgajosais-puteklsucejs-puzzi-8-1-anniversary-edition.jpg?resize=350%2C200&ssl=1 1x, https:\/\/i0.wp.com\/tulz.lv\/wp-content\/uploads\/2025\/07\/karcher-mazgajosais-puteklsucejs-puzzi-8-1-anniversary-edition.jpg?resize=525%2C300&ssl=1 1.5x, https:\/\/i0.wp.com\/tulz.lv\/wp-content\/uploads\/2025\/07\/karcher-mazgajosais-puteklsucejs-puzzi-8-1-anniversary-edition.jpg?resize=700%2C400&ssl=1 2x, https:\/\/i0.wp.com\/tulz.lv\/wp-content\/uploads\/2025\/07\/karcher-mazgajosais-puteklsucejs-puzzi-8-1-anniversary-edition.jpg?resize=1050%2C600&ssl=1 3x, https:\/\/i0.wp.com\/tulz.lv\/wp-content\/uploads\/2025\/07\/karcher-mazgajosais-puteklsucejs-puzzi-8-1-anniversary-edition.jpg?resize=1400%2C800&ssl=1 4x"},"classes":[]},{"id":3112,"url":"https:\/\/tulz.lv\/en\/produkts\/karcher-logu-mazgatajs\/","url_meta":{"origin":2973,"position":2},"title":"K\u00e4rcher Window Cleaner WV 5 Plus N","author":"Estere Eversone","date":"04.09.2025","format":false,"excerpt":"100 ml \u2022 35 min\u00a0 Window Cleaner with Battery and Interchangeable Nozzles","rel":"","context":"Similar post","block_context":{"text":"Similar post","link":""},"img":{"alt_text":"","src":"https:\/\/i0.wp.com\/tulz.lv\/wp-content\/uploads\/2025\/09\/karcher-logu-mazgatajs.jpeg?resize=350%2C200&ssl=1","width":350,"height":200,"srcset":"https:\/\/i0.wp.com\/tulz.lv\/wp-content\/uploads\/2025\/09\/karcher-logu-mazgatajs.jpeg?resize=350%2C200&ssl=1 1x, https:\/\/i0.wp.com\/tulz.lv\/wp-content\/uploads\/2025\/09\/karcher-logu-mazgatajs.jpeg?resize=525%2C300&ssl=1 1.5x, https:\/\/i0.wp.com\/tulz.lv\/wp-content\/uploads\/2025\/09\/karcher-logu-mazgatajs.jpeg?resize=700%2C400&ssl=1 2x, https:\/\/i0.wp.com\/tulz.lv\/wp-content\/uploads\/2025\/09\/karcher-logu-mazgatajs.jpeg?resize=1050%2C600&ssl=1 3x, https:\/\/i0.wp.com\/tulz.lv\/wp-content\/uploads\/2025\/09\/karcher-logu-mazgatajs.jpeg?resize=1400%2C800&ssl=1 4x"},"classes":[]},{"id":2969,"url":"https:\/\/tulz.lv\/en\/produkts\/vacuum-cleaner-karcher-nt-27-1-me-adv\/","url_meta":{"origin":2973,"position":3},"title":"Vacuum Cleaner K\u00e4rcher NT 27\/1 Me Adv","author":"Estere Eversone","date":"07.07.2025","format":false,"excerpt":"Dry cleaning \u2022 Wet cleaning Versatile wet and dry vacuum cleaner","rel":"","context":"Similar post","block_context":{"text":"Similar post","link":""},"img":{"alt_text":"Celtiniec\u012bbas Putek\u013cs\u016bc\u0113js K\u00e4rcher NT 27\/1 ","src":"https:\/\/i0.wp.com\/tulz.lv\/wp-content\/uploads\/2025\/07\/puteklu-sucejs-karcher-nt-27-1-me-adv.jpg?resize=350%2C200&ssl=1","width":350,"height":200,"srcset":"https:\/\/i0.wp.com\/tulz.lv\/wp-content\/uploads\/2025\/07\/puteklu-sucejs-karcher-nt-27-1-me-adv.jpg?resize=350%2C200&ssl=1 1x, https:\/\/i0.wp.com\/tulz.lv\/wp-content\/uploads\/2025\/07\/puteklu-sucejs-karcher-nt-27-1-me-adv.jpg?resize=525%2C300&ssl=1 1.5x, https:\/\/i0.wp.com\/tulz.lv\/wp-content\/uploads\/2025\/07\/puteklu-sucejs-karcher-nt-27-1-me-adv.jpg?resize=700%2C400&ssl=1 2x, https:\/\/i0.wp.com\/tulz.lv\/wp-content\/uploads\/2025\/07\/puteklu-sucejs-karcher-nt-27-1-me-adv.jpg?resize=1050%2C600&ssl=1 3x, https:\/\/i0.wp.com\/tulz.lv\/wp-content\/uploads\/2025\/07\/puteklu-sucejs-karcher-nt-27-1-me-adv.jpg?resize=1400%2C800&ssl=1 4x"},"classes":[]},{"id":1931,"url":"https:\/\/tulz.lv\/produkts\/celtniecibas-puteklu-sucejs-karcher-nt-27-1\/","url_meta":{"origin":2973,"position":4},"title":"Celtniec\u012bbas Putek\u013cs\u016bc\u0113js K\u00e4rcher NT 27\/1","author":"Estere Eversone","date":"07.07.2025","format":false,"excerpt":"Sausai t\u012br\u012b\u0161anai \u2022 Mitrai t\u012br\u012b\u0161anai Daudzpus\u012bgs mitr\u0101s\/saus\u0101s t\u012br\u012b\u0161anas putek\u013cs\u016bc\u0113js","rel":"","context":"Similar post","block_context":{"text":"Similar post","link":""},"img":{"alt_text":"Celtiniec\u012bbas Putek\u013cs\u016bc\u0113js K\u00e4rcher NT 27\/1","src":"https:\/\/i0.wp.com\/tulz.lv\/wp-content\/uploads\/2025\/07\/puteklu-sucejs-karcher-nt-27-1-me-adv.jpg?resize=350%2C200&ssl=1","width":350,"height":200,"srcset":"https:\/\/i0.wp.com\/tulz.lv\/wp-content\/uploads\/2025\/07\/puteklu-sucejs-karcher-nt-27-1-me-adv.jpg?resize=350%2C200&ssl=1 1x, https:\/\/i0.wp.com\/tulz.lv\/wp-content\/uploads\/2025\/07\/puteklu-sucejs-karcher-nt-27-1-me-adv.jpg?resize=525%2C300&ssl=1 1.5x, https:\/\/i0.wp.com\/tulz.lv\/wp-content\/uploads\/2025\/07\/puteklu-sucejs-karcher-nt-27-1-me-adv.jpg?resize=700%2C400&ssl=1 2x, https:\/\/i0.wp.com\/tulz.lv\/wp-content\/uploads\/2025\/07\/puteklu-sucejs-karcher-nt-27-1-me-adv.jpg?resize=1050%2C600&ssl=1 3x, https:\/\/i0.wp.com\/tulz.lv\/wp-content\/uploads\/2025\/07\/puteklu-sucejs-karcher-nt-27-1-me-adv.jpg?resize=1400%2C800&ssl=1 4x"},"classes":[]},{"id":3783,"url":"https:\/\/tulz.lv\/en\/produkts\/cordless-blower-makita-dub185-2\/","url_meta":{"origin":2973,"position":5},"title":"Cordless blower Makita DUB362","author":"Estere Eversone","date":"30.09.2025","format":false,"excerpt":"36 V (2\u00d718V) \u2022 54 m\/s \u2022 13,4 m\u00b3\/min Efficient brushless blower for demanding use","rel":"","context":"Similar post","block_context":{"text":"Similar post","link":""},"img":{"alt_text":"Gaisa p\u016bt\u0113js Makita DUB362","src":"https:\/\/i0.wp.com\/tulz.lv\/wp-content\/uploads\/2025\/09\/DUB362_C2C0.jpg?resize=350%2C200&ssl=1","width":350,"height":200,"srcset":"https:\/\/i0.wp.com\/tulz.lv\/wp-content\/uploads\/2025\/09\/DUB362_C2C0.jpg?resize=350%2C200&ssl=1 1x, https:\/\/i0.wp.com\/tulz.lv\/wp-content\/uploads\/2025\/09\/DUB362_C2C0.jpg?resize=525%2C300&ssl=1 1.5x, https:\/\/i0.wp.com\/tulz.lv\/wp-content\/uploads\/2025\/09\/DUB362_C2C0.jpg?resize=700%2C400&ssl=1 2x"},"classes":[]}],"_links":{"self":[{"href":"https:\/\/tulz.lv\/en\/wp-json\/wp\/v2\/product\/2973","targetHints":{"allow":["GET"]}}],"collection":[{"href":"https:\/\/tulz.lv\/en\/wp-json\/wp\/v2\/product"}],"about":[{"href":"https:\/\/tulz.lv\/en\/wp-json\/wp\/v2\/types\/product"}],"wp:featuredmedia":[{"embeddable":true,"href":"https:\/\/tulz.lv\/en\/wp-json\/wp\/v2\/media\/2890"}],"wp:attachment":[{"href":"https:\/\/tulz.lv\/en\/wp-json\/wp\/v2\/media?parent=2973"}],"wp:term":[{"taxonomy":"product_brand","embeddable":true,"href":"https:\/\/tulz.lv\/en\/wp-json\/wp\/v2\/product_brand?post=2973"},{"taxonomy":"product_cat","embeddable":true,"href":"https:\/\/tulz.lv\/en\/wp-json\/wp\/v2\/product_cat?post=2973"},{"taxonomy":"product_tag","embeddable":true,"href":"https:\/\/tulz.lv\/en\/wp-json\/wp\/v2\/product_tag?post=2973"},{"taxonomy":"product_badge","embeddable":true,"href":"https:\/\/tulz.lv\/en\/wp-json\/wp\/v2\/product_badge?post=2973"}],"curies":[{"name":"wp","href":"https:\/\/api.w.org\/{rel}","templated":true}]}}