{"id":2981,"date":"2025-07-08T10:28:55","date_gmt":"2025-07-08T07:28:55","guid":{"rendered":"https:\/\/tulz.lv\/samsung-the-freestyle-2nd-gen-projektors\/"},"modified":"2025-10-13T23:11:26","modified_gmt":"2025-10-13T20:11:26","slug":"samsung-the-freestyle-2nd-gen-projector","status":"publish","type":"product","link":"https:\/\/tulz.lv\/en\/produkts\/samsung-the-freestyle-2nd-gen-projector\/","title":{"rendered":"Samsung The Freestyle 2nd Gen. Projector"},"content":{"rendered":"<p><span style=\"font-weight: 400;\">Samsung The Freestyle 2nd Gen is a portable smart projector with auto screen adjustment, 360\u00b0 premium sound, and Smart TV access, including Gaming Hub. <\/span><\/p>\n<p><span style=\"font-weight: 400;\">Featuring Crystal Engine display tech and Dolby Digital Plus sound, it transforms any surface into a cinematic experience \u2013 whether indoors or outdoors.<\/span><\/p>\n<p>Rental set includes:<\/p>\n<ul>\n<li data-start=\"601\" data-end=\"720\">Samsung The Freestyle 2nd Gen\u00a0 projector \u2013 model SP-LFF3CLAXXZA<\/li>\n<li data-start=\"723\" data-end=\"825\">Extra battery The Freestyle Battery Base \u2013 model VG-FBB3BA\/ZA<\/li>\n<li data-start=\"828\" data-end=\"855\">Long USB-C to USB-C cable<\/li>\n<li data-start=\"858\" data-end=\"886\">Short USB-C to USB-C cable<\/li>\n<li data-start=\"889\" data-end=\"911\">USB-C charging brick<\/li>\n<li data-start=\"914\" data-end=\"937\">HDMI to USB-C adapter<\/li>\n<li data-start=\"940\" data-end=\"1075\">HDMI female to micro-HDMI male adapter for the projector (the projector uses a micro-HDMI input).<\/li>\n<\/ul>\n<p><b>Full value of the item:<\/b> \u20ac500.00<\/p>\n","protected":false},"excerpt":{"rendered":"<p><span style=\"font-weight: 400;\">1920 x 1080 (FHD) \u2022 Dolby Digital Plus &#8211; MS12 2ch<\/span><\/p>\n<p><b>Portable Smart Projector <\/b><\/p>\n","protected":false},"featured_media":2110,"template":"","meta":{"_acf_changed":false},"product_brand":[],"product_cat":[158,157],"product_tag":[],"product_badge":[],"class_list":{"0":"post-2981","1":"product","2":"type-product","3":"status-publish","4":"has-post-thumbnail","6":"product_cat-entertainment","7":"product_cat-other-devices","9":"first","10":"instock","11":"taxable","12":"shipping-taxable","13":"purchasable","14":"product-type-simple"},"acf":[],"yoast_head":"<!-- This site is optimized with the Yoast SEO plugin v27.1.1 - https:\/\/yoast.com\/product\/yoast-seo-wordpress\/ -->\n<title>Samsung The Freestyle 2nd Gen. Projector - Tulz.lv - Elektroiek\u0101rtu noma<\/title>\n<meta name=\"description\" content=\"Portable Samsung The Freestyle 2nd Gen projector with Smart TV features and Full HD image. Ideal for home cinema, travel, and outdoor movies.\" \/>\n<meta name=\"robots\" content=\"index, follow, max-snippet:-1, max-image-preview:large, max-video-preview:-1\" \/>\n<link rel=\"canonical\" href=\"https:\/\/tulz.lv\/en\/produkts\/samsung-the-freestyle-2nd-gen-projector\/\" \/>\n<meta property=\"og:locale\" content=\"en_US\" \/>\n<meta property=\"og:type\" content=\"article\" \/>\n<meta property=\"og:title\" content=\"Samsung The Freestyle 2nd Gen. Projector - Tulz.lv - Elektroiek\u0101rtu noma\" \/>\n<meta property=\"og:description\" content=\"Portable Samsung The Freestyle 2nd Gen projector with Smart TV features and Full HD image. Ideal for home cinema, travel, and outdoor movies.\" \/>\n<meta property=\"og:url\" content=\"https:\/\/tulz.lv\/en\/produkts\/samsung-the-freestyle-2nd-gen-projector\/\" \/>\n<meta property=\"og:site_name\" content=\"Tulz.lv - Elektroiek\u0101rtu noma\" \/>\n<meta property=\"article:publisher\" content=\"https:\/\/www.facebook.com\/tulz.lv\" \/>\n<meta property=\"article:modified_time\" content=\"2025-10-13T20:11:26+00:00\" \/>\n<meta property=\"og:image\" content=\"https:\/\/tulz.lv\/wp-content\/uploads\/2025\/07\/samsung-freestyle-2nd-gen-projektors-2.jpeg\" \/>\n\t<meta property=\"og:image:width\" content=\"684\" \/>\n\t<meta property=\"og:image:height\" content=\"547\" \/>\n\t<meta property=\"og:image:type\" content=\"image\/jpeg\" \/>\n<meta name=\"twitter:card\" content=\"summary_large_image\" \/>\n<meta name=\"twitter:label1\" content=\"Est. reading time\" \/>\n\t<meta name=\"twitter:data1\" content=\"1 minute\" \/>\n<script type=\"application\/ld+json\" class=\"yoast-schema-graph\">{\"@context\":\"https:\/\/schema.org\",\"@graph\":[{\"@type\":\"WebPage\",\"@id\":\"https:\/\/tulz.lv\/en\/produkts\/samsung-the-freestyle-2nd-gen-projector\/\",\"url\":\"https:\/\/tulz.lv\/en\/produkts\/samsung-the-freestyle-2nd-gen-projector\/\",\"name\":\"Samsung The Freestyle 2nd Gen. Projector - Tulz.lv - Elektroiek\u0101rtu noma\",\"isPartOf\":{\"@id\":\"https:\/\/tulz.lv\/en\/#website\"},\"primaryImageOfPage\":{\"@id\":\"https:\/\/tulz.lv\/en\/produkts\/samsung-the-freestyle-2nd-gen-projector\/#primaryimage\"},\"image\":{\"@id\":\"https:\/\/tulz.lv\/en\/produkts\/samsung-the-freestyle-2nd-gen-projector\/#primaryimage\"},\"thumbnailUrl\":\"https:\/\/tulz.lv\/wp-content\/uploads\/2025\/07\/samsung-freestyle-2nd-gen-projektors-2.jpeg\",\"datePublished\":\"2025-07-08T07:28:55+00:00\",\"dateModified\":\"2025-10-13T20:11:26+00:00\",\"description\":\"Portable Samsung The Freestyle 2nd Gen projector with Smart TV features and Full HD image. Ideal for home cinema, travel, and outdoor movies.\",\"breadcrumb\":{\"@id\":\"https:\/\/tulz.lv\/en\/produkts\/samsung-the-freestyle-2nd-gen-projector\/#breadcrumb\"},\"inLanguage\":\"en-US\",\"potentialAction\":[{\"@type\":\"ReadAction\",\"target\":[\"https:\/\/tulz.lv\/en\/produkts\/samsung-the-freestyle-2nd-gen-projector\/\"]}]},{\"@type\":\"ImageObject\",\"inLanguage\":\"en-US\",\"@id\":\"https:\/\/tulz.lv\/en\/produkts\/samsung-the-freestyle-2nd-gen-projector\/#primaryimage\",\"url\":\"https:\/\/tulz.lv\/wp-content\/uploads\/2025\/07\/samsung-freestyle-2nd-gen-projektors-2.jpeg\",\"contentUrl\":\"https:\/\/tulz.lv\/wp-content\/uploads\/2025\/07\/samsung-freestyle-2nd-gen-projektors-2.jpeg\",\"width\":684,\"height\":547},{\"@type\":\"BreadcrumbList\",\"@id\":\"https:\/\/tulz.lv\/en\/produkts\/samsung-the-freestyle-2nd-gen-projector\/#breadcrumb\",\"itemListElement\":[{\"@type\":\"ListItem\",\"position\":1,\"name\":\"S\u0101kums\",\"item\":\"https:\/\/tulz.lv\/en\/\"},{\"@type\":\"ListItem\",\"position\":2,\"name\":\"Shop\",\"item\":\"https:\/\/tulz.lv\/en\/shop\/\"},{\"@type\":\"ListItem\",\"position\":3,\"name\":\"Samsung The Freestyle 2nd Gen. Projector\"}]},{\"@type\":\"WebSite\",\"@id\":\"https:\/\/tulz.lv\/en\/#website\",\"url\":\"https:\/\/tulz.lv\/en\/\",\"name\":\"Tulz.lv\",\"description\":\"Elektroiek\u0101rtu noma\",\"publisher\":{\"@id\":\"https:\/\/tulz.lv\/en\/#organization\"},\"potentialAction\":[{\"@type\":\"SearchAction\",\"target\":{\"@type\":\"EntryPoint\",\"urlTemplate\":\"https:\/\/tulz.lv\/en\/?s={search_term_string}\"},\"query-input\":{\"@type\":\"PropertyValueSpecification\",\"valueRequired\":true,\"valueName\":\"search_term_string\"}}],\"inLanguage\":\"en-US\"},{\"@type\":\"Organization\",\"@id\":\"https:\/\/tulz.lv\/en\/#organization\",\"name\":\"Tulz.lv - Elektroiek\u0101rtu noma\",\"alternateName\":\"Tulz.lv - Instrumentu noma\",\"url\":\"https:\/\/tulz.lv\/en\/\",\"logo\":{\"@type\":\"ImageObject\",\"inLanguage\":\"en-US\",\"@id\":\"https:\/\/tulz.lv\/en\/#\/schema\/logo\/image\/\",\"url\":\"https:\/\/tulz.lv\/wp-content\/uploads\/2025\/05\/tulz-logo.svg\",\"contentUrl\":\"https:\/\/tulz.lv\/wp-content\/uploads\/2025\/05\/tulz-logo.svg\",\"width\":78,\"height\":36,\"caption\":\"Tulz.lv - Elektroiek\u0101rtu noma\"},\"image\":{\"@id\":\"https:\/\/tulz.lv\/en\/#\/schema\/logo\/image\/\"},\"sameAs\":[\"https:\/\/www.facebook.com\/tulz.lv\",\"https:\/\/www.instagram.com\/tulz.lv\",\"https:\/\/www.tiktok.com\/@tulz.lv\"]}]}<\/script>\n<!-- \/ Yoast SEO plugin. -->","yoast_head_json":{"title":"Samsung The Freestyle 2nd Gen. Projector - Tulz.lv - Elektroiek\u0101rtu noma","description":"Portable Samsung The Freestyle 2nd Gen projector with Smart TV features and Full HD image. Ideal for home cinema, travel, and outdoor movies.","robots":{"index":"index","follow":"follow","max-snippet":"max-snippet:-1","max-image-preview":"max-image-preview:large","max-video-preview":"max-video-preview:-1"},"canonical":"https:\/\/tulz.lv\/en\/produkts\/samsung-the-freestyle-2nd-gen-projector\/","og_locale":"en_US","og_type":"article","og_title":"Samsung The Freestyle 2nd Gen. Projector - Tulz.lv - Elektroiek\u0101rtu noma","og_description":"Portable Samsung The Freestyle 2nd Gen projector with Smart TV features and Full HD image. Ideal for home cinema, travel, and outdoor movies.","og_url":"https:\/\/tulz.lv\/en\/produkts\/samsung-the-freestyle-2nd-gen-projector\/","og_site_name":"Tulz.lv - Elektroiek\u0101rtu noma","article_publisher":"https:\/\/www.facebook.com\/tulz.lv","article_modified_time":"2025-10-13T20:11:26+00:00","og_image":[{"width":684,"height":547,"url":"https:\/\/tulz.lv\/wp-content\/uploads\/2025\/07\/samsung-freestyle-2nd-gen-projektors-2.jpeg","type":"image\/jpeg"}],"twitter_card":"summary_large_image","twitter_misc":{"Est. reading time":"1 minute"},"schema":{"@context":"https:\/\/schema.org","@graph":[{"@type":"WebPage","@id":"https:\/\/tulz.lv\/en\/produkts\/samsung-the-freestyle-2nd-gen-projector\/","url":"https:\/\/tulz.lv\/en\/produkts\/samsung-the-freestyle-2nd-gen-projector\/","name":"Samsung The Freestyle 2nd Gen. Projector - Tulz.lv - Elektroiek\u0101rtu noma","isPartOf":{"@id":"https:\/\/tulz.lv\/en\/#website"},"primaryImageOfPage":{"@id":"https:\/\/tulz.lv\/en\/produkts\/samsung-the-freestyle-2nd-gen-projector\/#primaryimage"},"image":{"@id":"https:\/\/tulz.lv\/en\/produkts\/samsung-the-freestyle-2nd-gen-projector\/#primaryimage"},"thumbnailUrl":"https:\/\/tulz.lv\/wp-content\/uploads\/2025\/07\/samsung-freestyle-2nd-gen-projektors-2.jpeg","datePublished":"2025-07-08T07:28:55+00:00","dateModified":"2025-10-13T20:11:26+00:00","description":"Portable Samsung The Freestyle 2nd Gen projector with Smart TV features and Full HD image. Ideal for home cinema, travel, and outdoor movies.","breadcrumb":{"@id":"https:\/\/tulz.lv\/en\/produkts\/samsung-the-freestyle-2nd-gen-projector\/#breadcrumb"},"inLanguage":"en-US","potentialAction":[{"@type":"ReadAction","target":["https:\/\/tulz.lv\/en\/produkts\/samsung-the-freestyle-2nd-gen-projector\/"]}]},{"@type":"ImageObject","inLanguage":"en-US","@id":"https:\/\/tulz.lv\/en\/produkts\/samsung-the-freestyle-2nd-gen-projector\/#primaryimage","url":"https:\/\/tulz.lv\/wp-content\/uploads\/2025\/07\/samsung-freestyle-2nd-gen-projektors-2.jpeg","contentUrl":"https:\/\/tulz.lv\/wp-content\/uploads\/2025\/07\/samsung-freestyle-2nd-gen-projektors-2.jpeg","width":684,"height":547},{"@type":"BreadcrumbList","@id":"https:\/\/tulz.lv\/en\/produkts\/samsung-the-freestyle-2nd-gen-projector\/#breadcrumb","itemListElement":[{"@type":"ListItem","position":1,"name":"S\u0101kums","item":"https:\/\/tulz.lv\/en\/"},{"@type":"ListItem","position":2,"name":"Shop","item":"https:\/\/tulz.lv\/en\/shop\/"},{"@type":"ListItem","position":3,"name":"Samsung The Freestyle 2nd Gen. Projector"}]},{"@type":"WebSite","@id":"https:\/\/tulz.lv\/en\/#website","url":"https:\/\/tulz.lv\/en\/","name":"Tulz.lv","description":"Elektroiek\u0101rtu noma","publisher":{"@id":"https:\/\/tulz.lv\/en\/#organization"},"potentialAction":[{"@type":"SearchAction","target":{"@type":"EntryPoint","urlTemplate":"https:\/\/tulz.lv\/en\/?s={search_term_string}"},"query-input":{"@type":"PropertyValueSpecification","valueRequired":true,"valueName":"search_term_string"}}],"inLanguage":"en-US"},{"@type":"Organization","@id":"https:\/\/tulz.lv\/en\/#organization","name":"Tulz.lv - Elektroiek\u0101rtu noma","alternateName":"Tulz.lv - Instrumentu noma","url":"https:\/\/tulz.lv\/en\/","logo":{"@type":"ImageObject","inLanguage":"en-US","@id":"https:\/\/tulz.lv\/en\/#\/schema\/logo\/image\/","url":"https:\/\/tulz.lv\/wp-content\/uploads\/2025\/05\/tulz-logo.svg","contentUrl":"https:\/\/tulz.lv\/wp-content\/uploads\/2025\/05\/tulz-logo.svg","width":78,"height":36,"caption":"Tulz.lv - Elektroiek\u0101rtu noma"},"image":{"@id":"https:\/\/tulz.lv\/en\/#\/schema\/logo\/image\/"},"sameAs":["https:\/\/www.facebook.com\/tulz.lv","https:\/\/www.instagram.com\/tulz.lv","https:\/\/www.tiktok.com\/@tulz.lv"]}]}},"jetpack_sharing_enabled":true,"jetpack-related-posts":[{"id":2108,"url":"https:\/\/tulz.lv\/produkts\/samsung-the-freestyle-2nd-gen-projektors\/","url_meta":{"origin":2981,"position":0},"title":"Samsung The Freestyle 2nd Gen. projektors","author":"Estere Eversone","date":"08.07.2025","format":false,"excerpt":"1920 x 1080 (FHD) \u2022 Dolby Digital Plus - MS12 2ch P\u0101rn\u0113s\u0101jams viedais projektors \u2028","rel":"","context":"Similar post","block_context":{"text":"Similar post","link":""},"img":{"alt_text":"","src":"https:\/\/i0.wp.com\/tulz.lv\/wp-content\/uploads\/2025\/07\/samsung-freestyle-2nd-gen-projektors-2.jpeg?resize=350%2C200&ssl=1","width":350,"height":200,"srcset":"https:\/\/i0.wp.com\/tulz.lv\/wp-content\/uploads\/2025\/07\/samsung-freestyle-2nd-gen-projektors-2.jpeg?resize=350%2C200&ssl=1 1x, https:\/\/i0.wp.com\/tulz.lv\/wp-content\/uploads\/2025\/07\/samsung-freestyle-2nd-gen-projektors-2.jpeg?resize=525%2C300&ssl=1 1.5x"},"classes":[]},{"id":3694,"url":"https:\/\/tulz.lv\/en\/produkts\/dji-mic-3-2-tx-1-rx-charging-case\/","url_meta":{"origin":2981,"position":1},"title":"DJI Mic 3 (2 TX + 1 RX + Charging Case)","author":"Daniels Gamarra","date":"23.09.2025","format":false,"excerpt":"2 transmitters \u2022 1 receiver \u2022 28 h with charging caseWireless microphone set with crystal-clear sound and a 400 m range.","rel":"","context":"Similar post","block_context":{"text":"Similar post","link":""},"img":{"alt_text":"","src":"https:\/\/i0.wp.com\/tulz.lv\/wp-content\/uploads\/2025\/09\/djimic3_1.jpg?resize=350%2C200&ssl=1","width":350,"height":200,"srcset":"https:\/\/i0.wp.com\/tulz.lv\/wp-content\/uploads\/2025\/09\/djimic3_1.jpg?resize=350%2C200&ssl=1 1x, https:\/\/i0.wp.com\/tulz.lv\/wp-content\/uploads\/2025\/09\/djimic3_1.jpg?resize=525%2C300&ssl=1 1.5x, https:\/\/i0.wp.com\/tulz.lv\/wp-content\/uploads\/2025\/09\/djimic3_1.jpg?resize=700%2C400&ssl=1 2x, https:\/\/i0.wp.com\/tulz.lv\/wp-content\/uploads\/2025\/09\/djimic3_1.jpg?resize=1050%2C600&ssl=1 3x, https:\/\/i0.wp.com\/tulz.lv\/wp-content\/uploads\/2025\/09\/djimic3_1.jpg?resize=1400%2C800&ssl=1 4x"},"classes":[]},{"id":2985,"url":"https:\/\/tulz.lv\/en\/produkts\/game-console-xbox-series-x\/","url_meta":{"origin":2981,"position":2},"title":"Game Console Xbox Series X","author":"Estere Eversone","date":"07.07.2025","format":false,"excerpt":"1 TB \u2022 16 GB GDDR6 Xbox Series X Console \u2013 Power Meets Speed","rel":"","context":"Similar post","block_context":{"text":"Similar post","link":""},"img":{"alt_text":"","src":"https:\/\/i0.wp.com\/tulz.lv\/wp-content\/uploads\/2025\/07\/spelu-konsole-xbox-series-x.webp?resize=350%2C200&ssl=1","width":350,"height":200,"srcset":"https:\/\/i0.wp.com\/tulz.lv\/wp-content\/uploads\/2025\/07\/spelu-konsole-xbox-series-x.webp?resize=350%2C200&ssl=1 1x, https:\/\/i0.wp.com\/tulz.lv\/wp-content\/uploads\/2025\/07\/spelu-konsole-xbox-series-x.webp?resize=525%2C300&ssl=1 1.5x, https:\/\/i0.wp.com\/tulz.lv\/wp-content\/uploads\/2025\/07\/spelu-konsole-xbox-series-x.webp?resize=700%2C400&ssl=1 2x, https:\/\/i0.wp.com\/tulz.lv\/wp-content\/uploads\/2025\/07\/spelu-konsole-xbox-series-x.webp?resize=1050%2C600&ssl=1 3x, https:\/\/i0.wp.com\/tulz.lv\/wp-content\/uploads\/2025\/07\/spelu-konsole-xbox-series-x.webp?resize=1400%2C800&ssl=1 4x"},"classes":[]},{"id":3693,"url":"https:\/\/tulz.lv\/produkts\/dji-mic-3-2-tx-1-rx-charging-case\/","url_meta":{"origin":2981,"position":3},"title":"DJI Mic 3 bezvadu mikrafonu komplekts","author":"Daniels Gamarra","date":"23.09.2025","format":false,"excerpt":"2 raid\u012bt\u0101ji \u2022 1 uztv\u0113r\u0113js \u2022 15 h ar uzl\u0101des k\u0101rbuBezvadu mikrofona komplekts ar krist\u0101ldzidru ska\u0146u un 250 m darb\u012bbas r\u0101diusu.","rel":"","context":"Similar post","block_context":{"text":"Similar post","link":""},"img":{"alt_text":"","src":"https:\/\/i0.wp.com\/tulz.lv\/wp-content\/uploads\/2025\/09\/djimic3_1.jpg?resize=350%2C200&ssl=1","width":350,"height":200,"srcset":"https:\/\/i0.wp.com\/tulz.lv\/wp-content\/uploads\/2025\/09\/djimic3_1.jpg?resize=350%2C200&ssl=1 1x, https:\/\/i0.wp.com\/tulz.lv\/wp-content\/uploads\/2025\/09\/djimic3_1.jpg?resize=525%2C300&ssl=1 1.5x, https:\/\/i0.wp.com\/tulz.lv\/wp-content\/uploads\/2025\/09\/djimic3_1.jpg?resize=700%2C400&ssl=1 2x, https:\/\/i0.wp.com\/tulz.lv\/wp-content\/uploads\/2025\/09\/djimic3_1.jpg?resize=1050%2C600&ssl=1 3x, https:\/\/i0.wp.com\/tulz.lv\/wp-content\/uploads\/2025\/09\/djimic3_1.jpg?resize=1400%2C800&ssl=1 4x"},"classes":[]},{"id":2003,"url":"https:\/\/tulz.lv\/produkts\/spelu-konsole-xbox-series-x\/","url_meta":{"origin":2981,"position":4},"title":"Sp\u0113\u013cu konsole Xbox Series X","author":"Estere Eversone","date":"07.07.2025","format":false,"excerpt":"1 TB \u2022 16 GB GDDR6 Xbox Series X sp\u0113\u013cu konsole \u2013 maksim\u0101ls \u0101trums un jauda","rel":"","context":"Similar post","block_context":{"text":"Similar post","link":""},"img":{"alt_text":"","src":"https:\/\/i0.wp.com\/tulz.lv\/wp-content\/uploads\/2025\/07\/spelu-konsole-xbox-series-x.webp?resize=350%2C200&ssl=1","width":350,"height":200,"srcset":"https:\/\/i0.wp.com\/tulz.lv\/wp-content\/uploads\/2025\/07\/spelu-konsole-xbox-series-x.webp?resize=350%2C200&ssl=1 1x, https:\/\/i0.wp.com\/tulz.lv\/wp-content\/uploads\/2025\/07\/spelu-konsole-xbox-series-x.webp?resize=525%2C300&ssl=1 1.5x, https:\/\/i0.wp.com\/tulz.lv\/wp-content\/uploads\/2025\/07\/spelu-konsole-xbox-series-x.webp?resize=700%2C400&ssl=1 2x, https:\/\/i0.wp.com\/tulz.lv\/wp-content\/uploads\/2025\/07\/spelu-konsole-xbox-series-x.webp?resize=1050%2C600&ssl=1 3x, https:\/\/i0.wp.com\/tulz.lv\/wp-content\/uploads\/2025\/07\/spelu-konsole-xbox-series-x.webp?resize=1400%2C800&ssl=1 4x"},"classes":[]}],"_links":{"self":[{"href":"https:\/\/tulz.lv\/en\/wp-json\/wp\/v2\/product\/2981","targetHints":{"allow":["GET"]}}],"collection":[{"href":"https:\/\/tulz.lv\/en\/wp-json\/wp\/v2\/product"}],"about":[{"href":"https:\/\/tulz.lv\/en\/wp-json\/wp\/v2\/types\/product"}],"wp:featuredmedia":[{"embeddable":true,"href":"https:\/\/tulz.lv\/en\/wp-json\/wp\/v2\/media\/2110"}],"wp:attachment":[{"href":"https:\/\/tulz.lv\/en\/wp-json\/wp\/v2\/media?parent=2981"}],"wp:term":[{"taxonomy":"product_brand","embeddable":true,"href":"https:\/\/tulz.lv\/en\/wp-json\/wp\/v2\/product_brand?post=2981"},{"taxonomy":"product_cat","embeddable":true,"href":"https:\/\/tulz.lv\/en\/wp-json\/wp\/v2\/product_cat?post=2981"},{"taxonomy":"product_tag","embeddable":true,"href":"https:\/\/tulz.lv\/en\/wp-json\/wp\/v2\/product_tag?post=2981"},{"taxonomy":"product_badge","embeddable":true,"href":"https:\/\/tulz.lv\/en\/wp-json\/wp\/v2\/product_badge?post=2981"}],"curies":[{"name":"wp","href":"https:\/\/api.w.org\/{rel}","templated":true}]}}