{"id":2985,"date":"2025-07-07T14:55:54","date_gmt":"2025-07-07T11:55:54","guid":{"rendered":"https:\/\/tulz.lv\/spelu-konsole-xbox-series-x\/"},"modified":"2025-10-13T23:16:38","modified_gmt":"2025-10-13T20:16:38","slug":"game-console-xbox-series-x","status":"publish","type":"product","link":"https:\/\/tulz.lv\/en\/produkts\/game-console-xbox-series-x\/","title":{"rendered":"Game Console Xbox Series X"},"content":{"rendered":"<p><span style=\"font-weight: 400;\">Powerful 1TB console with 4K UHD Blu-ray support, and up to 120 FPS. <\/span><\/p>\n<p><span style=\"font-weight: 400;\">Ultra-fast loading, immersive 3D audio, custom SSD, and advanced cooling. <\/span><\/p>\n<p><span style=\"font-weight: 400;\">Perfect for exciting solo gaming nights or fun multiplayer sessions with friends. <\/span><\/p>\n<p><span style=\"font-weight: 400;\">Includes: 1 controller, 3\u00d7 USB ports, 1\u00d7 HDMI.<\/span><\/p>\n","protected":false},"excerpt":{"rendered":"<p><span style=\"font-weight: 400;\">1 TB \u2022 16 GB GDDR6<\/span><\/p>\n<p><b>Xbox Series X Console \u2013 Power Meets Speed<\/b><\/p>\n","protected":false},"featured_media":2007,"template":"","meta":{"_acf_changed":false},"product_brand":[],"product_cat":[158,192],"product_tag":[],"product_badge":[],"class_list":{"0":"post-2985","1":"product","2":"type-product","3":"status-publish","4":"has-post-thumbnail","6":"product_cat-entertainment","7":"product_cat-game-consoles-en","9":"first","10":"instock","11":"taxable","12":"shipping-taxable","13":"product-type-simple"},"acf":[],"yoast_head":"<!-- This site is optimized with the Yoast SEO plugin v27.1.1 - https:\/\/yoast.com\/product\/yoast-seo-wordpress\/ -->\n<title>Game Console Xbox Series X - Tulz.lv - Elektroiek\u0101rtu noma<\/title>\n<meta name=\"description\" content=\"The Xbox Series X gaming console delivers ultra-fast performance, 4K graphics, and next-gen gaming power. Perfect for serious and casual gamers.\" \/>\n<meta name=\"robots\" content=\"index, follow, max-snippet:-1, max-image-preview:large, max-video-preview:-1\" \/>\n<link rel=\"canonical\" href=\"https:\/\/tulz.lv\/en\/produkts\/game-console-xbox-series-x\/\" \/>\n<meta property=\"og:locale\" content=\"en_US\" \/>\n<meta property=\"og:type\" content=\"article\" \/>\n<meta property=\"og:title\" content=\"Game Console Xbox Series X - Tulz.lv - Elektroiek\u0101rtu noma\" \/>\n<meta property=\"og:description\" content=\"The Xbox Series X gaming console delivers ultra-fast performance, 4K graphics, and next-gen gaming power. Perfect for serious and casual gamers.\" \/>\n<meta property=\"og:url\" content=\"https:\/\/tulz.lv\/en\/produkts\/game-console-xbox-series-x\/\" \/>\n<meta property=\"og:site_name\" content=\"Tulz.lv - Elektroiek\u0101rtu noma\" \/>\n<meta property=\"article:publisher\" content=\"https:\/\/www.facebook.com\/tulz.lv\" \/>\n<meta property=\"article:modified_time\" content=\"2025-10-13T20:16:38+00:00\" \/>\n<meta property=\"og:image\" content=\"https:\/\/tulz.lv\/wp-content\/uploads\/2025\/07\/spelu-konsole-xbox-series-x.webp\" \/>\n\t<meta property=\"og:image:width\" content=\"2000\" \/>\n\t<meta property=\"og:image:height\" content=\"1844\" \/>\n\t<meta property=\"og:image:type\" content=\"image\/webp\" \/>\n<meta name=\"twitter:card\" content=\"summary_large_image\" \/>\n<meta name=\"twitter:label1\" content=\"Est. reading time\" \/>\n\t<meta name=\"twitter:data1\" content=\"1 minute\" \/>\n<script type=\"application\/ld+json\" class=\"yoast-schema-graph\">{\"@context\":\"https:\/\/schema.org\",\"@graph\":[{\"@type\":\"WebPage\",\"@id\":\"https:\/\/tulz.lv\/en\/produkts\/game-console-xbox-series-x\/\",\"url\":\"https:\/\/tulz.lv\/en\/produkts\/game-console-xbox-series-x\/\",\"name\":\"Game Console Xbox Series X - Tulz.lv - Elektroiek\u0101rtu noma\",\"isPartOf\":{\"@id\":\"https:\/\/tulz.lv\/en\/#website\"},\"primaryImageOfPage\":{\"@id\":\"https:\/\/tulz.lv\/en\/produkts\/game-console-xbox-series-x\/#primaryimage\"},\"image\":{\"@id\":\"https:\/\/tulz.lv\/en\/produkts\/game-console-xbox-series-x\/#primaryimage\"},\"thumbnailUrl\":\"https:\/\/tulz.lv\/wp-content\/uploads\/2025\/07\/spelu-konsole-xbox-series-x.webp\",\"datePublished\":\"2025-07-07T11:55:54+00:00\",\"dateModified\":\"2025-10-13T20:16:38+00:00\",\"description\":\"The Xbox Series X gaming console delivers ultra-fast performance, 4K graphics, and next-gen gaming power. Perfect for serious and casual gamers.\",\"breadcrumb\":{\"@id\":\"https:\/\/tulz.lv\/en\/produkts\/game-console-xbox-series-x\/#breadcrumb\"},\"inLanguage\":\"en-US\",\"potentialAction\":[{\"@type\":\"ReadAction\",\"target\":[\"https:\/\/tulz.lv\/en\/produkts\/game-console-xbox-series-x\/\"]}]},{\"@type\":\"ImageObject\",\"inLanguage\":\"en-US\",\"@id\":\"https:\/\/tulz.lv\/en\/produkts\/game-console-xbox-series-x\/#primaryimage\",\"url\":\"https:\/\/tulz.lv\/wp-content\/uploads\/2025\/07\/spelu-konsole-xbox-series-x.webp\",\"contentUrl\":\"https:\/\/tulz.lv\/wp-content\/uploads\/2025\/07\/spelu-konsole-xbox-series-x.webp\",\"width\":2000,\"height\":1844},{\"@type\":\"BreadcrumbList\",\"@id\":\"https:\/\/tulz.lv\/en\/produkts\/game-console-xbox-series-x\/#breadcrumb\",\"itemListElement\":[{\"@type\":\"ListItem\",\"position\":1,\"name\":\"S\u0101kums\",\"item\":\"https:\/\/tulz.lv\/en\/\"},{\"@type\":\"ListItem\",\"position\":2,\"name\":\"Shop\",\"item\":\"https:\/\/tulz.lv\/en\/shop\/\"},{\"@type\":\"ListItem\",\"position\":3,\"name\":\"Game Console Xbox Series X\"}]},{\"@type\":\"WebSite\",\"@id\":\"https:\/\/tulz.lv\/en\/#website\",\"url\":\"https:\/\/tulz.lv\/en\/\",\"name\":\"Tulz.lv\",\"description\":\"Elektroiek\u0101rtu noma\",\"publisher\":{\"@id\":\"https:\/\/tulz.lv\/en\/#organization\"},\"potentialAction\":[{\"@type\":\"SearchAction\",\"target\":{\"@type\":\"EntryPoint\",\"urlTemplate\":\"https:\/\/tulz.lv\/en\/?s={search_term_string}\"},\"query-input\":{\"@type\":\"PropertyValueSpecification\",\"valueRequired\":true,\"valueName\":\"search_term_string\"}}],\"inLanguage\":\"en-US\"},{\"@type\":\"Organization\",\"@id\":\"https:\/\/tulz.lv\/en\/#organization\",\"name\":\"Tulz.lv - Elektroiek\u0101rtu noma\",\"alternateName\":\"Tulz.lv - Instrumentu noma\",\"url\":\"https:\/\/tulz.lv\/en\/\",\"logo\":{\"@type\":\"ImageObject\",\"inLanguage\":\"en-US\",\"@id\":\"https:\/\/tulz.lv\/en\/#\/schema\/logo\/image\/\",\"url\":\"https:\/\/tulz.lv\/wp-content\/uploads\/2025\/05\/tulz-logo.svg\",\"contentUrl\":\"https:\/\/tulz.lv\/wp-content\/uploads\/2025\/05\/tulz-logo.svg\",\"width\":78,\"height\":36,\"caption\":\"Tulz.lv - Elektroiek\u0101rtu noma\"},\"image\":{\"@id\":\"https:\/\/tulz.lv\/en\/#\/schema\/logo\/image\/\"},\"sameAs\":[\"https:\/\/www.facebook.com\/tulz.lv\",\"https:\/\/www.instagram.com\/tulz.lv\",\"https:\/\/www.tiktok.com\/@tulz.lv\"]}]}<\/script>\n<!-- \/ Yoast SEO plugin. -->","yoast_head_json":{"title":"Game Console Xbox Series X - Tulz.lv - Elektroiek\u0101rtu noma","description":"The Xbox Series X gaming console delivers ultra-fast performance, 4K graphics, and next-gen gaming power. Perfect for serious and casual gamers.","robots":{"index":"index","follow":"follow","max-snippet":"max-snippet:-1","max-image-preview":"max-image-preview:large","max-video-preview":"max-video-preview:-1"},"canonical":"https:\/\/tulz.lv\/en\/produkts\/game-console-xbox-series-x\/","og_locale":"en_US","og_type":"article","og_title":"Game Console Xbox Series X - Tulz.lv - Elektroiek\u0101rtu noma","og_description":"The Xbox Series X gaming console delivers ultra-fast performance, 4K graphics, and next-gen gaming power. Perfect for serious and casual gamers.","og_url":"https:\/\/tulz.lv\/en\/produkts\/game-console-xbox-series-x\/","og_site_name":"Tulz.lv - Elektroiek\u0101rtu noma","article_publisher":"https:\/\/www.facebook.com\/tulz.lv","article_modified_time":"2025-10-13T20:16:38+00:00","og_image":[{"width":2000,"height":1844,"url":"https:\/\/tulz.lv\/wp-content\/uploads\/2025\/07\/spelu-konsole-xbox-series-x.webp","type":"image\/webp"}],"twitter_card":"summary_large_image","twitter_misc":{"Est. reading time":"1 minute"},"schema":{"@context":"https:\/\/schema.org","@graph":[{"@type":"WebPage","@id":"https:\/\/tulz.lv\/en\/produkts\/game-console-xbox-series-x\/","url":"https:\/\/tulz.lv\/en\/produkts\/game-console-xbox-series-x\/","name":"Game Console Xbox Series X - Tulz.lv - Elektroiek\u0101rtu noma","isPartOf":{"@id":"https:\/\/tulz.lv\/en\/#website"},"primaryImageOfPage":{"@id":"https:\/\/tulz.lv\/en\/produkts\/game-console-xbox-series-x\/#primaryimage"},"image":{"@id":"https:\/\/tulz.lv\/en\/produkts\/game-console-xbox-series-x\/#primaryimage"},"thumbnailUrl":"https:\/\/tulz.lv\/wp-content\/uploads\/2025\/07\/spelu-konsole-xbox-series-x.webp","datePublished":"2025-07-07T11:55:54+00:00","dateModified":"2025-10-13T20:16:38+00:00","description":"The Xbox Series X gaming console delivers ultra-fast performance, 4K graphics, and next-gen gaming power. Perfect for serious and casual gamers.","breadcrumb":{"@id":"https:\/\/tulz.lv\/en\/produkts\/game-console-xbox-series-x\/#breadcrumb"},"inLanguage":"en-US","potentialAction":[{"@type":"ReadAction","target":["https:\/\/tulz.lv\/en\/produkts\/game-console-xbox-series-x\/"]}]},{"@type":"ImageObject","inLanguage":"en-US","@id":"https:\/\/tulz.lv\/en\/produkts\/game-console-xbox-series-x\/#primaryimage","url":"https:\/\/tulz.lv\/wp-content\/uploads\/2025\/07\/spelu-konsole-xbox-series-x.webp","contentUrl":"https:\/\/tulz.lv\/wp-content\/uploads\/2025\/07\/spelu-konsole-xbox-series-x.webp","width":2000,"height":1844},{"@type":"BreadcrumbList","@id":"https:\/\/tulz.lv\/en\/produkts\/game-console-xbox-series-x\/#breadcrumb","itemListElement":[{"@type":"ListItem","position":1,"name":"S\u0101kums","item":"https:\/\/tulz.lv\/en\/"},{"@type":"ListItem","position":2,"name":"Shop","item":"https:\/\/tulz.lv\/en\/shop\/"},{"@type":"ListItem","position":3,"name":"Game Console Xbox Series X"}]},{"@type":"WebSite","@id":"https:\/\/tulz.lv\/en\/#website","url":"https:\/\/tulz.lv\/en\/","name":"Tulz.lv","description":"Elektroiek\u0101rtu noma","publisher":{"@id":"https:\/\/tulz.lv\/en\/#organization"},"potentialAction":[{"@type":"SearchAction","target":{"@type":"EntryPoint","urlTemplate":"https:\/\/tulz.lv\/en\/?s={search_term_string}"},"query-input":{"@type":"PropertyValueSpecification","valueRequired":true,"valueName":"search_term_string"}}],"inLanguage":"en-US"},{"@type":"Organization","@id":"https:\/\/tulz.lv\/en\/#organization","name":"Tulz.lv - Elektroiek\u0101rtu noma","alternateName":"Tulz.lv - Instrumentu noma","url":"https:\/\/tulz.lv\/en\/","logo":{"@type":"ImageObject","inLanguage":"en-US","@id":"https:\/\/tulz.lv\/en\/#\/schema\/logo\/image\/","url":"https:\/\/tulz.lv\/wp-content\/uploads\/2025\/05\/tulz-logo.svg","contentUrl":"https:\/\/tulz.lv\/wp-content\/uploads\/2025\/05\/tulz-logo.svg","width":78,"height":36,"caption":"Tulz.lv - Elektroiek\u0101rtu noma"},"image":{"@id":"https:\/\/tulz.lv\/en\/#\/schema\/logo\/image\/"},"sameAs":["https:\/\/www.facebook.com\/tulz.lv","https:\/\/www.instagram.com\/tulz.lv","https:\/\/www.tiktok.com\/@tulz.lv"]}]}},"jetpack_sharing_enabled":true,"jetpack-related-posts":[{"id":2003,"url":"https:\/\/tulz.lv\/produkts\/spelu-konsole-xbox-series-x\/","url_meta":{"origin":2985,"position":0},"title":"Sp\u0113\u013cu konsole Xbox Series X","author":"Estere Eversone","date":"07.07.2025","format":false,"excerpt":"1 TB \u2022 16 GB GDDR6 Xbox Series X sp\u0113\u013cu konsole \u2013 maksim\u0101ls \u0101trums un jauda","rel":"","context":"Similar post","block_context":{"text":"Similar post","link":""},"img":{"alt_text":"","src":"https:\/\/i0.wp.com\/tulz.lv\/wp-content\/uploads\/2025\/07\/spelu-konsole-xbox-series-x.webp?resize=350%2C200&ssl=1","width":350,"height":200,"srcset":"https:\/\/i0.wp.com\/tulz.lv\/wp-content\/uploads\/2025\/07\/spelu-konsole-xbox-series-x.webp?resize=350%2C200&ssl=1 1x, https:\/\/i0.wp.com\/tulz.lv\/wp-content\/uploads\/2025\/07\/spelu-konsole-xbox-series-x.webp?resize=525%2C300&ssl=1 1.5x, https:\/\/i0.wp.com\/tulz.lv\/wp-content\/uploads\/2025\/07\/spelu-konsole-xbox-series-x.webp?resize=700%2C400&ssl=1 2x, https:\/\/i0.wp.com\/tulz.lv\/wp-content\/uploads\/2025\/07\/spelu-konsole-xbox-series-x.webp?resize=1050%2C600&ssl=1 3x, https:\/\/i0.wp.com\/tulz.lv\/wp-content\/uploads\/2025\/07\/spelu-konsole-xbox-series-x.webp?resize=1400%2C800&ssl=1 4x"},"classes":[]},{"id":2983,"url":"https:\/\/tulz.lv\/en\/produkts\/game-console-nintendo-switch-2\/","url_meta":{"origin":2985,"position":1},"title":"Game Console Nintendo Switch 2","author":"Estere Eversone","date":"02.07.2025","format":false,"excerpt":"256 GB \u2022 7.9\" \u2022 4k Portable Gaming Fun \u2013 At Home or on the Go\u2028","rel":"","context":"Similar post","block_context":{"text":"Similar post","link":""},"img":{"alt_text":"","src":"https:\/\/i0.wp.com\/tulz.lv\/wp-content\/uploads\/2025\/07\/Nintendo-switch-2-mario-kart-scaled.jpg?resize=350%2C200&ssl=1","width":350,"height":200,"srcset":"https:\/\/i0.wp.com\/tulz.lv\/wp-content\/uploads\/2025\/07\/Nintendo-switch-2-mario-kart-scaled.jpg?resize=350%2C200&ssl=1 1x, https:\/\/i0.wp.com\/tulz.lv\/wp-content\/uploads\/2025\/07\/Nintendo-switch-2-mario-kart-scaled.jpg?resize=525%2C300&ssl=1 1.5x, https:\/\/i0.wp.com\/tulz.lv\/wp-content\/uploads\/2025\/07\/Nintendo-switch-2-mario-kart-scaled.jpg?resize=700%2C400&ssl=1 2x, https:\/\/i0.wp.com\/tulz.lv\/wp-content\/uploads\/2025\/07\/Nintendo-switch-2-mario-kart-scaled.jpg?resize=1050%2C600&ssl=1 3x, https:\/\/i0.wp.com\/tulz.lv\/wp-content\/uploads\/2025\/07\/Nintendo-switch-2-mario-kart-scaled.jpg?resize=1400%2C800&ssl=1 4x"},"classes":[]},{"id":1112,"url":"https:\/\/tulz.lv\/produkts\/ripzagis-makita-5008mg\/","url_meta":{"origin":2985,"position":2},"title":"Ripz\u0101\u0123is Makita 5008MG","author":"Estere Eversone","date":"16.06.2025","format":false,"excerpt":"1800W \u2022 5200min-1 \u2022 210mm\u00a0 Jaud\u012bgs un prec\u012bzs ripz\u0101\u0123is profesion\u0101lai lieto\u0161anai","rel":"","context":"Similar post","block_context":{"text":"Similar post","link":""},"img":{"alt_text":"","src":"https:\/\/i0.wp.com\/tulz.lv\/wp-content\/uploads\/2025\/06\/makita-5008mg-ripzagis.jpg?resize=350%2C200&ssl=1","width":350,"height":200,"srcset":"https:\/\/i0.wp.com\/tulz.lv\/wp-content\/uploads\/2025\/06\/makita-5008mg-ripzagis.jpg?resize=350%2C200&ssl=1 1x, https:\/\/i0.wp.com\/tulz.lv\/wp-content\/uploads\/2025\/06\/makita-5008mg-ripzagis.jpg?resize=525%2C300&ssl=1 1.5x, https:\/\/i0.wp.com\/tulz.lv\/wp-content\/uploads\/2025\/06\/makita-5008mg-ripzagis.jpg?resize=700%2C400&ssl=1 2x"},"classes":[]},{"id":2959,"url":"https:\/\/tulz.lv\/en\/produkts\/circular-saw-makita-5008mg\/","url_meta":{"origin":2985,"position":3},"title":"Circular Saw Makita 5008MG","author":"Estere Eversone","date":"16.06.2025","format":false,"excerpt":"1800W \u2022 5200min-1 \u2022 210mm\u00a0 Powerful and Precise Circular Saw for Professional Use","rel":"","context":"Similar post","block_context":{"text":"Similar post","link":""},"img":{"alt_text":"","src":"https:\/\/i0.wp.com\/tulz.lv\/wp-content\/uploads\/2025\/06\/makita-5008mg-ripzagis.jpg?resize=350%2C200&ssl=1","width":350,"height":200,"srcset":"https:\/\/i0.wp.com\/tulz.lv\/wp-content\/uploads\/2025\/06\/makita-5008mg-ripzagis.jpg?resize=350%2C200&ssl=1 1x, https:\/\/i0.wp.com\/tulz.lv\/wp-content\/uploads\/2025\/06\/makita-5008mg-ripzagis.jpg?resize=525%2C300&ssl=1 1.5x, https:\/\/i0.wp.com\/tulz.lv\/wp-content\/uploads\/2025\/06\/makita-5008mg-ripzagis.jpg?resize=700%2C400&ssl=1 2x"},"classes":[]},{"id":2981,"url":"https:\/\/tulz.lv\/en\/produkts\/samsung-the-freestyle-2nd-gen-projector\/","url_meta":{"origin":2985,"position":4},"title":"Samsung The Freestyle 2nd Gen. Projector","author":"Estere Eversone","date":"08.07.2025","format":false,"excerpt":"1920 x 1080 (FHD) \u2022 Dolby Digital Plus - MS12 2ch Portable Smart Projector","rel":"","context":"Similar post","block_context":{"text":"Similar post","link":""},"img":{"alt_text":"","src":"https:\/\/i0.wp.com\/tulz.lv\/wp-content\/uploads\/2025\/07\/samsung-freestyle-2nd-gen-projektors-2.jpeg?resize=350%2C200&ssl=1","width":350,"height":200,"srcset":"https:\/\/i0.wp.com\/tulz.lv\/wp-content\/uploads\/2025\/07\/samsung-freestyle-2nd-gen-projektors-2.jpeg?resize=350%2C200&ssl=1 1x, https:\/\/i0.wp.com\/tulz.lv\/wp-content\/uploads\/2025\/07\/samsung-freestyle-2nd-gen-projektors-2.jpeg?resize=525%2C300&ssl=1 1.5x"},"classes":[]},{"id":2108,"url":"https:\/\/tulz.lv\/produkts\/samsung-the-freestyle-2nd-gen-projektors\/","url_meta":{"origin":2985,"position":5},"title":"Samsung The Freestyle 2nd Gen. projektors","author":"Estere Eversone","date":"08.07.2025","format":false,"excerpt":"1920 x 1080 (FHD) \u2022 Dolby Digital Plus - MS12 2ch P\u0101rn\u0113s\u0101jams viedais projektors \u2028","rel":"","context":"Similar post","block_context":{"text":"Similar post","link":""},"img":{"alt_text":"","src":"https:\/\/i0.wp.com\/tulz.lv\/wp-content\/uploads\/2025\/07\/samsung-freestyle-2nd-gen-projektors-2.jpeg?resize=350%2C200&ssl=1","width":350,"height":200,"srcset":"https:\/\/i0.wp.com\/tulz.lv\/wp-content\/uploads\/2025\/07\/samsung-freestyle-2nd-gen-projektors-2.jpeg?resize=350%2C200&ssl=1 1x, https:\/\/i0.wp.com\/tulz.lv\/wp-content\/uploads\/2025\/07\/samsung-freestyle-2nd-gen-projektors-2.jpeg?resize=525%2C300&ssl=1 1.5x"},"classes":[]}],"_links":{"self":[{"href":"https:\/\/tulz.lv\/en\/wp-json\/wp\/v2\/product\/2985","targetHints":{"allow":["GET"]}}],"collection":[{"href":"https:\/\/tulz.lv\/en\/wp-json\/wp\/v2\/product"}],"about":[{"href":"https:\/\/tulz.lv\/en\/wp-json\/wp\/v2\/types\/product"}],"wp:featuredmedia":[{"embeddable":true,"href":"https:\/\/tulz.lv\/en\/wp-json\/wp\/v2\/media\/2007"}],"wp:attachment":[{"href":"https:\/\/tulz.lv\/en\/wp-json\/wp\/v2\/media?parent=2985"}],"wp:term":[{"taxonomy":"product_brand","embeddable":true,"href":"https:\/\/tulz.lv\/en\/wp-json\/wp\/v2\/product_brand?post=2985"},{"taxonomy":"product_cat","embeddable":true,"href":"https:\/\/tulz.lv\/en\/wp-json\/wp\/v2\/product_cat?post=2985"},{"taxonomy":"product_tag","embeddable":true,"href":"https:\/\/tulz.lv\/en\/wp-json\/wp\/v2\/product_tag?post=2985"},{"taxonomy":"product_badge","embeddable":true,"href":"https:\/\/tulz.lv\/en\/wp-json\/wp\/v2\/product_badge?post=2985"}],"curies":[{"name":"wp","href":"https:\/\/api.w.org\/{rel}","templated":true}]}}