{"id":3783,"date":"2025-09-30T08:25:22","date_gmt":"2025-09-30T05:25:22","guid":{"rendered":"https:\/\/tulz.lv\/produkts\/gaisa-putejs-makita-dub185-2\/"},"modified":"2025-10-13T22:29:55","modified_gmt":"2025-10-13T19:29:55","slug":"cordless-blower-makita-dub185-2","status":"publish","type":"product","link":"https:\/\/tulz.lv\/en\/produkts\/cordless-blower-makita-dub185-2\/","title":{"rendered":"Cordless blower Makita DUB362"},"content":{"rendered":"<p data-start=\"0\" data-end=\"265\">A versatile and extremely efficient blower for construction and gardening. Equipped with a brushless motor and two 18V LXT\u00ae batteries that achieve a voltage of 36V. The blow tube length can be adjusted up to 100 mm, speed control from a switch.<\/p>\n<p data-start=\"267\" data-end=\"289\">Rental set includes:<\/p>\n<ul>\n<li data-start=\"292\" data-end=\"307\">Device DUB362<\/li>\n<li data-start=\"310\" data-end=\"343\">2\u00d7 LXT\u00ae 3.0Ah batteries BL1830B<\/li>\n<li data-start=\"346\" data-end=\"362\">Charger DC18RD<\/li>\n<li data-start=\"346\" data-end=\"362\">Flat nozzle 197889-6<\/li>\n<li data-start=\"346\" data-end=\"362\">Blower Extension Nozzle \u00d8100mm 455915-0<\/li>\n<li data-start=\"346\" data-end=\"362\">Blower Extension Nozzle 197888-8<\/li>\n<\/ul>\n<p data-start=\"364\" data-end=\"388\" data-is-last-node=\"\" data-is-only-node=\"\"><strong>Full item value:<\/strong> \u20ac487.29<\/p>\n","protected":false},"excerpt":{"rendered":"<p>36 V (2\u00d718V) \u2022 54 m\/s \u2022 13,4 m\u00b3\/min<\/p>\n<p><strong>Efficient brushless blower for demanding use<\/strong><\/p>\n","protected":false},"featured_media":3784,"template":"","meta":{"_acf_changed":false},"product_brand":[],"product_cat":[90,86,88],"product_tag":[],"product_badge":[],"class_list":{"0":"post-3783","1":"product","2":"type-product","3":"status-publish","4":"has-post-thumbnail","6":"product_cat-accumulator-tools","7":"product_cat-garden-equipment","8":"product_cat-tools","10":"first","11":"instock","12":"taxable","13":"shipping-taxable","14":"purchasable","15":"product-type-simple"},"acf":[],"yoast_head":"<!-- This site is optimized with the Yoast SEO plugin v27.1.1 - https:\/\/yoast.com\/product\/yoast-seo-wordpress\/ -->\n<title>Cordless blower Makita DUB362 - Tulz.lv - Elektroiek\u0101rtu noma<\/title>\n<meta name=\"description\" content=\"Powerful and quiet Makita DUB362 blower with brushless motor and dual 18V batteries. Ideal for garden, construction, and outdoor cleaning.\" \/>\n<meta name=\"robots\" content=\"index, follow, max-snippet:-1, max-image-preview:large, max-video-preview:-1\" \/>\n<link rel=\"canonical\" href=\"https:\/\/tulz.lv\/en\/produkts\/cordless-blower-makita-dub185-2\/\" \/>\n<meta property=\"og:locale\" content=\"en_US\" \/>\n<meta property=\"og:type\" content=\"article\" \/>\n<meta property=\"og:title\" content=\"Cordless blower Makita DUB362 - Tulz.lv - Elektroiek\u0101rtu noma\" \/>\n<meta property=\"og:description\" content=\"Powerful and quiet Makita DUB362 blower with brushless motor and dual 18V batteries. Ideal for garden, construction, and outdoor cleaning.\" \/>\n<meta property=\"og:url\" content=\"https:\/\/tulz.lv\/en\/produkts\/cordless-blower-makita-dub185-2\/\" \/>\n<meta property=\"og:site_name\" content=\"Tulz.lv - Elektroiek\u0101rtu noma\" \/>\n<meta property=\"article:publisher\" content=\"https:\/\/www.facebook.com\/tulz.lv\" \/>\n<meta property=\"article:modified_time\" content=\"2025-10-13T19:29:55+00:00\" \/>\n<meta property=\"og:image\" content=\"https:\/\/tulz.lv\/wp-content\/uploads\/2025\/09\/DUB362_C2C0.jpg\" \/>\n\t<meta property=\"og:image:width\" content=\"1000\" \/>\n\t<meta property=\"og:image:height\" content=\"779\" \/>\n\t<meta property=\"og:image:type\" content=\"image\/jpeg\" \/>\n<meta name=\"twitter:card\" content=\"summary_large_image\" \/>\n<meta name=\"twitter:label1\" content=\"Est. reading time\" \/>\n\t<meta name=\"twitter:data1\" content=\"1 minute\" \/>\n<script type=\"application\/ld+json\" class=\"yoast-schema-graph\">{\"@context\":\"https:\/\/schema.org\",\"@graph\":[{\"@type\":\"WebPage\",\"@id\":\"https:\/\/tulz.lv\/en\/produkts\/cordless-blower-makita-dub185-2\/\",\"url\":\"https:\/\/tulz.lv\/en\/produkts\/cordless-blower-makita-dub185-2\/\",\"name\":\"Cordless blower Makita DUB362 - Tulz.lv - Elektroiek\u0101rtu noma\",\"isPartOf\":{\"@id\":\"https:\/\/tulz.lv\/en\/#website\"},\"primaryImageOfPage\":{\"@id\":\"https:\/\/tulz.lv\/en\/produkts\/cordless-blower-makita-dub185-2\/#primaryimage\"},\"image\":{\"@id\":\"https:\/\/tulz.lv\/en\/produkts\/cordless-blower-makita-dub185-2\/#primaryimage\"},\"thumbnailUrl\":\"https:\/\/tulz.lv\/wp-content\/uploads\/2025\/09\/DUB362_C2C0.jpg\",\"datePublished\":\"2025-09-30T05:25:22+00:00\",\"dateModified\":\"2025-10-13T19:29:55+00:00\",\"description\":\"Powerful and quiet Makita DUB362 blower with brushless motor and dual 18V batteries. Ideal for garden, construction, and outdoor cleaning.\",\"breadcrumb\":{\"@id\":\"https:\/\/tulz.lv\/en\/produkts\/cordless-blower-makita-dub185-2\/#breadcrumb\"},\"inLanguage\":\"en-US\",\"potentialAction\":[{\"@type\":\"ReadAction\",\"target\":[\"https:\/\/tulz.lv\/en\/produkts\/cordless-blower-makita-dub185-2\/\"]}]},{\"@type\":\"ImageObject\",\"inLanguage\":\"en-US\",\"@id\":\"https:\/\/tulz.lv\/en\/produkts\/cordless-blower-makita-dub185-2\/#primaryimage\",\"url\":\"https:\/\/tulz.lv\/wp-content\/uploads\/2025\/09\/DUB362_C2C0.jpg\",\"contentUrl\":\"https:\/\/tulz.lv\/wp-content\/uploads\/2025\/09\/DUB362_C2C0.jpg\",\"width\":1000,\"height\":779,\"caption\":\"Gaisa p\u016bt\u0113js Makita DUB362\"},{\"@type\":\"BreadcrumbList\",\"@id\":\"https:\/\/tulz.lv\/en\/produkts\/cordless-blower-makita-dub185-2\/#breadcrumb\",\"itemListElement\":[{\"@type\":\"ListItem\",\"position\":1,\"name\":\"S\u0101kums\",\"item\":\"https:\/\/tulz.lv\/en\/\"},{\"@type\":\"ListItem\",\"position\":2,\"name\":\"Shop\",\"item\":\"https:\/\/tulz.lv\/en\/shop\/\"},{\"@type\":\"ListItem\",\"position\":3,\"name\":\"Cordless blower Makita DUB362\"}]},{\"@type\":\"WebSite\",\"@id\":\"https:\/\/tulz.lv\/en\/#website\",\"url\":\"https:\/\/tulz.lv\/en\/\",\"name\":\"Tulz.lv\",\"description\":\"Elektroiek\u0101rtu noma\",\"publisher\":{\"@id\":\"https:\/\/tulz.lv\/en\/#organization\"},\"potentialAction\":[{\"@type\":\"SearchAction\",\"target\":{\"@type\":\"EntryPoint\",\"urlTemplate\":\"https:\/\/tulz.lv\/en\/?s={search_term_string}\"},\"query-input\":{\"@type\":\"PropertyValueSpecification\",\"valueRequired\":true,\"valueName\":\"search_term_string\"}}],\"inLanguage\":\"en-US\"},{\"@type\":\"Organization\",\"@id\":\"https:\/\/tulz.lv\/en\/#organization\",\"name\":\"Tulz.lv - Elektroiek\u0101rtu noma\",\"alternateName\":\"Tulz.lv - Instrumentu noma\",\"url\":\"https:\/\/tulz.lv\/en\/\",\"logo\":{\"@type\":\"ImageObject\",\"inLanguage\":\"en-US\",\"@id\":\"https:\/\/tulz.lv\/en\/#\/schema\/logo\/image\/\",\"url\":\"https:\/\/tulz.lv\/wp-content\/uploads\/2025\/05\/tulz-logo.svg\",\"contentUrl\":\"https:\/\/tulz.lv\/wp-content\/uploads\/2025\/05\/tulz-logo.svg\",\"width\":78,\"height\":36,\"caption\":\"Tulz.lv - Elektroiek\u0101rtu noma\"},\"image\":{\"@id\":\"https:\/\/tulz.lv\/en\/#\/schema\/logo\/image\/\"},\"sameAs\":[\"https:\/\/www.facebook.com\/tulz.lv\",\"https:\/\/www.instagram.com\/tulz.lv\",\"https:\/\/www.tiktok.com\/@tulz.lv\"]}]}<\/script>\n<!-- \/ Yoast SEO plugin. -->","yoast_head_json":{"title":"Cordless blower Makita DUB362 - Tulz.lv - Elektroiek\u0101rtu noma","description":"Powerful and quiet Makita DUB362 blower with brushless motor and dual 18V batteries. Ideal for garden, construction, and outdoor cleaning.","robots":{"index":"index","follow":"follow","max-snippet":"max-snippet:-1","max-image-preview":"max-image-preview:large","max-video-preview":"max-video-preview:-1"},"canonical":"https:\/\/tulz.lv\/en\/produkts\/cordless-blower-makita-dub185-2\/","og_locale":"en_US","og_type":"article","og_title":"Cordless blower Makita DUB362 - Tulz.lv - Elektroiek\u0101rtu noma","og_description":"Powerful and quiet Makita DUB362 blower with brushless motor and dual 18V batteries. Ideal for garden, construction, and outdoor cleaning.","og_url":"https:\/\/tulz.lv\/en\/produkts\/cordless-blower-makita-dub185-2\/","og_site_name":"Tulz.lv - Elektroiek\u0101rtu noma","article_publisher":"https:\/\/www.facebook.com\/tulz.lv","article_modified_time":"2025-10-13T19:29:55+00:00","og_image":[{"width":1000,"height":779,"url":"https:\/\/tulz.lv\/wp-content\/uploads\/2025\/09\/DUB362_C2C0.jpg","type":"image\/jpeg"}],"twitter_card":"summary_large_image","twitter_misc":{"Est. reading time":"1 minute"},"schema":{"@context":"https:\/\/schema.org","@graph":[{"@type":"WebPage","@id":"https:\/\/tulz.lv\/en\/produkts\/cordless-blower-makita-dub185-2\/","url":"https:\/\/tulz.lv\/en\/produkts\/cordless-blower-makita-dub185-2\/","name":"Cordless blower Makita DUB362 - Tulz.lv - Elektroiek\u0101rtu noma","isPartOf":{"@id":"https:\/\/tulz.lv\/en\/#website"},"primaryImageOfPage":{"@id":"https:\/\/tulz.lv\/en\/produkts\/cordless-blower-makita-dub185-2\/#primaryimage"},"image":{"@id":"https:\/\/tulz.lv\/en\/produkts\/cordless-blower-makita-dub185-2\/#primaryimage"},"thumbnailUrl":"https:\/\/tulz.lv\/wp-content\/uploads\/2025\/09\/DUB362_C2C0.jpg","datePublished":"2025-09-30T05:25:22+00:00","dateModified":"2025-10-13T19:29:55+00:00","description":"Powerful and quiet Makita DUB362 blower with brushless motor and dual 18V batteries. Ideal for garden, construction, and outdoor cleaning.","breadcrumb":{"@id":"https:\/\/tulz.lv\/en\/produkts\/cordless-blower-makita-dub185-2\/#breadcrumb"},"inLanguage":"en-US","potentialAction":[{"@type":"ReadAction","target":["https:\/\/tulz.lv\/en\/produkts\/cordless-blower-makita-dub185-2\/"]}]},{"@type":"ImageObject","inLanguage":"en-US","@id":"https:\/\/tulz.lv\/en\/produkts\/cordless-blower-makita-dub185-2\/#primaryimage","url":"https:\/\/tulz.lv\/wp-content\/uploads\/2025\/09\/DUB362_C2C0.jpg","contentUrl":"https:\/\/tulz.lv\/wp-content\/uploads\/2025\/09\/DUB362_C2C0.jpg","width":1000,"height":779,"caption":"Gaisa p\u016bt\u0113js Makita DUB362"},{"@type":"BreadcrumbList","@id":"https:\/\/tulz.lv\/en\/produkts\/cordless-blower-makita-dub185-2\/#breadcrumb","itemListElement":[{"@type":"ListItem","position":1,"name":"S\u0101kums","item":"https:\/\/tulz.lv\/en\/"},{"@type":"ListItem","position":2,"name":"Shop","item":"https:\/\/tulz.lv\/en\/shop\/"},{"@type":"ListItem","position":3,"name":"Cordless blower Makita DUB362"}]},{"@type":"WebSite","@id":"https:\/\/tulz.lv\/en\/#website","url":"https:\/\/tulz.lv\/en\/","name":"Tulz.lv","description":"Elektroiek\u0101rtu noma","publisher":{"@id":"https:\/\/tulz.lv\/en\/#organization"},"potentialAction":[{"@type":"SearchAction","target":{"@type":"EntryPoint","urlTemplate":"https:\/\/tulz.lv\/en\/?s={search_term_string}"},"query-input":{"@type":"PropertyValueSpecification","valueRequired":true,"valueName":"search_term_string"}}],"inLanguage":"en-US"},{"@type":"Organization","@id":"https:\/\/tulz.lv\/en\/#organization","name":"Tulz.lv - Elektroiek\u0101rtu noma","alternateName":"Tulz.lv - Instrumentu noma","url":"https:\/\/tulz.lv\/en\/","logo":{"@type":"ImageObject","inLanguage":"en-US","@id":"https:\/\/tulz.lv\/en\/#\/schema\/logo\/image\/","url":"https:\/\/tulz.lv\/wp-content\/uploads\/2025\/05\/tulz-logo.svg","contentUrl":"https:\/\/tulz.lv\/wp-content\/uploads\/2025\/05\/tulz-logo.svg","width":78,"height":36,"caption":"Tulz.lv - Elektroiek\u0101rtu noma"},"image":{"@id":"https:\/\/tulz.lv\/en\/#\/schema\/logo\/image\/"},"sameAs":["https:\/\/www.facebook.com\/tulz.lv","https:\/\/www.instagram.com\/tulz.lv","https:\/\/www.tiktok.com\/@tulz.lv"]}]}},"jetpack_sharing_enabled":true,"jetpack-related-posts":[{"id":2951,"url":"https:\/\/tulz.lv\/en\/produkts\/lxt-cordless-combination-hammer-makita-dtw1002\/","url_meta":{"origin":3783,"position":0},"title":"LXT\u00ae Cordless Impact Wrench Makita DTW1002","author":"Estere Eversone","date":"06.07.2025","format":false,"excerpt":"18V \u2022 1\/2\" \u2022 1200Nm \u2022 0-1800min-1 Cordless Impact Wrench with Brushless Motor","rel":"","context":"Similar post","block_context":{"text":"Similar post","link":""},"img":{"alt_text":"","src":"https:\/\/i0.wp.com\/tulz.lv\/wp-content\/uploads\/2025\/07\/akumulatora-trieciena-uzgrieznu-atslega-makita-dtw1002.jpg?resize=350%2C200&ssl=1","width":350,"height":200,"srcset":"https:\/\/i0.wp.com\/tulz.lv\/wp-content\/uploads\/2025\/07\/akumulatora-trieciena-uzgrieznu-atslega-makita-dtw1002.jpg?resize=350%2C200&ssl=1 1x, https:\/\/i0.wp.com\/tulz.lv\/wp-content\/uploads\/2025\/07\/akumulatora-trieciena-uzgrieznu-atslega-makita-dtw1002.jpg?resize=525%2C300&ssl=1 1.5x, https:\/\/i0.wp.com\/tulz.lv\/wp-content\/uploads\/2025\/07\/akumulatora-trieciena-uzgrieznu-atslega-makita-dtw1002.jpg?resize=700%2C400&ssl=1 2x"},"classes":[]},{"id":2953,"url":"https:\/\/tulz.lv\/en\/produkts\/lxt-cordless-drill-driver-makita-ddf487\/","url_meta":{"origin":3783,"position":1},"title":"Cordless Drill Driver Makita","author":"Estere Eversone","date":"17.06.2025","format":false,"excerpt":"18V \u2022 40 Nm \u2022 0 \u2013 1 700 min\u207b\u00b9\u00a0 Powerful and Compact Cordless Drill Driver","rel":"","context":"Similar post","block_context":{"text":"Similar post","link":""},"img":{"alt_text":"","src":"https:\/\/i0.wp.com\/tulz.lv\/wp-content\/uploads\/2025\/06\/akumulatora-urbjmasina-makita-ddf487.jpg?resize=350%2C200&ssl=1","width":350,"height":200,"srcset":"https:\/\/i0.wp.com\/tulz.lv\/wp-content\/uploads\/2025\/06\/akumulatora-urbjmasina-makita-ddf487.jpg?resize=350%2C200&ssl=1 1x, https:\/\/i0.wp.com\/tulz.lv\/wp-content\/uploads\/2025\/06\/akumulatora-urbjmasina-makita-ddf487.jpg?resize=525%2C300&ssl=1 1.5x"},"classes":[]},{"id":1596,"url":"https:\/\/tulz.lv\/produkts\/lxt-akumulatora-trieciena-uzgrieznu-atslega-makita-dtw1002\/","url_meta":{"origin":3783,"position":2},"title":"Akumulatora trieciena uzgrie\u017e\u0146u atsl\u0113ga Makita","author":"Estere Eversone","date":"06.07.2025","format":false,"excerpt":"18V \u2022 1\/2\" \u2022 1200Nm \u2022 0-1800min-1 Bezvada triecienuzgrie\u017e\u0146atsl\u0113ga atsl\u0113ga ar bezsuku motoru","rel":"","context":"Similar post","block_context":{"text":"Similar post","link":""},"img":{"alt_text":"","src":"https:\/\/i0.wp.com\/tulz.lv\/wp-content\/uploads\/2025\/07\/akumulatora-trieciena-uzgrieznu-atslega-makita-dtw1002.jpg?resize=350%2C200&ssl=1","width":350,"height":200,"srcset":"https:\/\/i0.wp.com\/tulz.lv\/wp-content\/uploads\/2025\/07\/akumulatora-trieciena-uzgrieznu-atslega-makita-dtw1002.jpg?resize=350%2C200&ssl=1 1x, https:\/\/i0.wp.com\/tulz.lv\/wp-content\/uploads\/2025\/07\/akumulatora-trieciena-uzgrieznu-atslega-makita-dtw1002.jpg?resize=525%2C300&ssl=1 1.5x, https:\/\/i0.wp.com\/tulz.lv\/wp-content\/uploads\/2025\/07\/akumulatora-trieciena-uzgrieznu-atslega-makita-dtw1002.jpg?resize=700%2C400&ssl=1 2x"},"classes":[]},{"id":1153,"url":"https:\/\/tulz.lv\/produkts\/lxt-akumulatora-urbjmasina-makita-ddf487\/","url_meta":{"origin":3783,"position":3},"title":"Akumulatora urbjma\u0161\u012bna Makita","author":"Estere Eversone","date":"17.06.2025","format":false,"excerpt":"18V \u2022 40 Nm \u2022 0 \u2013 1 700 min\u207b\u00b9\u00a0 Jaud\u012bgs un kompakts bezvadu urbjma\u0161\u012bna-skr\u016bvgriezis","rel":"","context":"Similar post","block_context":{"text":"Similar post","link":""},"img":{"alt_text":"","src":"https:\/\/i0.wp.com\/tulz.lv\/wp-content\/uploads\/2025\/06\/akumulatora-urbjmasina-makita-ddf487.jpg?resize=350%2C200&ssl=1","width":350,"height":200,"srcset":"https:\/\/i0.wp.com\/tulz.lv\/wp-content\/uploads\/2025\/06\/akumulatora-urbjmasina-makita-ddf487.jpg?resize=350%2C200&ssl=1 1x, https:\/\/i0.wp.com\/tulz.lv\/wp-content\/uploads\/2025\/06\/akumulatora-urbjmasina-makita-ddf487.jpg?resize=525%2C300&ssl=1 1.5x"},"classes":[]},{"id":3771,"url":"https:\/\/tulz.lv\/produkts\/gaisa-putejs-makita-dub185-2\/","url_meta":{"origin":3783,"position":4},"title":"Gaisa p\u016bt\u0113js Makita DUB362","author":"Estere Eversone","date":"30.09.2025","format":false,"excerpt":"18V X2 \u2022 54m\/s \u2022 13.4m\u00b3\/min Efekt\u012bvs gaisa p\u016bt\u0113js ar BL motoru pla\u0161am pielietojumam celtniec\u012bb\u0101 un d\u0101rz\u0101","rel":"","context":"Similar post","block_context":{"text":"Similar post","link":""},"img":{"alt_text":"Gaisa p\u016bt\u0113js Makita DUB362","src":"https:\/\/i0.wp.com\/tulz.lv\/wp-content\/uploads\/2025\/09\/DUB362_C2C0.jpg?resize=350%2C200&ssl=1","width":350,"height":200,"srcset":"https:\/\/i0.wp.com\/tulz.lv\/wp-content\/uploads\/2025\/09\/DUB362_C2C0.jpg?resize=350%2C200&ssl=1 1x, https:\/\/i0.wp.com\/tulz.lv\/wp-content\/uploads\/2025\/09\/DUB362_C2C0.jpg?resize=525%2C300&ssl=1 1.5x, https:\/\/i0.wp.com\/tulz.lv\/wp-content\/uploads\/2025\/09\/DUB362_C2C0.jpg?resize=700%2C400&ssl=1 2x"},"classes":[]},{"id":3112,"url":"https:\/\/tulz.lv\/en\/produkts\/karcher-logu-mazgatajs\/","url_meta":{"origin":3783,"position":5},"title":"K\u00e4rcher Window Cleaner WV 5 Plus N","author":"Estere Eversone","date":"04.09.2025","format":false,"excerpt":"100 ml \u2022 35 min\u00a0 Window Cleaner with Battery and Interchangeable Nozzles","rel":"","context":"Similar post","block_context":{"text":"Similar post","link":""},"img":{"alt_text":"","src":"https:\/\/i0.wp.com\/tulz.lv\/wp-content\/uploads\/2025\/09\/karcher-logu-mazgatajs.jpeg?resize=350%2C200&ssl=1","width":350,"height":200,"srcset":"https:\/\/i0.wp.com\/tulz.lv\/wp-content\/uploads\/2025\/09\/karcher-logu-mazgatajs.jpeg?resize=350%2C200&ssl=1 1x, https:\/\/i0.wp.com\/tulz.lv\/wp-content\/uploads\/2025\/09\/karcher-logu-mazgatajs.jpeg?resize=525%2C300&ssl=1 1.5x, https:\/\/i0.wp.com\/tulz.lv\/wp-content\/uploads\/2025\/09\/karcher-logu-mazgatajs.jpeg?resize=700%2C400&ssl=1 2x, https:\/\/i0.wp.com\/tulz.lv\/wp-content\/uploads\/2025\/09\/karcher-logu-mazgatajs.jpeg?resize=1050%2C600&ssl=1 3x, https:\/\/i0.wp.com\/tulz.lv\/wp-content\/uploads\/2025\/09\/karcher-logu-mazgatajs.jpeg?resize=1400%2C800&ssl=1 4x"},"classes":[]}],"_links":{"self":[{"href":"https:\/\/tulz.lv\/en\/wp-json\/wp\/v2\/product\/3783","targetHints":{"allow":["GET"]}}],"collection":[{"href":"https:\/\/tulz.lv\/en\/wp-json\/wp\/v2\/product"}],"about":[{"href":"https:\/\/tulz.lv\/en\/wp-json\/wp\/v2\/types\/product"}],"wp:featuredmedia":[{"embeddable":true,"href":"https:\/\/tulz.lv\/en\/wp-json\/wp\/v2\/media\/3784"}],"wp:attachment":[{"href":"https:\/\/tulz.lv\/en\/wp-json\/wp\/v2\/media?parent=3783"}],"wp:term":[{"taxonomy":"product_brand","embeddable":true,"href":"https:\/\/tulz.lv\/en\/wp-json\/wp\/v2\/product_brand?post=3783"},{"taxonomy":"product_cat","embeddable":true,"href":"https:\/\/tulz.lv\/en\/wp-json\/wp\/v2\/product_cat?post=3783"},{"taxonomy":"product_tag","embeddable":true,"href":"https:\/\/tulz.lv\/en\/wp-json\/wp\/v2\/product_tag?post=3783"},{"taxonomy":"product_badge","embeddable":true,"href":"https:\/\/tulz.lv\/en\/wp-json\/wp\/v2\/product_badge?post=3783"}],"curies":[{"name":"wp","href":"https:\/\/api.w.org\/{rel}","templated":true}]}}