{"id":4969,"date":"2026-03-09T15:23:40","date_gmt":"2026-03-09T13:23:40","guid":{"rendered":"https:\/\/tulz.lv\/produkts\/evocacs-winbot-w2-pro-omni\/"},"modified":"2026-03-09T15:38:47","modified_gmt":"2026-03-09T13:38:47","slug":"evocacs-winbot-w2-pro-omni","status":"publish","type":"product","link":"https:\/\/tulz.lv\/en\/produkts\/evocacs-winbot-w2-pro-omni\/","title":{"rendered":"Ecovacs WINBOT W2 Pro Omni &#8211; robotic window cleaner"},"content":{"rendered":"<p class=\"font-claude-response-body break-words whitespace-normal leading-[1.7]\">Ecovacs WINBOT W2 Pro Omni &#8211; robotic window cleaner. Cleans windows autonomously, hands-free.<\/p>\n<p class=\"font-claude-response-body break-words whitespace-normal leading-[1.7]\">Place the robot on the glass, press a button &#8211; it takes care of the rest. WIN-SLAM 4.0 technology plans the optimal cleaning route, a three-nozzle spray system moistens the surface, and the cleaning pads wipe away dirt right to the edges.<\/p>\n<p class=\"font-claude-response-body break-words whitespace-normal leading-[1.7]\">The built-in battery provides up to 110 minutes of cordless operation, enough to cover approximately 55 m\u00b2 of glass &#8211; ideal for balcony or bathroom windows away from a power outlet. For larger windows or longer sessions, the robot can also run continuously while plugged in.<\/p>\n<p class=\"font-claude-response-body break-words whitespace-normal leading-[1.7]\">Safety is covered &#8211; 5,500 Pa suction power and a safety rope rated to 100 kg means the robot stays on the glass even if the battery runs out.<\/p>\n<p class=\"font-claude-response-body break-words whitespace-normal leading-[1.7]\">Use cases:<\/p>\n<ul class=\"[li_&amp;]:mb-0 [li_&amp;]:mt-1 [li_&amp;]:gap-1 [&amp;:not(:last-child)_ul]:pb-1 [&amp;:not(:last-child)_ol]:pb-1 list-disc flex flex-col gap-1 pl-8 mb-3\">\n<li class=\"whitespace-normal break-words pl-2\">Large living room windows<\/li>\n<li class=\"whitespace-normal break-words pl-2\">Balcony and bathroom windows<\/li>\n<li class=\"whitespace-normal break-words pl-2\">Frameless and tilted windows<\/li>\n<li class=\"whitespace-normal break-words pl-2\">Regular seasonal window cleaning<\/li>\n<\/ul>\n<p class=\"font-claude-response-body break-words whitespace-normal leading-[1.7]\">What&#8217;s included in the rental:<\/p>\n<ul class=\"[li_&amp;]:mb-0 [li_&amp;]:mt-1 [li_&amp;]:gap-1 [&amp;:not(:last-child)_ul]:pb-1 [&amp;:not(:last-child)_ol]:pb-1 list-disc flex flex-col gap-1 pl-8 mb-3\">\n<li class=\"whitespace-normal break-words pl-2\">ECOVACS WINBOT W2 Pro Omni robotic window cleaner<\/li>\n<li class=\"whitespace-normal break-words pl-2\">Portable station with automatic cable winding<\/li>\n<li class=\"whitespace-normal break-words pl-2\">Safety rope system<\/li>\n<li class=\"whitespace-normal break-words pl-2\">2x Cleaning pads<\/li>\n<li class=\"whitespace-normal break-words pl-2\">Window cleaning solution 230ml<\/li>\n<\/ul>\n<p class=\"font-claude-response-body break-words whitespace-normal leading-[1.7]\">Usage notes:<\/p>\n<ul class=\"[li_&amp;]:mb-0 [li_&amp;]:mt-1 [li_&amp;]:gap-1 [&amp;:not(:last-child)_ul]:pb-1 [&amp;:not(:last-child)_ol]:pb-1 list-disc flex flex-col gap-1 pl-8 mb-3\">\n<li class=\"whitespace-normal break-words pl-2\">For use on sealed glass surfaces only.<\/li>\n<li class=\"whitespace-normal break-words pl-2\">Do not use on porous, uneven, or frosted surfaces.<\/li>\n<li class=\"whitespace-normal break-words pl-2\">Place the station securely on a windowsill or floor before starting.<\/li>\n<li class=\"whitespace-normal break-words pl-2\">Rinse and dry the cleaning pads after use.<\/li>\n<\/ul>\n<p class=\"font-claude-response-body break-words whitespace-normal leading-[1.7]\">Full product value: \u20ac449.99<\/p>\n","protected":false},"excerpt":{"rendered":"<p data-start=\"0\" data-end=\"60\">Window cleaning \u2022 Indoors and on the balcony<\/p>\n<p data-start=\"62\" data-end=\"159\" data-is-last-node=\"\" data-is-only-node=\"\"><strong>Autonomous robotic window cleaner that plans its own route and cleans windows efficiently with minimal effort.<\/strong><\/p>\n","protected":false},"featured_media":4963,"template":"","meta":{"_acf_changed":false},"product_brand":[],"product_cat":[87,97],"product_tag":[],"product_badge":[],"class_list":{"0":"post-4969","1":"product","2":"type-product","3":"status-publish","4":"has-post-thumbnail","6":"product_cat-home-appliances-rental","7":"product_cat-window-cleaning","9":"first","10":"instock","11":"taxable","12":"shipping-taxable","13":"purchasable","14":"product-type-simple"},"acf":[],"yoast_head":"<!-- This site is optimized with the Yoast SEO plugin v27.1.1 - https:\/\/yoast.com\/product\/yoast-seo-wordpress\/ -->\n<title>Ecovacs WINBOT W2 Pro Omni - robotic window cleaner - Tulz.lv - Elektroiek\u0101rtu noma<\/title>\n<meta name=\"description\" content=\"Rent the ECOVACS WINBOT W2 Pro Omni - a robotic window cleaner. Cleans autonomously, runs on battery. Ideal for large and hard-to-reach windows.\" \/>\n<meta name=\"robots\" content=\"index, follow, max-snippet:-1, max-image-preview:large, max-video-preview:-1\" \/>\n<link rel=\"canonical\" href=\"https:\/\/tulz.lv\/en\/produkts\/evocacs-winbot-w2-pro-omni\/\" \/>\n<meta property=\"og:locale\" content=\"en_US\" \/>\n<meta property=\"og:type\" content=\"article\" \/>\n<meta property=\"og:title\" content=\"Ecovacs WINBOT W2 Pro Omni - robotic window cleaner - Tulz.lv - Elektroiek\u0101rtu noma\" \/>\n<meta property=\"og:description\" content=\"Rent the ECOVACS WINBOT W2 Pro Omni - a robotic window cleaner. Cleans autonomously, runs on battery. Ideal for large and hard-to-reach windows.\" \/>\n<meta property=\"og:url\" content=\"https:\/\/tulz.lv\/en\/produkts\/evocacs-winbot-w2-pro-omni\/\" \/>\n<meta property=\"og:site_name\" content=\"Tulz.lv - Elektroiek\u0101rtu noma\" \/>\n<meta property=\"article:publisher\" content=\"https:\/\/www.facebook.com\/tulz.lv\" \/>\n<meta property=\"article:modified_time\" content=\"2026-03-09T13:38:47+00:00\" \/>\n<meta property=\"og:image\" content=\"https:\/\/tulz.lv\/wp-content\/uploads\/2026\/03\/102340_2606IDImage_WINBOTW2PROOMNI_withBlueCircle12-scaled.webp\" \/>\n\t<meta property=\"og:image:width\" content=\"2560\" \/>\n\t<meta property=\"og:image:height\" content=\"2560\" \/>\n\t<meta property=\"og:image:type\" content=\"image\/webp\" \/>\n<meta name=\"twitter:card\" content=\"summary_large_image\" \/>\n<meta name=\"twitter:label1\" content=\"Est. reading time\" \/>\n\t<meta name=\"twitter:data1\" content=\"2 minutes\" \/>\n<script type=\"application\/ld+json\" class=\"yoast-schema-graph\">{\"@context\":\"https:\/\/schema.org\",\"@graph\":[{\"@type\":\"WebPage\",\"@id\":\"https:\/\/tulz.lv\/en\/produkts\/evocacs-winbot-w2-pro-omni\/\",\"url\":\"https:\/\/tulz.lv\/en\/produkts\/evocacs-winbot-w2-pro-omni\/\",\"name\":\"Ecovacs WINBOT W2 Pro Omni - robotic window cleaner - Tulz.lv - Elektroiek\u0101rtu noma\",\"isPartOf\":{\"@id\":\"https:\/\/tulz.lv\/en\/#website\"},\"primaryImageOfPage\":{\"@id\":\"https:\/\/tulz.lv\/en\/produkts\/evocacs-winbot-w2-pro-omni\/#primaryimage\"},\"image\":{\"@id\":\"https:\/\/tulz.lv\/en\/produkts\/evocacs-winbot-w2-pro-omni\/#primaryimage\"},\"thumbnailUrl\":\"https:\/\/tulz.lv\/wp-content\/uploads\/2026\/03\/102340_2606IDImage_WINBOTW2PROOMNI_withBlueCircle12-scaled.webp\",\"datePublished\":\"2026-03-09T13:23:40+00:00\",\"dateModified\":\"2026-03-09T13:38:47+00:00\",\"description\":\"Rent the ECOVACS WINBOT W2 Pro Omni - a robotic window cleaner. Cleans autonomously, runs on battery. Ideal for large and hard-to-reach windows.\",\"breadcrumb\":{\"@id\":\"https:\/\/tulz.lv\/en\/produkts\/evocacs-winbot-w2-pro-omni\/#breadcrumb\"},\"inLanguage\":\"en-US\",\"potentialAction\":[{\"@type\":\"ReadAction\",\"target\":[\"https:\/\/tulz.lv\/en\/produkts\/evocacs-winbot-w2-pro-omni\/\"]}]},{\"@type\":\"ImageObject\",\"inLanguage\":\"en-US\",\"@id\":\"https:\/\/tulz.lv\/en\/produkts\/evocacs-winbot-w2-pro-omni\/#primaryimage\",\"url\":\"https:\/\/tulz.lv\/wp-content\/uploads\/2026\/03\/102340_2606IDImage_WINBOTW2PROOMNI_withBlueCircle12-scaled.webp\",\"contentUrl\":\"https:\/\/tulz.lv\/wp-content\/uploads\/2026\/03\/102340_2606IDImage_WINBOTW2PROOMNI_withBlueCircle12-scaled.webp\",\"width\":2560,\"height\":2560},{\"@type\":\"BreadcrumbList\",\"@id\":\"https:\/\/tulz.lv\/en\/produkts\/evocacs-winbot-w2-pro-omni\/#breadcrumb\",\"itemListElement\":[{\"@type\":\"ListItem\",\"position\":1,\"name\":\"S\u0101kums\",\"item\":\"https:\/\/tulz.lv\/en\/\"},{\"@type\":\"ListItem\",\"position\":2,\"name\":\"Shop\",\"item\":\"https:\/\/tulz.lv\/en\/shop\/\"},{\"@type\":\"ListItem\",\"position\":3,\"name\":\"Ecovacs WINBOT W2 Pro Omni &#8211; robotic window cleaner\"}]},{\"@type\":\"WebSite\",\"@id\":\"https:\/\/tulz.lv\/en\/#website\",\"url\":\"https:\/\/tulz.lv\/en\/\",\"name\":\"Tulz.lv\",\"description\":\"Elektroiek\u0101rtu noma\",\"publisher\":{\"@id\":\"https:\/\/tulz.lv\/en\/#organization\"},\"potentialAction\":[{\"@type\":\"SearchAction\",\"target\":{\"@type\":\"EntryPoint\",\"urlTemplate\":\"https:\/\/tulz.lv\/en\/?s={search_term_string}\"},\"query-input\":{\"@type\":\"PropertyValueSpecification\",\"valueRequired\":true,\"valueName\":\"search_term_string\"}}],\"inLanguage\":\"en-US\"},{\"@type\":\"Organization\",\"@id\":\"https:\/\/tulz.lv\/en\/#organization\",\"name\":\"Tulz.lv - Elektroiek\u0101rtu noma\",\"alternateName\":\"Tulz.lv - Instrumentu noma\",\"url\":\"https:\/\/tulz.lv\/en\/\",\"logo\":{\"@type\":\"ImageObject\",\"inLanguage\":\"en-US\",\"@id\":\"https:\/\/tulz.lv\/en\/#\/schema\/logo\/image\/\",\"url\":\"https:\/\/tulz.lv\/wp-content\/uploads\/2025\/05\/tulz-logo.svg\",\"contentUrl\":\"https:\/\/tulz.lv\/wp-content\/uploads\/2025\/05\/tulz-logo.svg\",\"width\":78,\"height\":36,\"caption\":\"Tulz.lv - Elektroiek\u0101rtu noma\"},\"image\":{\"@id\":\"https:\/\/tulz.lv\/en\/#\/schema\/logo\/image\/\"},\"sameAs\":[\"https:\/\/www.facebook.com\/tulz.lv\",\"https:\/\/www.instagram.com\/tulz.lv\",\"https:\/\/www.tiktok.com\/@tulz.lv\"]}]}<\/script>\n<!-- \/ Yoast SEO plugin. -->","yoast_head_json":{"title":"Ecovacs WINBOT W2 Pro Omni - robotic window cleaner - Tulz.lv - Elektroiek\u0101rtu noma","description":"Rent the ECOVACS WINBOT W2 Pro Omni - a robotic window cleaner. Cleans autonomously, runs on battery. Ideal for large and hard-to-reach windows.","robots":{"index":"index","follow":"follow","max-snippet":"max-snippet:-1","max-image-preview":"max-image-preview:large","max-video-preview":"max-video-preview:-1"},"canonical":"https:\/\/tulz.lv\/en\/produkts\/evocacs-winbot-w2-pro-omni\/","og_locale":"en_US","og_type":"article","og_title":"Ecovacs WINBOT W2 Pro Omni - robotic window cleaner - Tulz.lv - Elektroiek\u0101rtu noma","og_description":"Rent the ECOVACS WINBOT W2 Pro Omni - a robotic window cleaner. Cleans autonomously, runs on battery. Ideal for large and hard-to-reach windows.","og_url":"https:\/\/tulz.lv\/en\/produkts\/evocacs-winbot-w2-pro-omni\/","og_site_name":"Tulz.lv - Elektroiek\u0101rtu noma","article_publisher":"https:\/\/www.facebook.com\/tulz.lv","article_modified_time":"2026-03-09T13:38:47+00:00","og_image":[{"width":2560,"height":2560,"url":"https:\/\/tulz.lv\/wp-content\/uploads\/2026\/03\/102340_2606IDImage_WINBOTW2PROOMNI_withBlueCircle12-scaled.webp","type":"image\/webp"}],"twitter_card":"summary_large_image","twitter_misc":{"Est. reading time":"2 minutes"},"schema":{"@context":"https:\/\/schema.org","@graph":[{"@type":"WebPage","@id":"https:\/\/tulz.lv\/en\/produkts\/evocacs-winbot-w2-pro-omni\/","url":"https:\/\/tulz.lv\/en\/produkts\/evocacs-winbot-w2-pro-omni\/","name":"Ecovacs WINBOT W2 Pro Omni - robotic window cleaner - Tulz.lv - Elektroiek\u0101rtu noma","isPartOf":{"@id":"https:\/\/tulz.lv\/en\/#website"},"primaryImageOfPage":{"@id":"https:\/\/tulz.lv\/en\/produkts\/evocacs-winbot-w2-pro-omni\/#primaryimage"},"image":{"@id":"https:\/\/tulz.lv\/en\/produkts\/evocacs-winbot-w2-pro-omni\/#primaryimage"},"thumbnailUrl":"https:\/\/tulz.lv\/wp-content\/uploads\/2026\/03\/102340_2606IDImage_WINBOTW2PROOMNI_withBlueCircle12-scaled.webp","datePublished":"2026-03-09T13:23:40+00:00","dateModified":"2026-03-09T13:38:47+00:00","description":"Rent the ECOVACS WINBOT W2 Pro Omni - a robotic window cleaner. Cleans autonomously, runs on battery. Ideal for large and hard-to-reach windows.","breadcrumb":{"@id":"https:\/\/tulz.lv\/en\/produkts\/evocacs-winbot-w2-pro-omni\/#breadcrumb"},"inLanguage":"en-US","potentialAction":[{"@type":"ReadAction","target":["https:\/\/tulz.lv\/en\/produkts\/evocacs-winbot-w2-pro-omni\/"]}]},{"@type":"ImageObject","inLanguage":"en-US","@id":"https:\/\/tulz.lv\/en\/produkts\/evocacs-winbot-w2-pro-omni\/#primaryimage","url":"https:\/\/tulz.lv\/wp-content\/uploads\/2026\/03\/102340_2606IDImage_WINBOTW2PROOMNI_withBlueCircle12-scaled.webp","contentUrl":"https:\/\/tulz.lv\/wp-content\/uploads\/2026\/03\/102340_2606IDImage_WINBOTW2PROOMNI_withBlueCircle12-scaled.webp","width":2560,"height":2560},{"@type":"BreadcrumbList","@id":"https:\/\/tulz.lv\/en\/produkts\/evocacs-winbot-w2-pro-omni\/#breadcrumb","itemListElement":[{"@type":"ListItem","position":1,"name":"S\u0101kums","item":"https:\/\/tulz.lv\/en\/"},{"@type":"ListItem","position":2,"name":"Shop","item":"https:\/\/tulz.lv\/en\/shop\/"},{"@type":"ListItem","position":3,"name":"Ecovacs WINBOT W2 Pro Omni &#8211; robotic window cleaner"}]},{"@type":"WebSite","@id":"https:\/\/tulz.lv\/en\/#website","url":"https:\/\/tulz.lv\/en\/","name":"Tulz.lv","description":"Elektroiek\u0101rtu noma","publisher":{"@id":"https:\/\/tulz.lv\/en\/#organization"},"potentialAction":[{"@type":"SearchAction","target":{"@type":"EntryPoint","urlTemplate":"https:\/\/tulz.lv\/en\/?s={search_term_string}"},"query-input":{"@type":"PropertyValueSpecification","valueRequired":true,"valueName":"search_term_string"}}],"inLanguage":"en-US"},{"@type":"Organization","@id":"https:\/\/tulz.lv\/en\/#organization","name":"Tulz.lv - Elektroiek\u0101rtu noma","alternateName":"Tulz.lv - Instrumentu noma","url":"https:\/\/tulz.lv\/en\/","logo":{"@type":"ImageObject","inLanguage":"en-US","@id":"https:\/\/tulz.lv\/en\/#\/schema\/logo\/image\/","url":"https:\/\/tulz.lv\/wp-content\/uploads\/2025\/05\/tulz-logo.svg","contentUrl":"https:\/\/tulz.lv\/wp-content\/uploads\/2025\/05\/tulz-logo.svg","width":78,"height":36,"caption":"Tulz.lv - Elektroiek\u0101rtu noma"},"image":{"@id":"https:\/\/tulz.lv\/en\/#\/schema\/logo\/image\/"},"sameAs":["https:\/\/www.facebook.com\/tulz.lv","https:\/\/www.instagram.com\/tulz.lv","https:\/\/www.tiktok.com\/@tulz.lv"]}]}},"jetpack_sharing_enabled":true,"jetpack-related-posts":[{"id":3112,"url":"https:\/\/tulz.lv\/en\/produkts\/karcher-logu-mazgatajs\/","url_meta":{"origin":4969,"position":0},"title":"K\u00e4rcher Window Cleaner WV 5 Plus N","author":"Estere Eversone","date":"04.09.2025","format":false,"excerpt":"100 ml \u2022 35 min\u00a0 Window Cleaner with Battery and Interchangeable Nozzles","rel":"","context":"Similar post","block_context":{"text":"Similar post","link":""},"img":{"alt_text":"","src":"https:\/\/i0.wp.com\/tulz.lv\/wp-content\/uploads\/2025\/09\/karcher-logu-mazgatajs.jpeg?resize=350%2C200&ssl=1","width":350,"height":200,"srcset":"https:\/\/i0.wp.com\/tulz.lv\/wp-content\/uploads\/2025\/09\/karcher-logu-mazgatajs.jpeg?resize=350%2C200&ssl=1 1x, https:\/\/i0.wp.com\/tulz.lv\/wp-content\/uploads\/2025\/09\/karcher-logu-mazgatajs.jpeg?resize=525%2C300&ssl=1 1.5x, https:\/\/i0.wp.com\/tulz.lv\/wp-content\/uploads\/2025\/09\/karcher-logu-mazgatajs.jpeg?resize=700%2C400&ssl=1 2x, https:\/\/i0.wp.com\/tulz.lv\/wp-content\/uploads\/2025\/09\/karcher-logu-mazgatajs.jpeg?resize=1050%2C600&ssl=1 3x, https:\/\/i0.wp.com\/tulz.lv\/wp-content\/uploads\/2025\/09\/karcher-logu-mazgatajs.jpeg?resize=1400%2C800&ssl=1 4x"},"classes":[]},{"id":2969,"url":"https:\/\/tulz.lv\/en\/produkts\/vacuum-cleaner-karcher-nt-27-1-me-adv\/","url_meta":{"origin":4969,"position":1},"title":"Vacuum Cleaner K\u00e4rcher NT 27\/1 Me Adv","author":"Estere Eversone","date":"07.07.2025","format":false,"excerpt":"Dry cleaning \u2022 Wet cleaning Versatile wet and dry vacuum cleaner","rel":"","context":"Similar post","block_context":{"text":"Similar post","link":""},"img":{"alt_text":"Celtiniec\u012bbas Putek\u013cs\u016bc\u0113js K\u00e4rcher NT 27\/1 ","src":"https:\/\/i0.wp.com\/tulz.lv\/wp-content\/uploads\/2025\/07\/puteklu-sucejs-karcher-nt-27-1-me-adv.jpg?resize=350%2C200&ssl=1","width":350,"height":200,"srcset":"https:\/\/i0.wp.com\/tulz.lv\/wp-content\/uploads\/2025\/07\/puteklu-sucejs-karcher-nt-27-1-me-adv.jpg?resize=350%2C200&ssl=1 1x, https:\/\/i0.wp.com\/tulz.lv\/wp-content\/uploads\/2025\/07\/puteklu-sucejs-karcher-nt-27-1-me-adv.jpg?resize=525%2C300&ssl=1 1.5x, https:\/\/i0.wp.com\/tulz.lv\/wp-content\/uploads\/2025\/07\/puteklu-sucejs-karcher-nt-27-1-me-adv.jpg?resize=700%2C400&ssl=1 2x, https:\/\/i0.wp.com\/tulz.lv\/wp-content\/uploads\/2025\/07\/puteklu-sucejs-karcher-nt-27-1-me-adv.jpg?resize=1050%2C600&ssl=1 3x, https:\/\/i0.wp.com\/tulz.lv\/wp-content\/uploads\/2025\/07\/puteklu-sucejs-karcher-nt-27-1-me-adv.jpg?resize=1400%2C800&ssl=1 4x"},"classes":[]},{"id":2965,"url":"https:\/\/tulz.lv\/en\/produkts\/karcher-spray-extraction-cleaner-puzzi-8-1-anniversary-edition\/","url_meta":{"origin":4969,"position":2},"title":"K\u00e4rcher Spray Extraction Cleaner Puzzi 8\/1","author":"Estere Eversone","date":"07.07.2025","format":false,"excerpt":"Upholstery cleaning \u2022 Textile cleaning Powerful Wet Vacuum Cleaner for Upholstery and Fabric Care","rel":"","context":"Similar post","block_context":{"text":"Similar post","link":""},"img":{"alt_text":"","src":"https:\/\/i0.wp.com\/tulz.lv\/wp-content\/uploads\/2025\/07\/karcher-mazgajosais-puteklsucejs-puzzi-8-1-anniversary-edition.jpg?resize=350%2C200&ssl=1","width":350,"height":200,"srcset":"https:\/\/i0.wp.com\/tulz.lv\/wp-content\/uploads\/2025\/07\/karcher-mazgajosais-puteklsucejs-puzzi-8-1-anniversary-edition.jpg?resize=350%2C200&ssl=1 1x, https:\/\/i0.wp.com\/tulz.lv\/wp-content\/uploads\/2025\/07\/karcher-mazgajosais-puteklsucejs-puzzi-8-1-anniversary-edition.jpg?resize=525%2C300&ssl=1 1.5x, https:\/\/i0.wp.com\/tulz.lv\/wp-content\/uploads\/2025\/07\/karcher-mazgajosais-puteklsucejs-puzzi-8-1-anniversary-edition.jpg?resize=700%2C400&ssl=1 2x, https:\/\/i0.wp.com\/tulz.lv\/wp-content\/uploads\/2025\/07\/karcher-mazgajosais-puteklsucejs-puzzi-8-1-anniversary-edition.jpg?resize=1050%2C600&ssl=1 3x, https:\/\/i0.wp.com\/tulz.lv\/wp-content\/uploads\/2025\/07\/karcher-mazgajosais-puteklsucejs-puzzi-8-1-anniversary-edition.jpg?resize=1400%2C800&ssl=1 4x"},"classes":[]},{"id":2973,"url":"https:\/\/tulz.lv\/en\/produkts\/karcher-high-pressure-washer-k-7-wcm\/","url_meta":{"origin":4969,"position":3},"title":"K\u00e4rcher High-Pressure Washer","author":"Estere Eversone","date":"14.08.2025","format":false,"excerpt":"60 m\u00b2\/h \u2022 2 \u2013 max 18 MPa Powerful high-pressure washer for home, garden, and vehicles","rel":"","context":"Similar post","block_context":{"text":"Similar post","link":""},"img":{"alt_text":"K\u00e4rcher augstspiediena mazg\u0101t\u0101js K 7 WCM","src":"https:\/\/i0.wp.com\/tulz.lv\/wp-content\/uploads\/2025\/08\/karche-K-7-WCM-.jpg?resize=350%2C200&ssl=1","width":350,"height":200,"srcset":"https:\/\/i0.wp.com\/tulz.lv\/wp-content\/uploads\/2025\/08\/karche-K-7-WCM-.jpg?resize=350%2C200&ssl=1 1x, https:\/\/i0.wp.com\/tulz.lv\/wp-content\/uploads\/2025\/08\/karche-K-7-WCM-.jpg?resize=525%2C300&ssl=1 1.5x, https:\/\/i0.wp.com\/tulz.lv\/wp-content\/uploads\/2025\/08\/karche-K-7-WCM-.jpg?resize=700%2C400&ssl=1 2x, https:\/\/i0.wp.com\/tulz.lv\/wp-content\/uploads\/2025\/08\/karche-K-7-WCM-.jpg?resize=1050%2C600&ssl=1 3x, https:\/\/i0.wp.com\/tulz.lv\/wp-content\/uploads\/2025\/08\/karche-K-7-WCM-.jpg?resize=1400%2C800&ssl=1 4x"},"classes":[]}],"_links":{"self":[{"href":"https:\/\/tulz.lv\/en\/wp-json\/wp\/v2\/product\/4969","targetHints":{"allow":["GET"]}}],"collection":[{"href":"https:\/\/tulz.lv\/en\/wp-json\/wp\/v2\/product"}],"about":[{"href":"https:\/\/tulz.lv\/en\/wp-json\/wp\/v2\/types\/product"}],"wp:featuredmedia":[{"embeddable":true,"href":"https:\/\/tulz.lv\/en\/wp-json\/wp\/v2\/media\/4963"}],"wp:attachment":[{"href":"https:\/\/tulz.lv\/en\/wp-json\/wp\/v2\/media?parent=4969"}],"wp:term":[{"taxonomy":"product_brand","embeddable":true,"href":"https:\/\/tulz.lv\/en\/wp-json\/wp\/v2\/product_brand?post=4969"},{"taxonomy":"product_cat","embeddable":true,"href":"https:\/\/tulz.lv\/en\/wp-json\/wp\/v2\/product_cat?post=4969"},{"taxonomy":"product_tag","embeddable":true,"href":"https:\/\/tulz.lv\/en\/wp-json\/wp\/v2\/product_tag?post=4969"},{"taxonomy":"product_badge","embeddable":true,"href":"https:\/\/tulz.lv\/en\/wp-json\/wp\/v2\/product_badge?post=4969"}],"curies":[{"name":"wp","href":"https:\/\/api.w.org\/{rel}","templated":true}]}}