{"id":4992,"date":"2026-03-01T16:33:12","date_gmt":"2026-03-01T14:33:12","guid":{"rendered":"https:\/\/tulz.lv\/produkts\/karcher-tvaika-tiritajs-sc-1-easyfix\/"},"modified":"2026-03-15T17:04:13","modified_gmt":"2026-03-15T15:04:13","slug":"karcher-sc-1-easyfix-steam-cleaner","status":"publish","type":"product","link":"https:\/\/tulz.lv\/en\/produkts\/karcher-sc-1-easyfix-steam-cleaner\/","title":{"rendered":"K\u00e4rcher SC 1 EasyFix Steam Cleaner"},"content":{"rendered":"<p><span style=\"font-weight: 400;\">The K\u00e4rcher SC 1 EasyFix steam cleaner is a compact 2-in-1 solution designed for fast, hygienic cleaning without the use of chemicals. Thanks to its powerful steam performance and the included EasyFix floor cleaning kit, this device is ideal for both quick spot cleaning and thorough cleaning of hard floors.<\/span><\/p>\n<p><span style=\"font-weight: 400;\">Steam cleaning can eliminate up to <\/span><b>99.999% of viruses<\/b><span style=\"font-weight: 400;\"> and <\/span><b>99.99%<\/b><span style=\"font-weight: 400;\"> of common household bacteria on hard surfaces, making it a safe and effective choice for homes with children and pets.<\/span><\/p>\n<p><span style=\"font-weight: 400;\">The high-pressure steam easily removes dried-on stains, grease and stubborn residues, dirt in joints, seams, and tight gaps, limescale and buildup around taps and sinks.<\/span><\/p>\n<p><span style=\"font-weight: 400;\">For added safety, the unit features a child safety lock to prevent accidental activation.<\/span><\/p>\n<p><b>Suitable for Cleaning:<\/b><\/p>\n<ul>\n<li style=\"font-weight: 400;\" aria-level=\"1\"><span style=\"font-weight: 400;\">Hard floors<\/span><\/li>\n<li style=\"font-weight: 400;\" aria-level=\"1\"><span style=\"font-weight: 400;\">Wall tiles<\/span><\/li>\n<li style=\"font-weight: 400;\" aria-level=\"1\"><span style=\"font-weight: 400;\">Taps and sinks<\/span><\/li>\n<li style=\"font-weight: 400;\" aria-level=\"1\"><span style=\"font-weight: 400;\">Glass surfaces<\/span><\/li>\n<li style=\"font-weight: 400;\" aria-level=\"1\"><span style=\"font-weight: 400;\">Cooker hoods<\/span><\/li>\n<li style=\"font-weight: 400;\" aria-level=\"1\"><span style=\"font-weight: 400;\">Hobs and cooktops<\/span><\/li>\n<\/ul>\n<p><b>What\u2019s Included:<\/b><\/p>\n<ul>\n<li style=\"font-weight: 400;\" aria-level=\"1\"><span style=\"font-weight: 400;\">K\u00e4rcher SC 1 EasyFix Steam Cleaner<\/span><\/li>\n<li style=\"font-weight: 400;\" aria-level=\"1\"><span style=\"font-weight: 400;\">EasyFix universal floor cleaning cloth \u2013 1 pc<\/span><\/li>\n<li style=\"font-weight: 400;\" aria-level=\"1\"><span style=\"font-weight: 400;\">Microfiber cover for hand nozzle \u2013 1 pc<\/span><\/li>\n<li style=\"font-weight: 400;\" aria-level=\"1\"><span style=\"font-weight: 400;\">Detail nozzle<\/span><\/li>\n<li style=\"font-weight: 400;\" aria-level=\"1\"><span style=\"font-weight: 400;\">Hand nozzle<\/span><\/li>\n<li style=\"font-weight: 400;\" aria-level=\"1\"><span style=\"font-weight: 400;\">Power nozzle<\/span><\/li>\n<li style=\"font-weight: 400;\" aria-level=\"1\"><span style=\"font-weight: 400;\">Small round brush (black) \u2013 1 pc<\/span><\/li>\n<li style=\"font-weight: 400;\" aria-level=\"1\"><span style=\"font-weight: 400;\">EasyFix floor nozzle<\/span><\/li>\n<li style=\"font-weight: 400;\" aria-level=\"1\"><span style=\"font-weight: 400;\">Steam extension tubes \u2013 2 pcs<\/span><\/li>\n<li style=\"font-weight: 400;\" aria-level=\"1\"><span style=\"font-weight: 400;\">Steam tube length \u2013 0.5 m<\/span><\/li>\n<li style=\"font-weight: 400;\" aria-level=\"1\"><span style=\"font-weight: 400;\">Measuring cup \u2013 200 ml<\/span><\/li>\n<\/ul>\n<p><b>Important Notice:<\/b><span style=\"font-weight: 400;\"> Before using the product, carefully read the manufacturer\u2019s instruction manual (if included). Always operate the device in accordance with the manufacturer\u2019s guidelines, technical specifications, and intended use.<\/span><\/p>\n","protected":false},"excerpt":{"rendered":"<h3><b>Powerful &amp; Reliable Steam Cleaner for Chemical-Free Home Cleaning<\/b><\/h3>\n<p><span style=\"font-weight: 400;\">1200 W \u2022 3 bar \u2022 200 ml<\/span><span style=\"font-weight: 400;\">\u00a0<\/span><\/p>\n","protected":false},"featured_media":4994,"template":"","meta":{"_acf_changed":false},"product_brand":[],"product_cat":[87,189],"product_tag":[922],"product_badge":[],"class_list":{"0":"post-4992","1":"product","2":"type-product","3":"status-publish","4":"has-post-thumbnail","6":"product_cat-home-appliances-rental","7":"product_cat-other-appliences","8":"product_tag-tvaika-tiritajs","10":"first","11":"instock","12":"taxable","13":"shipping-taxable","14":"purchasable","15":"product-type-simple"},"acf":[],"yoast_head":"<!-- This site is optimized with the Yoast SEO plugin v27.1.1 - https:\/\/yoast.com\/product\/yoast-seo-wordpress\/ -->\n<title>K\u00e4rcher SC 1 EasyFix Steam Cleaner - Tulz.lv - Elektroiek\u0101rtu noma<\/title>\n<meta name=\"robots\" content=\"index, follow, max-snippet:-1, max-image-preview:large, max-video-preview:-1\" \/>\n<link rel=\"canonical\" href=\"https:\/\/tulz.lv\/en\/produkts\/karcher-sc-1-easyfix-steam-cleaner\/\" \/>\n<meta property=\"og:locale\" content=\"en_US\" \/>\n<meta property=\"og:type\" content=\"article\" \/>\n<meta property=\"og:title\" content=\"K\u00e4rcher SC 1 EasyFix Steam Cleaner - Tulz.lv - Elektroiek\u0101rtu noma\" \/>\n<meta property=\"og:description\" content=\"Powerful &amp; Reliable Steam Cleaner for Chemical-Free Home Cleaning 1200 W \u2022 3 bar \u2022 200 ml\u00a0\" \/>\n<meta property=\"og:url\" content=\"https:\/\/tulz.lv\/en\/produkts\/karcher-sc-1-easyfix-steam-cleaner\/\" \/>\n<meta property=\"og:site_name\" content=\"Tulz.lv - Elektroiek\u0101rtu noma\" \/>\n<meta property=\"article:publisher\" content=\"https:\/\/www.facebook.com\/tulz.lv\" \/>\n<meta property=\"article:modified_time\" content=\"2026-03-15T15:04:13+00:00\" \/>\n<meta property=\"og:image\" content=\"https:\/\/tulz.lv\/wp-content\/uploads\/2026\/03\/d0.jpg\" \/>\n\t<meta property=\"og:image:width\" content=\"1600\" \/>\n\t<meta property=\"og:image:height\" content=\"1600\" \/>\n\t<meta property=\"og:image:type\" content=\"image\/jpeg\" \/>\n<meta name=\"twitter:card\" content=\"summary_large_image\" \/>\n<meta name=\"twitter:label1\" content=\"Est. reading time\" \/>\n\t<meta name=\"twitter:data1\" content=\"2 minutes\" \/>\n<script type=\"application\/ld+json\" class=\"yoast-schema-graph\">{\"@context\":\"https:\/\/schema.org\",\"@graph\":[{\"@type\":\"WebPage\",\"@id\":\"https:\/\/tulz.lv\/en\/produkts\/karcher-sc-1-easyfix-steam-cleaner\/\",\"url\":\"https:\/\/tulz.lv\/en\/produkts\/karcher-sc-1-easyfix-steam-cleaner\/\",\"name\":\"K\u00e4rcher SC 1 EasyFix Steam Cleaner - Tulz.lv - Elektroiek\u0101rtu noma\",\"isPartOf\":{\"@id\":\"https:\/\/tulz.lv\/en\/#website\"},\"primaryImageOfPage\":{\"@id\":\"https:\/\/tulz.lv\/en\/produkts\/karcher-sc-1-easyfix-steam-cleaner\/#primaryimage\"},\"image\":{\"@id\":\"https:\/\/tulz.lv\/en\/produkts\/karcher-sc-1-easyfix-steam-cleaner\/#primaryimage\"},\"thumbnailUrl\":\"https:\/\/tulz.lv\/wp-content\/uploads\/2026\/03\/d0.jpg\",\"datePublished\":\"2026-03-01T14:33:12+00:00\",\"dateModified\":\"2026-03-15T15:04:13+00:00\",\"breadcrumb\":{\"@id\":\"https:\/\/tulz.lv\/en\/produkts\/karcher-sc-1-easyfix-steam-cleaner\/#breadcrumb\"},\"inLanguage\":\"en-US\",\"potentialAction\":[{\"@type\":\"ReadAction\",\"target\":[\"https:\/\/tulz.lv\/en\/produkts\/karcher-sc-1-easyfix-steam-cleaner\/\"]}]},{\"@type\":\"ImageObject\",\"inLanguage\":\"en-US\",\"@id\":\"https:\/\/tulz.lv\/en\/produkts\/karcher-sc-1-easyfix-steam-cleaner\/#primaryimage\",\"url\":\"https:\/\/tulz.lv\/wp-content\/uploads\/2026\/03\/d0.jpg\",\"contentUrl\":\"https:\/\/tulz.lv\/wp-content\/uploads\/2026\/03\/d0.jpg\",\"width\":1600,\"height\":1600},{\"@type\":\"BreadcrumbList\",\"@id\":\"https:\/\/tulz.lv\/en\/produkts\/karcher-sc-1-easyfix-steam-cleaner\/#breadcrumb\",\"itemListElement\":[{\"@type\":\"ListItem\",\"position\":1,\"name\":\"S\u0101kums\",\"item\":\"https:\/\/tulz.lv\/en\/\"},{\"@type\":\"ListItem\",\"position\":2,\"name\":\"Shop\",\"item\":\"https:\/\/tulz.lv\/en\/shop\/\"},{\"@type\":\"ListItem\",\"position\":3,\"name\":\"K\u00e4rcher SC 1 EasyFix Steam Cleaner\"}]},{\"@type\":\"WebSite\",\"@id\":\"https:\/\/tulz.lv\/en\/#website\",\"url\":\"https:\/\/tulz.lv\/en\/\",\"name\":\"Tulz.lv\",\"description\":\"Elektroiek\u0101rtu noma\",\"publisher\":{\"@id\":\"https:\/\/tulz.lv\/en\/#organization\"},\"potentialAction\":[{\"@type\":\"SearchAction\",\"target\":{\"@type\":\"EntryPoint\",\"urlTemplate\":\"https:\/\/tulz.lv\/en\/?s={search_term_string}\"},\"query-input\":{\"@type\":\"PropertyValueSpecification\",\"valueRequired\":true,\"valueName\":\"search_term_string\"}}],\"inLanguage\":\"en-US\"},{\"@type\":\"Organization\",\"@id\":\"https:\/\/tulz.lv\/en\/#organization\",\"name\":\"Tulz.lv - Elektroiek\u0101rtu noma\",\"alternateName\":\"Tulz.lv - Instrumentu noma\",\"url\":\"https:\/\/tulz.lv\/en\/\",\"logo\":{\"@type\":\"ImageObject\",\"inLanguage\":\"en-US\",\"@id\":\"https:\/\/tulz.lv\/en\/#\/schema\/logo\/image\/\",\"url\":\"https:\/\/tulz.lv\/wp-content\/uploads\/2025\/05\/tulz-logo.svg\",\"contentUrl\":\"https:\/\/tulz.lv\/wp-content\/uploads\/2025\/05\/tulz-logo.svg\",\"width\":78,\"height\":36,\"caption\":\"Tulz.lv - Elektroiek\u0101rtu noma\"},\"image\":{\"@id\":\"https:\/\/tulz.lv\/en\/#\/schema\/logo\/image\/\"},\"sameAs\":[\"https:\/\/www.facebook.com\/tulz.lv\",\"https:\/\/www.instagram.com\/tulz.lv\",\"https:\/\/www.tiktok.com\/@tulz.lv\"]}]}<\/script>\n<!-- \/ Yoast SEO plugin. -->","yoast_head_json":{"title":"K\u00e4rcher SC 1 EasyFix Steam Cleaner - Tulz.lv - Elektroiek\u0101rtu noma","robots":{"index":"index","follow":"follow","max-snippet":"max-snippet:-1","max-image-preview":"max-image-preview:large","max-video-preview":"max-video-preview:-1"},"canonical":"https:\/\/tulz.lv\/en\/produkts\/karcher-sc-1-easyfix-steam-cleaner\/","og_locale":"en_US","og_type":"article","og_title":"K\u00e4rcher SC 1 EasyFix Steam Cleaner - Tulz.lv - Elektroiek\u0101rtu noma","og_description":"Powerful &amp; Reliable Steam Cleaner for Chemical-Free Home Cleaning 1200 W \u2022 3 bar \u2022 200 ml\u00a0","og_url":"https:\/\/tulz.lv\/en\/produkts\/karcher-sc-1-easyfix-steam-cleaner\/","og_site_name":"Tulz.lv - Elektroiek\u0101rtu noma","article_publisher":"https:\/\/www.facebook.com\/tulz.lv","article_modified_time":"2026-03-15T15:04:13+00:00","og_image":[{"width":1600,"height":1600,"url":"https:\/\/tulz.lv\/wp-content\/uploads\/2026\/03\/d0.jpg","type":"image\/jpeg"}],"twitter_card":"summary_large_image","twitter_misc":{"Est. reading time":"2 minutes"},"schema":{"@context":"https:\/\/schema.org","@graph":[{"@type":"WebPage","@id":"https:\/\/tulz.lv\/en\/produkts\/karcher-sc-1-easyfix-steam-cleaner\/","url":"https:\/\/tulz.lv\/en\/produkts\/karcher-sc-1-easyfix-steam-cleaner\/","name":"K\u00e4rcher SC 1 EasyFix Steam Cleaner - Tulz.lv - Elektroiek\u0101rtu noma","isPartOf":{"@id":"https:\/\/tulz.lv\/en\/#website"},"primaryImageOfPage":{"@id":"https:\/\/tulz.lv\/en\/produkts\/karcher-sc-1-easyfix-steam-cleaner\/#primaryimage"},"image":{"@id":"https:\/\/tulz.lv\/en\/produkts\/karcher-sc-1-easyfix-steam-cleaner\/#primaryimage"},"thumbnailUrl":"https:\/\/tulz.lv\/wp-content\/uploads\/2026\/03\/d0.jpg","datePublished":"2026-03-01T14:33:12+00:00","dateModified":"2026-03-15T15:04:13+00:00","breadcrumb":{"@id":"https:\/\/tulz.lv\/en\/produkts\/karcher-sc-1-easyfix-steam-cleaner\/#breadcrumb"},"inLanguage":"en-US","potentialAction":[{"@type":"ReadAction","target":["https:\/\/tulz.lv\/en\/produkts\/karcher-sc-1-easyfix-steam-cleaner\/"]}]},{"@type":"ImageObject","inLanguage":"en-US","@id":"https:\/\/tulz.lv\/en\/produkts\/karcher-sc-1-easyfix-steam-cleaner\/#primaryimage","url":"https:\/\/tulz.lv\/wp-content\/uploads\/2026\/03\/d0.jpg","contentUrl":"https:\/\/tulz.lv\/wp-content\/uploads\/2026\/03\/d0.jpg","width":1600,"height":1600},{"@type":"BreadcrumbList","@id":"https:\/\/tulz.lv\/en\/produkts\/karcher-sc-1-easyfix-steam-cleaner\/#breadcrumb","itemListElement":[{"@type":"ListItem","position":1,"name":"S\u0101kums","item":"https:\/\/tulz.lv\/en\/"},{"@type":"ListItem","position":2,"name":"Shop","item":"https:\/\/tulz.lv\/en\/shop\/"},{"@type":"ListItem","position":3,"name":"K\u00e4rcher SC 1 EasyFix Steam Cleaner"}]},{"@type":"WebSite","@id":"https:\/\/tulz.lv\/en\/#website","url":"https:\/\/tulz.lv\/en\/","name":"Tulz.lv","description":"Elektroiek\u0101rtu noma","publisher":{"@id":"https:\/\/tulz.lv\/en\/#organization"},"potentialAction":[{"@type":"SearchAction","target":{"@type":"EntryPoint","urlTemplate":"https:\/\/tulz.lv\/en\/?s={search_term_string}"},"query-input":{"@type":"PropertyValueSpecification","valueRequired":true,"valueName":"search_term_string"}}],"inLanguage":"en-US"},{"@type":"Organization","@id":"https:\/\/tulz.lv\/en\/#organization","name":"Tulz.lv - Elektroiek\u0101rtu noma","alternateName":"Tulz.lv - Instrumentu noma","url":"https:\/\/tulz.lv\/en\/","logo":{"@type":"ImageObject","inLanguage":"en-US","@id":"https:\/\/tulz.lv\/en\/#\/schema\/logo\/image\/","url":"https:\/\/tulz.lv\/wp-content\/uploads\/2025\/05\/tulz-logo.svg","contentUrl":"https:\/\/tulz.lv\/wp-content\/uploads\/2025\/05\/tulz-logo.svg","width":78,"height":36,"caption":"Tulz.lv - Elektroiek\u0101rtu noma"},"image":{"@id":"https:\/\/tulz.lv\/en\/#\/schema\/logo\/image\/"},"sameAs":["https:\/\/www.facebook.com\/tulz.lv","https:\/\/www.instagram.com\/tulz.lv","https:\/\/www.tiktok.com\/@tulz.lv"]}]}},"jetpack_sharing_enabled":true,"jetpack-related-posts":[{"id":2965,"url":"https:\/\/tulz.lv\/en\/produkts\/karcher-spray-extraction-cleaner-puzzi-8-1-anniversary-edition\/","url_meta":{"origin":4992,"position":0},"title":"K\u00e4rcher Spray Extraction Cleaner Puzzi 8\/1","author":"Estere Eversone","date":"07.07.2025","format":false,"excerpt":"Upholstery cleaning \u2022 Textile cleaning Powerful Wet Vacuum Cleaner for Upholstery and Fabric Care","rel":"","context":"Similar post","block_context":{"text":"Similar post","link":""},"img":{"alt_text":"","src":"https:\/\/i0.wp.com\/tulz.lv\/wp-content\/uploads\/2025\/07\/karcher-mazgajosais-puteklsucejs-puzzi-8-1-anniversary-edition.jpg?resize=350%2C200&ssl=1","width":350,"height":200,"srcset":"https:\/\/i0.wp.com\/tulz.lv\/wp-content\/uploads\/2025\/07\/karcher-mazgajosais-puteklsucejs-puzzi-8-1-anniversary-edition.jpg?resize=350%2C200&ssl=1 1x, https:\/\/i0.wp.com\/tulz.lv\/wp-content\/uploads\/2025\/07\/karcher-mazgajosais-puteklsucejs-puzzi-8-1-anniversary-edition.jpg?resize=525%2C300&ssl=1 1.5x, https:\/\/i0.wp.com\/tulz.lv\/wp-content\/uploads\/2025\/07\/karcher-mazgajosais-puteklsucejs-puzzi-8-1-anniversary-edition.jpg?resize=700%2C400&ssl=1 2x, https:\/\/i0.wp.com\/tulz.lv\/wp-content\/uploads\/2025\/07\/karcher-mazgajosais-puteklsucejs-puzzi-8-1-anniversary-edition.jpg?resize=1050%2C600&ssl=1 3x, https:\/\/i0.wp.com\/tulz.lv\/wp-content\/uploads\/2025\/07\/karcher-mazgajosais-puteklsucejs-puzzi-8-1-anniversary-edition.jpg?resize=1400%2C800&ssl=1 4x"},"classes":[]},{"id":2969,"url":"https:\/\/tulz.lv\/en\/produkts\/vacuum-cleaner-karcher-nt-27-1-me-adv\/","url_meta":{"origin":4992,"position":1},"title":"Vacuum Cleaner K\u00e4rcher NT 27\/1 Me Adv","author":"Estere Eversone","date":"07.07.2025","format":false,"excerpt":"Dry cleaning \u2022 Wet cleaning Versatile wet and dry vacuum cleaner","rel":"","context":"Similar post","block_context":{"text":"Similar post","link":""},"img":{"alt_text":"Celtiniec\u012bbas Putek\u013cs\u016bc\u0113js K\u00e4rcher NT 27\/1 ","src":"https:\/\/i0.wp.com\/tulz.lv\/wp-content\/uploads\/2025\/07\/puteklu-sucejs-karcher-nt-27-1-me-adv.jpg?resize=350%2C200&ssl=1","width":350,"height":200,"srcset":"https:\/\/i0.wp.com\/tulz.lv\/wp-content\/uploads\/2025\/07\/puteklu-sucejs-karcher-nt-27-1-me-adv.jpg?resize=350%2C200&ssl=1 1x, https:\/\/i0.wp.com\/tulz.lv\/wp-content\/uploads\/2025\/07\/puteklu-sucejs-karcher-nt-27-1-me-adv.jpg?resize=525%2C300&ssl=1 1.5x, https:\/\/i0.wp.com\/tulz.lv\/wp-content\/uploads\/2025\/07\/puteklu-sucejs-karcher-nt-27-1-me-adv.jpg?resize=700%2C400&ssl=1 2x, https:\/\/i0.wp.com\/tulz.lv\/wp-content\/uploads\/2025\/07\/puteklu-sucejs-karcher-nt-27-1-me-adv.jpg?resize=1050%2C600&ssl=1 3x, https:\/\/i0.wp.com\/tulz.lv\/wp-content\/uploads\/2025\/07\/puteklu-sucejs-karcher-nt-27-1-me-adv.jpg?resize=1400%2C800&ssl=1 4x"},"classes":[]},{"id":3112,"url":"https:\/\/tulz.lv\/en\/produkts\/karcher-logu-mazgatajs\/","url_meta":{"origin":4992,"position":2},"title":"K\u00e4rcher Window Cleaner WV 5 Plus N","author":"Estere Eversone","date":"04.09.2025","format":false,"excerpt":"100 ml \u2022 35 min\u00a0 Window Cleaner with Battery and Interchangeable Nozzles","rel":"","context":"Similar post","block_context":{"text":"Similar post","link":""},"img":{"alt_text":"","src":"https:\/\/i0.wp.com\/tulz.lv\/wp-content\/uploads\/2025\/09\/karcher-logu-mazgatajs.jpeg?resize=350%2C200&ssl=1","width":350,"height":200,"srcset":"https:\/\/i0.wp.com\/tulz.lv\/wp-content\/uploads\/2025\/09\/karcher-logu-mazgatajs.jpeg?resize=350%2C200&ssl=1 1x, https:\/\/i0.wp.com\/tulz.lv\/wp-content\/uploads\/2025\/09\/karcher-logu-mazgatajs.jpeg?resize=525%2C300&ssl=1 1.5x, https:\/\/i0.wp.com\/tulz.lv\/wp-content\/uploads\/2025\/09\/karcher-logu-mazgatajs.jpeg?resize=700%2C400&ssl=1 2x, https:\/\/i0.wp.com\/tulz.lv\/wp-content\/uploads\/2025\/09\/karcher-logu-mazgatajs.jpeg?resize=1050%2C600&ssl=1 3x, https:\/\/i0.wp.com\/tulz.lv\/wp-content\/uploads\/2025\/09\/karcher-logu-mazgatajs.jpeg?resize=1400%2C800&ssl=1 4x"},"classes":[]},{"id":2973,"url":"https:\/\/tulz.lv\/en\/produkts\/karcher-high-pressure-washer-k-7-wcm\/","url_meta":{"origin":4992,"position":3},"title":"K\u00e4rcher High-Pressure Washer","author":"Estere Eversone","date":"14.08.2025","format":false,"excerpt":"60 m\u00b2\/h \u2022 2 \u2013 max 18 MPa Powerful high-pressure washer for home, garden, and vehicles","rel":"","context":"Similar post","block_context":{"text":"Similar post","link":""},"img":{"alt_text":"K\u00e4rcher augstspiediena mazg\u0101t\u0101js K 7 WCM","src":"https:\/\/i0.wp.com\/tulz.lv\/wp-content\/uploads\/2025\/08\/karche-K-7-WCM-.jpg?resize=350%2C200&ssl=1","width":350,"height":200,"srcset":"https:\/\/i0.wp.com\/tulz.lv\/wp-content\/uploads\/2025\/08\/karche-K-7-WCM-.jpg?resize=350%2C200&ssl=1 1x, https:\/\/i0.wp.com\/tulz.lv\/wp-content\/uploads\/2025\/08\/karche-K-7-WCM-.jpg?resize=525%2C300&ssl=1 1.5x, https:\/\/i0.wp.com\/tulz.lv\/wp-content\/uploads\/2025\/08\/karche-K-7-WCM-.jpg?resize=700%2C400&ssl=1 2x, https:\/\/i0.wp.com\/tulz.lv\/wp-content\/uploads\/2025\/08\/karche-K-7-WCM-.jpg?resize=1050%2C600&ssl=1 3x, https:\/\/i0.wp.com\/tulz.lv\/wp-content\/uploads\/2025\/08\/karche-K-7-WCM-.jpg?resize=1400%2C800&ssl=1 4x"},"classes":[]},{"id":2888,"url":"https:\/\/tulz.lv\/produkts\/karcher-augstspiediena-mazgatajs-k-7-wcm\/","url_meta":{"origin":4992,"position":4},"title":"K\u00e4rcher Augstspiediena mazg\u0101t\u0101js","author":"Estere Eversone","date":"14.08.2025","format":false,"excerpt":"60 m\u00b2\/h \u2022 2 \u2013 maks. 18 MPa Jaud\u012bgs augstspiediena mazg\u0101t\u0101js m\u0101jai, d\u0101rzam un auto","rel":"","context":"Similar post","block_context":{"text":"Similar post","link":""},"img":{"alt_text":"K\u00e4rcher augstspiediena mazg\u0101t\u0101js K 7 WCM","src":"https:\/\/i0.wp.com\/tulz.lv\/wp-content\/uploads\/2025\/08\/karche-K-7-WCM-.jpg?resize=350%2C200&ssl=1","width":350,"height":200,"srcset":"https:\/\/i0.wp.com\/tulz.lv\/wp-content\/uploads\/2025\/08\/karche-K-7-WCM-.jpg?resize=350%2C200&ssl=1 1x, https:\/\/i0.wp.com\/tulz.lv\/wp-content\/uploads\/2025\/08\/karche-K-7-WCM-.jpg?resize=525%2C300&ssl=1 1.5x, https:\/\/i0.wp.com\/tulz.lv\/wp-content\/uploads\/2025\/08\/karche-K-7-WCM-.jpg?resize=700%2C400&ssl=1 2x, https:\/\/i0.wp.com\/tulz.lv\/wp-content\/uploads\/2025\/08\/karche-K-7-WCM-.jpg?resize=1050%2C600&ssl=1 3x, https:\/\/i0.wp.com\/tulz.lv\/wp-content\/uploads\/2025\/08\/karche-K-7-WCM-.jpg?resize=1400%2C800&ssl=1 4x"},"classes":[]},{"id":1955,"url":"https:\/\/tulz.lv\/produkts\/karcher-puzi-8-1-mazgajosais-puteklusucejs\/","url_meta":{"origin":4992,"position":5},"title":"K\u00e4rcher Puzzi 8\/1 Mazg\u0101jo\u0161ais putek\u013cs\u016bc\u0113js","author":"Estere Eversone","date":"07.07.2025","format":false,"excerpt":"M\u012bksto m\u0113be\u013cu t\u012br\u012b\u0161anai \u2022 Tekstila virsmu t\u012br\u012b\u0161anai Jaud\u012bgs mitr\u0101s t\u012br\u012b\u0161anas putek\u013cs\u016bc\u0113js m\u012bksto m\u0113be\u013cu un taps\u0113juma kop\u0161anai\u2028","rel":"","context":"Similar post","block_context":{"text":"Similar post","link":""},"img":{"alt_text":"","src":"https:\/\/i0.wp.com\/tulz.lv\/wp-content\/uploads\/2025\/07\/karcher-mazgajosais-puteklsucejs-puzzi-8-1-anniversary-edition.jpg?resize=350%2C200&ssl=1","width":350,"height":200,"srcset":"https:\/\/i0.wp.com\/tulz.lv\/wp-content\/uploads\/2025\/07\/karcher-mazgajosais-puteklsucejs-puzzi-8-1-anniversary-edition.jpg?resize=350%2C200&ssl=1 1x, https:\/\/i0.wp.com\/tulz.lv\/wp-content\/uploads\/2025\/07\/karcher-mazgajosais-puteklsucejs-puzzi-8-1-anniversary-edition.jpg?resize=525%2C300&ssl=1 1.5x, https:\/\/i0.wp.com\/tulz.lv\/wp-content\/uploads\/2025\/07\/karcher-mazgajosais-puteklsucejs-puzzi-8-1-anniversary-edition.jpg?resize=700%2C400&ssl=1 2x, https:\/\/i0.wp.com\/tulz.lv\/wp-content\/uploads\/2025\/07\/karcher-mazgajosais-puteklsucejs-puzzi-8-1-anniversary-edition.jpg?resize=1050%2C600&ssl=1 3x, https:\/\/i0.wp.com\/tulz.lv\/wp-content\/uploads\/2025\/07\/karcher-mazgajosais-puteklsucejs-puzzi-8-1-anniversary-edition.jpg?resize=1400%2C800&ssl=1 4x"},"classes":[]}],"_links":{"self":[{"href":"https:\/\/tulz.lv\/en\/wp-json\/wp\/v2\/product\/4992","targetHints":{"allow":["GET"]}}],"collection":[{"href":"https:\/\/tulz.lv\/en\/wp-json\/wp\/v2\/product"}],"about":[{"href":"https:\/\/tulz.lv\/en\/wp-json\/wp\/v2\/types\/product"}],"wp:featuredmedia":[{"embeddable":true,"href":"https:\/\/tulz.lv\/en\/wp-json\/wp\/v2\/media\/4994"}],"wp:attachment":[{"href":"https:\/\/tulz.lv\/en\/wp-json\/wp\/v2\/media?parent=4992"}],"wp:term":[{"taxonomy":"product_brand","embeddable":true,"href":"https:\/\/tulz.lv\/en\/wp-json\/wp\/v2\/product_brand?post=4992"},{"taxonomy":"product_cat","embeddable":true,"href":"https:\/\/tulz.lv\/en\/wp-json\/wp\/v2\/product_cat?post=4992"},{"taxonomy":"product_tag","embeddable":true,"href":"https:\/\/tulz.lv\/en\/wp-json\/wp\/v2\/product_tag?post=4992"},{"taxonomy":"product_badge","embeddable":true,"href":"https:\/\/tulz.lv\/en\/wp-json\/wp\/v2\/product_badge?post=4992"}],"curies":[{"name":"wp","href":"https:\/\/api.w.org\/{rel}","templated":true}]}}