{"id":5588,"date":"2026-04-23T17:13:55","date_gmt":"2026-04-23T14:13:55","guid":{"rendered":"https:\/\/tulz.lv\/?post_type=product&#038;p=5588"},"modified":"2026-04-23T17:36:57","modified_gmt":"2026-04-23T14:36:57","slug":"gardena-aerator-electric","status":"publish","type":"product","link":"https:\/\/tulz.lv\/en\/produkts\/gardena-aerator-electric\/","title":{"rendered":"GARDENA Electric Lawn Aerator EVC 1000"},"content":{"rendered":"<p>Please clean it after usage!<\/p>\n<p data-start=\"20\" data-end=\"291\">Powerful and efficient <span class=\"hover:entity-accent entity-underline inline cursor-pointer align-baseline\"><span class=\"whitespace-normal\">GARDENA<\/span><\/span> Electric Lawn Aerator EVC 1000 available for rent, designed for intensive lawn care with long-lasting results. It effectively removes moss, dead grass and weeds, helping restore a healthier and stronger lawn.<\/p>\n<p data-start=\"293\" data-end=\"573\">Ideal for seasonal lawn maintenance in spring and autumn, improving the flow of air, water and nutrients to the roots. Hardened galvanized stainless steel blades penetrate the soil deeply, while the PowerPlus motor delivers smooth and reliable performance without interruptions.<\/p>\n<p data-start=\"575\" data-end=\"810\" data-is-last-node=\"\" data-is-only-node=\"\">The ergonomic handle, large high-grip wheels and transport mode make the machine easy to use, move and store. A practical and cost-effective solution for achieving a dense, green and healthy lawn without purchasing expensive equipment.<\/p>\n<p data-start=\"0\" data-end=\"29\"><strong data-start=\"0\" data-end=\"27\">Included in the rental:<\/strong><\/p>\n<ul data-start=\"31\" data-end=\"188\" data-is-last-node=\"\" data-is-only-node=\"\">\n<li data-section-id=\"cggekt\" data-start=\"31\" data-end=\"103\"><span class=\"hover:entity-accent entity-underline inline cursor-pointer align-baseline\"><span class=\"whitespace-normal\">GARDENA<\/span><\/span> Electric Lawn Aerator EVC 1000<\/li>\n<li data-section-id=\"ebaj6r\" data-start=\"104\" data-end=\"127\">40 L collection box<\/li>\n<li data-section-id=\"jp93i8\" data-start=\"128\" data-end=\"151\">5 m extension cable<\/li>\n<li data-section-id=\"2td86e\" data-start=\"152\" data-end=\"188\" data-is-last-node=\"\">15 m extension reel with 4 sockets<\/li>\n<\/ul>\n<p class=\"p1\"><b>Full value of the item:<\/b> \u20ac300<\/p>\n","protected":false},"excerpt":{"rendered":"<p>93dB \u2022 30 cm working width \u2022 1 kW<\/p>\n<p><strong>Powerful lawn aerator for lawns, gardens and seasonal maintenance<\/strong><\/p>\n","protected":false},"featured_media":5595,"template":"","meta":{"_acf_changed":false},"product_brand":[],"product_cat":[86,87],"product_tag":[],"product_badge":[],"class_list":{"0":"post-5588","1":"product","2":"type-product","3":"status-publish","4":"has-post-thumbnail","6":"product_cat-garden-equipment","7":"product_cat-home-appliances-rental","9":"first","10":"instock","11":"taxable","12":"shipping-taxable","13":"purchasable","14":"product-type-simple"},"acf":[],"yoast_head":"<!-- This site is optimized with the Yoast SEO plugin v27.1.1 - https:\/\/yoast.com\/product\/yoast-seo-wordpress\/ -->\n<title>GARDENA Electric Lawn Aerator EVC 1000 - Tulz.lv - Elektroiek\u0101rtu noma<\/title>\n<meta name=\"description\" content=\"Rent GARDENA Electric Lawn Aerator EVC 1000. Powerful 1 kW motor, 30 cm width, ideal for removing moss and thatch for a healthier lawn.\" \/>\n<meta name=\"robots\" content=\"index, follow, max-snippet:-1, max-image-preview:large, max-video-preview:-1\" \/>\n<link rel=\"canonical\" href=\"https:\/\/tulz.lv\/en\/produkts\/gardena-aerator-electric\/\" \/>\n<meta property=\"og:locale\" content=\"en_US\" \/>\n<meta property=\"og:type\" content=\"article\" \/>\n<meta property=\"og:title\" content=\"GARDENA Electric Lawn Aerator EVC 1000 - Tulz.lv - Elektroiek\u0101rtu noma\" \/>\n<meta property=\"og:description\" content=\"Rent GARDENA Electric Lawn Aerator EVC 1000. Powerful 1 kW motor, 30 cm width, ideal for removing moss and thatch for a healthier lawn.\" \/>\n<meta property=\"og:url\" content=\"https:\/\/tulz.lv\/en\/produkts\/gardena-aerator-electric\/\" \/>\n<meta property=\"og:site_name\" content=\"Tulz.lv - Elektroiek\u0101rtu noma\" \/>\n<meta property=\"article:publisher\" content=\"https:\/\/www.facebook.com\/tulz.lv\" \/>\n<meta property=\"article:modified_time\" content=\"2026-04-23T14:36:57+00:00\" \/>\n<meta property=\"og:image\" content=\"https:\/\/tulz.lv\/wp-content\/uploads\/2026\/04\/aeratorsGardena-scaled.webp\" \/>\n\t<meta property=\"og:image:width\" content=\"1896\" \/>\n\t<meta property=\"og:image:height\" content=\"2560\" \/>\n\t<meta property=\"og:image:type\" content=\"image\/webp\" \/>\n<meta name=\"twitter:card\" content=\"summary_large_image\" \/>\n<meta name=\"twitter:label1\" content=\"Est. reading time\" \/>\n\t<meta name=\"twitter:data1\" content=\"1 minute\" \/>\n<script type=\"application\/ld+json\" class=\"yoast-schema-graph\">{\"@context\":\"https:\/\/schema.org\",\"@graph\":[{\"@type\":\"WebPage\",\"@id\":\"https:\/\/tulz.lv\/en\/produkts\/gardena-aerator-electric\/\",\"url\":\"https:\/\/tulz.lv\/en\/produkts\/gardena-aerator-electric\/\",\"name\":\"GARDENA Electric Lawn Aerator EVC 1000 - Tulz.lv - Elektroiek\u0101rtu noma\",\"isPartOf\":{\"@id\":\"https:\/\/tulz.lv\/en\/#website\"},\"primaryImageOfPage\":{\"@id\":\"https:\/\/tulz.lv\/en\/produkts\/gardena-aerator-electric\/#primaryimage\"},\"image\":{\"@id\":\"https:\/\/tulz.lv\/en\/produkts\/gardena-aerator-electric\/#primaryimage\"},\"thumbnailUrl\":\"https:\/\/tulz.lv\/wp-content\/uploads\/2026\/04\/aeratorsGardena-scaled.webp\",\"datePublished\":\"2026-04-23T14:13:55+00:00\",\"dateModified\":\"2026-04-23T14:36:57+00:00\",\"description\":\"Rent GARDENA Electric Lawn Aerator EVC 1000. Powerful 1 kW motor, 30 cm width, ideal for removing moss and thatch for a healthier lawn.\",\"breadcrumb\":{\"@id\":\"https:\/\/tulz.lv\/en\/produkts\/gardena-aerator-electric\/#breadcrumb\"},\"inLanguage\":\"en-US\",\"potentialAction\":[{\"@type\":\"ReadAction\",\"target\":[\"https:\/\/tulz.lv\/en\/produkts\/gardena-aerator-electric\/\"]}]},{\"@type\":\"ImageObject\",\"inLanguage\":\"en-US\",\"@id\":\"https:\/\/tulz.lv\/en\/produkts\/gardena-aerator-electric\/#primaryimage\",\"url\":\"https:\/\/tulz.lv\/wp-content\/uploads\/2026\/04\/aeratorsGardena-scaled.webp\",\"contentUrl\":\"https:\/\/tulz.lv\/wp-content\/uploads\/2026\/04\/aeratorsGardena-scaled.webp\",\"width\":1896,\"height\":2560},{\"@type\":\"BreadcrumbList\",\"@id\":\"https:\/\/tulz.lv\/en\/produkts\/gardena-aerator-electric\/#breadcrumb\",\"itemListElement\":[{\"@type\":\"ListItem\",\"position\":1,\"name\":\"S\u0101kums\",\"item\":\"https:\/\/tulz.lv\/en\/home-en\/\"},{\"@type\":\"ListItem\",\"position\":2,\"name\":\"Shop\",\"item\":\"https:\/\/tulz.lv\/en\/shop\/\"},{\"@type\":\"ListItem\",\"position\":3,\"name\":\"GARDENA Electric Lawn Aerator EVC 1000\"}]},{\"@type\":\"WebSite\",\"@id\":\"https:\/\/tulz.lv\/en\/#website\",\"url\":\"https:\/\/tulz.lv\/en\/\",\"name\":\"Tulz.lv\",\"description\":\"Elektroiek\u0101rtu noma\",\"publisher\":{\"@id\":\"https:\/\/tulz.lv\/en\/#organization\"},\"potentialAction\":[{\"@type\":\"SearchAction\",\"target\":{\"@type\":\"EntryPoint\",\"urlTemplate\":\"https:\/\/tulz.lv\/en\/?s={search_term_string}\"},\"query-input\":{\"@type\":\"PropertyValueSpecification\",\"valueRequired\":true,\"valueName\":\"search_term_string\"}}],\"inLanguage\":\"en-US\"},{\"@type\":\"Organization\",\"@id\":\"https:\/\/tulz.lv\/en\/#organization\",\"name\":\"Tulz.lv - Elektroiek\u0101rtu noma\",\"alternateName\":\"Tulz.lv - Instrumentu noma\",\"url\":\"https:\/\/tulz.lv\/en\/\",\"logo\":{\"@type\":\"ImageObject\",\"inLanguage\":\"en-US\",\"@id\":\"https:\/\/tulz.lv\/en\/#\/schema\/logo\/image\/\",\"url\":\"https:\/\/tulz.lv\/wp-content\/uploads\/2025\/05\/tulz-logo.svg\",\"contentUrl\":\"https:\/\/tulz.lv\/wp-content\/uploads\/2025\/05\/tulz-logo.svg\",\"width\":78,\"height\":36,\"caption\":\"Tulz.lv - Elektroiek\u0101rtu noma\"},\"image\":{\"@id\":\"https:\/\/tulz.lv\/en\/#\/schema\/logo\/image\/\"},\"sameAs\":[\"https:\/\/www.facebook.com\/tulz.lv\",\"https:\/\/www.instagram.com\/tulz.lv\",\"https:\/\/www.tiktok.com\/@tulz.lv\"]}]}<\/script>\n<!-- \/ Yoast SEO plugin. -->","yoast_head_json":{"title":"GARDENA Electric Lawn Aerator EVC 1000 - Tulz.lv - Elektroiek\u0101rtu noma","description":"Rent GARDENA Electric Lawn Aerator EVC 1000. Powerful 1 kW motor, 30 cm width, ideal for removing moss and thatch for a healthier lawn.","robots":{"index":"index","follow":"follow","max-snippet":"max-snippet:-1","max-image-preview":"max-image-preview:large","max-video-preview":"max-video-preview:-1"},"canonical":"https:\/\/tulz.lv\/en\/produkts\/gardena-aerator-electric\/","og_locale":"en_US","og_type":"article","og_title":"GARDENA Electric Lawn Aerator EVC 1000 - Tulz.lv - Elektroiek\u0101rtu noma","og_description":"Rent GARDENA Electric Lawn Aerator EVC 1000. Powerful 1 kW motor, 30 cm width, ideal for removing moss and thatch for a healthier lawn.","og_url":"https:\/\/tulz.lv\/en\/produkts\/gardena-aerator-electric\/","og_site_name":"Tulz.lv - Elektroiek\u0101rtu noma","article_publisher":"https:\/\/www.facebook.com\/tulz.lv","article_modified_time":"2026-04-23T14:36:57+00:00","og_image":[{"width":1896,"height":2560,"url":"https:\/\/tulz.lv\/wp-content\/uploads\/2026\/04\/aeratorsGardena-scaled.webp","type":"image\/webp"}],"twitter_card":"summary_large_image","twitter_misc":{"Est. reading time":"1 minute"},"schema":{"@context":"https:\/\/schema.org","@graph":[{"@type":"WebPage","@id":"https:\/\/tulz.lv\/en\/produkts\/gardena-aerator-electric\/","url":"https:\/\/tulz.lv\/en\/produkts\/gardena-aerator-electric\/","name":"GARDENA Electric Lawn Aerator EVC 1000 - Tulz.lv - Elektroiek\u0101rtu noma","isPartOf":{"@id":"https:\/\/tulz.lv\/en\/#website"},"primaryImageOfPage":{"@id":"https:\/\/tulz.lv\/en\/produkts\/gardena-aerator-electric\/#primaryimage"},"image":{"@id":"https:\/\/tulz.lv\/en\/produkts\/gardena-aerator-electric\/#primaryimage"},"thumbnailUrl":"https:\/\/tulz.lv\/wp-content\/uploads\/2026\/04\/aeratorsGardena-scaled.webp","datePublished":"2026-04-23T14:13:55+00:00","dateModified":"2026-04-23T14:36:57+00:00","description":"Rent GARDENA Electric Lawn Aerator EVC 1000. Powerful 1 kW motor, 30 cm width, ideal for removing moss and thatch for a healthier lawn.","breadcrumb":{"@id":"https:\/\/tulz.lv\/en\/produkts\/gardena-aerator-electric\/#breadcrumb"},"inLanguage":"en-US","potentialAction":[{"@type":"ReadAction","target":["https:\/\/tulz.lv\/en\/produkts\/gardena-aerator-electric\/"]}]},{"@type":"ImageObject","inLanguage":"en-US","@id":"https:\/\/tulz.lv\/en\/produkts\/gardena-aerator-electric\/#primaryimage","url":"https:\/\/tulz.lv\/wp-content\/uploads\/2026\/04\/aeratorsGardena-scaled.webp","contentUrl":"https:\/\/tulz.lv\/wp-content\/uploads\/2026\/04\/aeratorsGardena-scaled.webp","width":1896,"height":2560},{"@type":"BreadcrumbList","@id":"https:\/\/tulz.lv\/en\/produkts\/gardena-aerator-electric\/#breadcrumb","itemListElement":[{"@type":"ListItem","position":1,"name":"S\u0101kums","item":"https:\/\/tulz.lv\/en\/home-en\/"},{"@type":"ListItem","position":2,"name":"Shop","item":"https:\/\/tulz.lv\/en\/shop\/"},{"@type":"ListItem","position":3,"name":"GARDENA Electric Lawn Aerator EVC 1000"}]},{"@type":"WebSite","@id":"https:\/\/tulz.lv\/en\/#website","url":"https:\/\/tulz.lv\/en\/","name":"Tulz.lv","description":"Elektroiek\u0101rtu noma","publisher":{"@id":"https:\/\/tulz.lv\/en\/#organization"},"potentialAction":[{"@type":"SearchAction","target":{"@type":"EntryPoint","urlTemplate":"https:\/\/tulz.lv\/en\/?s={search_term_string}"},"query-input":{"@type":"PropertyValueSpecification","valueRequired":true,"valueName":"search_term_string"}}],"inLanguage":"en-US"},{"@type":"Organization","@id":"https:\/\/tulz.lv\/en\/#organization","name":"Tulz.lv - Elektroiek\u0101rtu noma","alternateName":"Tulz.lv - Instrumentu noma","url":"https:\/\/tulz.lv\/en\/","logo":{"@type":"ImageObject","inLanguage":"en-US","@id":"https:\/\/tulz.lv\/en\/#\/schema\/logo\/image\/","url":"https:\/\/tulz.lv\/wp-content\/uploads\/2025\/05\/tulz-logo.svg","contentUrl":"https:\/\/tulz.lv\/wp-content\/uploads\/2025\/05\/tulz-logo.svg","width":78,"height":36,"caption":"Tulz.lv - Elektroiek\u0101rtu noma"},"image":{"@id":"https:\/\/tulz.lv\/en\/#\/schema\/logo\/image\/"},"sameAs":["https:\/\/www.facebook.com\/tulz.lv","https:\/\/www.instagram.com\/tulz.lv","https:\/\/www.tiktok.com\/@tulz.lv"]}]}},"jetpack_sharing_enabled":true,"jetpack-related-posts":[{"id":5587,"url":"https:\/\/tulz.lv\/produkts\/aerators-gardena\/","url_meta":{"origin":5588,"position":0},"title":"Aerators Gardena EVC 1000, 1kW","author":"Daniels Gamarra","date":"23.04.2026","format":false,"excerpt":"93dB \u2022 30 cm darba platums \u2022 1 kW Jaud\u012bgs z\u0101les aerators z\u0101lienam, d\u0101rzam un sezon\u0101lai kop\u0161anai","rel":"","context":"Similar post","block_context":{"text":"Similar post","link":""},"img":{"alt_text":"","src":"https:\/\/i0.wp.com\/tulz.lv\/wp-content\/uploads\/2026\/04\/aeratorsGardena-scaled.webp?resize=350%2C200&ssl=1","width":350,"height":200,"srcset":"https:\/\/i0.wp.com\/tulz.lv\/wp-content\/uploads\/2026\/04\/aeratorsGardena-scaled.webp?resize=350%2C200&ssl=1 1x, https:\/\/i0.wp.com\/tulz.lv\/wp-content\/uploads\/2026\/04\/aeratorsGardena-scaled.webp?resize=525%2C300&ssl=1 1.5x, https:\/\/i0.wp.com\/tulz.lv\/wp-content\/uploads\/2026\/04\/aeratorsGardena-scaled.webp?resize=700%2C400&ssl=1 2x, https:\/\/i0.wp.com\/tulz.lv\/wp-content\/uploads\/2026\/04\/aeratorsGardena-scaled.webp?resize=1050%2C600&ssl=1 3x, https:\/\/i0.wp.com\/tulz.lv\/wp-content\/uploads\/2026\/04\/aeratorsGardena-scaled.webp?resize=1400%2C800&ssl=1 4x"},"classes":[]},{"id":1268,"url":"https:\/\/tulz.lv\/en\/produkts\/polisher-makita-9237cb\/","url_meta":{"origin":5588,"position":1},"title":"Polisher Makita 9237CB","author":"Estere Eversone","date":"16.06.2025","format":false,"excerpt":"1200W \u2022 180mm \u2022 0-3200min-1 Powerful 1650W Electric Polisher \u2013 Ideal for Car Detailing and Surface Finishing","rel":"","context":"Similar post","block_context":{"text":"Similar post","link":""},"img":{"alt_text":"","src":"https:\/\/i0.wp.com\/tulz.lv\/wp-content\/uploads\/2025\/06\/makita-9237cb-polisher3.jpg?resize=350%2C200&ssl=1","width":350,"height":200,"srcset":"https:\/\/i0.wp.com\/tulz.lv\/wp-content\/uploads\/2025\/06\/makita-9237cb-polisher3.jpg?resize=350%2C200&ssl=1 1x, https:\/\/i0.wp.com\/tulz.lv\/wp-content\/uploads\/2025\/06\/makita-9237cb-polisher3.jpg?resize=525%2C300&ssl=1 1.5x, https:\/\/i0.wp.com\/tulz.lv\/wp-content\/uploads\/2025\/06\/makita-9237cb-polisher3.jpg?resize=700%2C400&ssl=1 2x"},"classes":[]},{"id":2945,"url":"https:\/\/tulz.lv\/en\/produkts\/heat-gun-makita-hg6531c\/","url_meta":{"origin":5588,"position":2},"title":"Heat Gun Makita HG6531C","author":"Estere Eversone","date":"16.06.2025","format":false,"excerpt":"2 000 W \u2022 200 \u2013 550 l\/min \u2022 50 \u2013 650\u00b0C\u00a0 Powerful and Versatile Heat Gun","rel":"","context":"Similar post","block_context":{"text":"Similar post","link":""},"img":{"alt_text":"","src":"https:\/\/i0.wp.com\/tulz.lv\/wp-content\/uploads\/2025\/06\/makita-hg6531c-karsta-gaisa-fens.jpg?resize=350%2C200&ssl=1","width":350,"height":200,"srcset":"https:\/\/i0.wp.com\/tulz.lv\/wp-content\/uploads\/2025\/06\/makita-hg6531c-karsta-gaisa-fens.jpg?resize=350%2C200&ssl=1 1x, https:\/\/i0.wp.com\/tulz.lv\/wp-content\/uploads\/2025\/06\/makita-hg6531c-karsta-gaisa-fens.jpg?resize=525%2C300&ssl=1 1.5x, https:\/\/i0.wp.com\/tulz.lv\/wp-content\/uploads\/2025\/06\/makita-hg6531c-karsta-gaisa-fens.jpg?resize=700%2C400&ssl=1 2x"},"classes":[]},{"id":2955,"url":"https:\/\/tulz.lv\/en\/produkts\/metal-shears-makita-js1602\/","url_meta":{"origin":5588,"position":3},"title":"Metal Shears Makita JS1602","author":"Estere Eversone","date":"16.06.2025","format":false,"excerpt":"380W \u2022 4000min-1 Metal Shears for Precise Straight and Curved Cuts","rel":"","context":"Similar post","block_context":{"text":"Similar post","link":""},"img":{"alt_text":"","src":"https:\/\/i0.wp.com\/tulz.lv\/wp-content\/uploads\/2025\/06\/metala-skeres-makita-js1602-7.png?resize=350%2C200&ssl=1","width":350,"height":200,"srcset":"https:\/\/i0.wp.com\/tulz.lv\/wp-content\/uploads\/2025\/06\/metala-skeres-makita-js1602-7.png?resize=350%2C200&ssl=1 1x, https:\/\/i0.wp.com\/tulz.lv\/wp-content\/uploads\/2025\/06\/metala-skeres-makita-js1602-7.png?resize=525%2C300&ssl=1 1.5x, https:\/\/i0.wp.com\/tulz.lv\/wp-content\/uploads\/2025\/06\/metala-skeres-makita-js1602-7.png?resize=700%2C400&ssl=1 2x"},"classes":[]},{"id":2947,"url":"https:\/\/tulz.lv\/en\/produkts\/combination-hammer-makita-hr2670\/","url_meta":{"origin":5588,"position":4},"title":"Combination Hammer Makita HR2670","author":"Estere Eversone","date":"11.08.2025","format":false,"excerpt":"800W \u2022 SDS\u2013PLUS \u2022 26 mm \u2022 3,0 J Powerful and Durable Combination Hammer","rel":"","context":"Similar post","block_context":{"text":"Similar post","link":""},"img":{"alt_text":"","src":"https:\/\/i0.wp.com\/tulz.lv\/wp-content\/uploads\/2025\/08\/makita-HR2670.jpg?resize=350%2C200&ssl=1","width":350,"height":200,"srcset":"https:\/\/i0.wp.com\/tulz.lv\/wp-content\/uploads\/2025\/08\/makita-HR2670.jpg?resize=350%2C200&ssl=1 1x, https:\/\/i0.wp.com\/tulz.lv\/wp-content\/uploads\/2025\/08\/makita-HR2670.jpg?resize=525%2C300&ssl=1 1.5x, https:\/\/i0.wp.com\/tulz.lv\/wp-content\/uploads\/2025\/08\/makita-HR2670.jpg?resize=700%2C400&ssl=1 2x"},"classes":[]},{"id":2959,"url":"https:\/\/tulz.lv\/en\/produkts\/circular-saw-makita-5008mg\/","url_meta":{"origin":5588,"position":5},"title":"Circular Saw Makita 5008MG","author":"Estere Eversone","date":"16.06.2025","format":false,"excerpt":"1800W \u2022 5200min-1 \u2022 210mm\u00a0 Powerful and Precise Circular Saw for Professional Use","rel":"","context":"Similar post","block_context":{"text":"Similar post","link":""},"img":{"alt_text":"","src":"https:\/\/i0.wp.com\/tulz.lv\/wp-content\/uploads\/2025\/06\/makita-5008mg-ripzagis.jpg?resize=350%2C200&ssl=1","width":350,"height":200,"srcset":"https:\/\/i0.wp.com\/tulz.lv\/wp-content\/uploads\/2025\/06\/makita-5008mg-ripzagis.jpg?resize=350%2C200&ssl=1 1x, https:\/\/i0.wp.com\/tulz.lv\/wp-content\/uploads\/2025\/06\/makita-5008mg-ripzagis.jpg?resize=525%2C300&ssl=1 1.5x, https:\/\/i0.wp.com\/tulz.lv\/wp-content\/uploads\/2025\/06\/makita-5008mg-ripzagis.jpg?resize=700%2C400&ssl=1 2x"},"classes":[]}],"_links":{"self":[{"href":"https:\/\/tulz.lv\/en\/wp-json\/wp\/v2\/product\/5588","targetHints":{"allow":["GET"]}}],"collection":[{"href":"https:\/\/tulz.lv\/en\/wp-json\/wp\/v2\/product"}],"about":[{"href":"https:\/\/tulz.lv\/en\/wp-json\/wp\/v2\/types\/product"}],"wp:featuredmedia":[{"embeddable":true,"href":"https:\/\/tulz.lv\/en\/wp-json\/wp\/v2\/media\/5595"}],"wp:attachment":[{"href":"https:\/\/tulz.lv\/en\/wp-json\/wp\/v2\/media?parent=5588"}],"wp:term":[{"taxonomy":"product_brand","embeddable":true,"href":"https:\/\/tulz.lv\/en\/wp-json\/wp\/v2\/product_brand?post=5588"},{"taxonomy":"product_cat","embeddable":true,"href":"https:\/\/tulz.lv\/en\/wp-json\/wp\/v2\/product_cat?post=5588"},{"taxonomy":"product_tag","embeddable":true,"href":"https:\/\/tulz.lv\/en\/wp-json\/wp\/v2\/product_tag?post=5588"},{"taxonomy":"product_badge","embeddable":true,"href":"https:\/\/tulz.lv\/en\/wp-json\/wp\/v2\/product_badge?post=5588"}],"curies":[{"name":"wp","href":"https:\/\/api.w.org\/{rel}","templated":true}]}}